{"id":7132,"date":"2025-08-30T10:43:13","date_gmt":"2025-08-30T10:43:13","guid":{"rendered":"https:\/\/dersuessestopp.com\/?post_type=product&#038;p=7132"},"modified":"2025-08-30T10:43:13","modified_gmt":"2025-08-30T10:43:13","slug":"r15-refiner","status":"publish","type":"product","link":"https:\/\/dersuessestopp.com\/de\/product\/r15-refiner\/","title":{"rendered":"R15 Refiner"},"content":{"rendered":"<p data-start=\"299\" data-end=\"672\">Die <strong data-start=\"303\" data-end=\"334\">Bilait R15 Vertikalrefiner<\/strong> wurde entwickelt, um jedes Korn in ein sensorisches Erlebnis zu verwandeln und die handwerkliche Schokoladenherstellung auf ein hohes Niveau zu heben. Es ist ideal f\u00fcr Kakao, Pistazien, Haseln\u00fcsse, Mandeln, Erdn\u00fcsse und \u00e4hnliche \u00d6lsaaten und gew\u00e4hrleistet <strong data-start=\"555\" data-end=\"602\">homogene, leise und effiziente Veredelung<\/strong> sowohl f\u00fcr kleine Labors als auch f\u00fcr professionelle \"Bean-to-Bar\"-Werkst\u00e4tten.<\/p>\n<p data-start=\"674\" data-end=\"1025\">Gebaut mit <strong data-start=\"685\" data-end=\"706\">hochwertige Materialien<\/strong> Alle Komponenten sind vollst\u00e4ndig abnehmbar und sp\u00fclmaschinenfest, so dass maximale Hygiene und Langlebigkeit gew\u00e4hrleistet sind. Mit seinem kompakten, vertikalen Design und der intelligenten W\u00e4rmeregulierungstechnologie garantiert der Bilait R15 gleichbleibende Ergebnisse, auch in offenen R\u00e4umen oder bei begrenztem Platzangebot.<\/p>\n<p data-start=\"1027\" data-end=\"1317\">Ausgestattet mit einem <strong data-start=\"1044\" data-end=\"1082\">internes Heizsystem bis zu 70\u00b0C<\/strong>, Durch einen automatischen Thermostat gesteuert, bleiben die nat\u00fcrlichen Aromen und organoleptischen Eigenschaften der Zutaten erhalten. Verfeinerung bis auf <strong data-start=\"1219\" data-end=\"1235\">0,18 Mikrometer<\/strong>, Sie bietet die perfekte Balance zwischen Effizienz, Pr\u00e4zision und handwerklicher Qualit\u00e4t.<\/p>\n<p data-start=\"1319\" data-end=\"1511\">Optionale intelligente Funktionen wie ein <strong data-start=\"1353\" data-end=\"1369\">Conchierl\u00fcfter<\/strong> und <strong data-start=\"1374\" data-end=\"1404\">Dosier-\/Temperierfunktionen<\/strong> erh\u00f6hen die Produktionsflexibilit\u00e4t weiter und machen die R15 zu einer vielseitigen L\u00f6sung f\u00fcr moderne Schokoladenhersteller.<\/p>\n<h2 data-start=\"1518\" data-end=\"1539\">Produktmerkmale<\/h2>\n<ul data-start=\"1540\" data-end=\"2225\">\n<li data-start=\"1540\" data-end=\"1658\">\n<p data-start=\"1542\" data-end=\"1658\"><strong data-start=\"1542\" data-end=\"1560\">Hochwertige Ausf\u00fchrung:<\/strong> Edelstahlgeh\u00e4use mit Granitstein- oder Teflonrollen, vollst\u00e4ndig abnehmbar und sp\u00fclmaschinenfest.<\/p>\n<\/li>\n<li data-start=\"1659\" data-end=\"1778\">\n<p data-start=\"1661\" data-end=\"1778\"><strong data-start=\"1661\" data-end=\"1685\">Feinstveredelung:<\/strong> Professionelle Mikronisierung bis zu 0,18 Mikron f\u00fcr seidenweiche Schokoladen- und Nusspasten.<\/p>\n<\/li>\n<li data-start=\"1779\" data-end=\"1892\">\n<p data-start=\"1781\" data-end=\"1892\"><strong data-start=\"1781\" data-end=\"1798\">W\u00e4rmekontrolle:<\/strong> Interne Heizung bis zu 70\u00b0C mit automatischem Thermostat f\u00fcr pr\u00e4zises Temperaturmanagement.<\/p>\n<\/li>\n<li data-start=\"1893\" data-end=\"1996\">\n<p data-start=\"1895\" data-end=\"1996\"><strong data-start=\"1895\" data-end=\"1915\">Kompakt und leise:<\/strong> Ger\u00e4uscharmes (&lt;75 dB) und platzsparendes vertikales Design, perfekt f\u00fcr handwerkliche Labore.<\/p>\n<\/li>\n<li data-start=\"1997\" data-end=\"2111\">\n<p data-start=\"1999\" data-end=\"2111\"><strong data-start=\"1999\" data-end=\"2020\">Intelligente Technologie:<\/strong> Sensorgesteuerter Betrieb mit optionalem Conchiergebl\u00e4se und Dosier-\/Temperierintegration.<\/p>\n<\/li>\n<li data-start=\"2112\" data-end=\"2225\">\n<p data-start=\"2114\" data-end=\"2225\"><strong data-start=\"2114\" data-end=\"2146\">Hergestellt in italienischer Handwerkskunst:<\/strong> Ein patentiertes Design, das auf Pr\u00e4zision, Langlebigkeit und handwerkliche Qualit\u00e4t ausgelegt ist.<\/p>\n<\/li>\n<\/ul>\n<h2 data-start=\"2232\" data-end=\"2261\">Technische Daten<\/h2>\n<table>\n<thead>\n<tr>\n<th><strong>Modell<\/strong><\/th>\n<th><strong>Bilait R15<\/strong><\/th>\n<\/tr>\n<\/thead>\n<tbody>\n<tr>\n<td><strong>Kapazit\u00e4t<\/strong><\/td>\n<td>15 kg<\/td>\n<\/tr>\n<tr>\n<td><strong>Gewicht<\/strong><\/td>\n<td>40 kg<\/td>\n<\/tr>\n<tr>\n<td><strong>Abmessungen (L x B x H)<\/strong><\/td>\n<td>40 \u00d7 40 \u00d7 50 cm<\/td>\n<\/tr>\n<tr>\n<td><strong>Spannung<\/strong><\/td>\n<td>230 V - 50 Hz<\/td>\n<\/tr>\n<tr>\n<td><strong>Hilfskr\u00e4fte<\/strong><\/td>\n<td>24 V DC<\/td>\n<\/tr>\n<tr>\n<td><strong>Installierte Leistung<\/strong><\/td>\n<td>0,40 kW<\/td>\n<\/tr>\n<tr>\n<td><strong>Installierter Strom<\/strong><\/td>\n<td>2 A<\/td>\n<\/tr>\n<tr>\n<td><strong>Betriebstemp. Bereich<\/strong><\/td>\n<td>+5\u00b0C bis +50\u00b0C<\/td>\n<\/tr>\n<tr>\n<td><strong>Heizungsanlage<\/strong><\/td>\n<td>Bis zu 70\u00b0C (automatischer Thermostat)<\/td>\n<\/tr>\n<tr>\n<td><strong>L\u00e4rmpegel<\/strong><\/td>\n<td>&lt; 75 dB (A)<\/td>\n<\/tr>\n<tr>\n<td><strong>Verfeinerung der Feinheit<\/strong><\/td>\n<td>Bis zu 0,18 Mikrometer<\/td>\n<\/tr>\n<tr>\n<td><strong>Bauwesen<\/strong><\/td>\n<td>Edelstahl mit Granitstein oder Teflonrollen<\/td>\n<\/tr>\n<tr>\n<td><strong>Hergestellt in<\/strong><\/td>\n<td>Italien<\/td>\n<\/tr>\n<\/tbody>\n<\/table>","protected":false},"excerpt":{"rendered":"<p>The Bilait R15 vertical refiner is designed to transform every grain into a sensorial experience, elevating artisanal chocolate production to the highest levels. Ideal for cocoa, pistachio, hazelnuts, almonds, peanuts, and similar oilseeds, it ensures homogeneous, silent, and efficient refining for both small laboratories and professional bean-to-bar workshops. Built with premium materials such as stainless [&hellip;]<\/p>\n","protected":false},"featured_media":7129,"comment_status":"open","ping_status":"closed","template":"","meta":[],"product_brand":[],"product_cat":[47],"product_tag":[],"class_list":{"0":"post-7132","1":"product","2":"type-product","3":"status-publish","4":"has-post-thumbnail","6":"product_cat-bean-to-bar-line","8":"first","9":"instock","10":"shipping-taxable","11":"product-type-simple"},"_links":{"self":[{"href":"https:\/\/dersuessestopp.com\/de\/wp-json\/wp\/v2\/product\/7132","targetHints":{"allow":["GET"]}}],"collection":[{"href":"https:\/\/dersuessestopp.com\/de\/wp-json\/wp\/v2\/product"}],"about":[{"href":"https:\/\/dersuessestopp.com\/de\/wp-json\/wp\/v2\/types\/product"}],"replies":[{"embeddable":true,"href":"https:\/\/dersuessestopp.com\/de\/wp-json\/wp\/v2\/comments?post=7132"}],"version-history":[{"count":1,"href":"https:\/\/dersuessestopp.com\/de\/wp-json\/wp\/v2\/product\/7132\/revisions"}],"predecessor-version":[{"id":7133,"href":"https:\/\/dersuessestopp.com\/de\/wp-json\/wp\/v2\/product\/7132\/revisions\/7133"}],"wp:featuredmedia":[{"embeddable":true,"href":"https:\/\/dersuessestopp.com\/de\/wp-json\/wp\/v2\/media\/7129"}],"wp:attachment":[{"href":"https:\/\/dersuessestopp.com\/de\/wp-json\/wp\/v2\/media?parent=7132"}],"wp:term":[{"taxonomy":"product_brand","embeddable":true,"href":"https:\/\/dersuessestopp.com\/de\/wp-json\/wp\/v2\/product_brand?post=7132"},{"taxonomy":"product_cat","embeddable":true,"href":"https:\/\/dersuessestopp.com\/de\/wp-json\/wp\/v2\/product_cat?post=7132"},{"taxonomy":"product_tag","embeddable":true,"href":"https:\/\/dersuessestopp.com\/de\/wp-json\/wp\/v2\/product_tag?post=7132"}],"curies":[{"name":"wp","href":"https:\/\/api.w.org\/{rel}","templated":true}]}}