{"id":7104,"date":"2025-08-30T10:29:54","date_gmt":"2025-08-30T10:29:54","guid":{"rendered":"https:\/\/dersuessestopp.com\/?post_type=product&#038;p=7104"},"modified":"2025-08-30T10:29:54","modified_gmt":"2025-08-30T10:29:54","slug":"aya-k6","status":"publish","type":"product","link":"https:\/\/dersuessestopp.com\/de\/product\/aya-k6\/","title":{"rendered":"Aya K6"},"content":{"rendered":"<p data-start=\"348\" data-end=\"660\">Die <strong data-start=\"352\" data-end=\"362\">Aya K6<\/strong> ist ein professioneller Theken-Schokoladenbrunnen f\u00fcr Eisdielen, Caf\u00e9s, Bars und Restaurants, die ihre Kunden sowohl mit ihrer Optik als auch mit ihrem unwiderstehlichen Aroma begeistern wollen. Er ist nicht nur funktional, sondern wertet auch die Atmosph\u00e4re eines jeden Lokals auf, indem er einen Hauch von Neuheit und Eleganz verleiht.<\/p>\n<p data-start=\"662\" data-end=\"823\">Dank seiner <strong data-start=\"676\" data-end=\"700\">Geh\u00e4use aus rostfreiem Stahl<\/strong>, Das Aya K6 bietet mit seinem dualen Motorsystem und den intelligenten Funktionen <strong data-start=\"760\" data-end=\"784\">Dauerbetrieb<\/strong>, hohe Haltbarkeit und sichere Handhabung.<\/p>\n<p data-start=\"825\" data-end=\"1107\">Ein Highlight ist die <strong data-start=\"844\" data-end=\"858\">Nacht-Modus<\/strong>Mit nur einem Knopfdruck dreht sich die Schnecke um und gibt die gesamte Schokolade in die Sch\u00fcssel zur\u00fcck, so dass sie am n\u00e4chsten Tag einfach und sicher wieder verwendet werden kann. Die <strong data-start=\"990\" data-end=\"1025\">abnehmbare Schnecke aus rostfreiem Stahl<\/strong> macht es au\u00dferdem einfach, zwischen verschiedenen Schokoladensorten und -farben zu wechseln.<\/p>\n<h3 data-start=\"1114\" data-end=\"1140\"><strong data-start=\"1118\" data-end=\"1138\">Produktmerkmale<\/strong><\/h3>\n<ul data-start=\"1141\" data-end=\"1670\">\n<li data-start=\"1141\" data-end=\"1208\">\n<p data-start=\"1143\" data-end=\"1208\">Kompakter Theken-Schokoladenbrunnen, ideal f\u00fcr den gewerblichen Einsatz<\/p>\n<\/li>\n<li data-start=\"1209\" data-end=\"1278\">\n<p data-start=\"1211\" data-end=\"1278\">Robuste <strong data-start=\"1218\" data-end=\"1250\">Konstruktion aus rostfreiem Stahl<\/strong> f\u00fcr Haltbarkeit und Sicherheit<\/p>\n<\/li>\n<li data-start=\"1279\" data-end=\"1363\">\n<p data-start=\"1281\" data-end=\"1363\"><strong data-start=\"1281\" data-end=\"1307\">Zwei unabh\u00e4ngige Motoren<\/strong> f\u00fcr R\u00fchrwerk und Schnecke, die zuverl\u00e4ssige Leistung gew\u00e4hrleisten<\/p>\n<\/li>\n<li data-start=\"1364\" data-end=\"1416\">\n<p data-start=\"1366\" data-end=\"1416\"><strong data-start=\"1366\" data-end=\"1380\">Nacht-Modus<\/strong> zur sicheren Aufbewahrung und einfachen Wiederinbetriebnahme<\/p>\n<\/li>\n<li data-start=\"1417\" data-end=\"1505\">\n<p data-start=\"1419\" data-end=\"1505\"><strong data-start=\"1419\" data-end=\"1448\">Touchscreen-Bedienfeld<\/strong> mit Multifunktionsprogrammen und Temperaturmanagement<\/p>\n<\/li>\n<li data-start=\"1506\" data-end=\"1593\">\n<p data-start=\"1508\" data-end=\"1593\"><strong data-start=\"1508\" data-end=\"1543\">Abnehmbare Schnecke aus rostfreiem Stahl<\/strong> f\u00fcr einfache Reinigung und Schokoladensortenwechsel<\/p>\n<\/li>\n<li data-start=\"1594\" data-end=\"1670\">\n<p data-start=\"1596\" data-end=\"1670\">Optional <strong data-start=\"1605\" data-end=\"1630\">Aya 4.0 Wi-Fi-Paket<\/strong> f\u00fcr Fernsteuerung und Teleassistenz<\/p>\n<\/li>\n<\/ul>\n<h3 data-start=\"1677\" data-end=\"1711\"><strong data-start=\"1681\" data-end=\"1709\">Technische Daten<\/strong><\/h3>\n<table>\n<thead>\n<tr>\n<th><strong>Kategorie<\/strong><\/th>\n<th><strong>Einzelheiten<\/strong><\/th>\n<\/tr>\n<\/thead>\n<tbody>\n<tr>\n<td><strong>Abmessungen und Gewicht<\/strong><\/td>\n<td>L\u00e4nge: 46 cmBreite: 36 cmGesamth\u00f6he: 80,5 cmSchalendurchmesser: 20 cmL\u00e4nge des Auslassrohrs: 38,5 cmGewicht der Maschine: 40 kgKapazit\u00e4t der Schale: 6 kgMaterial des Geh\u00e4uses: Rostfreier Stahl<\/td>\n<\/tr>\n<tr>\n<td><strong>Verbrauch<\/strong><\/td>\n<td>1 kW230 V - 50\/60 Hz<\/td>\n<\/tr>\n<tr>\n<td><strong>Arbeitszeiten<\/strong><\/td>\n<td>Schmelz- und Springbrunneneffekt:- 1 Stunde (aus Schokoladensplittern)- Einige Sekunden (aus dem Standby)<\/td>\n<\/tr>\n<tr>\n<td><strong>Kontrolle und Instrumentierung<\/strong><\/td>\n<td>4,3-Zoll-Touchscreen-DisplayHand- und Standby-BetriebElektronische DosierungTemperaturmanagementFernsteuerung und TeleassistenzSicherheitssicherungen an den HauptkomponentenR\u00fcckstellbare Sicherung f\u00fcr SchneckenmotorInverter f\u00fcr SchneckenumkehrPedal zum Stoppen des SchokoladenflussesMagnetischer Tankschutzsensor<\/td>\n<\/tr>\n<tr>\n<td><strong>Bewegungssystem<\/strong><\/td>\n<td>2 Einphasenmotoren2 UntersetzungsgetriebeAbnehmbare Schnecke aus rostfreiem Stahl<\/td>\n<\/tr>\n<tr>\n<td><strong>Heizungsanlage<\/strong><\/td>\n<td>1 Silikonwiderstand (Tankheizung)1 Kabelwiderstand (Schneckenheizung)<\/td>\n<\/tr>\n<tr>\n<td><strong>Optional<\/strong><\/td>\n<td><strong>Aya 4.0 Paket<\/strong>: Wi-Fi-Dongle, Tablet mit Handb\u00fcchern und Videos, Fernunterst\u00fctzung<\/td>\n<\/tr>\n<tr>\n<td><strong>Temperaturkontrolle<\/strong><\/td>\n<td>2 PT 100-Sonden: (1) Tank, (2) Schnecke<\/td>\n<\/tr>\n<\/tbody>\n<\/table>","protected":false},"excerpt":{"rendered":"<p>The Aya K6 is a professional countertop chocolate fountain designed for ice cream parlors, caf\u00e9s, bars, and restaurants that want to delight customers with both visual impact and irresistible aroma. Beyond being functional, it enhances the atmosphere of any venue by adding a touch of novelty and elegance. Thanks to its stainless steel body, dual [&hellip;]<\/p>\n","protected":false},"featured_media":7120,"comment_status":"open","ping_status":"closed","template":"","meta":[],"product_brand":[],"product_cat":[46],"product_tag":[],"class_list":{"0":"post-7104","1":"product","2":"type-product","3":"status-publish","4":"has-post-thumbnail","6":"product_cat-countertop-chocolate-melter","8":"first","9":"instock","10":"shipping-taxable","11":"product-type-simple"},"_links":{"self":[{"href":"https:\/\/dersuessestopp.com\/de\/wp-json\/wp\/v2\/product\/7104","targetHints":{"allow":["GET"]}}],"collection":[{"href":"https:\/\/dersuessestopp.com\/de\/wp-json\/wp\/v2\/product"}],"about":[{"href":"https:\/\/dersuessestopp.com\/de\/wp-json\/wp\/v2\/types\/product"}],"replies":[{"embeddable":true,"href":"https:\/\/dersuessestopp.com\/de\/wp-json\/wp\/v2\/comments?post=7104"}],"version-history":[{"count":2,"href":"https:\/\/dersuessestopp.com\/de\/wp-json\/wp\/v2\/product\/7104\/revisions"}],"predecessor-version":[{"id":7122,"href":"https:\/\/dersuessestopp.com\/de\/wp-json\/wp\/v2\/product\/7104\/revisions\/7122"}],"wp:featuredmedia":[{"embeddable":true,"href":"https:\/\/dersuessestopp.com\/de\/wp-json\/wp\/v2\/media\/7120"}],"wp:attachment":[{"href":"https:\/\/dersuessestopp.com\/de\/wp-json\/wp\/v2\/media?parent=7104"}],"wp:term":[{"taxonomy":"product_brand","embeddable":true,"href":"https:\/\/dersuessestopp.com\/de\/wp-json\/wp\/v2\/product_brand?post=7104"},{"taxonomy":"product_cat","embeddable":true,"href":"https:\/\/dersuessestopp.com\/de\/wp-json\/wp\/v2\/product_cat?post=7104"},{"taxonomy":"product_tag","embeddable":true,"href":"https:\/\/dersuessestopp.com\/de\/wp-json\/wp\/v2\/product_tag?post=7104"}],"curies":[{"name":"wp","href":"https:\/\/api.w.org\/{rel}","templated":true}]}}