{"id":7087,"date":"2025-08-30T07:34:26","date_gmt":"2025-08-30T07:34:26","guid":{"rendered":"https:\/\/dersuessestopp.com\/?post_type=product&#038;p=7087"},"modified":"2025-08-30T07:37:20","modified_gmt":"2025-08-30T07:37:20","slug":"forderband-fur-adam-k60","status":"publish","type":"product","link":"https:\/\/dersuessestopp.com\/de\/product\/conveyor-belt-for-adam-k60\/","title":{"rendered":"F\u00f6rderband f\u00fcr Adam K60"},"content":{"rendered":"<p data-start=\"158\" data-end=\"200\"><strong data-start=\"158\" data-end=\"198\">Automatisierte L\u00f6sung f\u00fcr den Schokoladen\u00fcberzug<\/strong><\/p>\n<p data-start=\"202\" data-end=\"468\">Die <strong data-start=\"206\" data-end=\"236\">F\u00f6rderband f\u00fcr Adam K60<\/strong> ist ein speziell entwickeltes Zubeh\u00f6rteil, das sich nahtlos in die Adam K60 Tisch-Temperiermaschine integrieren l\u00e4sst. Zusammen automatisieren sie den Schokoladen\u00fcberzugsprozess und erleichtern so die Herstellung von \u00fcberzogenen Produkten in professioneller Qualit\u00e4t.<\/p>\n<p data-start=\"470\" data-end=\"774\">Ausgestattet mit einem <strong data-start=\"486\" data-end=\"510\">Gitter aus rostfreiem Stahl<\/strong>, erm\u00f6glicht das F\u00f6rderband die Schaffung eines <strong data-start=\"555\" data-end=\"576\">Schokoladenkaskade<\/strong>, und erm\u00f6glicht das gleichm\u00e4\u00dfige Bestreichen von Keksen, Fr\u00fcchten, N\u00fcssen und anderen S\u00fc\u00dfwaren. Eingebaut <strong data-start=\"671\" data-end=\"688\">Gebl\u00e4sesystem<\/strong> sorgt daf\u00fcr, dass \u00fcbersch\u00fcssige Schokolade entfernt wird und die Produkte eine saubere, gleichm\u00e4\u00dfige Oberfl\u00e4che erhalten.<\/p>\n<p data-start=\"776\" data-end=\"1063\">Die Maschine umfasst auch eine <strong data-start=\"804\" data-end=\"831\">Wachspapier-Rollensystem<\/strong> f\u00fcr eine automatische Produktplatzierung, die eine einfache Sammlung und Handhabung gew\u00e4hrleistet. Kompakt, langlebig und hergestellt aus <strong data-start=\"939\" data-end=\"971\">hochwertiger rostfreier Stahl<\/strong>, Es bietet Zuverl\u00e4ssigkeit und Effizienz f\u00fcr Chocolatiers und Konditoren.<\/p>\n<h2 data-start=\"1070\" data-end=\"1089\">Produktmerkmale<\/h2>\n<ul data-start=\"1090\" data-end=\"1547\">\n<li data-start=\"1090\" data-end=\"1155\">\n<p data-start=\"1092\" data-end=\"1155\">Speziell entwickelt f\u00fcr die <strong data-start=\"1122\" data-end=\"1152\">Adam K60 Temperiermaschine<\/strong>.<\/p>\n<\/li>\n<li data-start=\"1156\" data-end=\"1229\">\n<p data-start=\"1158\" data-end=\"1229\"><strong data-start=\"1158\" data-end=\"1191\">Edelstahl-Gitterband<\/strong> f\u00fcr einen hygienischen und dauerhaften Betrieb.<\/p>\n<\/li>\n<li data-start=\"1230\" data-end=\"1282\">\n<p data-start=\"1232\" data-end=\"1282\"><strong data-start=\"1232\" data-end=\"1262\">Schokoladen-Wasserfall-System<\/strong> f\u00fcr eine gleichm\u00e4\u00dfige Beschichtung.<\/p>\n<\/li>\n<li data-start=\"1283\" data-end=\"1336\">\n<p data-start=\"1285\" data-end=\"1336\">Integriert <strong data-start=\"1296\" data-end=\"1306\">Gebl\u00e4se<\/strong> um \u00fcbersch\u00fcssige Schokolade zu entfernen.<\/p>\n<\/li>\n<li data-start=\"1337\" data-end=\"1404\">\n<p data-start=\"1339\" data-end=\"1404\">Automatisch <strong data-start=\"1349\" data-end=\"1369\">Wachspapierrolle<\/strong> f\u00fcr eine bequeme Handhabung des Produkts.<\/p>\n<\/li>\n<li data-start=\"1405\" data-end=\"1474\">\n<p data-start=\"1407\" data-end=\"1474\"><strong data-start=\"1407\" data-end=\"1444\">Feste Gebl\u00e4seleistung und Riemengeschwindigkeit<\/strong> f\u00fcr gleichbleibende Leistung.<\/p>\n<\/li>\n<li data-start=\"1475\" data-end=\"1547\">\n<p data-start=\"1477\" data-end=\"1547\"><strong data-start=\"1477\" data-end=\"1495\">Kompakte Bauweise<\/strong> mit einer Konstruktion aus rostfreiem Stahl f\u00fcr lange Haltbarkeit.<\/p>\n<\/li>\n<\/ul>\n<h2 data-start=\"1554\" data-end=\"1581\">Technische Daten<\/h2>\n<table>\n<thead>\n<tr>\n<th><strong>Kategorie<\/strong><\/th>\n<th><strong>Einzelheiten<\/strong><\/th>\n<\/tr>\n<\/thead>\n<tbody>\n<tr>\n<td><strong>Abmessungen und Gewicht<\/strong><\/td>\n<td>L\u00e4nge: 106,5 cmBreite: 48 cmGesamth\u00f6he: 51 cmGurtbreite: 30 cmAusgangsbereich L\u00e4nge: 46,3 cmGewicht: 45 kgMaterial des K\u00f6rpers: Rostfreier Stahl<\/td>\n<\/tr>\n<tr>\n<td><strong>Verbrauch<\/strong><\/td>\n<td>1 kW230 V - 50 Hz (Betrieb 230 V)<\/td>\n<\/tr>\n<tr>\n<td><strong>Instrumentierung<\/strong><\/td>\n<td>1 Gebl\u00e4se1 Rolle Wachspapier1 Schokoladen-WasserfallDirekter elektrischer Anschluss an Adam K60<\/td>\n<\/tr>\n<tr>\n<td><strong>Bewegungssystem<\/strong><\/td>\n<td>1 MotorEdelstahl Grill30 cm Blaues Band<\/td>\n<\/tr>\n<\/tbody>\n<\/table>","protected":false},"excerpt":{"rendered":"<p>Automated Chocolate Coating Solution The Conveyor Belt for Adam K60 is a purpose-built accessory designed to seamlessly integrate with the Adam K60 benchtop tempering machine. Together, they automate the chocolate coating process, making it easier to produce professional-quality enrobed products. Equipped with a stainless steel grid, the conveyor belt allows the creation of a chocolate [&hellip;]<\/p>\n","protected":false},"featured_media":7089,"comment_status":"open","ping_status":"closed","template":"","meta":[],"product_brand":[],"product_cat":[45],"product_tag":[],"class_list":{"0":"post-7087","1":"product","2":"type-product","3":"status-publish","4":"has-post-thumbnail","6":"product_cat-tempering-belts","8":"first","9":"instock","10":"shipping-taxable","11":"product-type-simple"},"_links":{"self":[{"href":"https:\/\/dersuessestopp.com\/de\/wp-json\/wp\/v2\/product\/7087","targetHints":{"allow":["GET"]}}],"collection":[{"href":"https:\/\/dersuessestopp.com\/de\/wp-json\/wp\/v2\/product"}],"about":[{"href":"https:\/\/dersuessestopp.com\/de\/wp-json\/wp\/v2\/types\/product"}],"replies":[{"embeddable":true,"href":"https:\/\/dersuessestopp.com\/de\/wp-json\/wp\/v2\/comments?post=7087"}],"version-history":[{"count":1,"href":"https:\/\/dersuessestopp.com\/de\/wp-json\/wp\/v2\/product\/7087\/revisions"}],"predecessor-version":[{"id":7091,"href":"https:\/\/dersuessestopp.com\/de\/wp-json\/wp\/v2\/product\/7087\/revisions\/7091"}],"wp:featuredmedia":[{"embeddable":true,"href":"https:\/\/dersuessestopp.com\/de\/wp-json\/wp\/v2\/media\/7089"}],"wp:attachment":[{"href":"https:\/\/dersuessestopp.com\/de\/wp-json\/wp\/v2\/media?parent=7087"}],"wp:term":[{"taxonomy":"product_brand","embeddable":true,"href":"https:\/\/dersuessestopp.com\/de\/wp-json\/wp\/v2\/product_brand?post=7087"},{"taxonomy":"product_cat","embeddable":true,"href":"https:\/\/dersuessestopp.com\/de\/wp-json\/wp\/v2\/product_cat?post=7087"},{"taxonomy":"product_tag","embeddable":true,"href":"https:\/\/dersuessestopp.com\/de\/wp-json\/wp\/v2\/product_tag?post=7087"}],"curies":[{"name":"wp","href":"https:\/\/api.w.org\/{rel}","templated":true}]}}