{"id":7083,"date":"2025-08-30T07:30:25","date_gmt":"2025-08-30T07:30:25","guid":{"rendered":"https:\/\/dersuessestopp.com\/?post_type=product&#038;p=7083"},"modified":"2025-08-30T07:37:21","modified_gmt":"2025-08-30T07:37:21","slug":"forderband-fur-adam-k6-k12-k24","status":"publish","type":"product","link":"https:\/\/dersuessestopp.com\/de\/product\/conveyor-belt-for-adam-k6-k12-k24\/","title":{"rendered":"F\u00f6rderband f\u00fcr Adam K6 K12 K24"},"content":{"rendered":"<p data-start=\"258\" data-end=\"565\">Das F\u00f6rderband ist so konzipiert, dass es sich nahtlos in die Adam K6-, K12- und K24-Temperiermaschinen integrieren l\u00e4sst. Es verf\u00fcgt \u00fcber ein Edelstahlgitter mit einstellbarer Geschwindigkeit und erm\u00f6glicht einen kontinuierlichen Schokoladen\u00fcberzug, indem es eine Schokoladenkaskade erzeugt - ideal zum \u00dcberziehen von Keksen, Trockenfr\u00fcchten und anderen S\u00fc\u00dfwaren.<\/p>\n<p data-start=\"567\" data-end=\"861\">Das System ist mit einem Gebl\u00e4se ausgestattet, das \u00fcbersch\u00fcssige Schokolade entfernt und f\u00fcr eine glatte und gleichm\u00e4\u00dfige Oberfl\u00e4che sorgt. Ein motorisierter Schlitten legt die \u00fcberzogenen Produkte zur einfachen Handhabung automatisch auf Wachspapier ab. Die Bediener k\u00f6nnen das Band \u00fcber einen Hebel anhalten, das Papier abschneiden und die fertigen Produkte bequem weitergeben.<\/p>\n<p data-start=\"863\" data-end=\"1093\">F\u00fcr zus\u00e4tzliche Funktionalit\u00e4t sorgen zwei ausziehbare Kn\u00f6pfe, die eine zus\u00e4tzliche Ablage f\u00fcr Fertigprodukte freigeben. Sowohl die F\u00f6rdergeschwindigkeit als auch die Gebl\u00e4seleistung sind vollst\u00e4ndig einstellbar und bieten Pr\u00e4zision und Flexibilit\u00e4t f\u00fcr verschiedene Produktionsanforderungen.<\/p>\n<h3 data-start=\"1100\" data-end=\"1122\">Produktmerkmale<\/h3>\n<ul data-start=\"1123\" data-end=\"1504\">\n<li data-start=\"1123\" data-end=\"1183\">\n<p data-start=\"1125\" data-end=\"1183\">Kompatibel mit Adam K6, K12 und K24 Temperiermaschinen<\/p>\n<\/li>\n<li data-start=\"1184\" data-end=\"1230\">\n<p data-start=\"1186\" data-end=\"1230\">Edelstahlgitter mit einstellbarer Geschwindigkeit<\/p>\n<\/li>\n<li data-start=\"1231\" data-end=\"1277\">\n<p data-start=\"1233\" data-end=\"1277\">Integrierter Schokoladenwasserfall zum \u00dcberziehen<\/p>\n<\/li>\n<li data-start=\"1278\" data-end=\"1322\">\n<p data-start=\"1280\" data-end=\"1322\">Gebl\u00e4sesystem zum Entfernen \u00fcbersch\u00fcssiger Schokolade<\/p>\n<\/li>\n<li data-start=\"1323\" data-end=\"1371\">\n<p data-start=\"1325\" data-end=\"1371\">Automatische Wachspapierzuf\u00fchrung f\u00fcr beschichtete Produkte<\/p>\n<\/li>\n<li data-start=\"1372\" data-end=\"1416\">\n<p data-start=\"1374\" data-end=\"1416\">Ausziehbare Ablage f\u00fcr fertige Artikel<\/p>\n<\/li>\n<li data-start=\"1417\" data-end=\"1463\">\n<p data-start=\"1419\" data-end=\"1463\">Einstellbare Gebl\u00e4seleistung und F\u00f6rdergeschwindigkeit<\/p>\n<\/li>\n<li data-start=\"1464\" data-end=\"1504\">\n<p data-start=\"1466\" data-end=\"1504\">Einfache Mobilit\u00e4t durch integrierte R\u00e4der<\/p>\n<\/li>\n<\/ul>\n<h3 data-start=\"1511\" data-end=\"1541\">Technische Daten<\/h3>\n<table>\n<thead>\n<tr>\n<th><strong>Kategorie<\/strong><\/th>\n<th><strong>Einzelheiten<\/strong><\/th>\n<\/tr>\n<\/thead>\n<tbody>\n<tr>\n<td><strong>Abmessungen und Gewicht<\/strong><\/td>\n<td>L\u00e4nge: 171,8 cmBreite: 53,65 cmGesamth\u00f6he: 118,5 cmGurtbreite: 22 cmGewicht: 60 kg<\/td>\n<\/tr>\n<tr>\n<td><strong>Material des Geh\u00e4uses<\/strong><\/td>\n<td>Rostfreier Stahl<\/td>\n<\/tr>\n<tr>\n<td><strong>Verbrauch<\/strong><\/td>\n<td>1 kW230 V - 50 Hz (optional 230 V-Version)<\/td>\n<\/tr>\n<tr>\n<td><strong>Instrumentierung<\/strong><\/td>\n<td>- 1 Gebl\u00e4se- 2 Regler f\u00fcr Luftleistung und Bandgeschwindigkeit- 1 abnehmbare Schale- 1 Rolle Wachspapier- 1 Schokoladen-Wasserbeh\u00e4lter- R\u00e4der f\u00fcr einfachen Transport<\/td>\n<\/tr>\n<tr>\n<td><strong>Bewegungssystem<\/strong><\/td>\n<td>- 1 Motor- Rostfreier Stahl Grill- 20 cm blaues Band<\/td>\n<\/tr>\n<\/tbody>\n<\/table>","protected":false},"excerpt":{"rendered":"<p>The conveyor belt is designed to integrate seamlessly with the Adam K6, K12, and K24 tempering machines. Featuring a stainless steel grid with adjustable speed, it enables continuous chocolate coating by creating a chocolate cascade\u2014ideal for coating biscuits, dried fruits, and other confectionery items. The system is equipped with a blower to remove excess chocolate, [&hellip;]<\/p>\n","protected":false},"featured_media":7084,"comment_status":"open","ping_status":"closed","template":"","meta":[],"product_brand":[],"product_cat":[45],"product_tag":[],"class_list":{"0":"post-7083","1":"product","2":"type-product","3":"status-publish","4":"has-post-thumbnail","6":"product_cat-tempering-belts","8":"first","9":"instock","10":"shipping-taxable","11":"product-type-simple"},"_links":{"self":[{"href":"https:\/\/dersuessestopp.com\/de\/wp-json\/wp\/v2\/product\/7083","targetHints":{"allow":["GET"]}}],"collection":[{"href":"https:\/\/dersuessestopp.com\/de\/wp-json\/wp\/v2\/product"}],"about":[{"href":"https:\/\/dersuessestopp.com\/de\/wp-json\/wp\/v2\/types\/product"}],"replies":[{"embeddable":true,"href":"https:\/\/dersuessestopp.com\/de\/wp-json\/wp\/v2\/comments?post=7083"}],"version-history":[{"count":2,"href":"https:\/\/dersuessestopp.com\/de\/wp-json\/wp\/v2\/product\/7083\/revisions"}],"predecessor-version":[{"id":7086,"href":"https:\/\/dersuessestopp.com\/de\/wp-json\/wp\/v2\/product\/7083\/revisions\/7086"}],"wp:featuredmedia":[{"embeddable":true,"href":"https:\/\/dersuessestopp.com\/de\/wp-json\/wp\/v2\/media\/7084"}],"wp:attachment":[{"href":"https:\/\/dersuessestopp.com\/de\/wp-json\/wp\/v2\/media?parent=7083"}],"wp:term":[{"taxonomy":"product_brand","embeddable":true,"href":"https:\/\/dersuessestopp.com\/de\/wp-json\/wp\/v2\/product_brand?post=7083"},{"taxonomy":"product_cat","embeddable":true,"href":"https:\/\/dersuessestopp.com\/de\/wp-json\/wp\/v2\/product_cat?post=7083"},{"taxonomy":"product_tag","embeddable":true,"href":"https:\/\/dersuessestopp.com\/de\/wp-json\/wp\/v2\/product_tag?post=7083"}],"curies":[{"name":"wp","href":"https:\/\/api.w.org\/{rel}","templated":true}]}}