{"id":7051,"date":"2025-08-30T06:31:20","date_gmt":"2025-08-30T06:31:20","guid":{"rendered":"https:\/\/dersuessestopp.com\/?post_type=product&#038;p=7051"},"modified":"2025-08-30T06:41:40","modified_gmt":"2025-08-30T06:41:40","slug":"adam-k12","status":"publish","type":"product","link":"https:\/\/dersuessestopp.com\/de\/product\/adam-k12\/","title":{"rendered":"Adam K12"},"content":{"rendered":"<p data-start=\"187\" data-end=\"271\"><strong data-start=\"187\" data-end=\"249\">Praktische und funktionelle 12 kg Schokoladen-Temperiermaschine<\/strong><\/p>\n<p data-start=\"291\" data-end=\"533\">Perfekt f\u00fcr Werkst\u00e4tten mit begrenztem Platzangebot, aber hohen Anspr\u00fcchen, ist die <strong data-start=\"356\" data-end=\"386\">Adam K12 Temperiermaschine<\/strong> bietet eine <strong data-start=\"396\" data-end=\"414\">12 kg Fassungsverm\u00f6gen<\/strong>, und kombiniert <strong data-start=\"426\" data-end=\"454\">Effizienz und Pr\u00e4zision<\/strong> f\u00fcr Chocolatiers und Konditoreien, die bei der Qualit\u00e4t keine Kompromisse eingehen wollen.<\/p>\n<h3 data-start=\"535\" data-end=\"553\">Wesentliche Merkmale<\/h3>\n<ul data-start=\"554\" data-end=\"1098\">\n<li data-start=\"554\" data-end=\"654\">\n<p data-start=\"556\" data-end=\"654\"><strong data-start=\"556\" data-end=\"579\">Platzsparendes Design<\/strong> - Kompakte Struktur f\u00fcr nahtlose Integration auch in kleinen Labors.<\/p>\n<\/li>\n<li data-start=\"655\" data-end=\"751\">\n<p data-start=\"657\" data-end=\"751\"><strong data-start=\"657\" data-end=\"684\">Schnelle und einfache Reinigung<\/strong> - Abnehmbare Schnecke aus rostfreiem Stahl, die in nur 15 Minuten gereinigt werden kann.<\/p>\n<\/li>\n<li data-start=\"752\" data-end=\"852\">\n<p data-start=\"754\" data-end=\"852\"><strong data-start=\"754\" data-end=\"785\">Vielseitigkeit und Leistung<\/strong> - Das integrierte Fu\u00dfpedal erm\u00f6glicht eine reibungslose, ununterbrochene Produktion.<\/p>\n<\/li>\n<li data-start=\"853\" data-end=\"973\">\n<p data-start=\"855\" data-end=\"973\"><strong data-start=\"855\" data-end=\"886\">Pr\u00e4zise Temperaturkontrolle<\/strong> - Die fortschrittliche K\u00fchlung mit Wasserschnecke und drei L\u00fcftern gew\u00e4hrleistet eine einwandfreie Kristallisation.<\/p>\n<\/li>\n<li data-start=\"974\" data-end=\"1098\">\n<p data-start=\"976\" data-end=\"1098\"><strong data-start=\"976\" data-end=\"1001\">Maximale Intuitivit\u00e4t<\/strong> - Digitales Bedienfeld f\u00fcr vibrierende Plattenheizung und zeitgesteuerte Dosierung auf Knopfdruck.<\/p>\n<\/li>\n<\/ul>\n<h3 data-start=\"1105\" data-end=\"1135\">Technische Daten<\/h3>\n<div class=\"_tableContainer_1rjym_1\">\n<table>\n<thead>\n<tr>\n<th><strong>Kategorie<\/strong><\/th>\n<th><strong>Einzelheiten<\/strong><\/th>\n<\/tr>\n<\/thead>\n<tbody>\n<tr>\n<td><strong>Abmessungen und Gewicht<\/strong><\/td>\n<td>L\u00e4nge: 40 cmBreite: 60 cmGesamth\u00f6he: 144 cmSchalendurchmesser: 27 cmSchwingtischbreite: 34,3 cmMaschinengewicht: 85 kg<\/td>\n<\/tr>\n<tr>\n<td><strong>Fassungsverm\u00f6gen der Schale<\/strong><\/td>\n<td>12 kg<\/td>\n<\/tr>\n<tr>\n<td><strong>Material des Geh\u00e4uses<\/strong><\/td>\n<td>Rostfreier Stahl<\/td>\n<\/tr>\n<tr>\n<td><strong>St\u00fcndliche Produktion<\/strong><\/td>\n<td>55 kg<\/td>\n<\/tr>\n<tr>\n<td><strong>R\u00fctteltisch<\/strong><\/td>\n<td>2 Formhalter mit integrierter Grillheizung<\/td>\n<\/tr>\n<tr>\n<td><strong>Instrumentierung und Steuerung<\/strong><\/td>\n<td>Digitales Bedienfeld f\u00fcr Vibrationsplattenheizung und zeitgesteuerte DosierungIntegriertes Fu\u00dfpedal f\u00fcr reibungslose Produktion<\/td>\n<\/tr>\n<tr>\n<td><strong>Produkthandhabungssystem<\/strong><\/td>\n<td>1 Schneckenmotor zum Pumpen1 Sch\u00fcsselmotor zum Mischen<\/td>\n<\/tr>\n<tr>\n<td><strong>Heizungsanlage<\/strong><\/td>\n<td>Digitale Bedienfeldsteuerung<\/td>\n<\/tr>\n<tr>\n<td><strong>K\u00fchlsystem<\/strong><\/td>\n<td>Wasserschnecke mit 3 Ventilatoren f\u00fcr fortschrittliche K\u00fchlung und Kristallisation<\/td>\n<\/tr>\n<tr>\n<td><strong>Stromverbrauch<\/strong><\/td>\n<td>3 kW<\/td>\n<\/tr>\n<tr>\n<td><strong>Elektrische Anforderungen<\/strong><\/td>\n<td>50\/60 Hz - 230\/400 V<\/td>\n<\/tr>\n<\/tbody>\n<\/table>\n<\/div>","protected":false},"excerpt":{"rendered":"<p>Practical and functional 12 kg chocolate tempering machine Perfect for workshops with limited space but high ambitions, the Adam K12 Tempering Machine offers a 12 kg capacity, combining efficiency and precision for chocolatiers and pastry shops that do not want to compromise on quality. Key Features Space-Saving Design \u2013 Compact structure for seamless integration even [&hellip;]<\/p>\n","protected":false},"featured_media":7052,"comment_status":"open","ping_status":"closed","template":"","meta":[],"product_brand":[],"product_cat":[44],"product_tag":[],"class_list":{"0":"post-7051","1":"product","2":"type-product","3":"status-publish","4":"has-post-thumbnail","6":"product_cat-tempering-line","8":"first","9":"instock","10":"shipping-taxable","11":"product-type-simple"},"_links":{"self":[{"href":"https:\/\/dersuessestopp.com\/de\/wp-json\/wp\/v2\/product\/7051","targetHints":{"allow":["GET"]}}],"collection":[{"href":"https:\/\/dersuessestopp.com\/de\/wp-json\/wp\/v2\/product"}],"about":[{"href":"https:\/\/dersuessestopp.com\/de\/wp-json\/wp\/v2\/types\/product"}],"replies":[{"embeddable":true,"href":"https:\/\/dersuessestopp.com\/de\/wp-json\/wp\/v2\/comments?post=7051"}],"version-history":[{"count":2,"href":"https:\/\/dersuessestopp.com\/de\/wp-json\/wp\/v2\/product\/7051\/revisions"}],"predecessor-version":[{"id":7057,"href":"https:\/\/dersuessestopp.com\/de\/wp-json\/wp\/v2\/product\/7051\/revisions\/7057"}],"wp:featuredmedia":[{"embeddable":true,"href":"https:\/\/dersuessestopp.com\/de\/wp-json\/wp\/v2\/media\/7052"}],"wp:attachment":[{"href":"https:\/\/dersuessestopp.com\/de\/wp-json\/wp\/v2\/media?parent=7051"}],"wp:term":[{"taxonomy":"product_brand","embeddable":true,"href":"https:\/\/dersuessestopp.com\/de\/wp-json\/wp\/v2\/product_brand?post=7051"},{"taxonomy":"product_cat","embeddable":true,"href":"https:\/\/dersuessestopp.com\/de\/wp-json\/wp\/v2\/product_cat?post=7051"},{"taxonomy":"product_tag","embeddable":true,"href":"https:\/\/dersuessestopp.com\/de\/wp-json\/wp\/v2\/product_tag?post=7051"}],"curies":[{"name":"wp","href":"https:\/\/api.w.org\/{rel}","templated":true}]}}