{"id":7048,"date":"2025-08-30T05:53:38","date_gmt":"2025-08-30T05:53:38","guid":{"rendered":"https:\/\/dersuessestopp.com\/?post_type=product&#038;p=7048"},"modified":"2025-08-30T05:53:38","modified_gmt":"2025-08-30T05:53:38","slug":"cp5","status":"publish","type":"product","link":"https:\/\/dersuessestopp.com\/de\/product\/cp5\/","title":{"rendered":"CP5"},"content":{"rendered":"<p data-start=\"112\" data-end=\"534\">Die <strong data-start=\"116\" data-end=\"134\">CP5 Pfannenstreichmaschine<\/strong> ist eine kompakte und zuverl\u00e4ssige Maschine, die f\u00fcr handwerkliche Chocolatiers und kleine S\u00fc\u00dfwarenhersteller entwickelt wurde. Sie eignet sich perfekt f\u00fcr den Schokoladen\u00fcberzug von Trockenfr\u00fcchten, Kaffeebohnen, Puffreis und anderen runden Produkten und liefert Drag\u00e9es und dragierte Leckereien in professioneller Qualit\u00e4t mit Effizienz und Pr\u00e4zision. Mit seinem Fassungsverm\u00f6gen von 5 kg ist er ideal f\u00fcr kleine Chargen, Spezialprodukte oder Testl\u00e4ufe.<\/p>\n<h3 data-start=\"536\" data-end=\"554\">Wesentliche Merkmale<\/h3>\n<ul data-start=\"555\" data-end=\"1181\">\n<li data-start=\"555\" data-end=\"642\">\n<p data-start=\"557\" data-end=\"642\"><strong data-start=\"557\" data-end=\"574\">5 kg Fassungsverm\u00f6gen<\/strong> - Perfekt f\u00fcr die Herstellung von Kleinserien und Spezialit\u00e4ten in der Konditorei.<\/p>\n<\/li>\n<li data-start=\"643\" data-end=\"786\">\n<p data-start=\"645\" data-end=\"786\"><strong data-start=\"645\" data-end=\"678\">Langlebige Konstruktion aus Edelstahl<\/strong> - Sch\u00fcssel und Maschinenstruktur aus Edelstahl AISI 304 f\u00fcr Hygiene, Haltbarkeit und einfache Reinigung.<\/p>\n<\/li>\n<li data-start=\"787\" data-end=\"870\">\n<p data-start=\"789\" data-end=\"870\"><strong data-start=\"789\" data-end=\"814\">Einstellbare Sch\u00fcsselgeschwindigkeit<\/strong> - Steuerung der Rotationsgeschwindigkeit f\u00fcr pr\u00e4zise Beschichtungsergebnisse.<\/p>\n<\/li>\n<li data-start=\"871\" data-end=\"1015\">\n<p data-start=\"873\" data-end=\"1015\"><strong data-start=\"873\" data-end=\"902\">Integriertes Luftstromsystem<\/strong> - Eingebautes Gebl\u00e4se mit w\u00e4hlbarer Raumtemperatur oder erw\u00e4rmter Luft (\u00fcber Heizelemente) f\u00fcr gleichm\u00e4\u00dfiges Finish.<\/p>\n<\/li>\n<li data-start=\"1016\" data-end=\"1087\">\n<p data-start=\"1018\" data-end=\"1087\"><strong data-start=\"1018\" data-end=\"1043\">Leiser, leistungsstarker Motor<\/strong> - Sorgt f\u00fcr einen reibungslosen und effizienten Betrieb.<\/p>\n<\/li>\n<li data-start=\"1088\" data-end=\"1181\">\n<p data-start=\"1090\" data-end=\"1181\"><strong data-start=\"1090\" data-end=\"1115\">Standard-Netzteil<\/strong> - Betrieb mit einphasigen 220 V (0,4 kW) f\u00fcr eine einfache Installation.<\/p>\n<\/li>\n<\/ul>\n<h3 data-start=\"1183\" data-end=\"1201\"><\/h3>","protected":false},"excerpt":{"rendered":"<p>The CP5 Pan Coater is a compact and reliable machine designed for artisan chocolatiers and small confectionery producers. Perfect for chocolate coating dried fruits, coffee beans, puffed rice, and other round-shaped products, it delivers professional-quality drag\u00e9es and sugar-coated treats with efficiency and precision. With its 5 kg capacity, it is ideal for small-scale batches, specialty [&hellip;]<\/p>\n","protected":false},"featured_media":7049,"comment_status":"open","ping_status":"closed","template":"","meta":[],"product_brand":[],"product_cat":[43],"product_tag":[],"class_list":{"0":"post-7048","1":"product","2":"type-product","3":"status-publish","4":"has-post-thumbnail","6":"product_cat-pan-coaters","8":"first","9":"instock","10":"shipping-taxable","11":"product-type-simple"},"_links":{"self":[{"href":"https:\/\/dersuessestopp.com\/de\/wp-json\/wp\/v2\/product\/7048","targetHints":{"allow":["GET"]}}],"collection":[{"href":"https:\/\/dersuessestopp.com\/de\/wp-json\/wp\/v2\/product"}],"about":[{"href":"https:\/\/dersuessestopp.com\/de\/wp-json\/wp\/v2\/types\/product"}],"replies":[{"embeddable":true,"href":"https:\/\/dersuessestopp.com\/de\/wp-json\/wp\/v2\/comments?post=7048"}],"version-history":[{"count":1,"href":"https:\/\/dersuessestopp.com\/de\/wp-json\/wp\/v2\/product\/7048\/revisions"}],"predecessor-version":[{"id":7050,"href":"https:\/\/dersuessestopp.com\/de\/wp-json\/wp\/v2\/product\/7048\/revisions\/7050"}],"wp:featuredmedia":[{"embeddable":true,"href":"https:\/\/dersuessestopp.com\/de\/wp-json\/wp\/v2\/media\/7049"}],"wp:attachment":[{"href":"https:\/\/dersuessestopp.com\/de\/wp-json\/wp\/v2\/media?parent=7048"}],"wp:term":[{"taxonomy":"product_brand","embeddable":true,"href":"https:\/\/dersuessestopp.com\/de\/wp-json\/wp\/v2\/product_brand?post=7048"},{"taxonomy":"product_cat","embeddable":true,"href":"https:\/\/dersuessestopp.com\/de\/wp-json\/wp\/v2\/product_cat?post=7048"},{"taxonomy":"product_tag","embeddable":true,"href":"https:\/\/dersuessestopp.com\/de\/wp-json\/wp\/v2\/product_tag?post=7048"}],"curies":[{"name":"wp","href":"https:\/\/api.w.org\/{rel}","templated":true}]}}