{"id":7043,"date":"2025-08-30T05:48:37","date_gmt":"2025-08-30T05:48:37","guid":{"rendered":"https:\/\/dersuessestopp.com\/?post_type=product&#038;p=7043"},"modified":"2025-08-30T05:50:02","modified_gmt":"2025-08-30T05:50:02","slug":"cp25","status":"publish","type":"product","link":"https:\/\/dersuessestopp.com\/de\/product\/cp25\/","title":{"rendered":"CP25"},"content":{"rendered":"<p data-start=\"186\" data-end=\"533\">Die <strong data-start=\"190\" data-end=\"209\">CP25 Pfannenstreichmaschine<\/strong> ist eine vielseitige L\u00f6sung f\u00fcr die Herstellung hochwertiger Dragees und Dragees. Ideal f\u00fcr <strong data-start=\"304\" data-end=\"397\">Schokoladen\u00fcberzug f\u00fcr Trockenfr\u00fcchte, Kaffeebohnen, Puffreis und andere rund geformte Produkte<\/strong>, Diese Maschine wurde f\u00fcr handwerkliche Chocolatiers und S\u00fc\u00dfwarenhersteller entwickelt, die Wert auf Effizienz, Pr\u00e4zision und Konsistenz legen.<\/p>\n<h3 data-start=\"535\" data-end=\"553\">Wesentliche Merkmale<\/h3>\n<ul data-start=\"554\" data-end=\"1141\">\n<li data-start=\"554\" data-end=\"615\">\n<p data-start=\"556\" data-end=\"615\"><strong data-start=\"556\" data-end=\"574\">25 kg Fassungsverm\u00f6gen<\/strong> - Perfekt f\u00fcr die mittelgro\u00dfe Produktion.<\/p>\n<\/li>\n<li data-start=\"616\" data-end=\"731\">\n<p data-start=\"618\" data-end=\"731\"><strong data-start=\"618\" data-end=\"647\">Hochwertige Konstruktion<\/strong> - Vollst\u00e4ndig hergestellt aus <strong data-start=\"667\" data-end=\"695\">Rostfreier Stahl AISI 304<\/strong> f\u00fcr Langlebigkeit und einfache Reinigung.<\/p>\n<\/li>\n<li data-start=\"732\" data-end=\"820\">\n<p data-start=\"734\" data-end=\"820\"><strong data-start=\"734\" data-end=\"757\">Variable Sch\u00fcsselgeschwindigkeit<\/strong> - Einstellbar <strong data-start=\"771\" data-end=\"789\">Drehgeschwindigkeit<\/strong> f\u00fcr eine optimale Beschichtungskontrolle.<\/p>\n<\/li>\n<li data-start=\"821\" data-end=\"977\">\n<p data-start=\"823\" data-end=\"977\"><strong data-start=\"823\" data-end=\"852\">Integriertes Luftstromsystem<\/strong> - Eingebaut <strong data-start=\"864\" data-end=\"918\">Ventilator mit w\u00e4hlbarer Raumtemperatur oder Heizluft<\/strong> (\u00fcber Heizelemente) f\u00fcr eine gleichm\u00e4\u00dfige Produktverarbeitung.<\/p>\n<\/li>\n<li data-start=\"978\" data-end=\"1046\">\n<p data-start=\"980\" data-end=\"1046\"><strong data-start=\"980\" data-end=\"1006\">Leistungsstarker und leiser Motor<\/strong> - Gew\u00e4hrleistet einen reibungslosen, zuverl\u00e4ssigen Betrieb.<\/p>\n<\/li>\n<li data-start=\"1047\" data-end=\"1141\">\n<p data-start=\"1049\" data-end=\"1141\"><strong data-start=\"1049\" data-end=\"1074\">Standard-Netzteil<\/strong> - Arbeitet mit <strong data-start=\"1089\" data-end=\"1116\">einphasig 220V (2kW)<\/strong> f\u00fcr eine einfache Installation.<\/p>\n<\/li>\n<\/ul>\n<h3 data-start=\"1143\" data-end=\"1168\">Enthaltene Komponenten<\/h3>\n<ul data-start=\"1169\" data-end=\"1469\">\n<li data-start=\"1169\" data-end=\"1250\">\n<p data-start=\"1171\" data-end=\"1250\"><strong data-start=\"1171\" data-end=\"1199\">Elektronisches Bedienfeld<\/strong> - Einfache Parametereinstellungen f\u00fcr pr\u00e4zisen Betrieb.<\/p>\n<\/li>\n<li data-start=\"1251\" data-end=\"1317\">\n<p data-start=\"1253\" data-end=\"1317\"><strong data-start=\"1253\" data-end=\"1269\">K\u00fchleinheit<\/strong> - F\u00fcr den Umgang mit kalter Luft zur Stabilisierung der Beschichtung.<\/p>\n<\/li>\n<li data-start=\"1318\" data-end=\"1410\">\n<p data-start=\"1320\" data-end=\"1410\"><strong data-start=\"1320\" data-end=\"1361\">Programmierbare Spr\u00fchger\u00e4testeuerungen<\/strong> - Optionale Integration f\u00fcr automatisches Spr\u00fchen.<\/p>\n<\/li>\n<li data-start=\"1411\" data-end=\"1469\">\n<p data-start=\"1413\" data-end=\"1469\"><strong data-start=\"1413\" data-end=\"1430\">Schukosteckdose<\/strong> - Zum Anschluss von weiterem Zubeh\u00f6r.<\/p>\n<\/li>\n<\/ul>\n<h3 data-start=\"1471\" data-end=\"1489\">Anwendungen<\/h3>\n<ul data-start=\"1490\" data-end=\"1654\">\n<li data-start=\"1490\" data-end=\"1534\">\n<p data-start=\"1492\" data-end=\"1534\">Schokoladen\u00fcberzogene <strong data-start=\"1509\" data-end=\"1532\">N\u00fcsse und Trockenfr\u00fcchte<\/strong><\/p>\n<\/li>\n<li data-start=\"1535\" data-end=\"1581\">\n<p data-start=\"1537\" data-end=\"1581\">Mit Schokolade oder Zucker \u00fcberzogen <strong data-start=\"1563\" data-end=\"1579\">Kaffeebohnen<\/strong><\/p>\n<\/li>\n<li data-start=\"1582\" data-end=\"1620\">\n<p data-start=\"1584\" data-end=\"1620\"><strong data-start=\"1584\" data-end=\"1618\">Puffreis und Getreidedragees<\/strong><\/p>\n<\/li>\n<li data-start=\"1621\" data-end=\"1654\">\n<p data-start=\"1623\" data-end=\"1654\">Zuckerkonfekt-Kreationen<\/p>\n<\/li>\n<\/ul>","protected":false},"excerpt":{"rendered":"<p>The CP25 Pan Coater is a versatile solution for producing high-quality drag\u00e9es and sugar-coated treats. Ideal for chocolate coating dried fruit, coffee beans, puffed rice, and other round-shaped products, this machine is designed for artisan chocolatiers and confectionery manufacturers who demand efficiency, precision, and consistency. Key Features 25 kg Capacity \u2013 Perfect for medium-scale production. [&hellip;]<\/p>\n","protected":false},"featured_media":7047,"comment_status":"open","ping_status":"closed","template":"","meta":[],"product_brand":[],"product_cat":[43],"product_tag":[],"class_list":{"0":"post-7043","1":"product","2":"type-product","3":"status-publish","4":"has-post-thumbnail","6":"product_cat-pan-coaters","8":"first","9":"instock","10":"shipping-taxable","11":"product-type-simple"},"_links":{"self":[{"href":"https:\/\/dersuessestopp.com\/de\/wp-json\/wp\/v2\/product\/7043","targetHints":{"allow":["GET"]}}],"collection":[{"href":"https:\/\/dersuessestopp.com\/de\/wp-json\/wp\/v2\/product"}],"about":[{"href":"https:\/\/dersuessestopp.com\/de\/wp-json\/wp\/v2\/types\/product"}],"replies":[{"embeddable":true,"href":"https:\/\/dersuessestopp.com\/de\/wp-json\/wp\/v2\/comments?post=7043"}],"version-history":[{"count":1,"href":"https:\/\/dersuessestopp.com\/de\/wp-json\/wp\/v2\/product\/7043\/revisions"}],"predecessor-version":[{"id":7046,"href":"https:\/\/dersuessestopp.com\/de\/wp-json\/wp\/v2\/product\/7043\/revisions\/7046"}],"wp:featuredmedia":[{"embeddable":true,"href":"https:\/\/dersuessestopp.com\/de\/wp-json\/wp\/v2\/media\/7047"}],"wp:attachment":[{"href":"https:\/\/dersuessestopp.com\/de\/wp-json\/wp\/v2\/media?parent=7043"}],"wp:term":[{"taxonomy":"product_brand","embeddable":true,"href":"https:\/\/dersuessestopp.com\/de\/wp-json\/wp\/v2\/product_brand?post=7043"},{"taxonomy":"product_cat","embeddable":true,"href":"https:\/\/dersuessestopp.com\/de\/wp-json\/wp\/v2\/product_cat?post=7043"},{"taxonomy":"product_tag","embeddable":true,"href":"https:\/\/dersuessestopp.com\/de\/wp-json\/wp\/v2\/product_tag?post=7043"}],"curies":[{"name":"wp","href":"https:\/\/api.w.org\/{rel}","templated":true}]}}