{"id":7032,"date":"2025-08-30T05:34:22","date_gmt":"2025-08-30T05:34:22","guid":{"rendered":"https:\/\/dersuessestopp.com\/?post_type=product&#038;p=7032"},"modified":"2025-08-30T05:39:42","modified_gmt":"2025-08-30T05:39:42","slug":"nrd12","status":"publish","type":"product","link":"https:\/\/dersuessestopp.com\/de\/product\/nrd12\/","title":{"rendered":"NRD12"},"content":{"rendered":"<p data-start=\"160\" data-end=\"459\">Die <strong data-start=\"164\" data-end=\"182\">NRD12-F\u00f6rderer<\/strong> ist f\u00fcr die Verarbeitung einer breiten Palette von S\u00fc\u00dfwaren und Backwaren konzipiert, von <strong data-start=\"264\" data-end=\"298\">Pralinen und Kekse bis hin zu Torten<\/strong>. Sein innovatives Design erm\u00f6glicht es einem einzigen Bediener, sowohl den Belade- als auch den \u00dcberziehvorgang effizient zu steuern und einen reibungslosen Arbeitsablauf mit minimalem Aufwand zu gew\u00e4hrleisten.<\/p>\n<h4 data-start=\"461\" data-end=\"492\">Hauptmerkmale und Vorteile:<\/h4>\n<ul data-start=\"493\" data-end=\"1289\">\n<li data-start=\"493\" data-end=\"716\">\n<p data-start=\"495\" data-end=\"716\"><strong data-start=\"495\" data-end=\"531\">Bedienerfreundliches Ladesystem<\/strong> - Die <strong data-start=\"538\" data-end=\"564\">Ladegurt aus Drahtgeflecht<\/strong> kann w\u00e4hrend der Produktplatzierung angehalten und mit einem einfachen Knopf wieder gestartet werden, so dass eine Person sowohl die Lade- als auch die \u00dcberziehphase steuern kann.<\/p>\n<\/li>\n<li data-start=\"717\" data-end=\"886\">\n<p data-start=\"719\" data-end=\"886\"><strong data-start=\"719\" data-end=\"754\">Integriertes \u00dcberziehzubeh\u00f6r<\/strong> - Ausgestattet mit einem <strong data-start=\"773\" data-end=\"831\">Maschendrahtschl\u00e4ger, Streifenschneider und Gebl\u00e4se<\/strong> um pr\u00e4zise und qualitativ hochwertige Beschichtungen zu gew\u00e4hrleisten.<\/p>\n<\/li>\n<li data-start=\"887\" data-end=\"1109\">\n<p data-start=\"889\" data-end=\"1109\"><strong data-start=\"889\" data-end=\"920\">Einfache Reinigung &amp; Vielseitigkeit<\/strong> - Die <strong data-start=\"927\" data-end=\"948\">Beschichtung Drahtgeflecht<\/strong> ist vollst\u00e4ndig abnehmbar und enth\u00e4lt keine elektrischen Komponenten, so dass er einfach mit einem Drehtisch f\u00fcr Tr\u00fcffel verwendet werden kann und die M\u00f6glichkeit bietet <strong data-start=\"1083\" data-end=\"1106\">schnelle, gr\u00fcndliche Reinigung<\/strong>.<\/p>\n<\/li>\n<li data-start=\"1110\" data-end=\"1289\">\n<p data-start=\"1112\" data-end=\"1289\"><strong data-start=\"1112\" data-end=\"1142\">Kompaktes und praktisches Design<\/strong> - Bei <strong data-start=\"1148\" data-end=\"1169\">200 mm Gurtbreite<\/strong>, Der NRD12 eignet sich perfekt f\u00fcr kleine bis mittlere Produktionsmengen und verbindet Flexibilit\u00e4t mit professioneller Leistung.<\/p>\n<\/li>\n<\/ul>\n<h4 data-start=\"1291\" data-end=\"1323\">Technische Daten:<\/h4>\n<ul data-start=\"1324\" data-end=\"1360\">\n<li data-start=\"1324\" data-end=\"1360\">\n<p data-start=\"1326\" data-end=\"1360\"><strong data-start=\"1326\" data-end=\"1351\">Breite des Drahtgeflechtbandes:<\/strong> 200 mm<\/p>\n<\/li>\n<\/ul>","protected":false},"excerpt":{"rendered":"<p>The NRD12 conveyor is designed for handling a wide range of confectionery and pastry products, from pralines and biscuits to cakes. Its innovative design allows a single operator to efficiently manage both the loading and enrobing processes, ensuring a smooth workflow with minimal effort. Key Features &amp; Benefits: Operator-Friendly Loading System \u2013 The loading wire-mesh [&hellip;]<\/p>\n","protected":false},"featured_media":7033,"comment_status":"open","ping_status":"closed","template":"","meta":[],"product_brand":[],"product_cat":[42],"product_tag":[],"class_list":{"0":"post-7032","1":"product","2":"type-product","3":"status-publish","4":"has-post-thumbnail","6":"product_cat-conveyor-belts","8":"first","9":"instock","10":"shipping-taxable","11":"product-type-simple"},"_links":{"self":[{"href":"https:\/\/dersuessestopp.com\/de\/wp-json\/wp\/v2\/product\/7032","targetHints":{"allow":["GET"]}}],"collection":[{"href":"https:\/\/dersuessestopp.com\/de\/wp-json\/wp\/v2\/product"}],"about":[{"href":"https:\/\/dersuessestopp.com\/de\/wp-json\/wp\/v2\/types\/product"}],"replies":[{"embeddable":true,"href":"https:\/\/dersuessestopp.com\/de\/wp-json\/wp\/v2\/comments?post=7032"}],"version-history":[{"count":3,"href":"https:\/\/dersuessestopp.com\/de\/wp-json\/wp\/v2\/product\/7032\/revisions"}],"predecessor-version":[{"id":7044,"href":"https:\/\/dersuessestopp.com\/de\/wp-json\/wp\/v2\/product\/7032\/revisions\/7044"}],"wp:featuredmedia":[{"embeddable":true,"href":"https:\/\/dersuessestopp.com\/de\/wp-json\/wp\/v2\/media\/7033"}],"wp:attachment":[{"href":"https:\/\/dersuessestopp.com\/de\/wp-json\/wp\/v2\/media?parent=7032"}],"wp:term":[{"taxonomy":"product_brand","embeddable":true,"href":"https:\/\/dersuessestopp.com\/de\/wp-json\/wp\/v2\/product_brand?post=7032"},{"taxonomy":"product_cat","embeddable":true,"href":"https:\/\/dersuessestopp.com\/de\/wp-json\/wp\/v2\/product_cat?post=7032"},{"taxonomy":"product_tag","embeddable":true,"href":"https:\/\/dersuessestopp.com\/de\/wp-json\/wp\/v2\/product_tag?post=7032"}],"curies":[{"name":"wp","href":"https:\/\/api.w.org\/{rel}","templated":true}]}}