{"id":7027,"date":"2025-08-30T05:29:27","date_gmt":"2025-08-30T05:29:27","guid":{"rendered":"https:\/\/dersuessestopp.com\/?post_type=product&#038;p=7027"},"modified":"2025-08-30T05:29:27","modified_gmt":"2025-08-30T05:29:27","slug":"r500-uberziehmaschine","status":"publish","type":"product","link":"https:\/\/dersuessestopp.com\/de\/product\/r500-enrobing-machine\/","title":{"rendered":"R500 \u00dcberziehmaschine"},"content":{"rendered":"<p data-start=\"190\" data-end=\"600\">Die <strong data-start=\"194\" data-end=\"219\">R500 \u00dcberziehmaschine<\/strong> ist ein vollautomatisches, kontinuierlich arbeitendes System, das zum \u00dcberziehen von S\u00fc\u00dfwarenprodukten mit <strong data-start=\"317\" data-end=\"388\">Schokoladenmischungen oder andere \u00dcberz\u00fcge, die nicht temperiert werden m\u00fcssen<\/strong>. Mit seiner gro\u00dfen <strong data-start=\"405\" data-end=\"428\">45 kg Fassungsverm\u00f6gen der Sch\u00fcssel<\/strong> und pr\u00e4zisionsgesteuerten System gew\u00e4hrleistet sie Effizienz, Konsistenz und hervorragende Produktqualit\u00e4t f\u00fcr professionelle Chocolatiers und die industrielle S\u00fc\u00dfwarenproduktion.<\/p>\n<h4 data-start=\"602\" data-end=\"633\">Hauptmerkmale und Vorteile:<\/h4>\n<ul data-start=\"634\" data-end=\"1471\">\n<li data-start=\"634\" data-end=\"766\">\n<p data-start=\"636\" data-end=\"766\"><strong data-start=\"636\" data-end=\"658\">Sch\u00fcssel mit hohem Fassungsverm\u00f6gen<\/strong> - <strong data-start=\"661\" data-end=\"699\">45 kg Sch\u00fcssel aus Edelstahl AISI304<\/strong> mit eingebautem Mischer sorgt f\u00fcr glatte, fl\u00fcssige und gleichm\u00e4\u00dfige Beschichtungen.<\/p>\n<\/li>\n<li data-start=\"767\" data-end=\"886\">\n<p data-start=\"769\" data-end=\"886\"><strong data-start=\"769\" data-end=\"798\">Bain-Marie-Schmelzsystem<\/strong> - Schmilzt Beschichtungen sanft und h\u00e4lt dabei die Temperatur konstant f\u00fcr gleichbleibende Ergebnisse.<\/p>\n<\/li>\n<li data-start=\"887\" data-end=\"1007\">\n<p data-start=\"889\" data-end=\"1007\"><strong data-start=\"889\" data-end=\"922\">Pr\u00e4zise Temperaturregelung<\/strong> - Verwaltet durch <strong data-start=\"941\" data-end=\"965\">hochpr\u00e4zise Sonden<\/strong> und eine <strong data-start=\"972\" data-end=\"1004\">spezielle GAMI-Steuerkarte<\/strong>.<\/p>\n<\/li>\n<li data-start=\"1008\" data-end=\"1156\">\n<p data-start=\"1010\" data-end=\"1156\"><strong data-start=\"1010\" data-end=\"1036\">Benutzerfreundliche Steuerelemente<\/strong> - Ausgestattet mit einem <strong data-start=\"1055\" data-end=\"1094\">Fu\u00dfpedal f\u00fcr Durchflussunterbrechung und Dosierung<\/strong> plus eine <strong data-start=\"1103\" data-end=\"1128\">Timer f\u00fcr automatischen Start<\/strong> f\u00fcr eine bequeme Bedienung.<\/p>\n<\/li>\n<li data-start=\"1157\" data-end=\"1344\">\n<p data-start=\"1159\" data-end=\"1344\"><strong data-start=\"1159\" data-end=\"1189\">Erweiterbares Enrobing-System<\/strong> - Kann kombiniert werden mit <strong data-start=\"1213\" data-end=\"1240\">Maschendrahtumh\u00fcllungsband<\/strong> komplett mit Spender, Gebl\u00e4se, Maschendrahtschl\u00e4ger und Streifenschneider f\u00fcr die Gro\u00dfproduktion.<\/p>\n<\/li>\n<li data-start=\"1345\" data-end=\"1471\">\n<p data-start=\"1347\" data-end=\"1471\"><strong data-start=\"1347\" data-end=\"1374\">Einstellbarer Produktfluss<\/strong> - Bietet Flexibilit\u00e4t zur Anpassung des Beschichtungsflusses an unterschiedliche Produkttypen und Produktionsanforderungen.<\/p>\n<\/li>\n<\/ul>\n<h4 data-start=\"1473\" data-end=\"1505\">Technische Daten:<\/h4>\n<ul data-start=\"1506\" data-end=\"1578\">\n<li data-start=\"1506\" data-end=\"1534\">\n<p data-start=\"1508\" data-end=\"1534\"><strong data-start=\"1508\" data-end=\"1526\">Fassungsverm\u00f6gen der Schale:<\/strong> 45 kg<\/p>\n<\/li>\n<li data-start=\"1535\" data-end=\"1578\">\n<p data-start=\"1537\" data-end=\"1578\"><strong data-start=\"1537\" data-end=\"1552\">Abmessungen:<\/strong> 680 x 920 x 1650 mm (h)<\/p>\n<\/li>\n<\/ul>","protected":false},"excerpt":{"rendered":"<p>The R500 Enrobing Machine is a fully automatic, continuous-operation system designed to enrobe confectionery products with chocolate compounds or other coatings that do not require tempering. With its large 45 kg bowl capacity and precision-controlled system, it ensures efficiency, consistency, and superior product finishes for professional chocolatiers and industrial confectionery production. Key Features &amp; Benefits: [&hellip;]<\/p>\n","protected":false},"featured_media":7028,"comment_status":"open","ping_status":"closed","template":"","meta":[],"product_brand":[],"product_cat":[41],"product_tag":[],"class_list":{"0":"post-7027","1":"product","2":"type-product","3":"status-publish","4":"has-post-thumbnail","6":"product_cat-enrobing-and-melting-machines","8":"first","9":"instock","10":"shipping-taxable","11":"product-type-simple"},"_links":{"self":[{"href":"https:\/\/dersuessestopp.com\/de\/wp-json\/wp\/v2\/product\/7027","targetHints":{"allow":["GET"]}}],"collection":[{"href":"https:\/\/dersuessestopp.com\/de\/wp-json\/wp\/v2\/product"}],"about":[{"href":"https:\/\/dersuessestopp.com\/de\/wp-json\/wp\/v2\/types\/product"}],"replies":[{"embeddable":true,"href":"https:\/\/dersuessestopp.com\/de\/wp-json\/wp\/v2\/comments?post=7027"}],"version-history":[{"count":1,"href":"https:\/\/dersuessestopp.com\/de\/wp-json\/wp\/v2\/product\/7027\/revisions"}],"predecessor-version":[{"id":7029,"href":"https:\/\/dersuessestopp.com\/de\/wp-json\/wp\/v2\/product\/7027\/revisions\/7029"}],"wp:featuredmedia":[{"embeddable":true,"href":"https:\/\/dersuessestopp.com\/de\/wp-json\/wp\/v2\/media\/7028"}],"wp:attachment":[{"href":"https:\/\/dersuessestopp.com\/de\/wp-json\/wp\/v2\/media?parent=7027"}],"wp:term":[{"taxonomy":"product_brand","embeddable":true,"href":"https:\/\/dersuessestopp.com\/de\/wp-json\/wp\/v2\/product_brand?post=7027"},{"taxonomy":"product_cat","embeddable":true,"href":"https:\/\/dersuessestopp.com\/de\/wp-json\/wp\/v2\/product_cat?post=7027"},{"taxonomy":"product_tag","embeddable":true,"href":"https:\/\/dersuessestopp.com\/de\/wp-json\/wp\/v2\/product_tag?post=7027"}],"curies":[{"name":"wp","href":"https:\/\/api.w.org\/{rel}","templated":true}]}}