{"id":7024,"date":"2025-08-30T05:27:36","date_gmt":"2025-08-30T05:27:36","guid":{"rendered":"https:\/\/dersuessestopp.com\/?post_type=product&#038;p=7024"},"modified":"2025-08-30T05:27:56","modified_gmt":"2025-08-30T05:27:56","slug":"r400-uberziehmaschine","status":"publish","type":"product","link":"https:\/\/dersuessestopp.com\/de\/product\/r400-enrobing-machine\/","title":{"rendered":"R400 \u00dcberziehmaschine"},"content":{"rendered":"<p data-start=\"211\" data-end=\"574\">Die <strong data-start=\"215\" data-end=\"240\">R400 \u00dcberziehmaschine<\/strong> ist eine <strong data-start=\"247\" data-end=\"289\">automatisches, kontinuierlich arbeitendes System<\/strong> entwickelt f\u00fcr das \u00dcberziehen von S\u00fc\u00dfwaren mit Schokoladenmasse oder anderen \u00dcberz\u00fcgen, die nicht temperiert werden m\u00fcssen. Sie ist auf Effizienz und Zuverl\u00e4ssigkeit ausgelegt und gew\u00e4hrleistet eine glatte, gleichm\u00e4\u00dfige Oberfl\u00e4che bei gleichzeitiger Rationalisierung der Produktion f\u00fcr professionelle Chocolatiers und S\u00fc\u00dfwarenhersteller.<\/p>\n<h4 data-start=\"576\" data-end=\"607\">Hauptmerkmale und Vorteile:<\/h4>\n<ul data-start=\"608\" data-end=\"1420\">\n<li data-start=\"608\" data-end=\"732\">\n<p data-start=\"610\" data-end=\"732\"><strong data-start=\"610\" data-end=\"633\">25 kg Fassungsverm\u00f6gen der Sch\u00fcssel<\/strong> - Hergestellt aus <strong data-start=\"644\" data-end=\"671\">rostfreier Stahl AISI304<\/strong>, mit einem Mischer ausgestattet, um die Beschichtungen fl\u00fcssig und gleichm\u00e4\u00dfig zu halten.<\/p>\n<\/li>\n<li data-start=\"733\" data-end=\"843\">\n<p data-start=\"735\" data-end=\"843\"><strong data-start=\"735\" data-end=\"764\">Bain-Marie-Schmelzsystem<\/strong> - Schmilzt Beschichtungen sanft und h\u00e4lt dabei eine stabile, homogene Temperatur aufrecht.<\/p>\n<\/li>\n<li data-start=\"844\" data-end=\"981\">\n<p data-start=\"846\" data-end=\"981\"><strong data-start=\"846\" data-end=\"877\">Pr\u00e4zise Temperaturkontrolle<\/strong> - Verwaltet von <strong data-start=\"891\" data-end=\"916\">hochpr\u00e4zise Sonden<\/strong> und eine <strong data-start=\"923\" data-end=\"955\">spezielle GAMI-Steuerkarte<\/strong> f\u00fcr konsistente Ergebnisse.<\/p>\n<\/li>\n<li data-start=\"982\" data-end=\"1121\">\n<p data-start=\"984\" data-end=\"1121\"><strong data-start=\"984\" data-end=\"1015\">Flexible Produktionssteuerung<\/strong> - Merkmale <strong data-start=\"1029\" data-end=\"1068\">Fu\u00dfpedal f\u00fcr Durchflussunterbrechung und Dosierung<\/strong> plus eine <strong data-start=\"1077\" data-end=\"1102\">Timer f\u00fcr automatischen Start<\/strong> f\u00fcr die Benutzerfreundlichkeit.<\/p>\n<\/li>\n<li data-start=\"1122\" data-end=\"1321\">\n<p data-start=\"1124\" data-end=\"1321\"><strong data-start=\"1124\" data-end=\"1152\">Optionales Enrobing-System<\/strong> - Kann angeschlossen werden an eine <strong data-start=\"1178\" data-end=\"1205\">Maschendraht-\u00dcberzugsband<\/strong> komplett mit Spender, Gebl\u00e4se, Maschendrahtklopfer und Abschneidevorrichtung f\u00fcr eine komplette professionelle \u00dcberzugslinie.<\/p>\n<\/li>\n<li data-start=\"1322\" data-end=\"1420\">\n<p data-start=\"1324\" data-end=\"1420\"><strong data-start=\"1324\" data-end=\"1351\">Einstellbarer Produktfluss<\/strong> - Erm\u00f6glicht die Feinabstimmung der Beschichtungsleistung je nach Produktanforderungen.<\/p>\n<\/li>\n<\/ul>\n<h4 data-start=\"1422\" data-end=\"1454\">Technische Daten:<\/h4>\n<ul data-start=\"1455\" data-end=\"1527\">\n<li data-start=\"1455\" data-end=\"1483\">\n<p data-start=\"1457\" data-end=\"1483\"><strong data-start=\"1457\" data-end=\"1475\">Fassungsverm\u00f6gen der Schale:<\/strong> 25 kg<\/p>\n<\/li>\n<li data-start=\"1484\" data-end=\"1527\">\n<p data-start=\"1486\" data-end=\"1527\"><strong data-start=\"1486\" data-end=\"1501\">Abmessungen:<\/strong> 580 x 750 x 1550 mm (h)<\/p>\n<\/li>\n<\/ul>","protected":false},"excerpt":{"rendered":"<p>The R400 Enrobing Machine is an automatic, continuous-operation system designed for enrobing confectionery products with chocolate compounds or other coatings that do not require tempering. Built for efficiency and reliability, it ensures a smooth, even finish while streamlining production for professional chocolatiers and confectionery manufacturers. Key Features &amp; Benefits: 25 kg Bowl Capacity \u2013 Made [&hellip;]<\/p>\n","protected":false},"featured_media":7025,"comment_status":"open","ping_status":"closed","template":"","meta":[],"product_brand":[],"product_cat":[41],"product_tag":[],"class_list":{"0":"post-7024","1":"product","2":"type-product","3":"status-publish","4":"has-post-thumbnail","6":"product_cat-enrobing-and-melting-machines","8":"first","9":"instock","10":"shipping-taxable","11":"product-type-simple"},"_links":{"self":[{"href":"https:\/\/dersuessestopp.com\/de\/wp-json\/wp\/v2\/product\/7024","targetHints":{"allow":["GET"]}}],"collection":[{"href":"https:\/\/dersuessestopp.com\/de\/wp-json\/wp\/v2\/product"}],"about":[{"href":"https:\/\/dersuessestopp.com\/de\/wp-json\/wp\/v2\/types\/product"}],"replies":[{"embeddable":true,"href":"https:\/\/dersuessestopp.com\/de\/wp-json\/wp\/v2\/comments?post=7024"}],"version-history":[{"count":1,"href":"https:\/\/dersuessestopp.com\/de\/wp-json\/wp\/v2\/product\/7024\/revisions"}],"predecessor-version":[{"id":7026,"href":"https:\/\/dersuessestopp.com\/de\/wp-json\/wp\/v2\/product\/7024\/revisions\/7026"}],"wp:featuredmedia":[{"embeddable":true,"href":"https:\/\/dersuessestopp.com\/de\/wp-json\/wp\/v2\/media\/7025"}],"wp:attachment":[{"href":"https:\/\/dersuessestopp.com\/de\/wp-json\/wp\/v2\/media?parent=7024"}],"wp:term":[{"taxonomy":"product_brand","embeddable":true,"href":"https:\/\/dersuessestopp.com\/de\/wp-json\/wp\/v2\/product_brand?post=7024"},{"taxonomy":"product_cat","embeddable":true,"href":"https:\/\/dersuessestopp.com\/de\/wp-json\/wp\/v2\/product_cat?post=7024"},{"taxonomy":"product_tag","embeddable":true,"href":"https:\/\/dersuessestopp.com\/de\/wp-json\/wp\/v2\/product_tag?post=7024"}],"curies":[{"name":"wp","href":"https:\/\/api.w.org\/{rel}","templated":true}]}}