{"id":7011,"date":"2025-08-30T05:08:56","date_gmt":"2025-08-30T05:08:56","guid":{"rendered":"https:\/\/dersuessestopp.com\/?post_type=product&#038;p=7011"},"modified":"2025-08-30T05:14:59","modified_gmt":"2025-08-30T05:14:59","slug":"diva8-temperiermaschine","status":"publish","type":"product","link":"https:\/\/dersuessestopp.com\/de\/product\/diva8-tempering-machine\/","title":{"rendered":"Diva8 Temperiermaschine"},"content":{"rendered":"<p data-start=\"162\" data-end=\"467\">Die <strong data-start=\"166\" data-end=\"175\">Diva8<\/strong> ist eine vollautomatische, kontinuierlich arbeitende Schokoladentemperiermaschine, die f\u00fcr h\u00f6chste Pr\u00e4zision, Konsistenz und Benutzerfreundlichkeit ausgelegt ist. Von <strong data-start=\"321\" data-end=\"343\">Bain-Marie-Schmelzen<\/strong> zu <strong data-start=\"347\" data-end=\"406\">Temperierung mit K\u00fchlgas und einem K\u00e4ltemittelkompressor<\/strong>, Es garantiert perfekte Ergebnisse in jeder Phase des Prozesses.<\/p>\n<h4 data-start=\"469\" data-end=\"500\">Hauptmerkmale und Vorteile:<\/h4>\n<ul data-start=\"501\" data-end=\"1400\">\n<li data-start=\"501\" data-end=\"650\">\n<p data-start=\"503\" data-end=\"650\"><strong data-start=\"503\" data-end=\"525\">8 kg Fassungsverm\u00f6gen der Sch\u00fcssel<\/strong> - Hergestellt aus langlebigem <strong data-start=\"544\" data-end=\"571\">rostfreier Stahl AISI304<\/strong> mit einem eingebauten Mixer, der die Schokolade fl\u00fcssig, gleichm\u00e4\u00dfig und perfekt temperiert h\u00e4lt.<\/p>\n<\/li>\n<li data-start=\"651\" data-end=\"824\">\n<p data-start=\"653\" data-end=\"824\"><strong data-start=\"653\" data-end=\"668\">Hohe Leistung<\/strong> - Produziert bis zu <strong data-start=\"686\" data-end=\"726\">50 kg temperierte Schokolade pro Stunde<\/strong>, Damit ist sie ideal f\u00fcr professionelle Konditoren und kleine bis mittelgro\u00dfe Schokoladenhersteller.<\/p>\n<\/li>\n<li data-start=\"825\" data-end=\"995\">\n<p data-start=\"827\" data-end=\"995\"><strong data-start=\"827\" data-end=\"856\">Effizientes Reinigungssystem<\/strong> - Merkmale einer <strong data-start=\"871\" data-end=\"892\">Ausziehbare Schnecke<\/strong>, und erm\u00f6glicht eine schnelle und gr\u00fcndliche Reinigung f\u00fcr nahtlose \u00dcberg\u00e4nge zwischen verschiedenen Schokoladensorten.<\/p>\n<\/li>\n<li data-start=\"996\" data-end=\"1135\">\n<p data-start=\"998\" data-end=\"1135\"><strong data-start=\"998\" data-end=\"1022\">Temperatur-Genauigkeit<\/strong> - Gesteuert durch hochpr\u00e4zise Sonden, die mit einer speziellen Leiterplatte verbunden sind, um optimale Temperierbedingungen zu gew\u00e4hrleisten.<\/p>\n<\/li>\n<li data-start=\"1136\" data-end=\"1278\">\n<p data-start=\"1138\" data-end=\"1278\"><strong data-start=\"1138\" data-end=\"1160\">Verbesserte Benutzerfreundlichkeit<\/strong> - Ausgestattet mit einem <strong data-start=\"1179\" data-end=\"1205\">beheizter R\u00fctteltisch<\/strong> und <strong data-start=\"1210\" data-end=\"1233\">Str\u00f6mungsabrisspedal<\/strong> f\u00fcr einfaches Dosieren und gleichm\u00e4\u00dfiges Portionieren.<\/p>\n<\/li>\n<li data-start=\"1279\" data-end=\"1400\">\n<p data-start=\"1281\" data-end=\"1400\"><strong data-start=\"1281\" data-end=\"1310\">Einstellbarer Schokoladenfluss<\/strong> - Sorgt f\u00fcr Flexibilit\u00e4t in der Produktion entsprechend den spezifischen Rezeptur- oder Chargenanforderungen.<\/p>\n<\/li>\n<\/ul>\n<h4 data-start=\"1402\" data-end=\"1434\">Technische Daten:<\/h4>\n<ul data-start=\"1435\" data-end=\"1539\">\n<li data-start=\"1435\" data-end=\"1462\">\n<p data-start=\"1437\" data-end=\"1462\"><strong data-start=\"1437\" data-end=\"1455\">Fassungsverm\u00f6gen der Schale:<\/strong> 8 kg<\/p>\n<\/li>\n<li data-start=\"1463\" data-end=\"1495\">\n<p data-start=\"1465\" data-end=\"1495\"><strong data-start=\"1465\" data-end=\"1485\">St\u00fcndliche Kapazit\u00e4t:<\/strong> 50 kg\/h<\/p>\n<\/li>\n<li data-start=\"1496\" data-end=\"1539\">\n<p data-start=\"1498\" data-end=\"1539\"><strong data-start=\"1498\" data-end=\"1513\">Abmessungen:<\/strong> 410 x 630 x 1510 mm (h)<\/p>\n<\/li>\n<\/ul>","protected":false},"excerpt":{"rendered":"<p>The Diva8 is a fully automatic, continuous-operation chocolate tempering machine designed to deliver maximum precision, consistency, and ease of use. From bain-marie melting to tempering with cooling gas and a refrigerant compressor, it ensures perfect results at every stage of the process. Key Features &amp; Benefits: 8 kg Bowl Capacity \u2013 Made of durable stainless [&hellip;]<\/p>\n","protected":false},"featured_media":7012,"comment_status":"open","ping_status":"closed","template":"","meta":[],"product_brand":[],"product_cat":[40],"product_tag":[],"class_list":{"0":"post-7011","1":"product","2":"type-product","3":"status-publish","4":"has-post-thumbnail","6":"product_cat-tempering-machines","8":"first","9":"instock","10":"shipping-taxable","11":"product-type-simple"},"_links":{"self":[{"href":"https:\/\/dersuessestopp.com\/de\/wp-json\/wp\/v2\/product\/7011","targetHints":{"allow":["GET"]}}],"collection":[{"href":"https:\/\/dersuessestopp.com\/de\/wp-json\/wp\/v2\/product"}],"about":[{"href":"https:\/\/dersuessestopp.com\/de\/wp-json\/wp\/v2\/types\/product"}],"replies":[{"embeddable":true,"href":"https:\/\/dersuessestopp.com\/de\/wp-json\/wp\/v2\/comments?post=7011"}],"version-history":[{"count":3,"href":"https:\/\/dersuessestopp.com\/de\/wp-json\/wp\/v2\/product\/7011\/revisions"}],"predecessor-version":[{"id":7015,"href":"https:\/\/dersuessestopp.com\/de\/wp-json\/wp\/v2\/product\/7011\/revisions\/7015"}],"wp:featuredmedia":[{"embeddable":true,"href":"https:\/\/dersuessestopp.com\/de\/wp-json\/wp\/v2\/media\/7012"}],"wp:attachment":[{"href":"https:\/\/dersuessestopp.com\/de\/wp-json\/wp\/v2\/media?parent=7011"}],"wp:term":[{"taxonomy":"product_brand","embeddable":true,"href":"https:\/\/dersuessestopp.com\/de\/wp-json\/wp\/v2\/product_brand?post=7011"},{"taxonomy":"product_cat","embeddable":true,"href":"https:\/\/dersuessestopp.com\/de\/wp-json\/wp\/v2\/product_cat?post=7011"},{"taxonomy":"product_tag","embeddable":true,"href":"https:\/\/dersuessestopp.com\/de\/wp-json\/wp\/v2\/product_tag?post=7011"}],"curies":[{"name":"wp","href":"https:\/\/api.w.org\/{rel}","templated":true}]}}