{"id":6979,"date":"2025-08-29T09:57:41","date_gmt":"2025-08-29T09:57:41","guid":{"rendered":"https:\/\/dersuessestopp.com\/?post_type=product&#038;p=6979"},"modified":"2025-08-29T09:59:55","modified_gmt":"2025-08-29T09:59:55","slug":"vipera-cs-33","status":"publish","type":"product","link":"https:\/\/dersuessestopp.com\/de\/product\/vipera-cs-33\/","title":{"rendered":"VIPERA CS-33"},"content":{"rendered":"<h3 data-start=\"68\" data-end=\"124\">Der schnellste industrielle Lebensmitteldrucker<\/h3>\n<p data-start=\"126\" data-end=\"389\">Die <strong data-start=\"130\" data-end=\"146\">VIPERA CS-33<\/strong> ist eine <strong data-start=\"153\" data-end=\"186\">Express-S\u00fc\u00dfwaren-Drucker<\/strong> die f\u00fcr die industrielle S\u00fc\u00dfwarenproduktion entwickelt wurde. Mit Spitzentechnologie <strong data-start=\"255\" data-end=\"290\">Single-Pass-Drucktechnologie<\/strong>, Sie erreicht eine un\u00fcbertroffene Geschwindigkeit und Effizienz und setzt damit einen neuen Standard in der S\u00fc\u00dfwarendekoration.<\/p>\n<h4 data-start=\"391\" data-end=\"422\">Hauptmerkmale und Vorteile:<\/h4>\n<ul data-start=\"423\" data-end=\"1065\">\n<li data-start=\"423\" data-end=\"540\">\n<p data-start=\"425\" data-end=\"540\"><strong data-start=\"425\" data-end=\"444\">Unerreichte Geschwindigkeit<\/strong> - Druckt bis zu <strong data-start=\"460\" data-end=\"487\">30.000 Kekse pro Stunde<\/strong>, Damit ist er der schnellste Lebensmitteldrucker auf dem Markt.<\/p>\n<\/li>\n<li data-start=\"541\" data-end=\"685\">\n<p data-start=\"543\" data-end=\"685\"><strong data-start=\"543\" data-end=\"575\">Industrietaugliche Leistung<\/strong> - Konzipiert f\u00fcr <strong data-start=\"591\" data-end=\"629\">kontinuierliche, gro\u00df angelegte Produktion<\/strong> von Keksen, Kuchen, Pralinen und anderen Backwaren.<\/p>\n<\/li>\n<li data-start=\"686\" data-end=\"832\">\n<p data-start=\"688\" data-end=\"832\"><strong data-start=\"688\" data-end=\"714\">Single-Pass-Technologie<\/strong> - Liefert gestochen scharfe, hochwertige Drucke in einem einzigen Arbeitsgang, was die Produktionszeit verk\u00fcrzt und gleichbleibende Ergebnisse gew\u00e4hrleistet.<\/p>\n<\/li>\n<li data-start=\"833\" data-end=\"939\">\n<p data-start=\"835\" data-end=\"939\"><strong data-start=\"835\" data-end=\"864\">Effizienz und Kosteneinsparungen<\/strong> - Maximiert den Output bei gleichzeitiger Minimierung von Betriebskosten, Arbeitsaufwand und Abfall.<\/p>\n<\/li>\n<li data-start=\"940\" data-end=\"1065\">\n<p data-start=\"942\" data-end=\"1065\"><strong data-start=\"942\" data-end=\"968\">Vielseitige Anwendungen<\/strong> - Ideal zum pr\u00e4zisen Dekorieren von Keksen, Keksen, Kuchen, Makronen und anderen S\u00fc\u00dfigkeiten.<\/p>\n<\/li>\n<\/ul>\n<h4 data-start=\"1067\" data-end=\"1088\">F\u00fcr wen ist es?<\/h4>\n<p data-start=\"1089\" data-end=\"1121\">Der VIPERA CS-33 ist ideal f\u00fcr:<\/p>\n<ul data-start=\"1122\" data-end=\"1367\">\n<li data-start=\"1122\" data-end=\"1178\">\n<p data-start=\"1124\" data-end=\"1178\"><strong data-start=\"1124\" data-end=\"1148\">S\u00fc\u00dfwarenfabriken<\/strong> Produktion in gro\u00dfem Ma\u00dfstab.<\/p>\n<\/li>\n<li data-start=\"1179\" data-end=\"1271\">\n<p data-start=\"1181\" data-end=\"1271\"><strong data-start=\"1181\" data-end=\"1215\">Industrielle S\u00fc\u00dfwarenhersteller<\/strong> die Schnelligkeit mit kompromissloser Qualit\u00e4t verbinden wollen.<\/p>\n<\/li>\n<li data-start=\"1272\" data-end=\"1367\">\n<p data-start=\"1274\" data-end=\"1367\">Unternehmen, die Folgendes ben\u00f6tigen <strong data-start=\"1295\" data-end=\"1364\">hochvolumige, zuverl\u00e4ssige und kosteneffiziente L\u00f6sungen f\u00fcr den Lebensmitteldruck<\/strong>.<\/p>\n<\/li>\n<\/ul>\n<h4 data-start=\"1369\" data-end=\"1400\">Warum VIPERA CS-33 w\u00e4hlen?<\/h4>\n<p data-start=\"1401\" data-end=\"1691\">Wenn Ihr Ziel darin besteht <strong data-start=\"1420\" data-end=\"1507\">die Effizienz zu steigern, die Kosten zu senken und auf dem wettbewerbsintensiven S\u00fc\u00dfwarenmarkt die Nase vorn zu haben<\/strong>, ist die VIPERA CS-33 die ultimative L\u00f6sung. Ihre Geschwindigkeit und Pr\u00e4zision erm\u00f6glichen es Herstellern, die Produktion zu steigern und dabei durchg\u00e4ngig visuell beeindruckende, hochwertige Produkte zu liefern.<\/p>","protected":false},"excerpt":{"rendered":"<p>The Fastest Industrial Food Printer The VIPERA CS-33 is an express confectionery printer engineered for industrial-scale sweet production. With cutting-edge single-pass printing technology, it achieves unmatched speed and efficiency, setting a new standard in confectionery decoration. Key Features &amp; Benefits: Unrivaled Speed \u2013 Prints up to 30,000 cookies per hour, making it the fastest food [&hellip;]<\/p>\n","protected":false},"featured_media":6980,"comment_status":"open","ping_status":"closed","template":"","meta":[],"product_brand":[],"product_cat":[38],"product_tag":[],"class_list":{"0":"post-6979","1":"product","2":"type-product","3":"status-publish","4":"has-post-thumbnail","6":"product_cat-imago-food-printers","8":"first","9":"instock","10":"shipping-taxable","11":"product-type-simple"},"_links":{"self":[{"href":"https:\/\/dersuessestopp.com\/de\/wp-json\/wp\/v2\/product\/6979","targetHints":{"allow":["GET"]}}],"collection":[{"href":"https:\/\/dersuessestopp.com\/de\/wp-json\/wp\/v2\/product"}],"about":[{"href":"https:\/\/dersuessestopp.com\/de\/wp-json\/wp\/v2\/types\/product"}],"replies":[{"embeddable":true,"href":"https:\/\/dersuessestopp.com\/de\/wp-json\/wp\/v2\/comments?post=6979"}],"version-history":[{"count":1,"href":"https:\/\/dersuessestopp.com\/de\/wp-json\/wp\/v2\/product\/6979\/revisions"}],"predecessor-version":[{"id":6982,"href":"https:\/\/dersuessestopp.com\/de\/wp-json\/wp\/v2\/product\/6979\/revisions\/6982"}],"wp:featuredmedia":[{"embeddable":true,"href":"https:\/\/dersuessestopp.com\/de\/wp-json\/wp\/v2\/media\/6980"}],"wp:attachment":[{"href":"https:\/\/dersuessestopp.com\/de\/wp-json\/wp\/v2\/media?parent=6979"}],"wp:term":[{"taxonomy":"product_brand","embeddable":true,"href":"https:\/\/dersuessestopp.com\/de\/wp-json\/wp\/v2\/product_brand?post=6979"},{"taxonomy":"product_cat","embeddable":true,"href":"https:\/\/dersuessestopp.com\/de\/wp-json\/wp\/v2\/product_cat?post=6979"},{"taxonomy":"product_tag","embeddable":true,"href":"https:\/\/dersuessestopp.com\/de\/wp-json\/wp\/v2\/product_tag?post=6979"}],"curies":[{"name":"wp","href":"https:\/\/api.w.org\/{rel}","templated":true}]}}