{"id":6968,"date":"2025-08-29T09:23:24","date_gmt":"2025-08-29T09:23:24","guid":{"rendered":"https:\/\/dersuessestopp.com\/?post_type=product&#038;p=6968"},"modified":"2025-09-24T19:58:16","modified_gmt":"2025-09-24T19:58:16","slug":"nissei-compact-leistungsstarke-soft-serve-maschine-in-kleiner-grose","status":"publish","type":"product","link":"https:\/\/dersuessestopp.com\/de\/product\/nissei-compact-powerful-soft-serve-machine-small-in-size\/","title":{"rendered":"NISSEI Compact - Leistungsstarke Soft-Serve-Maschine im Kleinformat"},"content":{"rendered":"<div data-breakout=\"normal\">\n<p id=\"viewer-79fma35390\" class=\"LThh9 tL1tz t3L08 qufKF\" dir=\"auto\"><span class=\"AAYkC\">Die NISSEI Compact ist die ideale Tisch-Softeismaschine f\u00fcr begrenzte R\u00e4umlichkeiten. Trotz ihrer geringen Gr\u00f6\u00dfe bietet sie zuverl\u00e4ssige Leistung, einfache Bedienung und erstklassige Softeisqualit\u00e4t - perfekt f\u00fcr Caf\u00e9s, Imbisswagen und kleine Unternehmen.<\/span><\/p>\n<\/div>\n<div data-breakout=\"normal\">\n<h3 id=\"viewer-5wnel4422\" class=\"RsvCW _3Z2KS t3L08 qufKF\" dir=\"auto\"><span class=\"qnKJ9\"><strong>NISSEI - Das Vertrauen von Fachleuten, die Perfektion suchen<\/strong><\/span><\/h3>\n<\/div>\n<div data-breakout=\"normal\">\n<p id=\"viewer-big1i4951\" class=\"LThh9 tL1tz t3L08 qufKF\" dir=\"auto\"><span class=\"AAYkC\">Mit \u00fcber 35 Jahren kontinuierlicher Innovation steht NISSEI NL an der Spitze der Soft-Serve- und Frozen-Yogurt-Technologie. Unsere Maschinen werden in Handarbeit mit Pr\u00e4zision hergestellt und sind f\u00fcr eine lange Lebensdauer ausgelegt, damit Ihr Unternehmen reibungslos und effizient arbeiten kann.<\/span><\/p>\n<\/div>\n<div data-breakout=\"normal\">\n<p id=\"viewer-pmx2c352\" class=\"LThh9 tL1tz t3L08 qufKF\" dir=\"auto\"><span class=\"AAYkC\"><strong>Mit einer beeindruckenden Erfolgsbilanz in den letzten 30 Jahren in Europa.<\/strong><\/span><\/p>\n<\/div>\n<div data-breakout=\"normal\">\n<ul class=\"Ior1H t3L08\">\n<li class=\"w4rN-\" dir=\"auto\">\n<p id=\"viewer-hd7ob265\" class=\"LThh9 tL1tz t3L08 qufKF\" dir=\"\"><span class=\"AAYkC\"><strong>7.000+ Maschinen<\/strong>\u00a0mit Pr\u00e4zision hergestellt und in ganz Europa verkauft<\/span><\/p>\n<\/li>\n<li class=\"w4rN-\" dir=\"auto\">\n<p id=\"viewer-0ddhr269\" class=\"LThh9 tL1tz t3L08 qufKF\" dir=\"\"><span class=\"AAYkC\"><strong>4.500+ Einheiten<\/strong>\u00a0auch heute noch in Betrieb<\/span><\/p>\n<\/li>\n<li class=\"w4rN-\" dir=\"auto\">\n<p id=\"viewer-8mxss273\" class=\"LThh9 tL1tz t3L08 qufKF\" dir=\"\"><span class=\"AAYkC\"><strong>Vertrauen bei f\u00fchrenden Unternehmen<\/strong><\/span><\/p>\n<\/li>\n<\/ul>\n<\/div>\n<div data-breakout=\"normal\">\n<div id=\"viewer-1ntaa441\" class=\"C-UfD\">\n<div class=\"rDaES\">\n<div class=\"e35S- au0qn\" data-hook=\"collapsible-list-component\">\n<div>\n<div class=\"V7Yu5 tJLLb\" data-hook=\"collapsible-list-item expanded\">\n<div class=\"Qd-Py\">\n<div class=\"UfDyV _1n3i3 FXHR4 FMcOw\" data-hook=\"collapsible-list-item-title\">\n<div>\n<p id=\"viewer-loafd451\" class=\"LThh9 tL1tz qufKF\" dir=\"auto\"><span class=\"AAYkC\"><strong>Beschreibung<\/strong><\/span><\/p>\n<\/div>\n<\/div>\n<div>\n<div class=\"UfDyV _1n3i3 FXHR4 FMcOw\" data-hook=\"collapsible-list-item-title\">\n<div>\n<p id=\"viewer-hhzik36028\" class=\"LThh9 tL1tz qufKF\" dir=\"auto\"><span class=\"AAYkC\">Sie haben wenig Platz, m\u00f6chten aber trotzdem Softeis verkaufen?<\/span><\/p>\n<p id=\"viewer-l79cj36031\" class=\"LThh9 tL1tz qufKF\" dir=\"auto\"><span class=\"AAYkC\">Dann ist der Compact die L\u00f6sung, nach der Sie gesucht haben. Diese Softeis-Maschine ist die kleinste ihrer Art. Mit einer Kapazit\u00e4t von 30 Litern pro Stunde k\u00f6nnen Sie mit dieser Maschine k\u00f6stlich intensive Softeis zubereiten.<\/span><\/p>\n<p id=\"viewer-qparq36034\" class=\"LThh9 tL1tz qufKF\" dir=\"auto\"><span class=\"AAYkC\">Die Maschine hat keine Pumpe und ist daher sehr leicht zu reinigen. Au\u00dferdem ist die Maschine in einer Selbstbedienungsversion erh\u00e4ltlich. Dank des automatischen R\u00fcckstellhebels und des deaktivierten Bedienfelds kann man sich sein eigenes Eis servieren. Ein Plus an Effizienz f\u00fcr Ihr Unternehmen und ein noch angenehmeres Erlebnis f\u00fcr Ihre G\u00e4ste.<\/span><\/p>\n<\/div>\n<\/div>\n<\/div>\n<\/div>\n<\/div>\n<\/div>\n<div>\n<div class=\"V7Yu5 tJLLb\" data-hook=\"collapsible-list-item expanded\">\n<div class=\"Qd-Py\">\n<div class=\"UfDyV _1n3i3 FXHR4 FMcOw\" data-hook=\"collapsible-list-item-title\">\n<div>\n<p id=\"viewer-d5jye538\" class=\"LThh9 tL1tz qufKF\" dir=\"auto\"><span class=\"AAYkC\"><strong>Merkmale<\/strong><\/span><\/p>\n<\/div>\n<\/div>\n<div>\n<div class=\"UfDyV _1n3i3 FXHR4 FMcOw\" data-hook=\"collapsible-list-item-title\">\n<div>\n<ul class=\"Ior1H\">\n<li class=\"w4rN-\" dir=\"auto\">\n<p id=\"viewer-5irtk36143\" class=\"LThh9 tL1tz qufKF\" dir=\"\"><span class=\"AAYkC\">Schwerkraft-System<\/span><\/p>\n<\/li>\n<li class=\"w4rN-\" dir=\"auto\">\n<p id=\"viewer-5wegm36183\" class=\"LThh9 tL1tz qufKF\" dir=\"\"><span class=\"AAYkC\">1 Geschmacksrichtung Softeis<\/span><\/p>\n<\/li>\n<li class=\"w4rN-\" dir=\"auto\">\n<p id=\"viewer-6e1d236225\" class=\"LThh9 tL1tz qufKF\" dir=\"\"><span class=\"AAYkC\">Optionale Selbstbedienungsversion<\/span><\/p>\n<\/li>\n<li class=\"w4rN-\" dir=\"auto\">\n<p id=\"viewer-wxim536269\" class=\"LThh9 tL1tz qufKF\" dir=\"\"><span class=\"AAYkC\">Schwerkraft-System<\/span><\/p>\n<\/li>\n<li class=\"w4rN-\" dir=\"auto\">\n<p id=\"viewer-568h136315\" class=\"LThh9 tL1tz qufKF\" dir=\"\"><span class=\"AAYkC\">Pasteurisieren<\/span><\/p>\n<\/li>\n<li class=\"w4rN-\" dir=\"auto\">\n<p id=\"viewer-xpy1x36387\" class=\"LThh9 tL1tz qufKF\" dir=\"\"><span class=\"AAYkC\">Einzigartige 5-Jahres-Garantie<\/span><\/p>\n<\/li>\n<\/ul>\n<\/div>\n<\/div>\n<\/div>\n<\/div>\n<\/div>\n<\/div>\n<div>\n<div class=\"V7Yu5 tJLLb\" data-hook=\"collapsible-list-item collapsed\">\n<div class=\"Qd-Py\">\n<div class=\"UfDyV _1n3i3 FXHR4 FMcOw\" data-hook=\"collapsible-list-item-title\">\n<div>\n<p id=\"viewer-0jhmt866\" class=\"LThh9 tL1tz qufKF\" dir=\"auto\"><span class=\"AAYkC\"><strong>Spezifikationen<\/strong><\/span><\/p>\n<table>\n<thead>\n<tr>\n<th>Spezifikation<\/th>\n<th>Einzelheiten<\/th>\n<\/tr>\n<\/thead>\n<tbody>\n<tr>\n<td><strong>Kapazit\u00e4t<\/strong><\/td>\n<td>30 Liter pro Stunde<\/td>\n<\/tr>\n<tr>\n<td><strong>Band<\/strong><\/td>\n<td>2-Liter-Gefrierzylinder, 5 kg obere Schale<\/td>\n<\/tr>\n<tr>\n<td><strong>Pumpe<\/strong><\/td>\n<td>k. A. (Schwerkraftanlage)<\/td>\n<\/tr>\n<tr>\n<td><strong>Gewicht<\/strong><\/td>\n<td>84 kg<\/td>\n<\/tr>\n<tr>\n<td><strong>Abmessungen<\/strong><\/td>\n<td>H 87 \u00d7 B 29 \u00d7 T 74 cm<\/td>\n<\/tr>\n<tr>\n<td><strong>Verbindung<\/strong><\/td>\n<td>400 Volt + 0 + A, 2,5 kWh<\/td>\n<\/tr>\n<\/tbody>\n<\/table>\n<div class=\"UfDyV _1n3i3 FXHR4 FMcOw\" data-hook=\"collapsible-list-item-title\">\n<div>\n<p id=\"viewer-gskt22039\" class=\"LThh9 tL1tz qufKF\" dir=\"auto\"><span class=\"AAYkC\"><strong>Zus\u00e4tzliche Optionen<\/strong><\/span><\/p>\n<\/div>\n<\/div>\n<div>\n<div class=\"UfDyV _1n3i3 FXHR4 FMcOw\" data-hook=\"collapsible-list-item-title\">\n<div>\n<p id=\"viewer-pv6hm38219\" class=\"LThh9 tL1tz qufKF\" dir=\"auto\"><span class=\"AAYkC\">Selbstbedienungskolben<\/span><\/p>\n<\/div>\n<\/div>\n<\/div>\n<\/div>\n<\/div>\n<\/div>\n<\/div>\n<\/div>\n<\/div>\n<\/div>\n<\/div>\n<\/div>","protected":false},"excerpt":{"rendered":"<p>The NISSEI Compact is the ideal tabletop soft serve machine for limited spaces. Despite its small size, it delivers reliable performance, easy operation, and premium soft serve quality \u2014 perfect for caf\u00e9s, food trucks, and small businesses. NISSEI \u2013 Trusted by Professionals Seeking Perfection With over 35 years of continuous innovation, NISSEI NL stands at [&hellip;]<\/p>\n","protected":false},"featured_media":6971,"comment_status":"open","ping_status":"closed","template":"","meta":[],"product_brand":[],"product_cat":[61],"product_tag":[],"class_list":{"0":"post-6968","1":"product","2":"type-product","3":"status-publish","4":"has-post-thumbnail","6":"product_cat-soft-serve-ice-cream","8":"first","9":"instock","10":"shipping-taxable","11":"product-type-simple"},"_links":{"self":[{"href":"https:\/\/dersuessestopp.com\/de\/wp-json\/wp\/v2\/product\/6968","targetHints":{"allow":["GET"]}}],"collection":[{"href":"https:\/\/dersuessestopp.com\/de\/wp-json\/wp\/v2\/product"}],"about":[{"href":"https:\/\/dersuessestopp.com\/de\/wp-json\/wp\/v2\/types\/product"}],"replies":[{"embeddable":true,"href":"https:\/\/dersuessestopp.com\/de\/wp-json\/wp\/v2\/comments?post=6968"}],"version-history":[{"count":2,"href":"https:\/\/dersuessestopp.com\/de\/wp-json\/wp\/v2\/product\/6968\/revisions"}],"predecessor-version":[{"id":6970,"href":"https:\/\/dersuessestopp.com\/de\/wp-json\/wp\/v2\/product\/6968\/revisions\/6970"}],"wp:featuredmedia":[{"embeddable":true,"href":"https:\/\/dersuessestopp.com\/de\/wp-json\/wp\/v2\/media\/6971"}],"wp:attachment":[{"href":"https:\/\/dersuessestopp.com\/de\/wp-json\/wp\/v2\/media?parent=6968"}],"wp:term":[{"taxonomy":"product_brand","embeddable":true,"href":"https:\/\/dersuessestopp.com\/de\/wp-json\/wp\/v2\/product_brand?post=6968"},{"taxonomy":"product_cat","embeddable":true,"href":"https:\/\/dersuessestopp.com\/de\/wp-json\/wp\/v2\/product_cat?post=6968"},{"taxonomy":"product_tag","embeddable":true,"href":"https:\/\/dersuessestopp.com\/de\/wp-json\/wp\/v2\/product_tag?post=6968"}],"curies":[{"name":"wp","href":"https:\/\/api.w.org\/{rel}","templated":true}]}}