{"id":6926,"date":"2025-08-29T06:53:29","date_gmt":"2025-08-29T06:53:29","guid":{"rendered":"https:\/\/dersuessestopp.com\/?post_type=product&#038;p=6926"},"modified":"2025-09-24T20:00:15","modified_gmt":"2025-09-24T20:00:15","slug":"nissei-gigant-combi-das-ultimative-kraftpaket","status":"publish","type":"product","link":"https:\/\/dersuessestopp.com\/de\/product\/nissei-giant-combi-the-ultimate-powerhouse\/","title":{"rendered":"Nissei Giant Combi: Das ultimative Kraftpaket"},"content":{"rendered":"<div data-breakout=\"normal\">\n<p id=\"viewer-14dx827976\" class=\"LThh9 tL1tz t3L08 qufKF\" dir=\"auto\"><span class=\"AAYkC\">Der Nissei Giant Combi wurde f\u00fcr Umgebungen mit hohen Anforderungen entwickelt und bietet unvergleichliche<\/span><\/p>\n<\/div>\n<div data-breakout=\"normal\">\n<p id=\"viewer-57ddc480\" class=\"LThh9 tL1tz t3L08 qufKF\" dir=\"auto\"><span class=\"AAYkC\">Leistung mit einer Kapazit\u00e4t von 75 Litern pro Stunde. Sein 3,4-Liter-Gefrierzylinder sorgt f\u00fcr schnelle<\/span><\/p>\n<\/div>\n<div data-breakout=\"normal\">\n<p id=\"viewer-xptjf482\" class=\"LThh9 tL1tz t3L08 qufKF\" dir=\"auto\"><span class=\"AAYkC\">Das macht sie perfekt f\u00fcr belebte Eisdielen, Vergn\u00fcgungsparks und Gastronomiebetriebe.<\/span><\/p>\n<\/div>\n<div data-breakout=\"normal\">\n<p id=\"viewer-al6cz484\" class=\"LThh9 tL1tz t3L08 qufKF\" dir=\"auto\"><span class=\"AAYkC\">Die Selbstpasteurisierungsfunktion reduziert die Wartung auf einmal alle 6 Wochen, und das intuitive<\/span><\/p>\n<\/div>\n<div data-breakout=\"normal\">\n<p id=\"viewer-rk0ro486\" class=\"LThh9 tL1tz t3L08 qufKF\" dir=\"auto\"><span class=\"AAYkC\">Touchscreen-Steuerungen verbessern die Benutzerfreundlichkeit. Mit der F\u00e4higkeit, eine Soft-Serve-Geschmacksrichtung zu servieren<\/span><\/p>\n<\/div>\n<div data-breakout=\"normal\">\n<p id=\"viewer-jsrrj488\" class=\"LThh9 tL1tz t3L08 qufKF\" dir=\"auto\"><span class=\"AAYkC\">und vier Milkshake-Varianten bietet er Vielseitigkeit, um die unterschiedlichsten Kundenw\u00fcnsche zu erf\u00fcllen.<\/span><\/p>\n<\/div>\n<div data-breakout=\"normal\">\n<h3 id=\"viewer-5wnel4422\" class=\"RsvCW _3Z2KS t3L08 qufKF\" dir=\"auto\"><span class=\"qnKJ9\"><strong>NISSEI - Das Vertrauen von Fachleuten, die Perfektion suchen<\/strong><\/span><\/h3>\n<\/div>\n<div data-hook=\"rcv-block11\">Mit \u00fcber 35 Jahren kontinuierlicher Innovation steht NISSEI NL an der Spitze der Soft-Serve- und Frozen-Yogurt-Technologie. Unsere Maschinen werden in Handarbeit mit Pr\u00e4zision hergestellt und sind f\u00fcr eine lange Lebensdauer ausgelegt, damit Ihr Unternehmen reibungslos und effizient arbeiten kann.<\/div>\n<div data-breakout=\"normal\">\n<p id=\"viewer-pmx2c352\" class=\"LThh9 tL1tz t3L08 qufKF\" dir=\"auto\"><span class=\"AAYkC\"><strong>Mit einer beeindruckenden Erfolgsbilanz in den letzten 30 Jahren in Europa.<\/strong><\/span><\/p>\n<\/div>\n<div data-breakout=\"normal\">\n<ul class=\"Ior1H t3L08\">\n<li class=\"w4rN-\" dir=\"auto\">\n<p id=\"viewer-467rb2300\" class=\"LThh9 tL1tz t3L08 qufKF\" dir=\"\"><span class=\"AAYkC\"><strong>7.000+ Maschinen<\/strong>\u00a0mit Pr\u00e4zision hergestellt und in ganz Europa verkauft<\/span><\/p>\n<\/li>\n<li class=\"w4rN-\" dir=\"auto\">\n<p id=\"viewer-0ddhr269\" class=\"LThh9 tL1tz t3L08 qufKF\" dir=\"\"><span class=\"AAYkC\"><strong>4.500+ Einheiten<\/strong>\u00a0auch heute noch in Betrieb<\/span><\/p>\n<\/li>\n<li class=\"w4rN-\" dir=\"auto\">\n<p id=\"viewer-8mxss273\" class=\"LThh9 tL1tz t3L08 qufKF\" dir=\"\"><span class=\"AAYkC\"><strong>Vertrauen bei f\u00fchrenden Unternehmen<\/strong> <\/span><\/p>\n<\/li>\n<\/ul>\n<div class=\"UfDyV _1n3i3 FXHR4 FMcOw\" data-hook=\"collapsible-list-item-title\">\n<div>\n<p id=\"viewer-4lydl3983\" class=\"LThh9 tL1tz qufKF\" dir=\"auto\"><span class=\"AAYkC\"><strong>Beschreibung<\/strong><\/span><\/p>\n<\/div>\n<\/div>\n<div>\n<div class=\"UfDyV _1n3i3 FXHR4 FMcOw\" data-hook=\"collapsible-list-item-title\">\n<div>\n<p id=\"viewer-3bift2583\" class=\"LThh9 tL1tz qufKF\" dir=\"auto\"><span class=\"AAYkC\">Der Giant Combi ist eine der beliebtesten NISSEI-Maschinen in den Niederlanden. Und das ist nat\u00fcrlich kein Zufall. Diese Kombi-Maschine bietet eine hohe Kapazit\u00e4t, obwohl sie in ihrer Gr\u00f6\u00dfe begrenzt ist. Die Giant Combi ist energieeffizient und eignet sich f\u00fcr die meisten Betriebe, die sowohl Soft Serve als auch Milchshakes verkaufen wollen. Dank der RAPP-Technologie ist diese Maschine in der Lage, konstant hochwertige Softeis- und Milchshakes anzubieten. Dar\u00fcber hinaus verf\u00fcgt sie \u00fcber einen innovativen Touchscreen.<\/span><\/p>\n<div class=\"UfDyV _1n3i3 FXHR4 FMcOw\" data-hook=\"collapsible-list-item-title\">\n<div>\n<p id=\"viewer-vfpnb4213\" class=\"LThh9 tL1tz qufKF\" dir=\"auto\"><span class=\"AAYkC\"><strong>Merkmale<\/strong><\/span><\/p>\n<\/div>\n<\/div>\n<div>\n<div class=\"UfDyV _1n3i3 FXHR4 FMcOw\" data-hook=\"collapsible-list-item-title\">\n<div>\n<ul class=\"Ior1H\">\n<li class=\"w4rN-\" dir=\"auto\">\n<p id=\"viewer-yyxca2835\" class=\"LThh9 tL1tz qufKF\" dir=\"\"><span class=\"AAYkC\">Ausgestattet mit RAPP-Technologie<\/span><\/p>\n<\/li>\n<li class=\"w4rN-\" dir=\"auto\">\n<p id=\"viewer-yox9w2882\" class=\"LThh9 tL1tz qufKF\" dir=\"\"><span class=\"AAYkC\">Intuitiver Touchscreen<\/span><\/p>\n<\/li>\n<li class=\"w4rN-\" dir=\"auto\">\n<p id=\"viewer-ctwnv3330\" class=\"LThh9 tL1tz qufKF\" dir=\"\"><span class=\"AAYkC\">1 Geschmacksrichtung Softeis, 4 Geschmacksrichtungen Milchshake<\/span><\/p>\n<\/li>\n<li class=\"w4rN-\" dir=\"auto\">\n<p id=\"viewer-07xep3380\" class=\"LThh9 tL1tz qufKF\" dir=\"\"><span class=\"AAYkC\">3-Kammer-Gefrierfach<\/span><\/p>\n<\/li>\n<li class=\"w4rN-\" dir=\"auto\">\n<p id=\"viewer-1mg1p3560\" class=\"LThh9 tL1tz qufKF\" dir=\"\"><span class=\"AAYkC\">Auto Portion Milkshake (APM)<\/span><\/p>\n<\/li>\n<li class=\"w4rN-\" dir=\"auto\">\n<p id=\"viewer-2z4kn3747\" class=\"LThh9 tL1tz qufKF\" dir=\"\"><span class=\"AAYkC\">Nur einmal alle 6 Wochen zerlegen und reinigen<\/span><\/p>\n<\/li>\n<li class=\"w4rN-\" dir=\"auto\">\n<p id=\"viewer-saqnf3803\" class=\"LThh9 tL1tz qufKF\" dir=\"\"><span class=\"AAYkC\">Pasteurisieren<\/span><\/p>\n<\/li>\n<li class=\"w4rN-\" dir=\"auto\">\n<p id=\"viewer-kahy03861\" class=\"LThh9 tL1tz qufKF\" dir=\"\"><span class=\"AAYkC\">Fu\u00dfschalter<\/span><\/p>\n<\/li>\n<li class=\"w4rN-\" dir=\"auto\">\n<p id=\"viewer-cn1g84069\" class=\"LThh9 tL1tz qufKF\" dir=\"\"><span class=\"AAYkC\">Einzigartige 5-Jahres-Garantie<\/span><\/p>\n<\/li>\n<\/ul>\n<div class=\"UfDyV _1n3i3 FXHR4 FMcOw\" data-hook=\"collapsible-list-item-title\">\n<div>\n<p id=\"viewer-27blo5891\" class=\"LThh9 tL1tz qufKF\" dir=\"auto\"><span class=\"AAYkC\"><strong>Spezifikationen<\/strong><\/span><\/p>\n<\/div>\n<\/div>\n<div>\n<div class=\"UfDyV _1n3i3 FXHR4 FMcOw\" data-hook=\"collapsible-list-item-title\">\n<div>\n<table>\n<thead>\n<tr>\n<th>Spezifikation<\/th>\n<th>Einzelheiten<\/th>\n<\/tr>\n<\/thead>\n<tbody>\n<tr>\n<td><strong>Kapazit\u00e4t<\/strong><\/td>\n<td>75 Liter pro Stunde<\/td>\n<\/tr>\n<tr>\n<td><strong>Band<\/strong><\/td>\n<td>3,4-Liter-Gefrierzylinder<\/td>\n<\/tr>\n<tr>\n<td><strong>Pumpe<\/strong><\/td>\n<td>Innovative RAPP-Technologie<\/td>\n<\/tr>\n<tr>\n<td><strong>Wassergek\u00fchlt<\/strong><\/td>\n<td>Ca. 50m\u00b3 K\u00fchlwasserverbrauch pro Jahr<\/td>\n<\/tr>\n<tr>\n<td><strong>Gewicht<\/strong><\/td>\n<td>170 kg<\/td>\n<\/tr>\n<tr>\n<td><strong>Abmessungen<\/strong><\/td>\n<td>H 150 \u00d7 B 46 \u00d7 T 84 cm<\/td>\n<\/tr>\n<tr>\n<td><strong>Verbindung<\/strong><\/td>\n<td>400 Volt + 0 + A, 3,5 kWh<\/td>\n<\/tr>\n<\/tbody>\n<\/table>\n<div class=\"UfDyV _1n3i3 FXHR4 FMcOw\" data-hook=\"collapsible-list-item-title\">\n<div>\n<p id=\"viewer-h1due9344\" class=\"LThh9 tL1tz qufKF\" dir=\"auto\"><span class=\"AAYkC\"><strong>Zus\u00e4tzliche Optionen<\/strong><\/span><\/p>\n<\/div>\n<\/div>\n<div>\n<div class=\"UfDyV _1n3i3 FXHR4 FMcOw\" data-hook=\"collapsible-list-item-title\">\n<div>\n<ul class=\"Ior1H\">\n<li class=\"w4rN-\" dir=\"auto\">\n<p id=\"viewer-0vl8f6682\" class=\"LThh9 tL1tz qufKF\" dir=\"\"><span class=\"AAYkC\">Trockenabf\u00fcllsystem f\u00fcr Pulvermischungen<\/span><\/p>\n<\/li>\n<li class=\"w4rN-\" dir=\"auto\">\n<p id=\"viewer-4clpv7102\" class=\"LThh9 tL1tz qufKF\" dir=\"\"><span class=\"AAYkC\">Thickshake-Funktion<\/span><\/p>\n<\/li>\n<li class=\"w4rN-\" dir=\"auto\">\n<p id=\"viewer-db90k7200\" class=\"LThh9 tL1tz qufKF\" dir=\"\"><span class=\"AAYkC\">Eisstrudel<\/span><\/p>\n<\/li>\n<li class=\"w4rN-\" dir=\"auto\">\n<p id=\"viewer-xcv0p7300\" class=\"LThh9 tL1tz qufKF\" dir=\"\"><span class=\"AAYkC\">Wasserfilter<\/span><\/p>\n<\/li>\n<\/ul>\n<\/div>\n<\/div>\n<\/div>\n<\/div>\n<\/div>\n<\/div>\n<\/div>\n<\/div>\n<\/div>\n<\/div>\n<\/div>\n<\/div>\n<\/div>","protected":false},"excerpt":{"rendered":"<p>Designed for high-demand environments, the Nissei Giant Combi delivers unparalleled performance with a capacity of 75 liters per hour. Its 3.4-liter freezer cylinder ensures rapid freezing, making it perfect for bustling ice cream shops, amusement parks, and food courts. The self-pasteurizing feature reduces maintenance to once every 6 weeks, and the intuitive touchscreen controls enhance [&hellip;]<\/p>\n","protected":false},"featured_media":6927,"comment_status":"open","ping_status":"closed","template":"","meta":[],"product_brand":[],"product_cat":[62],"product_tag":[],"class_list":{"0":"post-6926","1":"product","2":"type-product","3":"status-publish","4":"has-post-thumbnail","6":"product_cat-combi-ice-cream-milkshake","8":"first","9":"instock","10":"shipping-taxable","11":"product-type-simple"},"_links":{"self":[{"href":"https:\/\/dersuessestopp.com\/de\/wp-json\/wp\/v2\/product\/6926","targetHints":{"allow":["GET"]}}],"collection":[{"href":"https:\/\/dersuessestopp.com\/de\/wp-json\/wp\/v2\/product"}],"about":[{"href":"https:\/\/dersuessestopp.com\/de\/wp-json\/wp\/v2\/types\/product"}],"replies":[{"embeddable":true,"href":"https:\/\/dersuessestopp.com\/de\/wp-json\/wp\/v2\/comments?post=6926"}],"version-history":[{"count":1,"href":"https:\/\/dersuessestopp.com\/de\/wp-json\/wp\/v2\/product\/6926\/revisions"}],"predecessor-version":[{"id":6929,"href":"https:\/\/dersuessestopp.com\/de\/wp-json\/wp\/v2\/product\/6926\/revisions\/6929"}],"wp:featuredmedia":[{"embeddable":true,"href":"https:\/\/dersuessestopp.com\/de\/wp-json\/wp\/v2\/media\/6927"}],"wp:attachment":[{"href":"https:\/\/dersuessestopp.com\/de\/wp-json\/wp\/v2\/media?parent=6926"}],"wp:term":[{"taxonomy":"product_brand","embeddable":true,"href":"https:\/\/dersuessestopp.com\/de\/wp-json\/wp\/v2\/product_brand?post=6926"},{"taxonomy":"product_cat","embeddable":true,"href":"https:\/\/dersuessestopp.com\/de\/wp-json\/wp\/v2\/product_cat?post=6926"},{"taxonomy":"product_tag","embeddable":true,"href":"https:\/\/dersuessestopp.com\/de\/wp-json\/wp\/v2\/product_tag?post=6926"}],"curies":[{"name":"wp","href":"https:\/\/api.w.org\/{rel}","templated":true}]}}