{"id":6901,"date":"2025-08-29T05:35:33","date_gmt":"2025-08-29T05:35:33","guid":{"rendered":"https:\/\/dersuessestopp.com\/?post_type=product&#038;p=6901"},"modified":"2025-08-29T05:35:33","modified_gmt":"2025-08-29T05:35:33","slug":"spaceman-6368ab-c-hochkapazitat-twin-twist-soft-serve-gefrierschrank","status":"publish","type":"product","link":"https:\/\/dersuessestopp.com\/de\/product\/spaceman-6368ab-c-high-capacity-twin-twist-soft-serve-freezer\/","title":{"rendered":"Spaceman 6368AB-C - Doppeltwist-Soft-Serve-Gefrierschrank mit hoher Kapazit\u00e4t"},"content":{"rendered":"<p data-start=\"204\" data-end=\"601\">Der Spaceman 6368AB-C ist ein leistungsstarker Twin-Twist-Soft-Serve-Gefrierschrank f\u00fcr Unternehmen, die zuverl\u00e4ssige Leistung und hohen Output ben\u00f6tigen. Mit der Kapazit\u00e4t f\u00fcr die Produktion von bis zu <strong data-start=\"377\" data-end=\"408\">620 Portionen (80 g) pro Stunde<\/strong>, Dieses Modell ist ideal f\u00fcr vielbesch\u00e4ftigte Eisdielen, Frozen Yogurt-Gesch\u00e4fte, Vergn\u00fcgungslokale und Restaurants mit hohem Umsatz, die zwei Geschmacksrichtungen plus eine Twist-Option in gleichbleibender Qualit\u00e4t anbieten m\u00f6chten.<\/p>\n<p data-start=\"603\" data-end=\"926\">Ausgestattet mit <strong data-start=\"617\" data-end=\"648\">zwei 8-Liter-K\u00fchltrichter<\/strong> und <strong data-start=\"653\" data-end=\"684\">zwei 1,7-Liter-Gefrierzylindern<\/strong>, Der 6368AB-C sorgt f\u00fcr ein weiches, cremiges Softeis und h\u00e4lt es den ganzen Tag \u00fcber frisch. Sein robustes Design und die fortschrittliche Gefriertechnologie sorgen f\u00fcr eine schnelle Erholung, wodurch er sich perfekt f\u00fcr den Dauerbetrieb in Sto\u00dfzeiten eignet.<\/p>\n<hr data-start=\"935\" data-end=\"938\" \/>\n<h3 data-start=\"928\" data-end=\"946\">Wesentliche Merkmale<\/h3>\n<ul data-start=\"947\" data-end=\"1813\">\n<li data-start=\"947\" data-end=\"1032\">\n<p data-start=\"949\" data-end=\"1032\"><strong data-start=\"949\" data-end=\"974\">Twin Twist Dispenser<\/strong> - Zwei Geschmacksrichtungen plus eine Twist-Option f\u00fcr ein vielseitiges Men\u00fc.<\/p>\n<\/li>\n<li data-start=\"1033\" data-end=\"1143\">\n<p data-start=\"1035\" data-end=\"1143\"><strong data-start=\"1035\" data-end=\"1059\">Hohe Produktionskapazit\u00e4t<\/strong> - Produziert bis zu <strong data-start=\"1077\" data-end=\"1108\">620 Portionen (80 g) pro Stunde<\/strong>, gebaut f\u00fcr anspruchsvolle Aufgaben.<\/p>\n<\/li>\n<li data-start=\"1144\" data-end=\"1251\">\n<p data-start=\"1146\" data-end=\"1251\"><strong data-start=\"1146\" data-end=\"1173\">Doppelte Gefrierzylinder<\/strong> - 2 \u00d7 1,7-Liter-Zylinder sorgen f\u00fcr eine gleichm\u00e4\u00dfige Produkttextur und eine schnelle R\u00fcckgewinnung.<\/p>\n<\/li>\n<li data-start=\"1252\" data-end=\"1335\">\n<p data-start=\"1254\" data-end=\"1335\"><strong data-start=\"1254\" data-end=\"1278\">Gek\u00fchlte Trichter<\/strong> - 2 \u00d7 8-Liter-Beh\u00e4lter halten die Mischung frisch und einsatzbereit.<\/p>\n<\/li>\n<li data-start=\"1336\" data-end=\"1427\">\n<p data-start=\"1338\" data-end=\"1427\"><strong data-start=\"1338\" data-end=\"1372\">Benutzerfreundliche digitale Bedienelemente<\/strong> - Einfach zu bedienende Schnittstelle mit Leistungs\u00fcberwachung.<\/p>\n<\/li>\n<li data-start=\"1428\" data-end=\"1520\">\n<p data-start=\"1430\" data-end=\"1520\"><strong data-start=\"1430\" data-end=\"1457\">Standby- und Abtaumodus<\/strong> - Verbessern Sie die Sicherheit, die Reinigung und den Komfort w\u00e4hrend der Ausfallzeiten.<\/p>\n<\/li>\n<li data-start=\"1521\" data-end=\"1627\">\n<p data-start=\"1523\" data-end=\"1627\"><strong data-start=\"1523\" data-end=\"1550\">Eingebaute Sicherheitssysteme<\/strong> - Enth\u00e4lt Alarm bei niedrigem Mischungsverh\u00e4ltnis, \u00dcberlastungsschutz und Temperaturschutz.<\/p>\n<\/li>\n<li data-start=\"1628\" data-end=\"1723\">\n<p data-start=\"1630\" data-end=\"1723\"><strong data-start=\"1630\" data-end=\"1664\">Langlebiges Design aus Edelstahl<\/strong> - Robuste Bauweise mit Mobilit\u00e4t f\u00fcr flexible Platzierung.<\/p>\n<\/li>\n<li data-start=\"1724\" data-end=\"1813\">\n<p data-start=\"1726\" data-end=\"1813\"><strong data-start=\"1726\" data-end=\"1747\">Verf\u00fcgbare Optionen<\/strong> - Wassergek\u00fchltes System und Luftschacht f\u00fcr anpassungsf\u00e4hige Installation.<\/p>\n<\/li>\n<\/ul>\n<hr data-start=\"935\" data-end=\"938\" \/>\n<h3 data-start=\"1815\" data-end=\"1835\">Spezifikationen<\/h3>\n<table>\n<thead>\n<tr>\n<th>Merkmal<\/th>\n<th>Einzelheiten<\/th>\n<\/tr>\n<\/thead>\n<tbody>\n<tr>\n<td><strong>Geschm\u00e4cker<\/strong><\/td>\n<td>2 + Drehung<\/td>\n<\/tr>\n<tr>\n<td><strong>Fassungsverm\u00f6gen (80g)<\/strong><\/td>\n<td>620 Aufschl\u00e4ge\/Stunde<\/td>\n<\/tr>\n<tr>\n<td><strong>Zylinder<\/strong><\/td>\n<td>2 \u00d7 1.7L<\/td>\n<\/tr>\n<tr>\n<td><strong>Trichter<\/strong><\/td>\n<td>2 \u00d7 8L<\/td>\n<\/tr>\n<tr>\n<td><strong>Leistung (50Hz \/ 60Hz)<\/strong><\/td>\n<td>4.6kW \/ 4.8kW<\/td>\n<\/tr>\n<tr>\n<td><strong>Netto-\/Schiffsgewicht (kg)<\/strong><\/td>\n<td>250 \/ 270<\/td>\n<\/tr>\n<tr>\n<td><strong>Nettoabmessungen (mm)<\/strong><\/td>\n<td>532 \u00d7 652 \u00d7 1494<\/td>\n<\/tr>\n<tr>\n<td><strong>Schiffsabmessungen (mm)<\/strong><\/td>\n<td>650 \u00d7 820 \u00d7 1640<\/td>\n<\/tr>\n<tr>\n<td><strong>Stromversorgung<\/strong><\/td>\n<td>380V\/3Ph\/50Hz, 220V\/3Ph\/60Hz<\/td>\n<\/tr>\n<tr>\n<td><strong>Verf\u00fcgbare Optionen<\/strong><\/td>\n<td>Wassergek\u00fchlt, Luftschacht<\/td>\n<\/tr>\n<\/tbody>\n<\/table>","protected":false},"excerpt":{"rendered":"<p>The Spaceman 6368AB-C is a powerful twin-twist soft serve freezer designed for businesses that need reliable performance and high output. With the capacity to produce up to 620 servings (80g) per hour, this model is ideal for busy ice cream shops, frozen yogurt stores, amusement venues, and high-volume restaurants that want to serve two flavors [&hellip;]<\/p>\n","protected":false},"featured_media":6902,"comment_status":"open","ping_status":"closed","template":"","meta":[],"product_brand":[],"product_cat":[33],"product_tag":[],"class_list":{"0":"post-6901","1":"product","2":"type-product","3":"status-publish","4":"has-post-thumbnail","6":"product_cat-elite-series","8":"first","9":"instock","10":"shipping-taxable","11":"product-type-simple"},"_links":{"self":[{"href":"https:\/\/dersuessestopp.com\/de\/wp-json\/wp\/v2\/product\/6901","targetHints":{"allow":["GET"]}}],"collection":[{"href":"https:\/\/dersuessestopp.com\/de\/wp-json\/wp\/v2\/product"}],"about":[{"href":"https:\/\/dersuessestopp.com\/de\/wp-json\/wp\/v2\/types\/product"}],"replies":[{"embeddable":true,"href":"https:\/\/dersuessestopp.com\/de\/wp-json\/wp\/v2\/comments?post=6901"}],"version-history":[{"count":1,"href":"https:\/\/dersuessestopp.com\/de\/wp-json\/wp\/v2\/product\/6901\/revisions"}],"predecessor-version":[{"id":6903,"href":"https:\/\/dersuessestopp.com\/de\/wp-json\/wp\/v2\/product\/6901\/revisions\/6903"}],"wp:featuredmedia":[{"embeddable":true,"href":"https:\/\/dersuessestopp.com\/de\/wp-json\/wp\/v2\/media\/6902"}],"wp:attachment":[{"href":"https:\/\/dersuessestopp.com\/de\/wp-json\/wp\/v2\/media?parent=6901"}],"wp:term":[{"taxonomy":"product_brand","embeddable":true,"href":"https:\/\/dersuessestopp.com\/de\/wp-json\/wp\/v2\/product_brand?post=6901"},{"taxonomy":"product_cat","embeddable":true,"href":"https:\/\/dersuessestopp.com\/de\/wp-json\/wp\/v2\/product_cat?post=6901"},{"taxonomy":"product_tag","embeddable":true,"href":"https:\/\/dersuessestopp.com\/de\/wp-json\/wp\/v2\/product_tag?post=6901"}],"curies":[{"name":"wp","href":"https:\/\/api.w.org\/{rel}","templated":true}]}}