{"id":6898,"date":"2025-08-29T05:28:39","date_gmt":"2025-08-29T05:28:39","guid":{"rendered":"https:\/\/dersuessestopp.com\/?post_type=product&#038;p=6898"},"modified":"2025-08-29T05:28:40","modified_gmt":"2025-08-29T05:28:40","slug":"spaceman-6234ab-c-compact-twin-twist-soft-serve-freezer","status":"publish","type":"product","link":"https:\/\/dersuessestopp.com\/de\/product\/spaceman-6234ab-c-compact-twin-twist-soft-serve-freezer\/","title":{"rendered":"Spaceman 6234AB-C - Kompakter Twin-Twist-Soft-Serve-Gefrierschrank"},"content":{"rendered":"<p data-start=\"208\" data-end=\"596\">Der Spaceman 6234AB-C ist ein kompakter Twin-Twist-Soft-Serve-Gefrierschrank, der f\u00fcr Unternehmen entwickelt wurde, die zwei Geschmacksrichtungen und eine Twist-Option anbieten m\u00f6chten, ohne dabei zu viel Platz zu beanspruchen. Mit der F\u00e4higkeit zur Produktion von bis zu <strong data-start=\"416\" data-end=\"447\">280 Portionen (80 g) pro Stunde<\/strong>, Dieses Modell eignet sich hervorragend f\u00fcr Caf\u00e9s, kleine Restaurants, Frozen Yogurt Shops und Lebensmittelgesch\u00e4fte, die ihre Dessertkarte abwechslungsreich gestalten m\u00f6chten.<\/p>\n<p data-start=\"598\" data-end=\"888\">Ausgestattet mit <strong data-start=\"612\" data-end=\"643\">zwei 5-Liter-K\u00fchltrichter<\/strong> und <strong data-start=\"648\" data-end=\"679\">zwei 1,2-Liter-Gefrierzylindern<\/strong>, Der 6234AB-C gew\u00e4hrleistet eine gleichbleibende Produktqualit\u00e4t und eine gleichm\u00e4\u00dfige Textur. Dank seiner geringen Stellfl\u00e4che ist er ideal f\u00fcr den Einsatz auf der Arbeitsplatte, w\u00e4hrend die fortschrittliche Gefriertechnologie von Spaceman f\u00fcr Effizienz und Zuverl\u00e4ssigkeit sorgt.<\/p>\n<hr data-start=\"935\" data-end=\"938\" \/>\n<h3 data-start=\"890\" data-end=\"908\">Wesentliche Merkmale<\/h3>\n<ul data-start=\"909\" data-end=\"1782\">\n<li data-start=\"909\" data-end=\"1014\">\n<p data-start=\"911\" data-end=\"1014\"><strong data-start=\"911\" data-end=\"936\">Twin Twist Dispenser<\/strong> - Bietet zwei individuelle Geschmacksrichtungen sowie eine Twist-Option f\u00fcr zus\u00e4tzliche Men\u00fcvielfalt.<\/p>\n<\/li>\n<li data-start=\"1015\" data-end=\"1134\">\n<p data-start=\"1017\" data-end=\"1134\"><strong data-start=\"1017\" data-end=\"1040\">Kompakte Leistung<\/strong> - Produziert bis zu <strong data-start=\"1058\" data-end=\"1089\">280 Portionen (80 g) pro Stunde<\/strong>, ideal f\u00fcr kleinere bis mittlere Volumen.<\/p>\n<\/li>\n<li data-start=\"1135\" data-end=\"1234\">\n<p data-start=\"1137\" data-end=\"1234\"><strong data-start=\"1137\" data-end=\"1164\">Doppelte Gefrierzylinder<\/strong> - 2 \u00d7 1,2-Liter-Zylinder sorgen f\u00fcr gleichm\u00e4\u00dfiges Gefrieren und schnelle Erholung.<\/p>\n<\/li>\n<li data-start=\"1235\" data-end=\"1327\">\n<p data-start=\"1237\" data-end=\"1327\"><strong data-start=\"1237\" data-end=\"1261\">Gek\u00fchlte Trichter<\/strong> - 2 \u00d7 5-Liter-Beh\u00e4lter halten die Mischung den ganzen Tag \u00fcber k\u00fchl und frisch.<\/p>\n<\/li>\n<li data-start=\"1328\" data-end=\"1422\">\n<p data-start=\"1330\" data-end=\"1422\"><strong data-start=\"1330\" data-end=\"1356\">Benutzerfreundliche Steuerelemente<\/strong> - Einfache Schnittstelle mit Temperatur- und Konsistenz\u00fcberwachung.<\/p>\n<\/li>\n<li data-start=\"1423\" data-end=\"1513\">\n<p data-start=\"1425\" data-end=\"1513\"><strong data-start=\"1425\" data-end=\"1441\">Standby-Modus<\/strong> - Es tr\u00e4gt dazu bei, die Lebensmittelsicherheit und die Frische der Produkte w\u00e4hrend der Stillstandszeiten zu erhalten.<\/p>\n<\/li>\n<li data-start=\"1514\" data-end=\"1615\">\n<p data-start=\"1516\" data-end=\"1615\"><strong data-start=\"1516\" data-end=\"1535\">Sicherheitsmerkmale<\/strong> - Enth\u00e4lt F\u00fcllstandswarnungen, \u00dcberlastungsschutz und Temperatursicherungen.<\/p>\n<\/li>\n<li data-start=\"1616\" data-end=\"1718\">\n<p data-start=\"1618\" data-end=\"1718\"><strong data-start=\"1618\" data-end=\"1652\">Langlebiges Design aus Edelstahl<\/strong> - Die kompakte, platzsparende Bauweise sorgt f\u00fcr Zuverl\u00e4ssigkeit.<\/p>\n<\/li>\n<li data-start=\"1719\" data-end=\"1782\">\n<p data-start=\"1721\" data-end=\"1782\"><strong data-start=\"1721\" data-end=\"1741\">Verf\u00fcgbare Option<\/strong> - Luftschacht f\u00fcr flexible Installation.<\/p>\n<\/li>\n<\/ul>\n<hr data-start=\"935\" data-end=\"938\" \/>\n<h3 data-start=\"1784\" data-end=\"1804\">Spezifikationen<\/h3>\n<table>\n<thead>\n<tr>\n<th>Merkmal<\/th>\n<th>Einzelheiten<\/th>\n<\/tr>\n<\/thead>\n<tbody>\n<tr>\n<td><strong>Geschm\u00e4cker<\/strong><\/td>\n<td>2 + Drehung<\/td>\n<\/tr>\n<tr>\n<td><strong>Fassungsverm\u00f6gen (80g)<\/strong><\/td>\n<td>280 Aufschl\u00e4ge\/Stunde<\/td>\n<\/tr>\n<tr>\n<td><strong>Zylinder<\/strong><\/td>\n<td>2 \u00d7 1.2L<\/td>\n<\/tr>\n<tr>\n<td><strong>Trichter<\/strong><\/td>\n<td>2 \u00d7 5L<\/td>\n<\/tr>\n<tr>\n<td><strong>Leistung (50Hz \/ 60Hz)<\/strong><\/td>\n<td>2.3kW \/ 2.4kW<\/td>\n<\/tr>\n<tr>\n<td><strong>Netto-\/Schiffsgewicht (kg)<\/strong><\/td>\n<td>145 \/ 160<\/td>\n<\/tr>\n<tr>\n<td><strong>Nettoabmessungen (mm)<\/strong><\/td>\n<td>444 \u00d7 705 \u00d7 880<\/td>\n<\/tr>\n<tr>\n<td><strong>Schiffsabmessungen (mm)<\/strong><\/td>\n<td>530 \u00d7 830 \u00d7 1080<\/td>\n<\/tr>\n<tr>\n<td><strong>Stromversorgung<\/strong><\/td>\n<td>220V\/1Ph\/50Hz, 220V\/1Ph\/60Hz<\/td>\n<\/tr>\n<tr>\n<td><strong>Verf\u00fcgbare Optionen<\/strong><\/td>\n<td>Luftschacht<\/td>\n<\/tr>\n<\/tbody>\n<\/table>","protected":false},"excerpt":{"rendered":"<p>The Spaceman 6234AB-C is a compact twin-twist soft serve freezer designed for businesses that want to offer two flavors plus a twist option without taking up too much space. With the ability to produce up to 280 servings (80g) per hour, this model is a great fit for caf\u00e9s, small restaurants, frozen yogurt shops, and [&hellip;]<\/p>\n","protected":false},"featured_media":6899,"comment_status":"open","ping_status":"closed","template":"","meta":[],"product_brand":[],"product_cat":[33],"product_tag":[],"class_list":{"0":"post-6898","1":"product","2":"type-product","3":"status-publish","4":"has-post-thumbnail","6":"product_cat-elite-series","8":"first","9":"instock","10":"shipping-taxable","11":"product-type-simple"},"_links":{"self":[{"href":"https:\/\/dersuessestopp.com\/de\/wp-json\/wp\/v2\/product\/6898","targetHints":{"allow":["GET"]}}],"collection":[{"href":"https:\/\/dersuessestopp.com\/de\/wp-json\/wp\/v2\/product"}],"about":[{"href":"https:\/\/dersuessestopp.com\/de\/wp-json\/wp\/v2\/types\/product"}],"replies":[{"embeddable":true,"href":"https:\/\/dersuessestopp.com\/de\/wp-json\/wp\/v2\/comments?post=6898"}],"version-history":[{"count":1,"href":"https:\/\/dersuessestopp.com\/de\/wp-json\/wp\/v2\/product\/6898\/revisions"}],"predecessor-version":[{"id":6900,"href":"https:\/\/dersuessestopp.com\/de\/wp-json\/wp\/v2\/product\/6898\/revisions\/6900"}],"wp:featuredmedia":[{"embeddable":true,"href":"https:\/\/dersuessestopp.com\/de\/wp-json\/wp\/v2\/media\/6899"}],"wp:attachment":[{"href":"https:\/\/dersuessestopp.com\/de\/wp-json\/wp\/v2\/media?parent=6898"}],"wp:term":[{"taxonomy":"product_brand","embeddable":true,"href":"https:\/\/dersuessestopp.com\/de\/wp-json\/wp\/v2\/product_brand?post=6898"},{"taxonomy":"product_cat","embeddable":true,"href":"https:\/\/dersuessestopp.com\/de\/wp-json\/wp\/v2\/product_cat?post=6898"},{"taxonomy":"product_tag","embeddable":true,"href":"https:\/\/dersuessestopp.com\/de\/wp-json\/wp\/v2\/product_tag?post=6898"}],"curies":[{"name":"wp","href":"https:\/\/api.w.org\/{rel}","templated":true}]}}