{"id":6890,"date":"2025-08-29T05:08:14","date_gmt":"2025-08-29T05:08:14","guid":{"rendered":"https:\/\/dersuessestopp.com\/?post_type=product&#038;p=6890"},"modified":"2025-08-29T05:08:14","modified_gmt":"2025-08-29T05:08:14","slug":"spaceman-6236ab-c-kompakter-hochleistungsfahiger-soft-serve-gefrierschrank","status":"publish","type":"product","link":"https:\/\/dersuessestopp.com\/de\/product\/spaceman-6236ab-c-compact-high-performance-soft-serve-freezer\/","title":{"rendered":"Spaceman 6236AB-C - Kompakter Hochleistungs-Soft-Serve-Gefrierschrank"},"content":{"rendered":"<p data-start=\"226\" data-end=\"642\">Der Spaceman 6236AB-C ist ein kompakter Soft-Serve-Gefrierschrank f\u00fcr eine Geschmacksrichtung, der f\u00fcr Betriebe mit mittlerem bis hohem Volumen entwickelt wurde, die zuverl\u00e4ssige Leistung und gleichbleibende Produktqualit\u00e4t ben\u00f6tigen. Mit der F\u00e4higkeit zur Produktion von bis zu <strong data-start=\"441\" data-end=\"472\">440 Portionen (80 g) pro Stunde<\/strong>, Dieses Modell eignet sich perfekt f\u00fcr Caf\u00e9s, kleine Eisdielen, Frozen Yogurt Outlets, Convenience Stores und Restaurants, die ihr Angebot an Desserts erweitern wollen.<\/p>\n<p data-start=\"644\" data-end=\"973\">Trotz seiner geringeren Stellfl\u00e4che ist der 6236AB-C mit der fortschrittlichen Gefriertechnologie von Spaceman ausgestattet, die jedes Mal f\u00fcr ein cremiges Softeis sorgt. Der einzelne 12-Liter-Beh\u00e4lter und der 3,2-Liter-Gefrierzylinder sorgen f\u00fcr eine hervorragende Leistung bei gleichbleibender Frische und sind damit ideal f\u00fcr Betreiber, die Effizienz ohne Qualit\u00e4tseinbu\u00dfen ben\u00f6tigen.<\/p>\n<hr data-start=\"935\" data-end=\"938\" \/>\n<h3 data-start=\"975\" data-end=\"993\">Wesentliche Merkmale<\/h3>\n<ul data-start=\"994\" data-end=\"1899\">\n<li data-start=\"994\" data-end=\"1086\">\n<p data-start=\"996\" data-end=\"1086\"><strong data-start=\"996\" data-end=\"1024\">Einzel-Aroma-Dosierung<\/strong> - Schlankes Design f\u00fcr konsistente, hochwertige Portionen.<\/p>\n<\/li>\n<li data-start=\"1087\" data-end=\"1198\">\n<p data-start=\"1089\" data-end=\"1198\"><strong data-start=\"1089\" data-end=\"1113\">Hohe Produktionskapazit\u00e4t<\/strong> - Produziert bis zu <strong data-start=\"1131\" data-end=\"1162\">440 Portionen (80 g) pro Stunde<\/strong>, ideal f\u00fcr mittelgro\u00dfe Betriebe.<\/p>\n<\/li>\n<li data-start=\"1199\" data-end=\"1297\">\n<p data-start=\"1201\" data-end=\"1297\"><strong data-start=\"1201\" data-end=\"1232\">Effiziente Gefrierzylinder<\/strong> - 1 \u00d7 3,2-Liter-Zylinder sorgt f\u00fcr schnelle Erholung und glatte Textur.<\/p>\n<\/li>\n<li data-start=\"1298\" data-end=\"1376\">\n<p data-start=\"1300\" data-end=\"1376\"><strong data-start=\"1300\" data-end=\"1323\">Gek\u00fchlter Trichter<\/strong> - 12 Liter Fassungsverm\u00f6gen halten die Mischung den ganzen Tag \u00fcber frisch.<\/p>\n<\/li>\n<li data-start=\"1377\" data-end=\"1494\">\n<p data-start=\"1379\" data-end=\"1494\"><strong data-start=\"1379\" data-end=\"1413\">Benutzerfreundliche digitale Bedienelemente<\/strong> - Einfache Bedienung mit \u00dcberwachung von Konsistenz, Temperatur und Leistung.<\/p>\n<\/li>\n<li data-start=\"1495\" data-end=\"1595\">\n<p data-start=\"1497\" data-end=\"1595\"><strong data-start=\"1497\" data-end=\"1524\">Standby- und Abtaumodus<\/strong> - Vereinfacht den Betrieb und gew\u00e4hrleistet gleichzeitig Lebensmittelsicherheit und einfache Reinigung.<\/p>\n<\/li>\n<li data-start=\"1596\" data-end=\"1708\">\n<p data-start=\"1598\" data-end=\"1708\"><strong data-start=\"1598\" data-end=\"1625\">Eingebaute Sicherheitssysteme<\/strong> - Enth\u00e4lt einen Alarm bei niedrigem Mischungsverh\u00e4ltnis, einen Motor\u00fcberlastungsschutz und Temperatursicherungen.<\/p>\n<\/li>\n<li data-start=\"1709\" data-end=\"1804\">\n<p data-start=\"1711\" data-end=\"1804\"><strong data-start=\"1711\" data-end=\"1751\">Langlebige Konstruktion aus rostfreiem Stahl<\/strong> - Kompaktes und dennoch robustes Design mit Mobilit\u00e4tsoptionen.<\/p>\n<\/li>\n<li data-start=\"1805\" data-end=\"1899\">\n<p data-start=\"1807\" data-end=\"1899\"><strong data-start=\"1807\" data-end=\"1828\">Verf\u00fcgbare Optionen<\/strong> - Wassergek\u00fchltes System und Luftschacht f\u00fcr flexible Installationsanforderungen.<\/p>\n<\/li>\n<\/ul>\n<hr data-start=\"935\" data-end=\"938\" \/>\n<h3 data-start=\"1901\" data-end=\"1921\">Spezifikationen<\/h3>\n<table>\n<thead>\n<tr>\n<th>Merkmal<\/th>\n<th>Einzelheiten<\/th>\n<\/tr>\n<\/thead>\n<tbody>\n<tr>\n<td><strong>Geschm\u00e4cker<\/strong><\/td>\n<td>1<\/td>\n<\/tr>\n<tr>\n<td><strong>Fassungsverm\u00f6gen (80g)<\/strong><\/td>\n<td>440 Aufschl\u00e4ge\/Stunde<\/td>\n<\/tr>\n<tr>\n<td><strong>Zylinder<\/strong><\/td>\n<td>1 \u00d7 3.2L<\/td>\n<\/tr>\n<tr>\n<td><strong>Trichter<\/strong><\/td>\n<td>1 \u00d7 12L<\/td>\n<\/tr>\n<tr>\n<td><strong>Leistung (50Hz \/ 60Hz)<\/strong><\/td>\n<td>2,9kW \/ 3,1kW<\/td>\n<\/tr>\n<tr>\n<td><strong>Netto-\/Schiffsgewicht (kg)<\/strong><\/td>\n<td>170 \/ 186<\/td>\n<\/tr>\n<tr>\n<td><strong>Nettoabmessungen (mm)<\/strong><\/td>\n<td>454 \u00d7 681 \u00d7 976<\/td>\n<\/tr>\n<tr>\n<td><strong>Schiffsabmessungen (mm)<\/strong><\/td>\n<td>520 \u00d7 870 \u00d7 1180<\/td>\n<\/tr>\n<tr>\n<td><strong>Stromversorgung<\/strong><\/td>\n<td>380V\/3Ph\/50Hz, 220V\/3Ph\/60Hz<\/td>\n<\/tr>\n<tr>\n<td><strong>Verf\u00fcgbare Optionen<\/strong><\/td>\n<td>Wassergek\u00fchlt, Luftschacht<\/td>\n<\/tr>\n<\/tbody>\n<\/table>","protected":false},"excerpt":{"rendered":"<p>The Spaceman 6236AB-C is a compact, single-flavor soft serve freezer designed for medium to high-volume operations that require reliable performance and consistent product quality. With the ability to produce up to 440 servings (80g) per hour, this model is perfectly suited for caf\u00e9s, small ice cream shops, frozen yogurt outlets, convenience stores, and restaurants looking [&hellip;]<\/p>\n","protected":false},"featured_media":6891,"comment_status":"open","ping_status":"closed","template":"","meta":[],"product_brand":[],"product_cat":[33],"product_tag":[],"class_list":{"0":"post-6890","1":"product","2":"type-product","3":"status-publish","4":"has-post-thumbnail","6":"product_cat-elite-series","8":"first","9":"instock","10":"shipping-taxable","11":"product-type-simple"},"_links":{"self":[{"href":"https:\/\/dersuessestopp.com\/de\/wp-json\/wp\/v2\/product\/6890","targetHints":{"allow":["GET"]}}],"collection":[{"href":"https:\/\/dersuessestopp.com\/de\/wp-json\/wp\/v2\/product"}],"about":[{"href":"https:\/\/dersuessestopp.com\/de\/wp-json\/wp\/v2\/types\/product"}],"replies":[{"embeddable":true,"href":"https:\/\/dersuessestopp.com\/de\/wp-json\/wp\/v2\/comments?post=6890"}],"version-history":[{"count":2,"href":"https:\/\/dersuessestopp.com\/de\/wp-json\/wp\/v2\/product\/6890\/revisions"}],"predecessor-version":[{"id":6893,"href":"https:\/\/dersuessestopp.com\/de\/wp-json\/wp\/v2\/product\/6890\/revisions\/6893"}],"wp:featuredmedia":[{"embeddable":true,"href":"https:\/\/dersuessestopp.com\/de\/wp-json\/wp\/v2\/media\/6891"}],"wp:attachment":[{"href":"https:\/\/dersuessestopp.com\/de\/wp-json\/wp\/v2\/media?parent=6890"}],"wp:term":[{"taxonomy":"product_brand","embeddable":true,"href":"https:\/\/dersuessestopp.com\/de\/wp-json\/wp\/v2\/product_brand?post=6890"},{"taxonomy":"product_cat","embeddable":true,"href":"https:\/\/dersuessestopp.com\/de\/wp-json\/wp\/v2\/product_cat?post=6890"},{"taxonomy":"product_tag","embeddable":true,"href":"https:\/\/dersuessestopp.com\/de\/wp-json\/wp\/v2\/product_tag?post=6890"}],"curies":[{"name":"wp","href":"https:\/\/api.w.org\/{rel}","templated":true}]}}