{"id":6673,"date":"2025-08-28T06:31:57","date_gmt":"2025-08-28T06:31:57","guid":{"rendered":"https:\/\/dersuessestopp.com\/?post_type=product&#038;p=6673"},"modified":"2025-08-28T06:31:57","modified_gmt":"2025-08-28T06:31:57","slug":"slush-maschine-modell-xsc-2-2-behalter-je-15l-mit-led-beleuchtung","status":"publish","type":"product","link":"https:\/\/dersuessestopp.com\/de\/product\/slush-machine-model-xsc-2-2-tanks-15l-each-with-led-light\/","title":{"rendered":"Slush-Maschine - Modell XSC-2 (2 Tanks, je 15L, mit LED-Licht)"},"content":{"rendered":"<p data-start=\"221\" data-end=\"552\">Die <strong data-start=\"225\" data-end=\"248\">XSC-2 Slush-Maschine<\/strong> bietet das perfekte Gleichgewicht zwischen Kapazit\u00e4t und Pr\u00e4sentation. Mit <strong data-start=\"311\" data-end=\"333\">zwei 15-Liter-Tanks<\/strong> und <strong data-start=\"338\" data-end=\"365\">integrierte LED-Beleuchtung<\/strong>, Mit diesem Modell k\u00f6nnen Sie mehrere Geschmacksrichtungen servieren und gleichzeitig eine auff\u00e4llige Pr\u00e4sentation schaffen. Dieses Modell wurde f\u00fcr Caf\u00e9s, Bars, Restaurants und Veranstaltungsorte entwickelt und bietet sowohl Leistung als auch Stil.<\/p>\n<h4 data-start=\"554\" data-end=\"573\">Wesentliche Merkmale<\/h4>\n<ul data-start=\"574\" data-end=\"1252\">\n<li data-start=\"574\" data-end=\"676\">\n<p data-start=\"576\" data-end=\"676\"><strong data-start=\"576\" data-end=\"593\">LED-Beleuchtung:<\/strong> Erh\u00f6ht die Sichtbarkeit und Attraktivit\u00e4t Ihrer Getr\u00e4nke und lockt mehr Kunden an.<\/p>\n<\/li>\n<li data-start=\"677\" data-end=\"764\">\n<p data-start=\"679\" data-end=\"764\"><strong data-start=\"679\" data-end=\"702\">Doppeltes Tankvolumen:<\/strong> Zwei 15-Liter-Tanks f\u00fcr die gleichzeitige Ausgabe verschiedener Geschmacksrichtungen.<\/p>\n<\/li>\n<li data-start=\"765\" data-end=\"854\">\n<p data-start=\"767\" data-end=\"854\"><strong data-start=\"767\" data-end=\"792\">Starke Leistung:<\/strong> 700-W-Motor mit effizienter K\u00fchlung f\u00fcr Dauerbetrieb.<\/p>\n<\/li>\n<li data-start=\"855\" data-end=\"964\">\n<p data-start=\"857\" data-end=\"964\"><strong data-start=\"857\" data-end=\"886\">Flexible Spannungsoptionen:<\/strong> Funktioniert mit 220V\/50Hz, 60Hz und 110V\/60Hz - geeignet f\u00fcr den internationalen Einsatz.<\/p>\n<\/li>\n<li data-start=\"965\" data-end=\"1071\">\n<p data-start=\"967\" data-end=\"1071\"><strong data-start=\"967\" data-end=\"987\">Optimale K\u00fchlung:<\/strong> Beh\u00e4lt einen konsistenten Bereich von <strong data-start=\"1020\" data-end=\"1036\">-1\u00b0C bis -4\u00b0C<\/strong>, und sorgt f\u00fcr eine perfekte Slush-Textur.<\/p>\n<\/li>\n<li data-start=\"1072\" data-end=\"1162\">\n<p data-start=\"1074\" data-end=\"1162\"><strong data-start=\"1074\" data-end=\"1092\">Langlebige Konstruktion:<\/strong> Gefertigt aus hochwertigen Materialien f\u00fcr den t\u00e4glichen professionellen Einsatz.<\/p>\n<\/li>\n<li data-start=\"1163\" data-end=\"1252\">\n<p data-start=\"1165\" data-end=\"1252\"><strong data-start=\"1165\" data-end=\"1187\">Kompakte Stellfl\u00e4che:<\/strong> Trotz seines doppelten Fassungsverm\u00f6gens passt er auf die meisten Arbeitsplatten.<\/p>\n<\/li>\n<\/ul>\n<h4 data-start=\"1254\" data-end=\"1273\">Anwendungen<\/h4>\n<p data-start=\"1274\" data-end=\"1325\">Die <strong data-start=\"1278\" data-end=\"1287\">XSC-2<\/strong> ist ideal f\u00fcr die Zubereitung und das Servieren:<\/p>\n<ul data-start=\"1326\" data-end=\"1407\">\n<li data-start=\"1326\" data-end=\"1345\">\n<p data-start=\"1328\" data-end=\"1345\">Slush &amp; Granita<\/p>\n<\/li>\n<li data-start=\"1346\" data-end=\"1366\">\n<p data-start=\"1348\" data-end=\"1366\">Gefrorene Cocktails<\/p>\n<\/li>\n<li data-start=\"1367\" data-end=\"1407\">\n<p data-start=\"1369\" data-end=\"1407\">Milchshakes und andere gek\u00fchlte Getr\u00e4nke<\/p>\n<\/li>\n<\/ul>\n<h4 data-start=\"1409\" data-end=\"1437\">Qualit\u00e4t und Verl\u00e4sslichkeit<\/h4>\n<p data-start=\"1438\" data-end=\"1629\">Durch die Kombination von hoher Kapazit\u00e4t, zuverl\u00e4ssiger K\u00fchlung und attraktiver LED-Pr\u00e4sentation ist der XSC-2 f\u00fcr eine dauerhafte Leistung ausgelegt und verleiht Ihrem Getr\u00e4nkeservice einen Hauch von Stil.<\/p>\n<h4 data-start=\"1409\" data-end=\"1437\">Spezifikation<\/h4>\n<table>\n<thead>\n<tr>\n<th><strong>Modell<\/strong><\/th>\n<th><strong>XSC-2 (mit LED-Licht)<\/strong><\/th>\n<\/tr>\n<\/thead>\n<tbody>\n<tr>\n<td><strong>Kapazit\u00e4t<\/strong><\/td>\n<td>2 \u00d7 15L<\/td>\n<\/tr>\n<tr>\n<td><strong>Spannung<\/strong><\/td>\n<td>220V \/ 50Hz, 60Hz \/ 110V 60Hz<\/td>\n<\/tr>\n<tr>\n<td><strong>Strom<\/strong><\/td>\n<td>700W<\/td>\n<\/tr>\n<tr>\n<td><strong>K\u00fchlung Temperatur<\/strong><\/td>\n<td>-1\u00b0C ~ -4\u00b0C<\/td>\n<\/tr>\n<tr>\n<td><strong>Nettoabmessungen (B \u00d7 T \u00d7 H)<\/strong><\/td>\n<td>365 \u00d7 475 \u00d7 720 mm<\/td>\n<\/tr>\n<tr>\n<td><strong>Abmessungen der Verpackung (B \u00d7 T \u00d7 H)<\/strong><\/td>\n<td>435 \u00d7 545 \u00d7 800 mm<\/td>\n<\/tr>\n<tr>\n<td><strong>Nettogewicht (N.W.)<\/strong><\/td>\n<td>40 kg<\/td>\n<\/tr>\n<tr>\n<td><strong>Bruttogewicht (G.W.)<\/strong><\/td>\n<td>50 kg<\/td>\n<\/tr>\n<\/tbody>\n<\/table>","protected":false},"excerpt":{"rendered":"<p>The XSC-2 Slush Machine offers the perfect balance of capacity and presentation. With two 15-liter tanks and integrated LED lighting, it allows you to serve multiple flavors while creating an eye-catching display. Designed for caf\u00e9s, bars, restaurants, and event venues, this model ensures both performance and style. Key Features LED Lighting: Enhances the visibility and [&hellip;]<\/p>\n","protected":false},"featured_media":6677,"comment_status":"open","ping_status":"closed","template":"","meta":[],"product_brand":[],"product_cat":[34],"product_tag":[],"class_list":{"0":"post-6673","1":"product","2":"type-product","3":"status-publish","4":"has-post-thumbnail","6":"product_cat-slush-machines","8":"first","9":"instock","10":"shipping-taxable","11":"product-type-simple"},"_links":{"self":[{"href":"https:\/\/dersuessestopp.com\/de\/wp-json\/wp\/v2\/product\/6673","targetHints":{"allow":["GET"]}}],"collection":[{"href":"https:\/\/dersuessestopp.com\/de\/wp-json\/wp\/v2\/product"}],"about":[{"href":"https:\/\/dersuessestopp.com\/de\/wp-json\/wp\/v2\/types\/product"}],"replies":[{"embeddable":true,"href":"https:\/\/dersuessestopp.com\/de\/wp-json\/wp\/v2\/comments?post=6673"}],"version-history":[{"count":1,"href":"https:\/\/dersuessestopp.com\/de\/wp-json\/wp\/v2\/product\/6673\/revisions"}],"predecessor-version":[{"id":6678,"href":"https:\/\/dersuessestopp.com\/de\/wp-json\/wp\/v2\/product\/6673\/revisions\/6678"}],"wp:featuredmedia":[{"embeddable":true,"href":"https:\/\/dersuessestopp.com\/de\/wp-json\/wp\/v2\/media\/6677"}],"wp:attachment":[{"href":"https:\/\/dersuessestopp.com\/de\/wp-json\/wp\/v2\/media?parent=6673"}],"wp:term":[{"taxonomy":"product_brand","embeddable":true,"href":"https:\/\/dersuessestopp.com\/de\/wp-json\/wp\/v2\/product_brand?post=6673"},{"taxonomy":"product_cat","embeddable":true,"href":"https:\/\/dersuessestopp.com\/de\/wp-json\/wp\/v2\/product_cat?post=6673"},{"taxonomy":"product_tag","embeddable":true,"href":"https:\/\/dersuessestopp.com\/de\/wp-json\/wp\/v2\/product_tag?post=6673"}],"curies":[{"name":"wp","href":"https:\/\/api.w.org\/{rel}","templated":true}]}}