{"id":6668,"date":"2025-08-28T06:22:58","date_gmt":"2025-08-28T06:22:58","guid":{"rendered":"https:\/\/dersuessestopp.com\/?post_type=product&#038;p=6668"},"modified":"2025-08-28T06:38:54","modified_gmt":"2025-08-28T06:38:54","slug":"slush-maschine-modell-xsc-1-1-tank-15l-mit-led-beleuchtung","status":"publish","type":"product","link":"https:\/\/dersuessestopp.com\/de\/product\/slush-machine-model-xsc-1-1-tank-15l-with-led-light\/","title":{"rendered":"Slush-Maschine - Modell XSC-1 (1 Tank, 15L, mit LED-Licht)"},"content":{"rendered":"<p data-start=\"229\" data-end=\"536\">Die <strong data-start=\"233\" data-end=\"256\">XSC-1 Slush-Maschine<\/strong> ist die perfekte L\u00f6sung f\u00fcr Unternehmen, die Stil und Leistung in einem w\u00fcnschen. Mit einer <strong data-start=\"343\" data-end=\"360\">15-Liter-Tank<\/strong> und <strong data-start=\"365\" data-end=\"392\">integrierte LED-Beleuchtung<\/strong>, Dieses Modell sorgt nicht nur f\u00fcr eine effiziente Getr\u00e4nkek\u00fchlung, sondern auch f\u00fcr eine attraktive Pr\u00e4sentation - ideal f\u00fcr Caf\u00e9s, Bars, Restaurants und Veranstaltungen.<\/p>\n<h4 data-start=\"538\" data-end=\"557\">Wesentliche Merkmale<\/h4>\n<ul data-start=\"558\" data-end=\"1254\">\n<li data-start=\"558\" data-end=\"674\">\n<p data-start=\"560\" data-end=\"674\"><strong data-start=\"560\" data-end=\"581\">LED-Beleuchtung:<\/strong> Verbessert die visuelle Attraktivit\u00e4t Ihrer Getr\u00e4nke und macht sie f\u00fcr die Kunden auff\u00e4lliger.<\/p>\n<\/li>\n<li data-start=\"675\" data-end=\"747\">\n<p data-start=\"677\" data-end=\"747\"><strong data-start=\"677\" data-end=\"696\">Gro\u00dfe Kapazit\u00e4t:<\/strong> Einzelner 15-Liter-Tank, ideal f\u00fcr den Bedarf an mittleren Mengen.<\/p>\n<\/li>\n<li data-start=\"748\" data-end=\"844\">\n<p data-start=\"750\" data-end=\"844\"><strong data-start=\"750\" data-end=\"776\">Effiziente Leistung:<\/strong> 500-W-Motor mit zuverl\u00e4ssigem K\u00fchlsystem f\u00fcr gleichbleibende Ergebnisse.<\/p>\n<\/li>\n<li data-start=\"845\" data-end=\"952\">\n<p data-start=\"847\" data-end=\"952\"><strong data-start=\"847\" data-end=\"876\">Flexible Spannungsoptionen:<\/strong> Unterst\u00fctzt 220V\/50Hz, 60Hz und 110V\/60Hz - f\u00fcr den internationalen Einsatz geeignet.<\/p>\n<\/li>\n<li data-start=\"953\" data-end=\"1062\">\n<p data-start=\"955\" data-end=\"1062\"><strong data-start=\"955\" data-end=\"975\">Optimale K\u00fchlung:<\/strong> H\u00e4lt einen Temperaturbereich von <strong data-start=\"1009\" data-end=\"1025\">-1\u00b0C bis -4\u00b0C<\/strong>, und sorgt f\u00fcr eine perfekte Slush-Textur.<\/p>\n<\/li>\n<li data-start=\"1063\" data-end=\"1157\">\n<p data-start=\"1065\" data-end=\"1157\"><strong data-start=\"1065\" data-end=\"1090\">Langlebige Konstruktion:<\/strong> Entwickelt aus hochwertigen Materialien f\u00fcr den t\u00e4glichen professionellen Einsatz.<\/p>\n<\/li>\n<li data-start=\"1158\" data-end=\"1254\">\n<p data-start=\"1160\" data-end=\"1254\"><strong data-start=\"1160\" data-end=\"1185\">Kompakt und doch leistungsf\u00e4hig:<\/strong> Passt problemlos in die meisten Arbeitsfl\u00e4chen, ohne dass die Kapazit\u00e4t darunter leidet.<\/p>\n<\/li>\n<\/ul>\n<h4 data-start=\"1256\" data-end=\"1275\">Anwendungen<\/h4>\n<p data-start=\"1276\" data-end=\"1315\">Die <strong data-start=\"1280\" data-end=\"1289\">XSC-1<\/strong> ist perfekt zum Servieren:<\/p>\n<ul data-start=\"1316\" data-end=\"1391\">\n<li data-start=\"1316\" data-end=\"1335\">\n<p data-start=\"1318\" data-end=\"1335\">Slush &amp; Granita<\/p>\n<\/li>\n<li data-start=\"1336\" data-end=\"1356\">\n<p data-start=\"1338\" data-end=\"1356\">Gefrorene Cocktails<\/p>\n<\/li>\n<li data-start=\"1357\" data-end=\"1391\">\n<p data-start=\"1359\" data-end=\"1391\">Milchshakes und gek\u00fchlte Getr\u00e4nke<\/p>\n<\/li>\n<\/ul>\n<h4 data-start=\"1393\" data-end=\"1421\">Qualit\u00e4t und Verl\u00e4sslichkeit<\/h4>\n<p data-start=\"1422\" data-end=\"1602\">Mit seiner LED-Pr\u00e4sentation und seiner robusten Bauweise verbindet der XSC-1 Leistung mit \u00c4sthetik und ist damit eine kluge Wahl f\u00fcr Veranstaltungsorte, die sowohl Wert auf Funktionalit\u00e4t als auch auf Kundenfreundlichkeit legen.<\/p>\n<h4 data-start=\"1393\" data-end=\"1421\">Spezifikation<\/h4>\n<table>\n<thead>\n<tr>\n<th><strong>Modell<\/strong><\/th>\n<th><strong>XSC-1 (mit LED-Licht)<\/strong><\/th>\n<\/tr>\n<\/thead>\n<tbody>\n<tr>\n<td><strong>Kapazit\u00e4t<\/strong><\/td>\n<td>1 \u00d7 15L<\/td>\n<\/tr>\n<tr>\n<td><strong>Spannung<\/strong><\/td>\n<td>220V \/ 50Hz, 60Hz \/ 110V 60Hz<\/td>\n<\/tr>\n<tr>\n<td><strong>Strom<\/strong><\/td>\n<td>500W<\/td>\n<\/tr>\n<tr>\n<td><strong>K\u00fchlung Temperatur<\/strong><\/td>\n<td>-1\u00b0C ~ -4\u00b0C<\/td>\n<\/tr>\n<tr>\n<td><strong>Nettoabmessungen (B \u00d7 T \u00d7 H)<\/strong><\/td>\n<td>305 \u00d7 475 \u00d7 720 mm<\/td>\n<\/tr>\n<tr>\n<td><strong>Abmessungen der Verpackung (B \u00d7 T \u00d7 H)<\/strong><\/td>\n<td>375 \u00d7 545 \u00d7 800 mm<\/td>\n<\/tr>\n<tr>\n<td><strong>Nettogewicht (N.W.)<\/strong><\/td>\n<td>28 kg<\/td>\n<\/tr>\n<tr>\n<td><strong>Bruttogewicht (G.W.)<\/strong><\/td>\n<td>40 kg<\/td>\n<\/tr>\n<\/tbody>\n<\/table>","protected":false},"excerpt":{"rendered":"<p>The XSC-1 Slush Machine is the perfect solution for businesses that want style and performance in one. With a 15-liter tank and integrated LED lighting, this model ensures not only efficient beverage cooling but also an attractive presentation \u2013 ideal for caf\u00e9s, bars, restaurants, and events. Key Features LED Illumination: Enhances the visual appeal of [&hellip;]<\/p>\n","protected":false},"featured_media":6671,"comment_status":"open","ping_status":"closed","template":"","meta":[],"product_brand":[],"product_cat":[34],"product_tag":[],"class_list":{"0":"post-6668","1":"product","2":"type-product","3":"status-publish","4":"has-post-thumbnail","6":"product_cat-slush-machines","8":"first","9":"instock","10":"shipping-taxable","11":"product-type-simple"},"_links":{"self":[{"href":"https:\/\/dersuessestopp.com\/de\/wp-json\/wp\/v2\/product\/6668","targetHints":{"allow":["GET"]}}],"collection":[{"href":"https:\/\/dersuessestopp.com\/de\/wp-json\/wp\/v2\/product"}],"about":[{"href":"https:\/\/dersuessestopp.com\/de\/wp-json\/wp\/v2\/types\/product"}],"replies":[{"embeddable":true,"href":"https:\/\/dersuessestopp.com\/de\/wp-json\/wp\/v2\/comments?post=6668"}],"version-history":[{"count":1,"href":"https:\/\/dersuessestopp.com\/de\/wp-json\/wp\/v2\/product\/6668\/revisions"}],"predecessor-version":[{"id":6672,"href":"https:\/\/dersuessestopp.com\/de\/wp-json\/wp\/v2\/product\/6668\/revisions\/6672"}],"wp:featuredmedia":[{"embeddable":true,"href":"https:\/\/dersuessestopp.com\/de\/wp-json\/wp\/v2\/media\/6671"}],"wp:attachment":[{"href":"https:\/\/dersuessestopp.com\/de\/wp-json\/wp\/v2\/media?parent=6668"}],"wp:term":[{"taxonomy":"product_brand","embeddable":true,"href":"https:\/\/dersuessestopp.com\/de\/wp-json\/wp\/v2\/product_brand?post=6668"},{"taxonomy":"product_cat","embeddable":true,"href":"https:\/\/dersuessestopp.com\/de\/wp-json\/wp\/v2\/product_cat?post=6668"},{"taxonomy":"product_tag","embeddable":true,"href":"https:\/\/dersuessestopp.com\/de\/wp-json\/wp\/v2\/product_tag?post=6668"}],"curies":[{"name":"wp","href":"https:\/\/api.w.org\/{rel}","templated":true}]}}