{"id":6335,"date":"2025-08-26T12:41:23","date_gmt":"2025-08-26T12:41:23","guid":{"rendered":"https:\/\/dersuessestopp.com\/?post_type=product&#038;p=6335"},"modified":"2025-08-27T10:02:45","modified_gmt":"2025-08-27T10:02:45","slug":"spaceman-6378-c-6378a-c-soft-serve-eismaschine","status":"publish","type":"product","link":"https:\/\/dersuessestopp.com\/de\/product\/spaceman-6378-c-6378a-c-soft-serve-ice-cream-machine\/","title":{"rendered":"Spaceman 6378-C \/ 6378A-C Softeismaschine f\u00fcr Speiseeis"},"content":{"rendered":"<p data-start=\"254\" data-end=\"606\">Die <strong data-start=\"258\" data-end=\"287\">Raumfahrer 6378-C \/ 6378A-C<\/strong> ist eine <strong data-start=\"293\" data-end=\"341\">Gefrierschrank f\u00fcr Softeis mit hohem Fassungsverm\u00f6gen und doppelter Drehung<\/strong> wurde f\u00fcr Unternehmen entwickelt, die maximalen Output und gleichbleibende Qualit\u00e4t verlangen. Mit der F\u00e4higkeit zur Produktion von bis zu <strong data-start=\"453\" data-end=\"484\">720 Portionen (80 g) pro Stunde<\/strong>, ist dieses Modell ideal f\u00fcr <strong data-start=\"510\" data-end=\"603\">gesch\u00e4ftige Eisdielen, Frozen-Yogurt-Ketten, Vergn\u00fcgungsst\u00e4tten und Restaurants mit hohem Umsatz<\/strong>.<\/p>\n<p data-start=\"608\" data-end=\"933\">Das Angebot <strong data-start=\"617\" data-end=\"652\">zwei Geschmacksrichtungen plus eine Twist-Option<\/strong>, Die Serie 6378 ist vielseitig einsetzbar und gew\u00e4hrleistet dank der fortschrittlichen Gefrier- und Mischtechnologie von Spaceman eine gleichbleibende Produktqualit\u00e4t. Verf\u00fcgbar in <strong data-start=\"799\" data-end=\"824\">Schwerkraftzuf\u00fchrung (6378-C)<\/strong> oder <strong data-start=\"828\" data-end=\"851\">Pumpenversorgung (6378A-C)<\/strong>, Es erlaubt den Betreibern, die beste Konfiguration f\u00fcr ihr Gesch\u00e4ftsmodell zu w\u00e4hlen.<\/p>\n<hr data-start=\"935\" data-end=\"938\" \/>\n<h3 data-start=\"940\" data-end=\"958\">Wesentliche Merkmale<\/h3>\n<ul data-start=\"959\" data-end=\"1997\">\n<li data-start=\"959\" data-end=\"1045\">\n<p data-start=\"961\" data-end=\"1045\"><strong data-start=\"961\" data-end=\"986\">Twin Twist Dispenser<\/strong> - Zwei Geschmacksrichtungen plus eine Twist-Kombination f\u00fcr Abwechslung im Men\u00fc.<\/p>\n<\/li>\n<li data-start=\"1046\" data-end=\"1158\">\n<p data-start=\"1048\" data-end=\"1158\"><strong data-start=\"1048\" data-end=\"1069\">Ultra-Hochleistung<\/strong> - Liefert bis zu <strong data-start=\"1087\" data-end=\"1109\">720 Portionen (80g)<\/strong> pro Stunde, die f\u00fcr den Betrieb mit hohem Volumen ausgelegt sind.<\/p>\n<\/li>\n<li data-start=\"1159\" data-end=\"1261\">\n<p data-start=\"1161\" data-end=\"1261\"><strong data-start=\"1161\" data-end=\"1185\">Gro\u00dfe Doppelzylinder<\/strong> - 2 \u00d7 3,2-Liter-Gefrierzylinder f\u00fcr erweiterte Produktion und schnelle R\u00fcckgewinnung.<\/p>\n<\/li>\n<li data-start=\"1262\" data-end=\"1374\">\n<p data-start=\"1264\" data-end=\"1374\"><strong data-start=\"1264\" data-end=\"1293\">Gek\u00fchlte Doppelbeh\u00e4lter<\/strong> - Halten Sie die Mischung den ganzen Tag \u00fcber frisch (2 \u00d7 12 l Fassungsverm\u00f6gen, oder 2 \u00d7 10 l beim Modell A).<\/p>\n<\/li>\n<li data-start=\"1375\" data-end=\"1459\">\n<p data-start=\"1377\" data-end=\"1459\"><strong data-start=\"1377\" data-end=\"1397\">Trichterr\u00fchrwerke<\/strong> - Sie gew\u00e4hrleisten eine gleichbleibende Produktqualit\u00e4t und verhindern eine Entmischung.<\/p>\n<\/li>\n<li data-start=\"1460\" data-end=\"1577\">\n<p data-start=\"1462\" data-end=\"1577\"><strong data-start=\"1462\" data-end=\"1496\">Benutzerfreundliche digitale Bedienelemente<\/strong> - Einfache Bedienung mit \u00dcberwachung von Temperatur, Konsistenz und Leistung.<\/p>\n<\/li>\n<li data-start=\"1578\" data-end=\"1678\">\n<p data-start=\"1580\" data-end=\"1678\"><strong data-start=\"1580\" data-end=\"1619\">Standby, Sanftanlauf und Abtaubetrieb<\/strong> - Maximieren Sie Komfort, Sicherheit und Wartungsfreundlichkeit.<\/p>\n<\/li>\n<li data-start=\"1679\" data-end=\"1810\">\n<p data-start=\"1681\" data-end=\"1810\"><strong data-start=\"1681\" data-end=\"1708\">Eingebaute Sicherheitssysteme<\/strong> - Enth\u00e4lt einen Alarm bei niedrigem Mischungsverh\u00e4ltnis, Motor\u00fcberlastungsschutz, einen Hochdruckschalter und Temperaturschutzvorrichtungen.<\/p>\n<\/li>\n<li data-start=\"1811\" data-end=\"1908\">\n<p data-start=\"1813\" data-end=\"1908\"><strong data-start=\"1813\" data-end=\"1840\">Hochbelastbare Konstruktion<\/strong> - Langlebige Edelstahlkonstruktion mit Rollen f\u00fcr Mobilit\u00e4t.<\/p>\n<\/li>\n<li data-start=\"1909\" data-end=\"1997\">\n<p data-start=\"1911\" data-end=\"1997\"><strong data-start=\"1911\" data-end=\"1932\">Verf\u00fcgbare Optionen<\/strong> - Wassergek\u00fchltes System und Luftschacht f\u00fcr flexible Installation.<\/p>\n<\/li>\n<\/ul>\n<hr data-start=\"1999\" data-end=\"2002\" \/>\n<h3><strong>Spezifikationen<\/strong><\/h3>\n<table>\n<tbody>\n<tr>\n<td>Geschm\u00e4cker<\/td>\n<td>2 + Drehung<\/td>\n<\/tr>\n<tr>\n<td>Fassungsverm\u00f6gen (80g)<\/td>\n<td>720Dienstleistungen\/Stunde<\/td>\n<\/tr>\n<tr>\n<td>Zylinder<\/td>\n<td>2 x 3.2L<\/td>\n<\/tr>\n<tr>\n<td>Trichter<\/td>\n<td>\n<p class=\"p1\">2 x 12L (10L f\u00fcr A)<\/p>\n<\/td>\n<\/tr>\n<tr>\n<td>\n<p class=\"p1\">Leistung (50Hz \/ 60Hz)<\/p>\n<\/td>\n<td>\n<p class=\"p1\">4.7kW \/ 5.0kW<\/p>\n<\/td>\n<\/tr>\n<tr>\n<td>\n<p class=\"p1\">Netto-\/Schiffsgewicht (kg)<\/p>\n<\/td>\n<td>\n<p class=\"p1\">253 \/ 273 263 \/ 283 (A)<\/p>\n<\/td>\n<\/tr>\n<tr>\n<td>Nettoabmessungen (mm)<\/td>\n<td>\n<p class=\"p1\">532 x 704 x 1563<\/p>\n<\/td>\n<\/tr>\n<tr>\n<td>Schiffsabmessungen (mm)<\/td>\n<td>\n<p class=\"p1\">710 x 890 x 1720<\/p>\n<\/td>\n<\/tr>\n<tr>\n<td>\n<p class=\"p1\">Stromversorgung<\/p>\n<\/td>\n<td>\n<p class=\"p1\">380V\/3Ph\/50Hz, 220V\/3Ph\/60Hz<\/p>\n<\/td>\n<\/tr>\n<tr>\n<td>Verf\u00fcgbare Optionen<\/td>\n<td>Wassergek\u00fchlt, Luftschacht<\/td>\n<\/tr>\n<\/tbody>\n<\/table>","protected":false},"excerpt":{"rendered":"<p>The Spaceman 6378-C \/ 6378A-C is a high-capacity, twin-twist soft serve freezer engineered for businesses that demand maximum output and consistent quality. With the ability to produce up to 720 servings (80g) per hour, this model is ideal for busy ice cream shops, frozen yogurt chains, amusement venues, and high-volume restaurants. Offering two flavors plus [&hellip;]<\/p>\n","protected":false},"featured_media":6336,"comment_status":"open","ping_status":"closed","template":"","meta":[],"product_brand":[],"product_cat":[32],"product_tag":[],"class_list":{"0":"post-6335","1":"product","2":"type-product","3":"status-publish","4":"has-post-thumbnail","6":"product_cat-premier-series","8":"first","9":"instock","10":"shipping-taxable","11":"product-type-simple"},"_links":{"self":[{"href":"https:\/\/dersuessestopp.com\/de\/wp-json\/wp\/v2\/product\/6335","targetHints":{"allow":["GET"]}}],"collection":[{"href":"https:\/\/dersuessestopp.com\/de\/wp-json\/wp\/v2\/product"}],"about":[{"href":"https:\/\/dersuessestopp.com\/de\/wp-json\/wp\/v2\/types\/product"}],"replies":[{"embeddable":true,"href":"https:\/\/dersuessestopp.com\/de\/wp-json\/wp\/v2\/comments?post=6335"}],"version-history":[{"count":5,"href":"https:\/\/dersuessestopp.com\/de\/wp-json\/wp\/v2\/product\/6335\/revisions"}],"predecessor-version":[{"id":6380,"href":"https:\/\/dersuessestopp.com\/de\/wp-json\/wp\/v2\/product\/6335\/revisions\/6380"}],"wp:featuredmedia":[{"embeddable":true,"href":"https:\/\/dersuessestopp.com\/de\/wp-json\/wp\/v2\/media\/6336"}],"wp:attachment":[{"href":"https:\/\/dersuessestopp.com\/de\/wp-json\/wp\/v2\/media?parent=6335"}],"wp:term":[{"taxonomy":"product_brand","embeddable":true,"href":"https:\/\/dersuessestopp.com\/de\/wp-json\/wp\/v2\/product_brand?post=6335"},{"taxonomy":"product_cat","embeddable":true,"href":"https:\/\/dersuessestopp.com\/de\/wp-json\/wp\/v2\/product_cat?post=6335"},{"taxonomy":"product_tag","embeddable":true,"href":"https:\/\/dersuessestopp.com\/de\/wp-json\/wp\/v2\/product_tag?post=6335"}],"curies":[{"name":"wp","href":"https:\/\/api.w.org\/{rel}","templated":true}]}}