{"id":6331,"date":"2025-08-26T12:36:35","date_gmt":"2025-08-26T12:36:35","guid":{"rendered":"https:\/\/dersuessestopp.com\/?post_type=product&#038;p=6331"},"modified":"2025-08-27T09:17:33","modified_gmt":"2025-08-27T09:17:33","slug":"spaceman-6235-c-6235a-c-soft-serve-eismaschine","status":"publish","type":"product","link":"https:\/\/dersuessestopp.com\/de\/product\/spaceman-6235-c-6235a-c-soft-serve-ice-cream-machine\/","title":{"rendered":"Spaceman 6235-C \/ 6235A-C Softeismaschine f\u00fcr Speiseeis"},"content":{"rendered":"<p data-start=\"336\" data-end=\"753\">Die <strong data-start=\"340\" data-end=\"369\">Raumfahrer 6235-C \/ 6235A-C<\/strong> ist eine <strong data-start=\"375\" data-end=\"425\">Softeis-Maschine mit mittlerem Fassungsverm\u00f6gen und doppelter Drehung<\/strong> konzipiert f\u00fcr Betreiber, die Vielseitigkeit und Leistung bei kompakter Bauweise ben\u00f6tigen. Das Angebot <strong data-start=\"519\" data-end=\"554\">zwei Geschmacksrichtungen plus eine Twist-Option<\/strong>, Dieses Modell eignet sich perfekt f\u00fcr Eisdielen, Frozen Yogurt Bars, Restaurants und Caf\u00e9s, die eine Vielzahl von Softeisprodukten anbieten m\u00f6chten, darunter <strong data-start=\"702\" data-end=\"750\">Speiseeis, gefrorener Joghurt, Gelato und Sorbet<\/strong>.<\/p>\n<p data-start=\"755\" data-end=\"1052\">Mit der F\u00e4higkeit zur Produktion von bis zu <strong data-start=\"789\" data-end=\"820\">450 Portionen (80 g) pro Stunde<\/strong>, Die Serie 6235 liefert zuverl\u00e4ssige Ergebnisse mit gleichm\u00e4\u00dfiger Konsistenz. Verf\u00fcgbar in <strong data-start=\"901\" data-end=\"926\">Schwerkraftzuf\u00fchrung (6235-C)<\/strong> oder <strong data-start=\"930\" data-end=\"953\">Pumpenversorgung (6235A-C)<\/strong> Versionen bietet er den Betreibern Flexibilit\u00e4t je nach Servierstil und \u00dcberlaufbedarf.<\/p>\n<hr data-start=\"1054\" data-end=\"1057\" \/>\n<h3 data-start=\"1059\" data-end=\"1077\">Wesentliche Merkmale<\/h3>\n<ul data-start=\"1078\" data-end=\"2120\">\n<li data-start=\"1078\" data-end=\"1162\">\n<p data-start=\"1080\" data-end=\"1162\"><strong data-start=\"1080\" data-end=\"1105\">Twin Twist Dispenser<\/strong> - Servieren Sie zwei einzelne Geschmacksrichtungen oder eine Twist-Kombination.<\/p>\n<\/li>\n<li data-start=\"1163\" data-end=\"1243\">\n<p data-start=\"1165\" data-end=\"1243\"><strong data-start=\"1165\" data-end=\"1191\">Mittlere Kapazit\u00e4t Leistung<\/strong> - Produziert bis zu <strong data-start=\"1209\" data-end=\"1231\">450 Portionen (80g)<\/strong> pro Stunde.<\/p>\n<\/li>\n<li data-start=\"1244\" data-end=\"1347\">\n<p data-start=\"1246\" data-end=\"1347\"><strong data-start=\"1246\" data-end=\"1273\">Doppelte Gefrierzylinder<\/strong> - 2 \u00d7 1,7-Liter-Zylinder f\u00fcr gleichm\u00e4\u00dfige Produkttextur und schnelle R\u00fcckgewinnung.<\/p>\n<\/li>\n<li data-start=\"1348\" data-end=\"1441\">\n<p data-start=\"1350\" data-end=\"1441\"><strong data-start=\"1350\" data-end=\"1379\">Gek\u00fchlte Doppelbeh\u00e4lter<\/strong> - Halten Sie die Mischung frisch (2 \u00d7 12 l Fassungsverm\u00f6gen, oder 2 \u00d7 8 l f\u00fcr das Modell A).<\/p>\n<\/li>\n<li data-start=\"1442\" data-end=\"1536\">\n<p data-start=\"1444\" data-end=\"1536\"><strong data-start=\"1444\" data-end=\"1464\">Trichterr\u00fchrwerke<\/strong> - Erhalten Sie die Produktqualit\u00e4t und verhindern Sie eine Entmischung w\u00e4hrend des Tages.<\/p>\n<\/li>\n<li data-start=\"1537\" data-end=\"1652\">\n<p data-start=\"1539\" data-end=\"1652\"><strong data-start=\"1539\" data-end=\"1573\">Benutzerfreundliche digitale Bedienelemente<\/strong> - Einfache Schnittstelle zur \u00dcberwachung von Temperatur, Konsistenz und Leistung.<\/p>\n<\/li>\n<li data-start=\"1653\" data-end=\"1748\">\n<p data-start=\"1655\" data-end=\"1748\"><strong data-start=\"1655\" data-end=\"1682\">Standby- und Abtaumodus<\/strong> - H\u00e4lt das Produkt w\u00e4hrend der Stillstandszeiten sicher und vereinfacht die Reinigung.<\/p>\n<\/li>\n<li data-start=\"1749\" data-end=\"1837\">\n<p data-start=\"1751\" data-end=\"1837\"><strong data-start=\"1751\" data-end=\"1776\">Soft-Start-Technologie<\/strong> - Sch\u00fctzt mechanische Komponenten und verl\u00e4ngert die Lebensdauer der Maschine.<\/p>\n<\/li>\n<li data-start=\"1838\" data-end=\"1959\">\n<p data-start=\"1840\" data-end=\"1959\"><strong data-start=\"1840\" data-end=\"1867\">Eingebaute Sicherheitssysteme<\/strong> - Anzeige f\u00fcr niedrigen Mischungsgrad, thermische \u00dcberlastung, Schutz vor hohem Druck und Temperaturabschaltung.<\/p>\n<\/li>\n<li data-start=\"1960\" data-end=\"2057\">\n<p data-start=\"1962\" data-end=\"2057\"><strong data-start=\"1962\" data-end=\"1989\">Kompaktes, langlebiges Design<\/strong> - Geh\u00e4use aus rostfreiem Stahl mit hochbelastbaren Rollen f\u00fcr einfache Mobilit\u00e4t.<\/p>\n<\/li>\n<li data-start=\"2058\" data-end=\"2120\">\n<p data-start=\"2060\" data-end=\"2120\"><strong data-start=\"2060\" data-end=\"2081\">Verf\u00fcgbare Optionen<\/strong> - Wassergek\u00fchltes System und Luftschacht.<\/p>\n<\/li>\n<\/ul>\n<hr data-start=\"2122\" data-end=\"2125\" \/>\n<h3 data-start=\"1059\" data-end=\"1077\">Spezifikationen<\/h3>\n<table>\n<tbody>\n<tr>\n<td>Geschm\u00e4cker<\/td>\n<td>2 + Drehung<\/td>\n<\/tr>\n<tr>\n<td>Fassungsverm\u00f6gen (80g)<\/td>\n<td>450 Aufschl\u00e4ge\/Stunde<\/td>\n<\/tr>\n<tr>\n<td>Zylinder<\/td>\n<td>2 x 1.7L<\/td>\n<\/tr>\n<tr>\n<td>Trichter<\/td>\n<td>\n<p class=\"p1\">2 x 12L (8L f\u00fcr A)<\/p>\n<\/td>\n<\/tr>\n<tr>\n<td>\n<p class=\"p1\">Leistung (50Hz \/ 60Hz)<\/p>\n<\/td>\n<td>\n<p class=\"p1\">3.3kW \/ 3.6kW<\/p>\n<\/td>\n<\/tr>\n<tr>\n<td>Netto-\/Schiffsgewicht (kg)<\/td>\n<td>\n<p class=\"p1\">186\/ 200 196 \/ 210 (A)<\/p>\n<\/td>\n<\/tr>\n<tr>\n<td>\n<p class=\"p1\">Nettoabmessungen (mm)<\/p>\n<\/td>\n<td>\n<p class=\"p1\">532 x 651 x 977<\/p>\n<\/td>\n<\/tr>\n<tr>\n<td>Schiffsabmessungen (mm)<\/td>\n<td>\n<p class=\"p1\">610 x 805 x 1100<\/p>\n<\/td>\n<\/tr>\n<tr>\n<td>\n<p class=\"p1\">Stromversorgung<\/p>\n<\/td>\n<td>\n<p class=\"p1\">220V\/1Ph\/50Hz, 220V\/1Ph\/60Hz<\/p>\n<\/td>\n<\/tr>\n<tr>\n<td>Verf\u00fcgbare Optionen<\/td>\n<td>Wassergek\u00fchlt, Luftschacht<\/td>\n<\/tr>\n<\/tbody>\n<\/table>","protected":false},"excerpt":{"rendered":"<p>The Spaceman 6235-C \/ 6235A-C is a medium-capacity, twin-twist soft serve machine designed for operators who need versatility and performance in a compact footprint. Offering two flavors plus a twist option, this model is perfect for ice cream shops, frozen yogurt bars, restaurants, and caf\u00e9s looking to serve a variety of soft serve products including [&hellip;]<\/p>\n","protected":false},"featured_media":6332,"comment_status":"open","ping_status":"closed","template":"","meta":[],"product_brand":[],"product_cat":[32],"product_tag":[],"class_list":{"0":"post-6331","1":"product","2":"type-product","3":"status-publish","4":"has-post-thumbnail","6":"product_cat-premier-series","8":"first","9":"instock","10":"shipping-taxable","11":"product-type-simple"},"_links":{"self":[{"href":"https:\/\/dersuessestopp.com\/de\/wp-json\/wp\/v2\/product\/6331","targetHints":{"allow":["GET"]}}],"collection":[{"href":"https:\/\/dersuessestopp.com\/de\/wp-json\/wp\/v2\/product"}],"about":[{"href":"https:\/\/dersuessestopp.com\/de\/wp-json\/wp\/v2\/types\/product"}],"replies":[{"embeddable":true,"href":"https:\/\/dersuessestopp.com\/de\/wp-json\/wp\/v2\/comments?post=6331"}],"version-history":[{"count":5,"href":"https:\/\/dersuessestopp.com\/de\/wp-json\/wp\/v2\/product\/6331\/revisions"}],"predecessor-version":[{"id":6375,"href":"https:\/\/dersuessestopp.com\/de\/wp-json\/wp\/v2\/product\/6331\/revisions\/6375"}],"wp:featuredmedia":[{"embeddable":true,"href":"https:\/\/dersuessestopp.com\/de\/wp-json\/wp\/v2\/media\/6332"}],"wp:attachment":[{"href":"https:\/\/dersuessestopp.com\/de\/wp-json\/wp\/v2\/media?parent=6331"}],"wp:term":[{"taxonomy":"product_brand","embeddable":true,"href":"https:\/\/dersuessestopp.com\/de\/wp-json\/wp\/v2\/product_brand?post=6331"},{"taxonomy":"product_cat","embeddable":true,"href":"https:\/\/dersuessestopp.com\/de\/wp-json\/wp\/v2\/product_cat?post=6331"},{"taxonomy":"product_tag","embeddable":true,"href":"https:\/\/dersuessestopp.com\/de\/wp-json\/wp\/v2\/product_tag?post=6331"}],"curies":[{"name":"wp","href":"https:\/\/api.w.org\/{rel}","templated":true}]}}