{"id":6326,"date":"2025-08-26T12:30:19","date_gmt":"2025-08-26T12:30:19","guid":{"rendered":"https:\/\/dersuessestopp.com\/?post_type=product&#038;p=6326"},"modified":"2025-08-27T07:33:03","modified_gmt":"2025-08-27T07:33:03","slug":"spaceman-6250-c-6250a-c-soft-serve-eismaschine","status":"publish","type":"product","link":"https:\/\/dersuessestopp.com\/de\/product\/spaceman-6250-c-6250a-c-soft-serve-ice-cream-machine\/","title":{"rendered":"Spaceman 6250-C \/ 6250A-C Softeismaschine f\u00fcr Speiseeis"},"content":{"rendered":"<p data-start=\"291\" data-end=\"656\">Die <strong data-start=\"295\" data-end=\"324\">Raumfahrer 6250-C \/ 6250A-C<\/strong> ist ein leistungsstarker Twin-Twist-Soft-Serve-Gefrierschrank, der f\u00fcr Unternehmen entwickelt wurde, die eine zuverl\u00e4ssige Leistung und gleichbleibende Qualit\u00e4t ben\u00f6tigen. Perfekt zum Servieren <strong data-start=\"471\" data-end=\"530\">Speiseeis, gefrorener Joghurt, Gelato, Pudding und Sorbets<\/strong>, Dieses bodenstehende Modell mit Schwerkraftbeschickung bietet hervorragende Effizienz und Produktbeschaffenheit in Verkaufsstellen mit mittlerem bis hohem Durchsatz.<\/p>\n<p data-start=\"658\" data-end=\"914\">Mit der F\u00e4higkeit zur Produktion von bis zu <strong data-start=\"692\" data-end=\"717\">450 Portionen pro Stunde<\/strong>, fortschrittliche K\u00fchlsysteme, und Spaceman's <strong data-start=\"766\" data-end=\"799\">patentierte V2-Schl\u00e4gertechnologie<\/strong>, Dieses Modell gew\u00e4hrleistet eine schnelle R\u00fcckgewinnung, eine gleichm\u00e4\u00dfige Konsistenz und einen geringeren Wartungsaufwand als herk\u00f6mmliche Maschinen.<\/p>\n<hr data-start=\"916\" data-end=\"919\" \/>\n<h3 data-start=\"921\" data-end=\"937\">Wesentliche Merkmale<\/h3>\n<ul data-start=\"938\" data-end=\"2024\">\n<li data-start=\"938\" data-end=\"1025\">\n<p data-start=\"940\" data-end=\"1025\"><strong data-start=\"940\" data-end=\"976\">Twin Twist (2 + Twist) Spender<\/strong> - Bietet zwei Geschmacksrichtungen plus eine Twist-Kombination.<\/p>\n<\/li>\n<li data-start=\"1026\" data-end=\"1133\">\n<p data-start=\"1028\" data-end=\"1133\"><strong data-start=\"1028\" data-end=\"1043\">Hohe Leistung<\/strong> - Produziert bis zu <strong data-start=\"1061\" data-end=\"1083\">450 Portionen (80g)<\/strong> pro Stunde, ideal f\u00fcr Betriebe mit mittlerer Kapazit\u00e4t.<\/p>\n<\/li>\n<li data-start=\"1134\" data-end=\"1254\">\n<p data-start=\"1136\" data-end=\"1254\"><strong data-start=\"1136\" data-end=\"1165\">Zwei gek\u00fchlte Trichter<\/strong> - H\u00e4lt das Produkt lange frisch und sicher (2 x 12 Liter Fassungsverm\u00f6gen, oder 2 x 8 Liter bei Modell A).<\/p>\n<\/li>\n<li data-start=\"1255\" data-end=\"1361\">\n<p data-start=\"1257\" data-end=\"1361\"><strong data-start=\"1257\" data-end=\"1280\">Effiziente Zylinder<\/strong> - 2 x 1,7-Liter-Gefrierflaschen mit schneller Erholungszeit f\u00fcr den Dauerbetrieb.<\/p>\n<\/li>\n<li data-start=\"1362\" data-end=\"1508\">\n<p data-start=\"1364\" data-end=\"1508\"><strong data-start=\"1364\" data-end=\"1398\">Benutzerfreundliche digitale Bedienelemente<\/strong> - Die benutzerfreundliche Schnittstelle gew\u00e4hrleistet Produktkonsistenz, \u00dcberwachung der Trichtertemperatur und Steuerung der Dosierung.<\/p>\n<\/li>\n<li data-start=\"1509\" data-end=\"1577\">\n<p data-start=\"1511\" data-end=\"1577\"><strong data-start=\"1511\" data-end=\"1535\">Standby- und Schlafmodus<\/strong> - H\u00e4lt das Produkt w\u00e4hrend der Stillstandszeiten sicher.<\/p>\n<\/li>\n<li data-start=\"1578\" data-end=\"1663\">\n<p data-start=\"1580\" data-end=\"1663\"><strong data-start=\"1580\" data-end=\"1600\">Trichterr\u00fchrwerke<\/strong> - Die Textur und die Frische des Produkts bleiben den ganzen Tag \u00fcber erhalten.<\/p>\n<\/li>\n<li data-start=\"1664\" data-end=\"1810\">\n<p data-start=\"1666\" data-end=\"1810\"><strong data-start=\"1666\" data-end=\"1687\">Sicherheit Schutz<\/strong> - Ausgestattet mit Mischungsanzeige, \u00dcberhitzungs-\/Motor\u00fcberlastungsschutz, Hochdruckschalter und Untertemperaturabschaltung.<\/p>\n<\/li>\n<li data-start=\"1811\" data-end=\"1940\">\n<p data-start=\"1813\" data-end=\"1940\"><strong data-start=\"1813\" data-end=\"1837\">Langlebige Konstruktion<\/strong> - Hochbelastbare, feststellbare Rollen f\u00fcr einfache Mobilit\u00e4t und Edelstahlkonstruktion f\u00fcr langfristige Zuverl\u00e4ssigkeit.<\/p>\n<\/li>\n<li data-start=\"1941\" data-end=\"2024\">\n<p data-start=\"1943\" data-end=\"2024\"><strong data-start=\"1943\" data-end=\"1964\">Verf\u00fcgbare Optionen<\/strong> - Wassergek\u00fchltes System und Luftschacht f\u00fcr zus\u00e4tzliche Effizienz.<\/p>\n<\/li>\n<\/ul>\n<hr data-start=\"916\" data-end=\"919\" \/>\n<h4 data-start=\"1956\" data-end=\"1995\">Warum sollten Sie sich f\u00fcr den 6250-C \/ 6250A-C entscheiden?<\/h4>\n<p data-start=\"1996\" data-end=\"2307\">Dieses Modell ist ideal f\u00fcr Unternehmen, die eine hohe Leistung bei geringem <strong data-start=\"2063\" data-end=\"2097\">Einphasige 220-V-Stromversorgung<\/strong>, Damit entf\u00e4llt die Notwendigkeit einer kostspieligen dreiphasigen Anlage. Mit seiner zuverl\u00e4ssigen Leistung, dem benutzerfreundlichen Betrieb und der kompakten Stellfl\u00e4che ist er die perfekte Wahl f\u00fcr kleine Gesch\u00e4fte, Kioske, Food Trucks und Start-ups.<\/p>\n<p data-start=\"2309\" data-end=\"2415\">Liefern Sie erstklassigen, cremigen Softeis und maximieren Sie gleichzeitig die Effizienz - mit dem <strong data-start=\"2383\" data-end=\"2412\">Raumfahrer 6250-C \/ 6250A-C<\/strong>.<\/p>\n<h3><strong>Spezifikationen<\/strong><\/h3>\n<table>\n<tbody>\n<tr>\n<td>Geschm\u00e4cker<\/td>\n<td>2 + Drehung<\/td>\n<\/tr>\n<tr>\n<td>Fassungsverm\u00f6gen (80g)<\/td>\n<td>450 Aufschl\u00e4ge\/Stunde<\/td>\n<\/tr>\n<tr>\n<td>Zylinder<\/td>\n<td>2 x 1.7L<\/td>\n<\/tr>\n<tr>\n<td>Trichter<\/td>\n<td>\n<p class=\"p1\">2 x 12L (8L f\u00fcr A)<\/p>\n<\/td>\n<\/tr>\n<tr>\n<td>\n<p class=\"p1\">Leistung (50Hz \/ 60Hz)<\/p>\n<\/td>\n<td>\n<p class=\"p1\">3.3kW \/ 3.6kW<\/p>\n<\/td>\n<\/tr>\n<tr>\n<td>\n<p class=\"p1\">Netto-\/Schiffsgewicht (kg)<\/p>\n<\/td>\n<td>\n<p class=\"p1\">210 \/ 230 220 \/ 240 (A)<\/p>\n<\/td>\n<\/tr>\n<tr>\n<td>\n<p class=\"p1\">Nettoabmessungen (mm)<\/p>\n<\/td>\n<td>\n<p class=\"p1\">532 x 652 x 1474<\/p>\n<\/td>\n<\/tr>\n<tr>\n<td>Schiffsabmessungen (mm)<\/td>\n<td>650 x 820 x 1640<\/td>\n<\/tr>\n<tr>\n<td>\n<p class=\"p1\">Stromversorgung<\/p>\n<\/td>\n<td>\n<p class=\"p1\">220V\/1Ph\/50Hz, 220V\/1Ph\/60Hz<\/p>\n<\/td>\n<\/tr>\n<tr>\n<td>Verf\u00fcgbare Optionen<\/td>\n<td>Wassergek\u00fchlt, Luftschacht<\/td>\n<\/tr>\n<\/tbody>\n<\/table>\n<p>&nbsp;<\/p>\n<p><a style=\"padding: 14px 40px;font-size: 18px;font-weight: 500;color: #324a6d;background: transparent;border: 2px solid #324A6D;border-radius: 40px;text-decoration: none;cursor: pointer\" href=\"https:\/\/dersuessestopp.com\/wp-content\/uploads\/2025\/08\/6250-C-6250A-C.pdf\" target=\"_blank\" rel=\"noopener\">Spezifisches Blatt<br \/>\n<\/a><\/p>","protected":false},"excerpt":{"rendered":"<p>The Spaceman 6250-C \/ 6250A-C is a high-performance twin twist soft serve freezer designed for businesses that need reliable output and consistent quality. Perfect for serving ice cream, frozen yogurt, gelato, custards, and sorbets, this floor-standing, gravity-fed model delivers excellent efficiency and product texture in medium to high-volume outlets. With the ability to produce up [&hellip;]<\/p>\n","protected":false},"featured_media":6353,"comment_status":"open","ping_status":"closed","template":"","meta":[],"product_brand":[],"product_cat":[32],"product_tag":[],"class_list":{"0":"post-6326","1":"product","2":"type-product","3":"status-publish","4":"has-post-thumbnail","6":"product_cat-premier-series","8":"first","9":"instock","10":"shipping-taxable","11":"product-type-simple"},"_links":{"self":[{"href":"https:\/\/dersuessestopp.com\/de\/wp-json\/wp\/v2\/product\/6326","targetHints":{"allow":["GET"]}}],"collection":[{"href":"https:\/\/dersuessestopp.com\/de\/wp-json\/wp\/v2\/product"}],"about":[{"href":"https:\/\/dersuessestopp.com\/de\/wp-json\/wp\/v2\/types\/product"}],"replies":[{"embeddable":true,"href":"https:\/\/dersuessestopp.com\/de\/wp-json\/wp\/v2\/comments?post=6326"}],"version-history":[{"count":14,"href":"https:\/\/dersuessestopp.com\/de\/wp-json\/wp\/v2\/product\/6326\/revisions"}],"predecessor-version":[{"id":6360,"href":"https:\/\/dersuessestopp.com\/de\/wp-json\/wp\/v2\/product\/6326\/revisions\/6360"}],"wp:featuredmedia":[{"embeddable":true,"href":"https:\/\/dersuessestopp.com\/de\/wp-json\/wp\/v2\/media\/6353"}],"wp:attachment":[{"href":"https:\/\/dersuessestopp.com\/de\/wp-json\/wp\/v2\/media?parent=6326"}],"wp:term":[{"taxonomy":"product_brand","embeddable":true,"href":"https:\/\/dersuessestopp.com\/de\/wp-json\/wp\/v2\/product_brand?post=6326"},{"taxonomy":"product_cat","embeddable":true,"href":"https:\/\/dersuessestopp.com\/de\/wp-json\/wp\/v2\/product_cat?post=6326"},{"taxonomy":"product_tag","embeddable":true,"href":"https:\/\/dersuessestopp.com\/de\/wp-json\/wp\/v2\/product_tag?post=6326"}],"curies":[{"name":"wp","href":"https:\/\/api.w.org\/{rel}","templated":true}]}}