{"id":6310,"date":"2025-08-26T11:16:14","date_gmt":"2025-08-26T11:16:14","guid":{"rendered":"https:\/\/dersuessestopp.com\/?post_type=product&#038;p=6310"},"modified":"2025-08-27T09:01:06","modified_gmt":"2025-08-27T09:01:06","slug":"spaceman-6236-c-6236a-c-soft-serve-eismaschine","status":"publish","type":"product","link":"https:\/\/dersuessestopp.com\/de\/product\/spaceman-6236-c-6236a-c-soft-serve-ice-cream-machine\/","title":{"rendered":"Spaceman 6236-C \/ 6236A-C Softeismaschine f\u00fcr Speiseeis"},"content":{"rendered":"<p data-start=\"330\" data-end=\"688\">Die <strong data-start=\"334\" data-end=\"363\">Raumfahrer 6236-C \/ 6236A-C<\/strong> ist eine <strong data-start=\"369\" data-end=\"420\">Gefrierschrank f\u00fcr Softeis mit hohem Fassungsverm\u00f6gen und einzelnen Geschmacksrichtungen<\/strong> wurde f\u00fcr Betreiber entwickelt, die zuverl\u00e4ssige Leistung und gro\u00dfen Output bei kompakter Bauweise ben\u00f6tigen. Mit einer Leistung von bis zu <strong data-start=\"532\" data-end=\"563\">400 Portionen (80 g) pro Stunde<\/strong>, Diese Maschine ist ideal f\u00fcr stark nachgefragte Verkaufsstellen wie Schnellrestaurants, S\u00fc\u00dfwarengesch\u00e4fte und Unterhaltungseinrichtungen.<\/p>\n<p data-start=\"690\" data-end=\"1020\">Verf\u00fcgbar in <strong data-start=\"703\" data-end=\"728\">Schwerkraftzuf\u00fchrung (6236-C)<\/strong> oder <strong data-start=\"732\" data-end=\"755\">Pumpenversorgung (6236A-C)<\/strong>, Die Maschine ist mit der fortschrittlichen Gefriertechnologie von Spaceman ausgestattet, die eine gleichm\u00e4\u00dfige, cremige Konsistenz und einen effizienten Betrieb gew\u00e4hrleistet. Seine <strong data-start=\"889\" data-end=\"912\">gro\u00dfer 3,2-Liter-Zylinder<\/strong> erm\u00f6glicht l\u00e4ngere Laufzeiten zwischen den Nachf\u00fcllungen bei gleichzeitig hervorragender Erholungsgeschwindigkeit f\u00fcr den Dauerbetrieb.<\/p>\n<hr data-start=\"1022\" data-end=\"1025\" \/>\n<h3 data-start=\"1027\" data-end=\"1045\">Wesentliche Merkmale<\/h3>\n<ul data-start=\"1046\" data-end=\"2094\">\n<li data-start=\"1046\" data-end=\"1132\">\n<p data-start=\"1048\" data-end=\"1132\"><strong data-start=\"1048\" data-end=\"1076\">Einzel-Aroma-Dosierung<\/strong> - Einem Geschmack gewidmet, um die Abl\u00e4ufe zu optimieren.<\/p>\n<\/li>\n<li data-start=\"1133\" data-end=\"1230\">\n<p data-start=\"1135\" data-end=\"1230\"><strong data-start=\"1135\" data-end=\"1150\">Hohe Leistung<\/strong> - Produziert bis zu <strong data-start=\"1168\" data-end=\"1190\">400 Portionen (80g)<\/strong> pro Stunde, ideal f\u00fcr stark frequentierte Standorte.<\/p>\n<\/li>\n<li data-start=\"1231\" data-end=\"1324\">\n<p data-start=\"1233\" data-end=\"1324\"><strong data-start=\"1233\" data-end=\"1260\">Gro\u00dfer Gefrierzylinder<\/strong> - 1 \u00d7 3,2-Liter-Zylinder f\u00fcr gr\u00f6\u00dfere Kapazit\u00e4t und schnellere R\u00fcckgewinnung.<\/p>\n<\/li>\n<li data-start=\"1325\" data-end=\"1413\">\n<p data-start=\"1327\" data-end=\"1413\"><strong data-start=\"1327\" data-end=\"1350\">Gek\u00fchlter Trichter<\/strong> - H\u00e4lt die Mischung frisch und sicher (12-Liter-Beh\u00e4lter beim C-Modell, 8-Liter-Beh\u00e4lter beim A-Modell).<\/p>\n<\/li>\n<li data-start=\"1414\" data-end=\"1511\">\n<p data-start=\"1416\" data-end=\"1511\"><strong data-start=\"1416\" data-end=\"1435\">Trichterr\u00fchrwerk<\/strong> - Sorgt f\u00fcr Produktkonsistenz und verhindert das Abl\u00f6sen w\u00e4hrend des Tages.<\/p>\n<\/li>\n<li data-start=\"1512\" data-end=\"1606\">\n<p data-start=\"1514\" data-end=\"1606\"><strong data-start=\"1514\" data-end=\"1534\">Digitale Steuerelemente<\/strong> - Benutzerfreundliche Schnittstelle f\u00fcr Temperatur- und Konsistenzmanagement.<\/p>\n<\/li>\n<li data-start=\"1607\" data-end=\"1699\">\n<p data-start=\"1609\" data-end=\"1699\"><strong data-start=\"1609\" data-end=\"1636\">Standby- und Abtaumodus<\/strong> - Bewahren Sie das Produkt w\u00e4hrend der Stillstandszeiten sicher auf und vereinfachen Sie die Reinigung.<\/p>\n<\/li>\n<li data-start=\"1700\" data-end=\"1792\">\n<p data-start=\"1702\" data-end=\"1792\"><strong data-start=\"1702\" data-end=\"1727\">Soft-Start-Technologie<\/strong> - Verringert den Verschlei\u00df der internen Komponenten und verl\u00e4ngert die Lebensdauer der Maschine.<\/p>\n<\/li>\n<li data-start=\"1793\" data-end=\"1918\">\n<p data-start=\"1795\" data-end=\"1918\"><strong data-start=\"1795\" data-end=\"1823\">Eingebaute Sicherheitsfunktionen<\/strong> - Eine Mischungsanzeige, ein Motor\u00fcberlastungsschutz und Temperaturabschaltungen sichern den Betrieb.<\/p>\n<\/li>\n<li data-start=\"1919\" data-end=\"2031\">\n<p data-start=\"1921\" data-end=\"2031\"><strong data-start=\"1921\" data-end=\"1948\">Langlebiges, kompaktes Design<\/strong> - Konstruktion aus rostfreiem Stahl mit geringer Stellfl\u00e4che, ideal f\u00fcr den gewerblichen Einsatz.<\/p>\n<\/li>\n<li data-start=\"2032\" data-end=\"2094\">\n<p data-start=\"2034\" data-end=\"2094\"><strong data-start=\"2034\" data-end=\"2055\">Verf\u00fcgbare Optionen<\/strong> - Wassergek\u00fchltes System und Luftschacht.<\/p>\n<\/li>\n<\/ul>\n<hr data-start=\"1022\" data-end=\"1025\" \/>\n<h3><strong>Spezifikationen<\/strong><\/h3>\n<p>&nbsp;<\/p>\n<table>\n<tbody>\n<tr>\n<td>Geschm\u00e4cker<\/td>\n<td>1<\/td>\n<\/tr>\n<tr>\n<td>Fassungsverm\u00f6gen (80g)<\/td>\n<td>400 Aufschl\u00e4ge\/Stunde<\/td>\n<\/tr>\n<tr>\n<td>Zylinder<\/td>\n<td>1 x 3.2L<\/td>\n<\/tr>\n<tr>\n<td>Trichter<\/td>\n<td>\n<p class=\"p1\">1 x 12L (8L f\u00fcr A)<\/p>\n<\/td>\n<\/tr>\n<tr>\n<td>\n<p class=\"p1\">Leistung (50Hz \/ 60Hz)<\/p>\n<\/td>\n<td>\n<p class=\"p1\">2,5kW \/ 2,8kW<\/p>\n<\/td>\n<\/tr>\n<tr>\n<td>\n<p class=\"p1\">Netto-\/Schiffsgewicht (kg)<\/p>\n<\/td>\n<td>\n<p class=\"p1\">139 \/ 152 144 \/ 157 (A)<\/p>\n<\/td>\n<\/tr>\n<tr>\n<td>\n<p class=\"p1\">Nettoabmessungen (mm)<\/p>\n<\/td>\n<td>\n<p class=\"p1\">454 x 681 x 930<\/p>\n<\/td>\n<\/tr>\n<tr>\n<td>Schiffsabmessungen (mm)<\/td>\n<td>\n<p class=\"p1\">500 x 870 x 1080<\/p>\n<\/td>\n<\/tr>\n<tr>\n<td>\n<p class=\"p1\">Stromversorgung<\/p>\n<\/td>\n<td>\n<p class=\"p1\">220V\/1Ph\/50Hz, 220V\/1Ph\/60Hz<\/p>\n<\/td>\n<\/tr>\n<tr>\n<td>\n<p class=\"p1\">Verf\u00fcgbare Optionen<\/p>\n<\/td>\n<td>\n<p class=\"p1\">Wassergek\u00fchlt, Luftschacht<\/p>\n<\/td>\n<\/tr>\n<\/tbody>\n<\/table>","protected":false},"excerpt":{"rendered":"<p>The Spaceman 6236-C \/ 6236A-C is a high-capacity, single-flavor soft serve freezer designed for operators who need reliable performance and large output in a compact footprint. Delivering up to 400 servings (80g) per hour, this machine is ideal for high-demand outlets such as quick-service restaurants, dessert shops, and entertainment venues. Available in gravity feed (6236-C) [&hellip;]<\/p>\n","protected":false},"featured_media":6311,"comment_status":"open","ping_status":"closed","template":"","meta":[],"product_brand":[],"product_cat":[32],"product_tag":[],"class_list":{"0":"post-6310","1":"product","2":"type-product","3":"status-publish","4":"has-post-thumbnail","6":"product_cat-premier-series","8":"first","9":"instock","10":"shipping-taxable","11":"product-type-simple"},"_links":{"self":[{"href":"https:\/\/dersuessestopp.com\/de\/wp-json\/wp\/v2\/product\/6310","targetHints":{"allow":["GET"]}}],"collection":[{"href":"https:\/\/dersuessestopp.com\/de\/wp-json\/wp\/v2\/product"}],"about":[{"href":"https:\/\/dersuessestopp.com\/de\/wp-json\/wp\/v2\/types\/product"}],"replies":[{"embeddable":true,"href":"https:\/\/dersuessestopp.com\/de\/wp-json\/wp\/v2\/comments?post=6310"}],"version-history":[{"count":6,"href":"https:\/\/dersuessestopp.com\/de\/wp-json\/wp\/v2\/product\/6310\/revisions"}],"predecessor-version":[{"id":6368,"href":"https:\/\/dersuessestopp.com\/de\/wp-json\/wp\/v2\/product\/6310\/revisions\/6368"}],"wp:featuredmedia":[{"embeddable":true,"href":"https:\/\/dersuessestopp.com\/de\/wp-json\/wp\/v2\/media\/6311"}],"wp:attachment":[{"href":"https:\/\/dersuessestopp.com\/de\/wp-json\/wp\/v2\/media?parent=6310"}],"wp:term":[{"taxonomy":"product_brand","embeddable":true,"href":"https:\/\/dersuessestopp.com\/de\/wp-json\/wp\/v2\/product_brand?post=6310"},{"taxonomy":"product_cat","embeddable":true,"href":"https:\/\/dersuessestopp.com\/de\/wp-json\/wp\/v2\/product_cat?post=6310"},{"taxonomy":"product_tag","embeddable":true,"href":"https:\/\/dersuessestopp.com\/de\/wp-json\/wp\/v2\/product_tag?post=6310"}],"curies":[{"name":"wp","href":"https:\/\/api.w.org\/{rel}","templated":true}]}}