{"id":1380,"date":"2025-05-03T11:35:25","date_gmt":"2025-05-03T11:35:25","guid":{"rendered":"https:\/\/dersuessestopp.com\/product\/slush-maschine-milkshake-maschine\/"},"modified":"2025-09-24T22:47:45","modified_gmt":"2025-09-24T22:47:45","slug":"slush-maschine-milchshake-maschine","status":"publish","type":"product","link":"https:\/\/dersuessestopp.com\/de\/product\/slush-maschine-milkshake-maschine\/","title":{"rendered":"Slush-Maschine \/ Milkshake-Maschine"},"content":{"rendered":"<p><strong>Titel:<\/strong> Gefrorenes Getr\u00e4nk \/ Slush-Maschine \/ Milchshake-Maschine<\/p>\n<p><strong>Kategorie:<\/strong> Einzelgeschmack<\/p>\n<p><strong>Beschreibung:<\/strong><\/p>\n<p>Entdecken Sie die ultimative L\u00f6sung f\u00fcr die Herstellung von Milkshakes, Slusheis, Granitas, Margaritas und anderen Frozen Cocktails - unsere hochleistungsf\u00e4hige Milkshake-Maschine. Diese Maschine erf\u00fcllt jeden Anspruch mit ihrer \u00fcberlegenen Leistungsf\u00e4higkeit.<\/p>\n<ul>\n<li>Eigenschaften: *<\/li>\n<\/ul>\n<ul>\n<li><strong>Typ:<\/strong> Thekenmodell<\/li>\n<li><strong>Material:<\/strong> Edelstahlpaneele<\/li>\n<li><strong>Zylinderkapazit\u00e4t:<\/strong> 6,9 Liter<\/li>\n<li><strong>Trichterkapazit\u00e4t:<\/strong> 11 Liter<\/li>\n<li><strong>Produktionskapazit\u00e4t:<\/strong> 60 Liter pro Stunde<\/li>\n<li><strong>Steuerung:<\/strong> Mikroprozessor reguliert die K\u00fchlung durch Viskosit\u00e4tsmessung zur Aufrechterhaltung optimaler Qualit\u00e4t<\/li>\n<li><strong>Zylinderschutz:<\/strong> Schutz vor \u00dcberfrieren<\/li>\n<li><strong>Vork\u00fchlfunktion:<\/strong> H\u00e4lt die Mischung im Trichter unter 4,4 \u00b0C<\/li>\n<li><strong>Hauptmotor:<\/strong> 1 PS<\/li>\n<li><strong>Leistung:<\/strong> 1,4 kW<\/li>\n<li><strong>Zusatzoptionen:<\/strong> Wasserk\u00fchlung und Frequenzumwandler f\u00fcr geringe Ger\u00e4uschentwicklung<\/li>\n<li><strong>Kompressor:<\/strong> Hermetischer Tecumseh-Kompressor<\/li>\n<\/ul>\n<p>Ideal f\u00fcr gesch\u00e4ftige Zeiten, da sie dank der schnellen Gefrierfunktion keine Wartezeiten erfordert. Ein Muss f\u00fcr jedes Restaurant, Caf\u00e9 oder jede Bar, die ihren Kunden erstklassige gefrorene Getr\u00e4nke anbieten m\u00f6chte.<\/p>","protected":false},"excerpt":{"rendered":"<p>Titel: Frozen Beverage \/ Slush-Maschine \/ Milkshake-Maschine Kategorie: Einzelgeschmack Beschreibung: Entdecken Sie die ultimative L\u00f6sung f\u00fcr die Herstellung von Milkshakes, Slusheis, Granitas, Margaritas und anderen Frozen Cocktails &#8211; unsere hochleistungsf\u00e4hige Milkshake-Maschine. Diese Maschine erf\u00fcllt jeden Anspruch mit ihrer \u00fcberlegenen Leistungsf\u00e4higkeit. Eigenschaften: * Typ: Thekenmodell Material: Edelstahlpaneele Zylinderkapazit\u00e4t: 6,9 Liter Trichterkapazit\u00e4t: 11 Liter Produktionskapazit\u00e4t: 60 Liter [&hellip;]<\/p>\n","protected":false},"featured_media":1703,"comment_status":"open","ping_status":"closed","template":"","meta":[],"product_brand":[21],"product_cat":[66],"product_tag":[],"class_list":{"0":"post-1380","1":"product","2":"type-product","3":"status-publish","4":"has-post-thumbnail","6":"product_brand-der-suse-stopp","7":"product_cat-milkshake-maschines","9":"first","10":"instock","11":"shipping-taxable","12":"purchasable","13":"product-type-simple"},"_links":{"self":[{"href":"https:\/\/dersuessestopp.com\/de\/wp-json\/wp\/v2\/product\/1380","targetHints":{"allow":["GET"]}}],"collection":[{"href":"https:\/\/dersuessestopp.com\/de\/wp-json\/wp\/v2\/product"}],"about":[{"href":"https:\/\/dersuessestopp.com\/de\/wp-json\/wp\/v2\/types\/product"}],"replies":[{"embeddable":true,"href":"https:\/\/dersuessestopp.com\/de\/wp-json\/wp\/v2\/comments?post=1380"}],"version-history":[{"count":1,"href":"https:\/\/dersuessestopp.com\/de\/wp-json\/wp\/v2\/product\/1380\/revisions"}],"predecessor-version":[{"id":9307,"href":"https:\/\/dersuessestopp.com\/de\/wp-json\/wp\/v2\/product\/1380\/revisions\/9307"}],"wp:featuredmedia":[{"embeddable":true,"href":"https:\/\/dersuessestopp.com\/de\/wp-json\/wp\/v2\/media\/1703"}],"wp:attachment":[{"href":"https:\/\/dersuessestopp.com\/de\/wp-json\/wp\/v2\/media?parent=1380"}],"wp:term":[{"taxonomy":"product_brand","embeddable":true,"href":"https:\/\/dersuessestopp.com\/de\/wp-json\/wp\/v2\/product_brand?post=1380"},{"taxonomy":"product_cat","embeddable":true,"href":"https:\/\/dersuessestopp.com\/de\/wp-json\/wp\/v2\/product_cat?post=1380"},{"taxonomy":"product_tag","embeddable":true,"href":"https:\/\/dersuessestopp.com\/de\/wp-json\/wp\/v2\/product_tag?post=1380"}],"curies":[{"name":"wp","href":"https:\/\/api.w.org\/{rel}","templated":true}]}}