{"id":1376,"date":"2025-05-03T11:35:25","date_gmt":"2025-05-03T11:35:25","guid":{"rendered":"https:\/\/dersuessestopp.com\/product\/professionelle-softeismaschine-pasmo-s570-turbo\/"},"modified":"2025-09-24T20:21:31","modified_gmt":"2025-09-24T20:21:31","slug":"professionelle-softeismaschine-pasmo-s570-turbo","status":"publish","type":"product","link":"https:\/\/dersuessestopp.com\/de\/product\/professionelle-softeismaschine-pasmo-s570-turbo\/","title":{"rendered":"Professionelle Softeismaschine Pasmo S570 Turbo"},"content":{"rendered":"<p>Wir pr\u00e4sentieren die Pasmo S970FTurbo, eine bahnbrechende professionelle Softeismaschine mit Pasteurisierungsfunktion. Dieses Spitzenmodell aus der Pasmo-Serie wurde speziell f\u00fcr Eiscreme-Profis entwickelt, die ihre Produktion maximieren wollen und setzt neue Ma\u00dfst\u00e4be in Leistung und Kapazit\u00e4t.<\/p>\n<ul>\n<li><strong>Typ:<\/strong> Bodenmodell<\/li>\n<li><strong>Kapazit\u00e4t:<\/strong>\n<ul>\n<li>Produziert bis zu 80 Liter Softeis pro Stunde<\/li>\n<li>Doppeltes Trichtersystem mit je 12,5 Litern Fassungsverm\u00f6gen<\/li>\n<li>Zylinderkapazit\u00e4t von je 2,5 Litern<\/li>\n<\/ul>\n<\/li>\n<li><strong>Leistung:<\/strong> Gesamtleistung von 4,8 kW<\/li>\n<li><strong>Abmessungen und Gewicht:<\/strong> 829 x 550 x 1553 mm; 270 kg<\/li>\n<li><strong>Merkmale:<\/strong>\n<ul>\n<li>Selbstpr\u00fcfungsfunktion und Mix-Low-Alarm f\u00fcr konstant hochwertiges Eis<\/li>\n<li>SS304 Edelstahl-Schl\u00e4ger f\u00fcr Langlebigkeit und einfache Wartung<\/li>\n<li>Eingebauter Mischer im Hopper f\u00fcr perfekte Zutatenmischung<\/li>\n<li>Zwei EMBRACO\/TECUMSEH Kompressoren mit jeweils 5115BTU\/h Kapazit\u00e4t f\u00fcr schnelle K\u00fchlung<\/li>\n<li>Wahl zwischen Luftk\u00fchlung und optionaler Wasserk\u00fchlung<\/li>\n<li>Fortschrittliches \u00dcberlaufsystem f\u00fcr kontinuierliche Eisabgabe<\/li>\n<li>Leiser Betrieb und Energieeffizienz<\/li>\n<li>Tiefk\u00fchlsystem ohne toten Winkel f\u00fcr verbesserte Hygiene<\/li>\n<li>Pasteurisierungsfunktion f\u00fcr zus\u00e4tzliche Sicherheit und l\u00e4ngere Haltbarkeit<\/li>\n<li>One-Touch-Zyklusheizung f\u00fcr effizientes Auftauen eingefrorener Zylinder<\/li>\n<li>Standby-Funktion zur Aufrechterhaltung optimaler Temperatur \u00fcber Nacht<\/li>\n<li>Luft-Pump-System, das weiches Eis bei reduziertem Energieverbrauch optimiert<\/li>\n<li>Konzipiert f\u00fcr bis zu 14 Tage Betrieb ohne Reinigung<\/li>\n<\/ul>\n<\/li>\n<\/ul>\n<p>Die Pasmo S970FTurbo ist eine hochmoderne Softeismaschine, die eine beeindruckende Kombination aus hoher Kapazit\u00e4t, au\u00dfergew\u00f6hnlicher Qualit\u00e4t und \u00fcberlegener Hygiene bietet. Sie ist eine ideale Investition f\u00fcr Eisdielen und Gastronomiebetriebe, die gro\u00dfe Mengen an Softeis produzieren m\u00f6chten, ohne dabei Abstriche bei Qualit\u00e4t und Hygiene zu machen.<\/p>","protected":false},"excerpt":{"rendered":"<p>Wir pr\u00e4sentieren die Pasmo S970FTurbo, eine bahnbrechende professionelle Softeismaschine mit Pasteurisierungsfunktion. Dieses Spitzenmodell aus der Pasmo-Serie wurde speziell f\u00fcr Eiscreme-Profis entwickelt, die ihre Produktion maximieren wollen und setzt neue Ma\u00dfst\u00e4be in Leistung und Kapazit\u00e4t. Typ: Bodenmodell Kapazit\u00e4t: Produziert bis zu 80 Liter Softeis pro Stunde Doppeltes Hoppersystem mit je 12,5 Litern Fassungsverm\u00f6gen Zylinderkapazit\u00e4t von je [&hellip;]<\/p>\n","protected":false},"featured_media":1704,"comment_status":"open","ping_status":"closed","template":"","meta":[],"product_brand":[],"product_cat":[63],"product_tag":[],"class_list":{"0":"post-1376","1":"product","2":"type-product","3":"status-publish","4":"has-post-thumbnail","6":"product_cat-pasmo","8":"first","9":"instock","10":"shipping-taxable","11":"purchasable","12":"product-type-simple"},"_links":{"self":[{"href":"https:\/\/dersuessestopp.com\/de\/wp-json\/wp\/v2\/product\/1376","targetHints":{"allow":["GET"]}}],"collection":[{"href":"https:\/\/dersuessestopp.com\/de\/wp-json\/wp\/v2\/product"}],"about":[{"href":"https:\/\/dersuessestopp.com\/de\/wp-json\/wp\/v2\/types\/product"}],"replies":[{"embeddable":true,"href":"https:\/\/dersuessestopp.com\/de\/wp-json\/wp\/v2\/comments?post=1376"}],"version-history":[{"count":1,"href":"https:\/\/dersuessestopp.com\/de\/wp-json\/wp\/v2\/product\/1376\/revisions"}],"predecessor-version":[{"id":9284,"href":"https:\/\/dersuessestopp.com\/de\/wp-json\/wp\/v2\/product\/1376\/revisions\/9284"}],"wp:featuredmedia":[{"embeddable":true,"href":"https:\/\/dersuessestopp.com\/de\/wp-json\/wp\/v2\/media\/1704"}],"wp:attachment":[{"href":"https:\/\/dersuessestopp.com\/de\/wp-json\/wp\/v2\/media?parent=1376"}],"wp:term":[{"taxonomy":"product_brand","embeddable":true,"href":"https:\/\/dersuessestopp.com\/de\/wp-json\/wp\/v2\/product_brand?post=1376"},{"taxonomy":"product_cat","embeddable":true,"href":"https:\/\/dersuessestopp.com\/de\/wp-json\/wp\/v2\/product_cat?post=1376"},{"taxonomy":"product_tag","embeddable":true,"href":"https:\/\/dersuessestopp.com\/de\/wp-json\/wp\/v2\/product_tag?post=1376"}],"curies":[{"name":"wp","href":"https:\/\/api.w.org\/{rel}","templated":true}]}}