{"id":12232,"date":"2025-10-09T02:41:41","date_gmt":"2025-10-09T02:41:41","guid":{"rendered":"https:\/\/dersuessestopp.com\/?post_type=product&#038;p=12232"},"modified":"2025-10-09T02:42:24","modified_gmt":"2025-10-09T02:42:24","slug":"12232","status":"publish","type":"product","link":"https:\/\/dersuessestopp.com\/de\/product\/12232\/","title":{"rendered":"GN 400 PS BT"},"content":{"rendered":"<h2><img decoding=\"async\" src=\"https:\/\/customer.klimaitalia.it\/api\/file\/image\/3914\" \/><\/h2>\n<h2>Beschreibung des Produkts<\/h2>\n<p>Die <strong data-start=\"193\" data-end=\"209\">GN 400 PS BT<\/strong> ist eine professionelle <strong data-start=\"228\" data-end=\"254\">statische Tiefk\u00fchltruhe<\/strong> konzipiert f\u00fcr Restaurants, Bars und Cateringbetriebe. Gebaut mit einer <strong data-start=\"327\" data-end=\"368\">Geh\u00e4use aus vorlackiertem, korrosionsgesch\u00fctztem Stahl<\/strong> und <strong data-start=\"373\" data-end=\"389\">ABS-Innenausstattung<\/strong>, Sie gew\u00e4hrleistet Langlebigkeit, Hygiene und Zuverl\u00e4ssigkeit. Betrieb zwischen <strong data-start=\"458\" data-end=\"477\">-22\u00b0C und -15\u00b0C<\/strong>, bietet er eine starke und stabile Gefrierleistung. Ausgestattet mit einem <strong data-start=\"550\" data-end=\"575\">elektronisches Thermostat<\/strong>, <strong data-start=\"577\" data-end=\"595\">manuelle Abtauung<\/strong>, und eine <strong data-start=\"603\" data-end=\"635\">selbstschlie\u00dfende reversible T\u00fcr<\/strong>, Er bietet Effizienz und Praktikabilit\u00e4t f\u00fcr den t\u00e4glichen professionellen Einsatz.<\/p>\n<h2>Technische Daten<\/h2>\n<table>\n<tbody>\n<tr>\n<td>\u00a0Abmessungen mm<\/td>\n<td>GN 400 PS TN<\/td>\n<td>GN 400 PS BT<\/td>\n<td>GN 600 PS TN<\/td>\n<td>GN 600 PS BT<\/td>\n<\/tr>\n<tr>\n<td>\u00c4u\u00dfere Abmessungen (BxTxH)<\/td>\n<td>600 x 625 x 1860<\/td>\n<td>600 x 625 x 1860<\/td>\n<td>775 x 760 x 1860<\/td>\n<td>775 x 760 x 1860<\/td>\n<\/tr>\n<tr>\n<td>Abmessungen der Verpackung (BxTxH)<\/td>\n<td>660 x 725 x 2000<\/td>\n<td>660 x 725 x 2000<\/td>\n<td>850 x 790 x 2000<\/td>\n<td>850 x 790 x 2000<\/td>\n<\/tr>\n<tr>\n<td>Breite<\/td>\n<td>457<\/td>\n<td>457<\/td>\n<td>632<\/td>\n<td>632<\/td>\n<\/tr>\n<tr>\n<td>Tiefe<\/td>\n<td>474<\/td>\n<td>474<\/td>\n<td>610<\/td>\n<td>610<\/td>\n<\/tr>\n<tr>\n<td>H\u00f6he<\/td>\n<td>1600<\/td>\n<td>1600<\/td>\n<td>1600<\/td>\n<td>1600<\/td>\n<\/tr>\n<tr>\n<td>Min. Tiefe<\/td>\n<td>264<\/td>\n<td>264<\/td>\n<td>400<\/td>\n<td>400<\/td>\n<\/tr>\n<tr>\n<td>Min. H\u00f6he<\/td>\n<td>1390<\/td>\n<td>1390<\/td>\n<td>1390<\/td>\n<td>1390<\/td>\n<\/tr>\n<\/tbody>\n<\/table>\n<p>&nbsp;<\/p>\n<table>\n<tbody>\n<tr>\n<td>Technische Merkmale<\/td>\n<td>GN 400 PS TN<\/td>\n<td>GN 400 PS BT<\/td>\n<td>GN 600 PS TN<\/td>\n<td>GN 600 PS BT<\/td>\n<\/tr>\n<tr>\n<td>Temperaturbereich<\/td>\n<td>0 \u00b0C \/ +10 \u00b0C<\/td>\n<td>-22 \u00b0C \/ -15 \u00b0C<\/td>\n<td>0 \u00b0C \/ +10 \u00b0C<\/td>\n<td>-22 \u00b0C \/ -15 \u00b0C<\/td>\n<\/tr>\n<tr>\n<td>Klima-Klasse<\/td>\n<td>4<\/td>\n<td>4<\/td>\n<td>4<\/td>\n<td>4<\/td>\n<\/tr>\n<tr>\n<td>Kapazit\u00e4t<\/td>\n<td>Lt. 400<\/td>\n<td>Lt. 400<\/td>\n<td>Lt. 600<\/td>\n<td>Lt. 600<\/td>\n<\/tr>\n<tr>\n<td>K\u00f6rper<\/td>\n<td>Bandbeschichtetes Blech mit Korrosionsschutzbehandlung<\/td>\n<td>Bandbeschichtetes Blech mit Korrosionsschutzbehandlung<\/td>\n<td>Bandbeschichtetes Blech mit Korrosionsschutzbehandlung<\/td>\n<td>Bandbeschichtetes Blech mit Korrosionsschutzbehandlung<\/td>\n<\/tr>\n<tr>\n<td>Innenauskleidung<\/td>\n<td>ABS<\/td>\n<td>ABS<\/td>\n<td>ABS<\/td>\n<td>ABS<\/td>\n<\/tr>\n<tr>\n<td>Thermostat<\/td>\n<td>Elektronisch<\/td>\n<td>Elektronisch<\/td>\n<td>Elektronisch<\/td>\n<td>Elektronisch<\/td>\n<\/tr>\n<tr>\n<td>Ger\u00e4uschpegel<\/td>\n<td>dB 43,5<\/td>\n<td>dB 38,7<\/td>\n<td>dB 45,9<\/td>\n<td>dB 38,4<\/td>\n<\/tr>\n<tr>\n<td>Fernsteuerung<\/td>\n<td>Optional<\/td>\n<td>Optional<\/td>\n<td>Optional<\/td>\n<td>Optional<\/td>\n<\/tr>\n<tr>\n<td>Dicke der Isolierung<\/td>\n<td>mm 70<\/td>\n<td>mm 70<\/td>\n<td>mm 70<\/td>\n<td>mm 70<\/td>\n<\/tr>\n<tr>\n<td>Abtauen<\/td>\n<td>Automatisch<\/td>\n<td>Handbuch<\/td>\n<td>Automatisch<\/td>\n<td>Handbuch<\/td>\n<\/tr>\n<tr>\n<td>Beleuchtung<\/td>\n<td>1 horizontale LED<\/td>\n<td>1 horizontale LED<\/td>\n<td>1 horizontale LED<\/td>\n<td>1 horizontale LED<\/td>\n<\/tr>\n<tr>\n<td>Selbstschlie\u00dfende T\u00fcr<\/td>\n<td>Ja<\/td>\n<td>Ja<\/td>\n<td>Ja<\/td>\n<td>Ja<\/td>\n<\/tr>\n<tr>\n<td>Schloss und Schl\u00fcssel<\/td>\n<td>Ja<\/td>\n<td>Ja<\/td>\n<td>Ja<\/td>\n<td>Ja<\/td>\n<\/tr>\n<tr>\n<td>R Umkehrbare T\u00fcr<\/td>\n<td>Ja<\/td>\n<td>Ja<\/td>\n<td>Ja<\/td>\n<td>Ja<\/td>\n<\/tr>\n<tr>\n<td>Einlegeb\u00f6den (BxT)<\/td>\n<td>Nr. 5 - 476 x 436 mm + Nr. 1 - 477 x 207 mm<\/td>\n<td>Nr. 6 - 476 x 436 mm<\/td>\n<td>Nr. 5 - 652 x 573 mm + Nr. 1 - 652 x 347 mm<\/td>\n<td>Nr. 6 - 652 x 573 mm<\/td>\n<\/tr>\n<tr>\n<td>Rollen-Fu\u00df<\/td>\n<td>2 F\u00fc\u00dfe + 2 Rollen<\/td>\n<td>2 F\u00fc\u00dfe + 2 Rollen<\/td>\n<td>2 F\u00fc\u00dfe + 2 Rollen<\/td>\n<td>2 F\u00fc\u00dfe + 2 Rollen<\/td>\n<\/tr>\n<tr>\n<td>T\u00fcr<\/td>\n<td>ABS<\/td>\n<td>ABS<\/td>\n<td>ABS<\/td>\n<td>ABS<\/td>\n<\/tr>\n<tr>\n<td>Netto-Brutto Gewicht<\/td>\n<td>Kg 72 \/ 85<\/td>\n<td>Kg 65 \/ 78<\/td>\n<td>Kg 94 \/ 110<\/td>\n<td>Kg 84 \/ 99<\/td>\n<\/tr>\n<tr>\n<td>Spannung<\/td>\n<td>V 220-240<\/td>\n<td>V 220-240<\/td>\n<td>V 220-240<\/td>\n<td>V 220-240<\/td>\n<\/tr>\n<tr>\n<td>Frequenz<\/td>\n<td>Hz 50<\/td>\n<td>Hz 50<\/td>\n<td>Hz 50<\/td>\n<td>Hz 50<\/td>\n<\/tr>\n<tr>\n<td>K\u00e4ltemittel<\/td>\n<td>R600A<\/td>\n<td>R290<\/td>\n<td>R600A<\/td>\n<td>R290<\/td>\n<\/tr>\n<tr>\n<td>Absorption<\/td>\n<td>W 176<\/td>\n<td>W 200<\/td>\n<td>W 194<\/td>\n<td>W 260<\/td>\n<\/tr>\n<tr>\n<td>Energieverbrauch<\/td>\n<td>KwH\/24H 1.374<\/td>\n<td>KwH\/24H 2.933<\/td>\n<td>KwH\/24H 1.709<\/td>\n<td>KwH\/24H 3,695<\/td>\n<\/tr>\n<\/tbody>\n<\/table>","protected":false},"excerpt":{"rendered":"<p>Product Description The GN 400 PS BT is a professional static freezer cabinet designed for restaurants, bars, and catering environments. Built with a pre-painted anti-corrosion steel body and ABS interior, it ensures durability, hygiene, and reliability. Operating between -22\u00b0C and -15\u00b0C, it provides powerful and stable freezing performance. Equipped with an electronic thermostat, manual defrost, [&hellip;]<\/p>\n","protected":false},"featured_media":12224,"comment_status":"open","ping_status":"closed","template":"","meta":[],"product_brand":[],"product_cat":[51],"product_tag":[],"class_list":{"0":"post-12232","1":"product","2":"type-product","3":"status-publish","4":"has-post-thumbnail","6":"product_cat-kitchen-catering-cooling","8":"first","9":"instock","10":"shipping-taxable","11":"product-type-simple"},"_links":{"self":[{"href":"https:\/\/dersuessestopp.com\/de\/wp-json\/wp\/v2\/product\/12232","targetHints":{"allow":["GET"]}}],"collection":[{"href":"https:\/\/dersuessestopp.com\/de\/wp-json\/wp\/v2\/product"}],"about":[{"href":"https:\/\/dersuessestopp.com\/de\/wp-json\/wp\/v2\/types\/product"}],"replies":[{"embeddable":true,"href":"https:\/\/dersuessestopp.com\/de\/wp-json\/wp\/v2\/comments?post=12232"}],"version-history":[{"count":2,"href":"https:\/\/dersuessestopp.com\/de\/wp-json\/wp\/v2\/product\/12232\/revisions"}],"predecessor-version":[{"id":12238,"href":"https:\/\/dersuessestopp.com\/de\/wp-json\/wp\/v2\/product\/12232\/revisions\/12238"}],"wp:featuredmedia":[{"embeddable":true,"href":"https:\/\/dersuessestopp.com\/de\/wp-json\/wp\/v2\/media\/12224"}],"wp:attachment":[{"href":"https:\/\/dersuessestopp.com\/de\/wp-json\/wp\/v2\/media?parent=12232"}],"wp:term":[{"taxonomy":"product_brand","embeddable":true,"href":"https:\/\/dersuessestopp.com\/de\/wp-json\/wp\/v2\/product_brand?post=12232"},{"taxonomy":"product_cat","embeddable":true,"href":"https:\/\/dersuessestopp.com\/de\/wp-json\/wp\/v2\/product_cat?post=12232"},{"taxonomy":"product_tag","embeddable":true,"href":"https:\/\/dersuessestopp.com\/de\/wp-json\/wp\/v2\/product_tag?post=12232"}],"curies":[{"name":"wp","href":"https:\/\/api.w.org\/{rel}","templated":true}]}}