{"id":12106,"date":"2025-10-09T01:56:00","date_gmt":"2025-10-09T01:56:00","guid":{"rendered":"https:\/\/dersuessestopp.com\/?post_type=product&#038;p=12106"},"modified":"2025-10-09T01:56:01","modified_gmt":"2025-10-09T01:56:01","slug":"snack-400-tnf","status":"publish","type":"product","link":"https:\/\/dersuessestopp.com\/de\/product\/snack-400-tnf\/","title":{"rendered":"SNACK 400 TNF"},"content":{"rendered":"<p><img decoding=\"async\" src=\"https:\/\/customer.klimaitalia.it\/api\/file\/image\/6857\" \/><\/p>\n<p>&nbsp;<\/p>\n<h2>Beschreibung des Produkts<\/h2>\n<p>Die <strong data-start=\"230\" data-end=\"247\">SNACK 400 TNF<\/strong> ist eine professionelle <strong data-start=\"266\" data-end=\"309\">bel\u00fcfteter K\u00fchlschrank aus Edelstahl<\/strong> konzipiert f\u00fcr kompakte Gro\u00dfk\u00fcchen, Bars und Catering-Umgebungen. Gebaut aus langlebigem <strong data-start=\"404\" data-end=\"432\">Rostfreier Stahl AISI 304<\/strong>, Sie gew\u00e4hrleistet Hygiene und Langlebigkeit. Betrieb zwischen <strong data-start=\"486\" data-end=\"503\">-2\u00b0C und +8\u00b0C<\/strong>, Er bietet eine effiziente und stabile K\u00fchlung f\u00fcr frische Zutaten. Ausgestattet mit einem <strong data-start=\"584\" data-end=\"609\">elektronisches Thermostat<\/strong>, <strong data-start=\"611\" data-end=\"632\">sanft schlie\u00dfende T\u00fcr<\/strong>, <strong data-start=\"634\" data-end=\"650\">LED-Beleuchtung<\/strong>, und <strong data-start=\"656\" data-end=\"677\">Abtauautomatik<\/strong>, Er liefert zuverl\u00e4ssige Leistung bei geringem Energieverbrauch.<\/p>\n<h2>Technische Daten<\/h2>\n<table>\n<tbody>\n<tr>\n<td>\u00a0Abmessungen mm<\/td>\n<td>SNACK 400 TNF<\/td>\n<td>SNACK 400 BTF<\/td>\n<\/tr>\n<tr>\n<td>\u00c4u\u00dfere Abmessungen (BxTxH)<\/td>\n<td>680 x 715 x 2000*<\/td>\n<td>680 x 715 x 2000*<\/td>\n<\/tr>\n<tr>\n<td>Abmessungen der Verpackung (BxTxH)<\/td>\n<td>710 x 740 x 2170<\/td>\n<td>710 x 740 x 2170<\/td>\n<\/tr>\n<tr>\n<td>Breite<\/td>\n<td>560<\/td>\n<td>624<\/td>\n<\/tr>\n<tr>\n<td>Tiefe<\/td>\n<td>570<\/td>\n<td>700<\/td>\n<\/tr>\n<tr>\n<td>H\u00f6he<\/td>\n<td>1380<\/td>\n<td>1410<\/td>\n<\/tr>\n<tr>\n<td colspan=\"3\">Die Gesamth\u00f6he der Einheiten umfasst die auf die Mindesth\u00f6he eingestellten F\u00fc\u00dfe<\/td>\n<\/tr>\n<\/tbody>\n<\/table>\n<p>&nbsp;<\/p>\n<table>\n<tbody>\n<tr>\n<td>\u00a0Technische Merkmale<\/td>\n<td>SNACK 400 TNF<\/td>\n<td>SNACK 400 BTF<\/td>\n<\/tr>\n<tr>\n<td>Temperaturbereich<\/td>\n<td>-2 \u00b0C \/ +8 \u00b0C<\/td>\n<td>-22 \u00b0C \/ -18 \u00b0C<\/td>\n<\/tr>\n<tr>\n<td>Klima-Klasse<\/td>\n<td>4<\/td>\n<td>4<\/td>\n<\/tr>\n<tr>\n<td>Netto-Brutto-Volumen<\/td>\n<td>Lt. 293 \/ 500<\/td>\n<td>Lt. 293 \/ 500<\/td>\n<\/tr>\n<tr>\n<td>K\u00f6rper<\/td>\n<td>AISI 304 Rostfreier Stahl<\/td>\n<td>AISI 304 Rostfreier Stahl<\/td>\n<\/tr>\n<tr>\n<td>Innenauskleidung<\/td>\n<td>AISI 304 Rostfreier Stahl<\/td>\n<td>AISI 304 Rostfreier Stahl<\/td>\n<\/tr>\n<tr>\n<td>Thermostat<\/td>\n<td>Elektronisch<\/td>\n<td>Elektronisch<\/td>\n<\/tr>\n<tr>\n<td>Ger\u00e4uschpegel<\/td>\n<td>dB 44<\/td>\n<td>dB 46<\/td>\n<\/tr>\n<tr>\n<td>Fernsteuerung<\/td>\n<td>Optional<\/td>\n<td>Optional<\/td>\n<\/tr>\n<tr>\n<td>Dicke der Isolierung<\/td>\n<td>60 mm<\/td>\n<td>60 mm<\/td>\n<\/tr>\n<tr>\n<td>Abtauen<\/td>\n<td>Automatisch mit elektrischer Heizung<\/td>\n<td>Automatisch mit elektrischer Heizung<\/td>\n<\/tr>\n<tr>\n<td>Das K\u00fchlsystem<\/td>\n<td>Verdampfer an der Decke<\/td>\n<td>Verdampfer an der Decke<\/td>\n<\/tr>\n<tr>\n<td>Beleuchtung<\/td>\n<td>Led<\/td>\n<td>Led<\/td>\n<\/tr>\n<tr>\n<td>Selbstschlie\u00dfende T\u00fcr<\/td>\n<td>Sanftes Schlie\u00dfen<\/td>\n<td>Sanftes Schlie\u00dfen<\/td>\n<\/tr>\n<tr>\n<td>Schloss und Schl\u00fcssel<\/td>\n<td>Ja<\/td>\n<td>Ja<\/td>\n<\/tr>\n<tr>\n<td>Umkehrbare T\u00fcr<\/td>\n<td>Ja<\/td>\n<td>Ja<\/td>\n<\/tr>\n<tr>\n<td>Einlegeb\u00f6den (BxT)<\/td>\n<td>Nr. 3 - 530 x 540 mm + Nr. 1 - 525 x 530 mm<\/td>\n<td>Nr. 3 - 530 x 540 mm + Nr. 1 - 525 x 530 mm<\/td>\n<\/tr>\n<tr>\n<td>\u00a0Rollen-Fu\u00df<\/td>\n<td>4 F\u00fc\u00dfe<\/td>\n<td>4 F\u00fc\u00dfe<\/td>\n<\/tr>\n<tr>\n<td>Rollen<\/td>\n<td>Wahlweise - h mm 140<\/td>\n<td>Wahlweise - h mm 140<\/td>\n<\/tr>\n<tr>\n<td>Netto-Brutto Gewicht<\/td>\n<td>Kg 135 \/ 145<\/td>\n<td>Kg 135 \/ 145<\/td>\n<\/tr>\n<tr>\n<td>Spannung<\/td>\n<td>V 220-240<\/td>\n<td>V 220-240<\/td>\n<\/tr>\n<tr>\n<td>Frequenz<\/td>\n<td>Hz 50<\/td>\n<td>Hz 50<\/td>\n<\/tr>\n<tr>\n<td>K\u00e4ltemittel<\/td>\n<td>R600A<\/td>\n<td>R290<\/td>\n<\/tr>\n<tr>\n<td>Absorption<\/td>\n<td>W 255<\/td>\n<td>W 510<\/td>\n<\/tr>\n<tr>\n<td>Energieverbrauch<\/td>\n<td>KwH\/24H 1,46<\/td>\n<td>KwH\/24H 5,25<\/td>\n<\/tr>\n<\/tbody>\n<\/table>","protected":false},"excerpt":{"rendered":"<p>&nbsp; Product Description The SNACK 400 TNF is a professional ventilated stainless steel refrigerator designed for compact commercial kitchens, bars, and catering environments. Built from durable AISI 304 stainless steel, it ensures hygiene and longevity. Operating between -2\u00b0C and +8\u00b0C, it offers efficient and stable cooling for fresh ingredients. Equipped with an electronic thermostat, soft-closing [&hellip;]<\/p>\n","protected":false},"featured_media":12107,"comment_status":"open","ping_status":"closed","template":"","meta":[],"product_brand":[],"product_cat":[51],"product_tag":[],"class_list":{"0":"post-12106","1":"product","2":"type-product","3":"status-publish","4":"has-post-thumbnail","6":"product_cat-kitchen-catering-cooling","8":"first","9":"instock","10":"shipping-taxable","11":"product-type-simple"},"_links":{"self":[{"href":"https:\/\/dersuessestopp.com\/de\/wp-json\/wp\/v2\/product\/12106","targetHints":{"allow":["GET"]}}],"collection":[{"href":"https:\/\/dersuessestopp.com\/de\/wp-json\/wp\/v2\/product"}],"about":[{"href":"https:\/\/dersuessestopp.com\/de\/wp-json\/wp\/v2\/types\/product"}],"replies":[{"embeddable":true,"href":"https:\/\/dersuessestopp.com\/de\/wp-json\/wp\/v2\/comments?post=12106"}],"version-history":[{"count":1,"href":"https:\/\/dersuessestopp.com\/de\/wp-json\/wp\/v2\/product\/12106\/revisions"}],"predecessor-version":[{"id":12108,"href":"https:\/\/dersuessestopp.com\/de\/wp-json\/wp\/v2\/product\/12106\/revisions\/12108"}],"wp:featuredmedia":[{"embeddable":true,"href":"https:\/\/dersuessestopp.com\/de\/wp-json\/wp\/v2\/media\/12107"}],"wp:attachment":[{"href":"https:\/\/dersuessestopp.com\/de\/wp-json\/wp\/v2\/media?parent=12106"}],"wp:term":[{"taxonomy":"product_brand","embeddable":true,"href":"https:\/\/dersuessestopp.com\/de\/wp-json\/wp\/v2\/product_brand?post=12106"},{"taxonomy":"product_cat","embeddable":true,"href":"https:\/\/dersuessestopp.com\/de\/wp-json\/wp\/v2\/product_cat?post=12106"},{"taxonomy":"product_tag","embeddable":true,"href":"https:\/\/dersuessestopp.com\/de\/wp-json\/wp\/v2\/product_tag?post=12106"}],"curies":[{"name":"wp","href":"https:\/\/api.w.org\/{rel}","templated":true}]}}