{"id":12060,"date":"2025-10-09T01:31:21","date_gmt":"2025-10-09T01:31:21","guid":{"rendered":"https:\/\/dersuessestopp.com\/?post_type=product&#038;p=12060"},"modified":"2025-10-09T01:31:21","modified_gmt":"2025-10-09T01:31:21","slug":"axf-700-bt","status":"publish","type":"product","link":"https:\/\/dersuessestopp.com\/de\/product\/axf-700-bt\/","title":{"rendered":"AXF 700 BT"},"content":{"rendered":"<p><img decoding=\"async\" src=\"https:\/\/customer.klimaitalia.it\/api\/file\/image\/6601\" \/><\/p>\n<p>&nbsp;<\/p>\n<h2>Beschreibung des Produkts<\/h2>\n<p data-start=\"210\" data-end=\"662\">Die <strong data-start=\"214\" data-end=\"228\">AXF 700 BT<\/strong> ist eine professionelle <strong data-start=\"247\" data-end=\"285\">bel\u00fcfteter Gefrierschrank aus Edelstahl<\/strong> Gebrauch: F\u00fcr Gro\u00dfk\u00fcchen, Hotels und Catering. Betrieb in einer <strong data-start=\"370\" data-end=\"409\">Temperaturbereich von -22\u00b0C bis -18\u00b0C<\/strong>, Sie gew\u00e4hrleistet eine effiziente und stabile Gefrierleistung. Gebaut aus <strong data-start=\"476\" data-end=\"504\">Rostfreier Stahl AISI 304<\/strong>, bietet es einen <strong data-start=\"521\" data-end=\"546\">elektronisches Thermostat<\/strong>, <strong data-start=\"548\" data-end=\"569\">sanft schlie\u00dfende T\u00fcr<\/strong>, <strong data-start=\"571\" data-end=\"587\">LED-Beleuchtung<\/strong>, und <strong data-start=\"593\" data-end=\"623\">automatische elektrische Abtauung<\/strong> f\u00fcr einfache Wartung und Langlebigkeit.<\/p>\n<p data-start=\"664\" data-end=\"683\"><strong data-start=\"664\" data-end=\"681\">Wesentliche Merkmale:<\/strong><\/p>\n<ul data-start=\"684\" data-end=\"1063\">\n<li data-start=\"684\" data-end=\"725\">\n<p data-start=\"686\" data-end=\"725\"><strong data-start=\"686\" data-end=\"708\">Temperaturbereich:<\/strong> -22\u00b0C bis -18\u00b0C<\/p>\n<\/li>\n<li data-start=\"726\" data-end=\"749\">\n<p data-start=\"728\" data-end=\"749\"><strong data-start=\"728\" data-end=\"741\">Kapazit\u00e4t:<\/strong> 427 L<\/p>\n<\/li>\n<li data-start=\"750\" data-end=\"800\">\n<p data-start=\"752\" data-end=\"800\"><strong data-start=\"752\" data-end=\"780\">Rostfreier Stahl AISI 304<\/strong> Karosserie und Innenausstattung<\/p>\n<\/li>\n<li data-start=\"801\" data-end=\"842\">\n<p data-start=\"803\" data-end=\"842\"><strong data-start=\"803\" data-end=\"840\">K\u00fchlsystem f\u00fcr bel\u00fcftete Decken<\/strong><\/p>\n<\/li>\n<li data-start=\"843\" data-end=\"877\">\n<p data-start=\"845\" data-end=\"877\"><strong data-start=\"845\" data-end=\"875\">Automatische elektrische Abtauung<\/strong><\/p>\n<\/li>\n<li data-start=\"878\" data-end=\"931\">\n<p data-start=\"880\" data-end=\"931\"><strong data-start=\"880\" data-end=\"915\">Sanft schlie\u00dfende, selbstschlie\u00dfende T\u00fcr<\/strong> mit <strong data-start=\"921\" data-end=\"929\">sperren<\/strong><\/p>\n<\/li>\n<li data-start=\"932\" data-end=\"982\">\n<p data-start=\"934\" data-end=\"982\"><strong data-start=\"934\" data-end=\"950\">LED-Beleuchtung<\/strong>, <strong data-start=\"952\" data-end=\"980\">Smart Link WiFi optional<\/strong><\/p>\n<\/li>\n<li data-start=\"983\" data-end=\"1023\">\n<p data-start=\"985\" data-end=\"1023\"><strong data-start=\"985\" data-end=\"1008\">Energieverbrauch:<\/strong> 6,57 kWh\/24h<\/p>\n<\/li>\n<li data-start=\"1024\" data-end=\"1063\">\n<p data-start=\"1026\" data-end=\"1063\"><strong data-start=\"1026\" data-end=\"1041\">Abmessungen:<\/strong> 740 \u00d7 830 \u00d7 2010 mm<\/p>\n<\/li>\n<\/ul>\n<h2>Technische Daten<\/h2>\n<table>\n<tbody>\n<tr>\n<td>Abmessungen mm<\/td>\n<td>AXF 700 TN<\/td>\n<td>AXF 700 TNG<\/td>\n<td>AXF 700 BT<\/td>\n<td>AXF 700 BTG<\/td>\n<\/tr>\n<tr>\n<td>\u00c4u\u00dfere Abmessungen (BxTxH)<\/td>\n<td>740 x 830 x 2010*<\/td>\n<td>740 x 830 x 2010*<\/td>\n<td>740 x 830 x 2010*<\/td>\n<td>680 x 845 x 2000*<\/td>\n<\/tr>\n<tr>\n<td>Abmessungen der Verpackung (BxTxH)<\/td>\n<td>765 x 855 x 2070<\/td>\n<td>765 x 855 x 2070<\/td>\n<td>765 x 855 x 2070<\/td>\n<td>710 x 875 x 2050<\/td>\n<\/tr>\n<tr>\n<td>Breite<\/td>\n<td>624<\/td>\n<td>624<\/td>\n<td>624<\/td>\n<td>560<\/td>\n<\/tr>\n<tr>\n<td>Tiefe<\/td>\n<td>700<\/td>\n<td>700<\/td>\n<td>700<\/td>\n<td>680<\/td>\n<\/tr>\n<tr>\n<td>H\u00f6he<\/td>\n<td>1410<\/td>\n<td>1410<\/td>\n<td>1410<\/td>\n<td>1380<\/td>\n<\/tr>\n<tr>\n<td colspan=\"5\">Die Gesamth\u00f6he der Einheiten umfasst die auf die Mindesth\u00f6he eingestellten F\u00fc\u00dfe<\/td>\n<\/tr>\n<\/tbody>\n<\/table>\n<p>&nbsp;<\/p>\n<table>\n<tbody>\n<tr>\n<td>\u00a0Technische Merkmale<\/td>\n<td>AXF 700 TN<\/td>\n<td>AXF 700 TNG<\/td>\n<td>AXF 700 BT<\/td>\n<td>AXF 700 BTG<\/td>\n<\/tr>\n<tr>\n<td>Temperaturbereich<\/td>\n<td>-2 \u00b0C \/ +8 \u00b0C<\/td>\n<td>+2 \u00b0C \/ +8 \u00b0C<\/td>\n<td>-22 \u00b0C \/ -18 \u00b0C<\/td>\n<td>-22 \u00b0C \/ -18 \u00b0C<\/td>\n<\/tr>\n<tr>\n<td>Klima-Klasse<\/td>\n<td>5<\/td>\n<td>4<\/td>\n<td>4<\/td>\n<td>4<\/td>\n<\/tr>\n<tr>\n<td>Netto-Brutto-Volumen<\/td>\n<td>Lt. 427 \/ 685<\/td>\n<td>Lt. 416 \/ 685<\/td>\n<td>Lt. 427 \/ 685<\/td>\n<td>Lt. 339 \/ 537<\/td>\n<\/tr>\n<tr>\n<td>K\u00f6rper<\/td>\n<td colspan=\"2\">AISI 304 Rostfreier Stahl<\/td>\n<td colspan=\"2\">AISI 304 Rostfreier Stahl<\/td>\n<\/tr>\n<tr>\n<td>T\u00fcr<\/td>\n<td>&#8211;<\/td>\n<td>Glas<\/td>\n<td>&#8211;<\/td>\n<td>Glas<\/td>\n<\/tr>\n<tr>\n<td>Innenauskleidung<\/td>\n<td colspan=\"2\">AISI 304 Rostfreier Stahl<\/td>\n<td colspan=\"2\">AISI 304 Rostfreier Stahl<\/td>\n<\/tr>\n<tr>\n<td>Thermostat<\/td>\n<td colspan=\"2\">Elektronisch<\/td>\n<td colspan=\"2\">Elektronisch<\/td>\n<\/tr>\n<tr>\n<td>Ger\u00e4uschpegel<\/td>\n<td>dB 52<\/td>\n<td>dB 52<\/td>\n<td>dB 48<\/td>\n<td>dB 52<\/td>\n<\/tr>\n<tr>\n<td>Fernsteuerung<\/td>\n<td>Optional<\/td>\n<td>Optional<\/td>\n<td>Optional<\/td>\n<td>Optional<\/td>\n<\/tr>\n<tr>\n<td>Dicke der Isolierung<\/td>\n<td>60 mm<\/td>\n<td>60 mm<\/td>\n<td>60 mm<\/td>\n<td>60 mm<\/td>\n<\/tr>\n<tr>\n<td>Abtauen<\/td>\n<td colspan=\"2\">Automatisch mit elektrischer Heizung<\/td>\n<td colspan=\"2\">Automatisch mit elektrischer Heizung<\/td>\n<\/tr>\n<tr>\n<td>Das K\u00fchlsystem<\/td>\n<td colspan=\"2\">Verdampfer an der Decke<\/td>\n<td colspan=\"2\">Verdampfer an der Decke<\/td>\n<\/tr>\n<tr>\n<td>Beleuchtung<\/td>\n<td>Led 220 \/ 0,6 W<\/td>\n<td>Led 24V \/ 2,7 W<\/td>\n<td>Led 220 \/ 0,6 W<\/td>\n<td>Led 24V \/ 2,7 W<\/td>\n<\/tr>\n<tr>\n<td>Selbstschlie\u00dfende T\u00fcr<\/td>\n<td colspan=\"2\">Sanftes Schlie\u00dfen<\/td>\n<td colspan=\"2\">Sanftes Schlie\u00dfen<\/td>\n<\/tr>\n<tr>\n<td>Schloss und Schl\u00fcssel<\/td>\n<td>Ja<\/td>\n<td>Ja<\/td>\n<td>Ja<\/td>\n<td>Ja<\/td>\n<\/tr>\n<tr>\n<td>Umkehrbare T\u00fcr<\/td>\n<td>Ja<\/td>\n<td>&#8211;<\/td>\n<td>Ja<\/td>\n<td>&#8211;<\/td>\n<\/tr>\n<tr>\n<td>Einlegeb\u00f6den (BxT)<\/td>\n<td colspan=\"2\">Nr. 3 - mm 534 x 650 + Nr. 1 - mm 536 x 650<\/td>\n<td>Nr. 3 - mm 534 x 650 + Nr. 1 - mm 536 x 650<\/td>\n<td>Nr. 3 - 534 x 640 mm + Nr. 1 - 525 x 630 mm<\/td>\n<\/tr>\n<tr>\n<td>Rollen-Fu\u00df<\/td>\n<td colspan=\"2\">4 F\u00fc\u00dfe<\/td>\n<td colspan=\"2\">4 F\u00fc\u00dfe<\/td>\n<\/tr>\n<tr>\n<td>Rollen<\/td>\n<td colspan=\"2\">Wahlweise - h mm 140<\/td>\n<td colspan=\"2\">Wahlweise - h mm 140<\/td>\n<\/tr>\n<tr>\n<td>Netto-Brutto Gewicht<\/td>\n<td>Kg 134 \/ 143<\/td>\n<td>Kg 138 \/ 147<\/td>\n<td>Kg 138 \/ 147<\/td>\n<td>Kg 148 \/ 158<\/td>\n<\/tr>\n<tr>\n<td>Spannung<\/td>\n<td>V 220-240<\/td>\n<td>V 220-240<\/td>\n<td>V 220-240<\/td>\n<td>V 220-240<\/td>\n<\/tr>\n<tr>\n<td>Frequenz<\/td>\n<td>Hz 50<\/td>\n<td>Hz 50<\/td>\n<td>Hz 50<\/td>\n<td>Hz 50<\/td>\n<\/tr>\n<tr>\n<td>K\u00e4ltemittel<\/td>\n<td>R600 \/ R290<\/td>\n<td>R290<\/td>\n<td>R290<\/td>\n<td>R290<\/td>\n<\/tr>\n<tr>\n<td>Absorption<\/td>\n<td>W 250<\/td>\n<td>W 315<\/td>\n<td>W 500<\/td>\n<td>W 610<\/td>\n<\/tr>\n<tr>\n<td>Energieverbrauch<\/td>\n<td>KwH\/24H 1.536<\/td>\n<td>KwH\/24H 2.596<\/td>\n<td>KwH\/24H 6,57<\/td>\n<td>KwH\/24H 8,279<\/td>\n<\/tr>\n<\/tbody>\n<\/table>","protected":false},"excerpt":{"rendered":"<p>&nbsp; Product Description The AXF 700 BT is a professional ventilated stainless steel freezer designed for commercial kitchens, hotels, and catering environments. Operating in a temperature range of -22\u00b0C to -18\u00b0C, it ensures efficient and stable freezing performance. Built from AISI 304 stainless steel, it features an electronic thermostat, soft-closing door, LED lighting, and automatic [&hellip;]<\/p>\n","protected":false},"featured_media":12061,"comment_status":"open","ping_status":"closed","template":"","meta":[],"product_brand":[],"product_cat":[51],"product_tag":[],"class_list":{"0":"post-12060","1":"product","2":"type-product","3":"status-publish","4":"has-post-thumbnail","6":"product_cat-kitchen-catering-cooling","8":"first","9":"instock","10":"shipping-taxable","11":"product-type-simple"},"_links":{"self":[{"href":"https:\/\/dersuessestopp.com\/de\/wp-json\/wp\/v2\/product\/12060","targetHints":{"allow":["GET"]}}],"collection":[{"href":"https:\/\/dersuessestopp.com\/de\/wp-json\/wp\/v2\/product"}],"about":[{"href":"https:\/\/dersuessestopp.com\/de\/wp-json\/wp\/v2\/types\/product"}],"replies":[{"embeddable":true,"href":"https:\/\/dersuessestopp.com\/de\/wp-json\/wp\/v2\/comments?post=12060"}],"version-history":[{"count":1,"href":"https:\/\/dersuessestopp.com\/de\/wp-json\/wp\/v2\/product\/12060\/revisions"}],"predecessor-version":[{"id":12062,"href":"https:\/\/dersuessestopp.com\/de\/wp-json\/wp\/v2\/product\/12060\/revisions\/12062"}],"wp:featuredmedia":[{"embeddable":true,"href":"https:\/\/dersuessestopp.com\/de\/wp-json\/wp\/v2\/media\/12061"}],"wp:attachment":[{"href":"https:\/\/dersuessestopp.com\/de\/wp-json\/wp\/v2\/media?parent=12060"}],"wp:term":[{"taxonomy":"product_brand","embeddable":true,"href":"https:\/\/dersuessestopp.com\/de\/wp-json\/wp\/v2\/product_brand?post=12060"},{"taxonomy":"product_cat","embeddable":true,"href":"https:\/\/dersuessestopp.com\/de\/wp-json\/wp\/v2\/product_cat?post=12060"},{"taxonomy":"product_tag","embeddable":true,"href":"https:\/\/dersuessestopp.com\/de\/wp-json\/wp\/v2\/product_tag?post=12060"}],"curies":[{"name":"wp","href":"https:\/\/api.w.org\/{rel}","templated":true}]}}