{"id":12016,"date":"2025-10-09T00:54:21","date_gmt":"2025-10-09T00:54:21","guid":{"rendered":"https:\/\/dersuessestopp.com\/?post_type=product&#038;p=12016"},"modified":"2025-10-09T00:54:21","modified_gmt":"2025-10-09T00:54:21","slug":"ca-03-oben","status":"publish","type":"product","link":"https:\/\/dersuessestopp.com\/de\/product\/abt-03-top\/","title":{"rendered":"ABT 03 TOP"},"content":{"rendered":"<p><img decoding=\"async\" src=\"https:\/\/customer.klimaitalia.it\/api\/file\/image\/5036\" \/><\/p>\n<h2>Beschreibung des Produkts<\/h2>\n<p data-start=\"240\" data-end=\"787\">Die <strong data-start=\"244\" data-end=\"258\">ABT 03 TOP<\/strong> ist eine professionelle <strong data-start=\"277\" data-end=\"294\">Gebl\u00e4sek\u00fchler<\/strong> konzipiert f\u00fcr schnelles K\u00fchlen und Gefrieren in Gro\u00dfk\u00fcchen, B\u00e4ckereien und Cateringbetrieben. Gebaut aus <strong data-start=\"407\" data-end=\"435\">Rostfreier Stahl AISI 304<\/strong>, Sie gew\u00e4hrleistet Langlebigkeit, Hygiene und einfache Reinigung. Mit einer <strong data-start=\"498\" data-end=\"538\">Temperaturbereich von -35\u00b0C bis +5\u00b0C<\/strong>, Er senkt die Kerntemperatur von Lebensmitteln effizient von +70\u00b0C auf +3\u00b0C in 90 Minuten oder auf -18\u00b0C in 240 Minuten. Die <strong data-start=\"650\" data-end=\"675\">elektronisches Thermostat<\/strong> garantiert eine pr\u00e4zise Kontrolle, w\u00e4hrend die <strong data-start=\"714\" data-end=\"751\">Verdampfer mit Korrosionsschutzbehandlung<\/strong> gew\u00e4hrleistet eine lang anhaltende Leistung.<\/p>\n<p data-start=\"789\" data-end=\"808\"><strong data-start=\"789\" data-end=\"806\">Wesentliche Merkmale:<\/strong><\/p>\n<ul data-start=\"809\" data-end=\"1255\">\n<li data-start=\"809\" data-end=\"849\">\n<p data-start=\"811\" data-end=\"849\"><strong data-start=\"811\" data-end=\"833\">Temperaturbereich:<\/strong> -35\u00b0C bis +5\u00b0C<\/p>\n<\/li>\n<li data-start=\"850\" data-end=\"894\">\n<p data-start=\"852\" data-end=\"894\"><strong data-start=\"852\" data-end=\"865\">Kapazit\u00e4t:<\/strong> 3 GN 2\/3 Pfannen (354\u00d7325 mm)<\/p>\n<\/li>\n<li data-start=\"895\" data-end=\"953\">\n<p data-start=\"897\" data-end=\"953\"><strong data-start=\"897\" data-end=\"916\">K\u00e4lteschock:<\/strong> +70\u00b0C bis +3\u00b0C in 90 Minuten (8 kg)<\/p>\n<\/li>\n<li data-start=\"954\" data-end=\"1008\">\n<p data-start=\"956\" data-end=\"1008\"><strong data-start=\"956\" data-end=\"969\">Einfrieren:<\/strong> +70\u00b0C bis -18\u00b0C in 240 Minuten (5 kg)<\/p>\n<\/li>\n<li data-start=\"1009\" data-end=\"1059\">\n<p data-start=\"1011\" data-end=\"1059\"><strong data-start=\"1011\" data-end=\"1039\">Rostfreier Stahl AISI 304<\/strong> Karosserie und Innenausstattung<\/p>\n<\/li>\n<li data-start=\"1060\" data-end=\"1109\">\n<p data-start=\"1062\" data-end=\"1109\"><strong data-start=\"1062\" data-end=\"1087\">Elektronischer Thermostat<\/strong> f\u00fcr pr\u00e4zise Kontrolle<\/p>\n<\/li>\n<li data-start=\"1110\" data-end=\"1151\">\n<p data-start=\"1112\" data-end=\"1151\"><strong data-start=\"1112\" data-end=\"1149\">Anti-Korrosions-behandelter Verdampfer<\/strong><\/p>\n<\/li>\n<li data-start=\"1152\" data-end=\"1174\">\n<p data-start=\"1154\" data-end=\"1174\"><strong data-start=\"1154\" data-end=\"1172\">Manuelle Abtauung<\/strong><\/p>\n<\/li>\n<li data-start=\"1175\" data-end=\"1216\">\n<p data-start=\"1177\" data-end=\"1216\"><strong data-start=\"1177\" data-end=\"1214\">Energieeffizientes K\u00e4ltemittel R290<\/strong><\/p>\n<\/li>\n<li data-start=\"1217\" data-end=\"1255\">\n<p data-start=\"1219\" data-end=\"1255\"><strong data-start=\"1219\" data-end=\"1234\">Abmessungen:<\/strong> 660 \u00d7 650 \u00d7 430 mm<\/p>\n<\/li>\n<\/ul>\n<h2>Technische Daten<\/h2>\n<table>\n<tbody>\n<tr>\n<td>\u00a0Abmessungen mm<\/td>\n<td>ABT 03 TOP<\/td>\n<\/tr>\n<tr>\n<td>\u00c4u\u00dfere Abmessungen (BxTxH)<\/td>\n<td>660 x 650 x 430<\/td>\n<\/tr>\n<tr>\n<td>Abmessungen der Verpackung (BxTxH)<\/td>\n<td>730 x 740 x 580<\/td>\n<\/tr>\n<tr>\n<td>Breite<\/td>\n<td>340<\/td>\n<\/tr>\n<tr>\n<td>Tiefe<\/td>\n<td>510<\/td>\n<\/tr>\n<tr>\n<td>H\u00f6he<\/td>\n<td>270<\/td>\n<\/tr>\n<\/tbody>\n<\/table>\n<p>&nbsp;<\/p>\n<table>\n<tbody>\n<tr>\n<td>Technische Merkmale<\/td>\n<td>ABT 03 TOP<\/td>\n<\/tr>\n<tr>\n<td>Temperaturbereich<\/td>\n<td>-35 \u00b0C \/ +5 \u00b0C<\/td>\n<\/tr>\n<tr>\n<td>Klima-Klasse<\/td>\n<td>5<\/td>\n<\/tr>\n<tr>\n<td>Netto-Brutto-Volumen<\/td>\n<td>Lt. 30 \/ 33<\/td>\n<\/tr>\n<tr>\n<td>K\u00f6rper<\/td>\n<td>AISI 304 Rostfreier Stahl<\/td>\n<\/tr>\n<tr>\n<td>Inner Liner, inklusive Verdampferabdeckung<\/td>\n<td>AISI 304 Rostfreier Stahl<\/td>\n<\/tr>\n<tr>\n<td>Thermostat<\/td>\n<td>Elektronisch<\/td>\n<\/tr>\n<tr>\n<td>Ger\u00e4uschpegel<\/td>\n<td>dB 42<\/td>\n<\/tr>\n<tr>\n<td>Dicke der Isolierung<\/td>\n<td>60 mm<\/td>\n<\/tr>\n<tr>\n<td>Abtauen<\/td>\n<td>Handbuch<\/td>\n<\/tr>\n<tr>\n<td>Schockabk\u00fchlung von 70 C\u00b0 bis +3\u00b0C<\/td>\n<td>Minuten<\/td>\n<\/tr>\n<tr>\n<td>Schockk\u00fchlung von 70 C\u00b0 bis -18\u00b0C<\/td>\n<td>Minuten<\/td>\n<\/tr>\n<tr>\n<td>Fassungsverm\u00f6gen und Abmessungen (BxT) - T\u00f6pfe (nicht enthalten)<\/td>\n<td>Pfannen<\/td>\n<\/tr>\n<tr>\n<td>\u00a0Rollen-Fu\u00df<\/td>\n<td>4 F\u00fc\u00dfe<\/td>\n<\/tr>\n<tr>\n<td>Netto-Brutto Gewicht<\/td>\n<td>Kg 42 \/ 52<\/td>\n<\/tr>\n<tr>\n<td>Spannung<\/td>\n<td>V 220<\/td>\n<\/tr>\n<tr>\n<td>Frequenz<\/td>\n<td>Hz 50<\/td>\n<\/tr>\n<tr>\n<td>K\u00e4ltemittel<\/td>\n<td>R290<\/td>\n<\/tr>\n<tr>\n<td>Absorption<\/td>\n<td>W 500<\/td>\n<\/tr>\n<\/tbody>\n<\/table>","protected":false},"excerpt":{"rendered":"<p>Product Description The ABT 03 TOP is a professional blast chiller designed for rapid cooling and freezing in commercial kitchens, bakeries, and catering environments. Built from AISI 304 stainless steel, it ensures durability, hygiene, and ease of cleaning. With a temperature range from -35\u00b0C to +5\u00b0C, it efficiently reduces food core temperature from +70\u00b0C to [&hellip;]<\/p>\n","protected":false},"featured_media":12017,"comment_status":"open","ping_status":"closed","template":"","meta":[],"product_brand":[],"product_cat":[51],"product_tag":[],"class_list":{"0":"post-12016","1":"product","2":"type-product","3":"status-publish","4":"has-post-thumbnail","6":"product_cat-kitchen-catering-cooling","8":"first","9":"instock","10":"shipping-taxable","11":"product-type-simple"},"_links":{"self":[{"href":"https:\/\/dersuessestopp.com\/de\/wp-json\/wp\/v2\/product\/12016","targetHints":{"allow":["GET"]}}],"collection":[{"href":"https:\/\/dersuessestopp.com\/de\/wp-json\/wp\/v2\/product"}],"about":[{"href":"https:\/\/dersuessestopp.com\/de\/wp-json\/wp\/v2\/types\/product"}],"replies":[{"embeddable":true,"href":"https:\/\/dersuessestopp.com\/de\/wp-json\/wp\/v2\/comments?post=12016"}],"version-history":[{"count":1,"href":"https:\/\/dersuessestopp.com\/de\/wp-json\/wp\/v2\/product\/12016\/revisions"}],"predecessor-version":[{"id":12018,"href":"https:\/\/dersuessestopp.com\/de\/wp-json\/wp\/v2\/product\/12016\/revisions\/12018"}],"wp:featuredmedia":[{"embeddable":true,"href":"https:\/\/dersuessestopp.com\/de\/wp-json\/wp\/v2\/media\/12017"}],"wp:attachment":[{"href":"https:\/\/dersuessestopp.com\/de\/wp-json\/wp\/v2\/media?parent=12016"}],"wp:term":[{"taxonomy":"product_brand","embeddable":true,"href":"https:\/\/dersuessestopp.com\/de\/wp-json\/wp\/v2\/product_brand?post=12016"},{"taxonomy":"product_cat","embeddable":true,"href":"https:\/\/dersuessestopp.com\/de\/wp-json\/wp\/v2\/product_cat?post=12016"},{"taxonomy":"product_tag","embeddable":true,"href":"https:\/\/dersuessestopp.com\/de\/wp-json\/wp\/v2\/product_tag?post=12016"}],"curies":[{"name":"wp","href":"https:\/\/api.w.org\/{rel}","templated":true}]}}