{"id":10738,"date":"2025-09-29T15:01:22","date_gmt":"2025-09-29T15:01:22","guid":{"rendered":"https:\/\/dersuessestopp.com\/?post_type=product&#038;p=10738"},"modified":"2025-09-29T15:01:41","modified_gmt":"2025-09-29T15:01:41","slug":"cl-801-v2gc-sl-weis-2","status":"publish","type":"product","link":"https:\/\/dersuessestopp.com\/de\/product\/cl-801-v2gc-sl-white-2\/","title":{"rendered":"CL 801 V2GC SL WEISS"},"content":{"rendered":"<p>Bel\u00fcfteter Getr\u00e4nkek\u00fchlschrank mit doppelter Schiebet\u00fcr<\/p>","protected":false},"excerpt":{"rendered":"<p>Bel\u00fcfteter Getr\u00e4nkek\u00fchlschrank mit Doppelschiebet\u00fcr ENERGIEKLASSE<\/p>","protected":false},"featured_media":10783,"comment_status":"open","ping_status":"closed","template":"","meta":[],"product_brand":[],"product_cat":[100],"product_tag":[],"class_list":{"0":"post-10738","1":"product","2":"type-product","3":"status-publish","4":"has-post-thumbnail","6":"product_cat-display-fridges-visicoolers","8":"first","9":"instock","10":"shipping-taxable","11":"purchasable","12":"product-type-simple"},"_links":{"self":[{"href":"https:\/\/dersuessestopp.com\/de\/wp-json\/wp\/v2\/product\/10738","targetHints":{"allow":["GET"]}}],"collection":[{"href":"https:\/\/dersuessestopp.com\/de\/wp-json\/wp\/v2\/product"}],"about":[{"href":"https:\/\/dersuessestopp.com\/de\/wp-json\/wp\/v2\/types\/product"}],"replies":[{"embeddable":true,"href":"https:\/\/dersuessestopp.com\/de\/wp-json\/wp\/v2\/comments?post=10738"}],"version-history":[{"count":1,"href":"https:\/\/dersuessestopp.com\/de\/wp-json\/wp\/v2\/product\/10738\/revisions"}],"predecessor-version":[{"id":10784,"href":"https:\/\/dersuessestopp.com\/de\/wp-json\/wp\/v2\/product\/10738\/revisions\/10784"}],"wp:featuredmedia":[{"embeddable":true,"href":"https:\/\/dersuessestopp.com\/de\/wp-json\/wp\/v2\/media\/10783"}],"wp:attachment":[{"href":"https:\/\/dersuessestopp.com\/de\/wp-json\/wp\/v2\/media?parent=10738"}],"wp:term":[{"taxonomy":"product_brand","embeddable":true,"href":"https:\/\/dersuessestopp.com\/de\/wp-json\/wp\/v2\/product_brand?post=10738"},{"taxonomy":"product_cat","embeddable":true,"href":"https:\/\/dersuessestopp.com\/de\/wp-json\/wp\/v2\/product_cat?post=10738"},{"taxonomy":"product_tag","embeddable":true,"href":"https:\/\/dersuessestopp.com\/de\/wp-json\/wp\/v2\/product_tag?post=10738"}],"curies":[{"name":"wp","href":"https:\/\/api.w.org\/{rel}","templated":true}]}}