{"id":10680,"date":"2025-09-29T15:01:01","date_gmt":"2025-09-29T15:01:01","guid":{"rendered":"https:\/\/dersuessestopp.com\/?post_type=product&#038;p=10680"},"modified":"2025-09-29T15:01:29","modified_gmt":"2025-09-29T15:01:29","slug":"icool-40-g-weis","status":"publish","type":"product","link":"https:\/\/dersuessestopp.com\/de\/product\/icool-40-g-white\/","title":{"rendered":"ICOOL 40 G WEISS"},"content":{"rendered":"<p>Statischer Getr\u00e4nke-Viskok\u00fchler mit R\u00fchrwerk<\/p>","protected":false},"excerpt":{"rendered":"<p>Statischer Getr\u00e4nke-Viskok\u00fchler mit R\u00fchrwerk<\/p>","protected":false},"featured_media":10755,"comment_status":"open","ping_status":"closed","template":"","meta":[],"product_brand":[],"product_cat":[100],"product_tag":[],"class_list":{"0":"post-10680","1":"product","2":"type-product","3":"status-publish","4":"has-post-thumbnail","6":"product_cat-display-fridges-visicoolers","8":"first","9":"instock","10":"shipping-taxable","11":"purchasable","12":"product-type-simple"},"_links":{"self":[{"href":"https:\/\/dersuessestopp.com\/de\/wp-json\/wp\/v2\/product\/10680","targetHints":{"allow":["GET"]}}],"collection":[{"href":"https:\/\/dersuessestopp.com\/de\/wp-json\/wp\/v2\/product"}],"about":[{"href":"https:\/\/dersuessestopp.com\/de\/wp-json\/wp\/v2\/types\/product"}],"replies":[{"embeddable":true,"href":"https:\/\/dersuessestopp.com\/de\/wp-json\/wp\/v2\/comments?post=10680"}],"version-history":[{"count":1,"href":"https:\/\/dersuessestopp.com\/de\/wp-json\/wp\/v2\/product\/10680\/revisions"}],"predecessor-version":[{"id":10756,"href":"https:\/\/dersuessestopp.com\/de\/wp-json\/wp\/v2\/product\/10680\/revisions\/10756"}],"wp:featuredmedia":[{"embeddable":true,"href":"https:\/\/dersuessestopp.com\/de\/wp-json\/wp\/v2\/media\/10755"}],"wp:attachment":[{"href":"https:\/\/dersuessestopp.com\/de\/wp-json\/wp\/v2\/media?parent=10680"}],"wp:term":[{"taxonomy":"product_brand","embeddable":true,"href":"https:\/\/dersuessestopp.com\/de\/wp-json\/wp\/v2\/product_brand?post=10680"},{"taxonomy":"product_cat","embeddable":true,"href":"https:\/\/dersuessestopp.com\/de\/wp-json\/wp\/v2\/product_cat?post=10680"},{"taxonomy":"product_tag","embeddable":true,"href":"https:\/\/dersuessestopp.com\/de\/wp-json\/wp\/v2\/product_tag?post=10680"}],"curies":[{"name":"wp","href":"https:\/\/api.w.org\/{rel}","templated":true}]}}