{"id":10678,"date":"2025-09-29T15:01:01","date_gmt":"2025-09-29T15:01:01","guid":{"rendered":"https:\/\/dersuessestopp.com\/?post_type=product&#038;p=10678"},"modified":"2025-09-29T15:01:27","modified_gmt":"2025-09-29T15:01:27","slug":"icool-40-c-schwarz","status":"publish","type":"product","link":"https:\/\/dersuessestopp.com\/de\/product\/icool-40-c-black\/","title":{"rendered":"ICOOL 40 C SCHWARZ"},"content":{"rendered":"<p>Statischer Getr\u00e4nke-Viskok\u00fchler mit R\u00fchrwerk<\/p>","protected":false},"excerpt":{"rendered":"<p>Statischer Getr\u00e4nke-Viskok\u00fchler mit R\u00fchrwerk<\/p>","protected":false},"featured_media":10751,"comment_status":"open","ping_status":"closed","template":"","meta":[],"product_brand":[],"product_cat":[100],"product_tag":[],"class_list":{"0":"post-10678","1":"product","2":"type-product","3":"status-publish","4":"has-post-thumbnail","6":"product_cat-display-fridges-visicoolers","8":"first","9":"instock","10":"shipping-taxable","11":"purchasable","12":"product-type-simple"},"_links":{"self":[{"href":"https:\/\/dersuessestopp.com\/de\/wp-json\/wp\/v2\/product\/10678","targetHints":{"allow":["GET"]}}],"collection":[{"href":"https:\/\/dersuessestopp.com\/de\/wp-json\/wp\/v2\/product"}],"about":[{"href":"https:\/\/dersuessestopp.com\/de\/wp-json\/wp\/v2\/types\/product"}],"replies":[{"embeddable":true,"href":"https:\/\/dersuessestopp.com\/de\/wp-json\/wp\/v2\/comments?post=10678"}],"version-history":[{"count":1,"href":"https:\/\/dersuessestopp.com\/de\/wp-json\/wp\/v2\/product\/10678\/revisions"}],"predecessor-version":[{"id":10752,"href":"https:\/\/dersuessestopp.com\/de\/wp-json\/wp\/v2\/product\/10678\/revisions\/10752"}],"wp:featuredmedia":[{"embeddable":true,"href":"https:\/\/dersuessestopp.com\/de\/wp-json\/wp\/v2\/media\/10751"}],"wp:attachment":[{"href":"https:\/\/dersuessestopp.com\/de\/wp-json\/wp\/v2\/media?parent=10678"}],"wp:term":[{"taxonomy":"product_brand","embeddable":true,"href":"https:\/\/dersuessestopp.com\/de\/wp-json\/wp\/v2\/product_brand?post=10678"},{"taxonomy":"product_cat","embeddable":true,"href":"https:\/\/dersuessestopp.com\/de\/wp-json\/wp\/v2\/product_cat?post=10678"},{"taxonomy":"product_tag","embeddable":true,"href":"https:\/\/dersuessestopp.com\/de\/wp-json\/wp\/v2\/product_tag?post=10678"}],"curies":[{"name":"wp","href":"https:\/\/api.w.org\/{rel}","templated":true}]}}