{"id":10545,"date":"2025-09-29T15:00:18","date_gmt":"2025-09-29T15:00:18","guid":{"rendered":"https:\/\/dersuessestopp.com\/?post_type=product&#038;p=10545"},"modified":"2025-10-08T19:19:04","modified_gmt":"2025-10-08T19:19:04","slug":"cw-37-g2tb-2","status":"publish","type":"product","link":"https:\/\/dersuessestopp.com\/de\/product\/cw-37-g2tb-2\/","title":{"rendered":"CW 37 G2TB"},"content":{"rendered":"<p><img fetchpriority=\"high\" decoding=\"async\" class=\"alignnone wp-image-11495\" src=\"https:\/\/dersuessestopp.com\/wp-content\/uploads\/2025\/09\/CW20G1TB_CW37G1TB_CW37G2TB-Dettagli.jpg\" alt=\"\" width=\"999\" height=\"300\" srcset=\"https:\/\/dersuessestopp.com\/wp-content\/uploads\/2025\/09\/CW20G1TB_CW37G1TB_CW37G2TB-Dettagli.jpg 2000w, https:\/\/dersuessestopp.com\/wp-content\/uploads\/2025\/09\/CW20G1TB_CW37G1TB_CW37G2TB-Dettagli-300x90.jpg 300w, https:\/\/dersuessestopp.com\/wp-content\/uploads\/2025\/09\/CW20G1TB_CW37G1TB_CW37G2TB-Dettagli-1024x307.jpg 1024w, https:\/\/dersuessestopp.com\/wp-content\/uploads\/2025\/09\/CW20G1TB_CW37G1TB_CW37G2TB-Dettagli-768x230.jpg 768w, https:\/\/dersuessestopp.com\/wp-content\/uploads\/2025\/09\/CW20G1TB_CW37G1TB_CW37G2TB-Dettagli-1536x461.jpg 1536w, https:\/\/dersuessestopp.com\/wp-content\/uploads\/2025\/09\/CW20G1TB_CW37G1TB_CW37G2TB-Dettagli-250x75.jpg 250w, https:\/\/dersuessestopp.com\/wp-content\/uploads\/2025\/09\/CW20G1TB_CW37G1TB_CW37G2TB-Dettagli-600x180.jpg 600w\" sizes=\"(max-width: 999px) 100vw, 999px\" \/><\/p>\n<p>Bel\u00fcfteter Weink\u00fchler mit doppelter Temperaturzone<\/p>\n<table style=\"height: 186px;\" width=\"959\" cellspacing=\"0\">\n<tbody>\n<tr>\n<td bgcolor=\"#FFFFFF\">\n<p class=\"s8\"><span dir=\"auto\">Kapazit\u00e4t<\/span><\/p>\n<\/td>\n<td bgcolor=\"#FFFFFF\">\n<p class=\"s8\"><span dir=\"auto\">CW 20 G1TB<\/span><\/p>\n<\/td>\n<td bgcolor=\"#FFFFFF\">\n<p class=\"s8\"><span dir=\"auto\">CW 37 G1TB<\/span><\/p>\n<\/td>\n<td bgcolor=\"#FFFFFF\">\n<p class=\"s8\">CW 37 G2TB<\/p>\n<\/td>\n<\/tr>\n<tr>\n<td>\n<p class=\"s9\">\u00a0Flasche cl. 75<\/p>\n<\/td>\n<td>\n<p class=\"s9\">18<\/p>\n<\/td>\n<td>\n<p class=\"s9\">28<\/p>\n<\/td>\n<td>\n<p class=\"s9\"><span dir=\"auto\">28<\/span><\/p>\n<\/td>\n<\/tr>\n<tr>\n<td colspan=\"3\">\n<p class=\"s9\"><span dir=\"auto\">\u00a0Variable Daten je nach Verpackung<\/span><\/p>\n<\/td>\n<\/tr>\n<\/tbody>\n<\/table>\n<p>&nbsp;<\/p>\n<table style=\"height: 605px;\" width=\"837\" cellspacing=\"0\">\n<tbody>\n<tr>\n<td bgcolor=\"#FFFFFF\">\n<p class=\"s8\">\u00a0Abmessungen mm<\/p>\n<\/td>\n<td bgcolor=\"#FFFFFF\">\n<p class=\"s8\"><span dir=\"auto\">CW 20 G1TB<\/span><\/p>\n<\/td>\n<td bgcolor=\"#FFFFFF\">\n<p class=\"s8\"><span dir=\"auto\">CW 37 G1TB<\/span><\/p>\n<\/td>\n<td bgcolor=\"#FFFFFF\">\n<p class=\"s8\"><span dir=\"auto\">CW 37 G2TB<\/span><\/p>\n<\/td>\n<\/tr>\n<tr>\n<td>\n<p class=\"s9\">\u00a0\u00c4u\u00dfere Abmessungen (BxTxH)<\/p>\n<\/td>\n<td>\n<p class=\"s9\">295 x 573 x 820<\/p>\n<\/td>\n<td>\n<p class=\"s9\">380 x 578 x 820<\/p>\n<\/td>\n<td>\n<p class=\"s9\"><span dir=\"auto\">380 x 578 x 820<\/span><\/p>\n<\/td>\n<\/tr>\n<tr>\n<td>\n<p class=\"s9\"><span dir=\"auto\">\u00a0Verpackung Abmessungen ( <\/span><span dir=\"auto\">BxTxH)<\/span><\/p>\n<\/td>\n<td>\n<p class=\"s9\">332 x 625 x 870<\/p>\n<\/td>\n<td>\n<p class=\"s9\">435 x 655 x 870<\/p>\n<\/td>\n<td>\n<p class=\"s9\"><span dir=\"auto\">435 x 655 x 870<\/span><\/p>\n<\/td>\n<\/tr>\n<tr>\n<td>\n<p class=\"s9\"><span dir=\"auto\">\u00a0<\/span><span dir=\"auto\">Breite<\/span><\/p>\n<\/td>\n<td>\n<p class=\"s9\">215<\/p>\n<\/td>\n<td>\n<p class=\"s9\">300<\/p>\n<\/td>\n<td>\n<p class=\"s9\"><span dir=\"auto\">300<\/span><\/p>\n<\/td>\n<\/tr>\n<tr>\n<td>\n<p class=\"s9\"><span dir=\"auto\">\u00a0<\/span><span dir=\"auto\">Tiefe<\/span><\/p>\n<\/td>\n<td>\n<p class=\"s9\">445<\/p>\n<\/td>\n<td>\n<p class=\"s9\"><span dir=\"auto\">445<\/span><\/p>\n<\/td>\n<td>\n<p class=\"s9\"><span dir=\"auto\">445<\/span><\/p>\n<\/td>\n<\/tr>\n<tr>\n<td>\n<p class=\"s9\"><span dir=\"auto\">\u00a0<\/span><span dir=\"auto\">H\u00f6he<\/span><\/p>\n<\/td>\n<td>\n<p class=\"s9\">650<\/p>\n<\/td>\n<td>\n<p class=\"s9\"><span dir=\"auto\">650<\/span><\/p>\n<\/td>\n<td>\n<p class=\"s9\"><span dir=\"auto\">650<\/span><\/p>\n<\/td>\n<\/tr>\n<tr>\n<td>\n<p class=\"s9\"><span dir=\"auto\">\u00a0<\/span><span dir=\"auto\">Min. Tiefe<\/span><\/p>\n<\/td>\n<td>\n<p class=\"s9\">325<\/p>\n<\/td>\n<td>\n<p class=\"s9\"><span dir=\"auto\">325<\/span><\/p>\n<\/td>\n<td>\n<p class=\"s9\"><span dir=\"auto\">325<\/span><\/p>\n<\/td>\n<\/tr>\n<tr>\n<td>\n<p class=\"s9\"><span dir=\"auto\">\u00a0Min. H\u00f6he\u00a0\u00a0<\/span><\/p>\n<\/td>\n<td>\n<p class=\"s9\">530<\/p>\n<\/td>\n<td>\n<p class=\"s9\"><span dir=\"auto\">530<\/span><\/p>\n<\/td>\n<td>\n<p class=\"s9\"><span dir=\"auto\">530<\/span><\/p>\n<\/td>\n<\/tr>\n<tr>\n<td>\n<p class=\"s9\"><span dir=\"auto\">\u00a0Seite <\/span><span dir=\"auto\">Aufkleber<\/span><\/p>\n<\/td>\n<td>\n<p class=\"s9\">530 x 805<\/p>\n<\/td>\n<td>\n<p class=\"s9\"><span dir=\"auto\">530 x 805<\/span><\/p>\n<\/td>\n<td>\n<p class=\"s9\"><span dir=\"auto\">530 x 805<\/span><\/p>\n<\/td>\n<\/tr>\n<tr>\n<td>\n<p class=\"s9\"><span dir=\"auto\">\u00a0Glasaufkleber<\/span><\/p>\n<\/td>\n<td>\n<p class=\"s9\">162 x 560<\/p>\n<\/td>\n<td>\n<p class=\"s9\">247 x 560<\/p>\n<\/td>\n<td>\n<p class=\"s9\"><span dir=\"auto\">247 x 560<\/span><\/p>\n<\/td>\n<\/tr>\n<\/tbody>\n<\/table>\n<p>&nbsp;<\/p>\n<table cellspacing=\"0\">\n<tbody>\n<tr>\n<td bgcolor=\"#FFFFFF\">\n<p class=\"s8\"><span dir=\"auto\">Technische Merkmale<\/span><\/p>\n<\/td>\n<td bgcolor=\"#FFFFFF\">\n<p class=\"s8\"><span dir=\"auto\">CW 20 G1TB<\/span><\/p>\n<\/td>\n<td bgcolor=\"#FFFFFF\">\n<p class=\"s8\"><span dir=\"auto\">CW 37 G1TB<\/span><\/p>\n<\/td>\n<td bgcolor=\"#FFFFFF\">\n<p class=\"s8\"><span dir=\"auto\">CW 37 G2TB<\/span><\/p>\n<\/td>\n<\/tr>\n<tr>\n<td>\n<p class=\"s9\">\u00a0Temperaturbereich<\/p>\n<\/td>\n<td>\n<p class=\"s9\">+2 \u00b0C \/ +20 \u00b0C<\/p>\n<\/td>\n<td>\n<p class=\"s9\"><span dir=\"auto\">+2 \u00b0C \/ +20 \u00b0C<\/span><\/p>\n<\/td>\n<td>\n<p class=\"s9\"><span dir=\"auto\">+2 \u00b0C \/ +20 \u00b0C<\/span><\/p>\n<p class=\"s9\"><span dir=\"auto\">+2 \u00b0C \/ +20 \u00b0C<\/span><\/p>\n<\/td>\n<\/tr>\n<tr>\n<td>\n<p class=\"s9\"><span dir=\"auto\">\u00a0Klima <\/span><span dir=\"auto\">Klasse<\/span><\/p>\n<\/td>\n<td>\n<p class=\"s9\">N-ST<\/p>\n<\/td>\n<td>\n<p class=\"s9\"><span dir=\"auto\">N-ST<\/span><\/p>\n<\/td>\n<td>\n<p class=\"s9\"><span dir=\"auto\">N-ST<\/span><\/p>\n<\/td>\n<\/tr>\n<tr>\n<td>\n<p class=\"s9\">\u00a0Netto-Brutto-Volumen<\/p>\n<\/td>\n<td>\n<p class=\"s9\">Lt. 58 \/ 60<\/p>\n<\/td>\n<td>\n<p class=\"s9\">Lt. 85 \/ 88<\/p>\n<\/td>\n<td>\n<p class=\"s9\">Lt. 80 \/ 85<\/p>\n<\/td>\n<\/tr>\n<tr>\n<td>\n<p class=\"s9\"><span dir=\"auto\">\u00a0\u00c4u\u00dfere K\u00f6rperoberfl\u00e4che<\/span><\/p>\n<\/td>\n<td>\n<p class=\"s9\"><span dir=\"auto\">Bandbeschichtetes Blech mit Korrosionsschutzbehandlung<\/span><\/p>\n<\/td>\n<td>\n<p class=\"s9\"><span dir=\"auto\">Bandbeschichtetes Blech mit Korrosionsschutzbehandlung<\/span><\/p>\n<\/td>\n<td>\n<p class=\"s9\"><span dir=\"auto\">Bandbeschichtetes Blech mit Korrosionsschutzbehandlung<\/span><\/p>\n<\/td>\n<\/tr>\n<tr>\n<td>\n<p class=\"s9\"><span dir=\"auto\">Porta\u00a0<\/span><span dir=\"auto\">T\u00fcr<\/span><\/p>\n<\/td>\n<td>\n<p class=\"s9\"><span dir=\"auto\">Schwarz\u00a0<\/span><span dir=\"auto\">volles Glas<\/span><\/p>\n<\/td>\n<td>\n<p class=\"s9\"><span dir=\"auto\">Schwarz\u00a0<\/span><span dir=\"auto\">volles Glas<\/span><\/p>\n<\/td>\n<td>\n<p class=\"s9\"><span dir=\"auto\">Schwarz\u00a0<\/span><span dir=\"auto\">volles Glas<\/span><\/p>\n<\/td>\n<\/tr>\n<tr>\n<td>\n<p class=\"s9\"><span dir=\"auto\">Inneres\u00a0<\/span><span dir=\"auto\">Liner<\/span><\/p>\n<\/td>\n<td>\n<p class=\"s9\"><span dir=\"auto\">ABS<\/span><\/p>\n<\/td>\n<td>\n<p class=\"s9\"><span dir=\"auto\">ABS<\/span><\/p>\n<\/td>\n<td>\n<p class=\"s9\"><span dir=\"auto\">ABS<\/span><\/p>\n<\/td>\n<\/tr>\n<tr>\n<td>\n<p class=\"s9\"><span dir=\"auto\">Thermostat\u00a0<\/span><span dir=\"auto\">Thermostat<\/span><\/p>\n<\/td>\n<td>\n<p class=\"s9\">\u00a0Elektronischer Touchscreen<\/p>\n<\/td>\n<td>\n<p class=\"s9\"><span dir=\"auto\">\u00a0<\/span><span dir=\"auto\">Elektronisch\u00a0<\/span><span dir=\"auto\">Touchscreen<\/span><\/p>\n<\/td>\n<td>\n<p class=\"s9\"><span dir=\"auto\">\u00a0<\/span><span dir=\"auto\">Elektronisch\u00a0<\/span><span dir=\"auto\">Touchscreen<\/span><\/p>\n<\/td>\n<\/tr>\n<tr>\n<td>\n<p class=\"s9\"><span dir=\"auto\">L\u00e4rm\u00a0<\/span><span dir=\"auto\">Ebene<\/span><\/p>\n<\/td>\n<td>\n<p class=\"s9\">dB 40<\/p>\n<\/td>\n<td>\n<p class=\"s9\">dB 42<\/p>\n<\/td>\n<td>\n<p class=\"s9\"><span dir=\"auto\">dB 40<\/span><\/p>\n<\/td>\n<\/tr>\n<tr>\n<td>\n<p class=\"s9\">\u00a0Dicke der Isolierung<\/p>\n<\/td>\n<td>\n<p class=\"s9\">45 mm<\/p>\n<\/td>\n<td>\n<p class=\"s9\"><span dir=\"auto\">45 mm<\/span><\/p>\n<\/td>\n<td>\n<p class=\"s9\"><span dir=\"auto\">45 mm<\/span><\/p>\n<\/td>\n<\/tr>\n<tr>\n<td>\n<p class=\"s9\"><span dir=\"auto\">Entfrosten\u00a0<\/span><span dir=\"auto\">Abtauen<\/span><\/p>\n<\/td>\n<td>\n<p class=\"s9\"><span dir=\"auto\">Automatischer Kompressor\u00a0<\/span><span dir=\"auto\">Zyklus<\/span><\/p>\n<\/td>\n<td>\n<p class=\"s9\"><span dir=\"auto\">Automatischer Kompressor\u00a0<\/span><span dir=\"auto\">Zyklus<\/span><\/p>\n<\/td>\n<td>\n<p class=\"s9\"><span dir=\"auto\">Automatischer Kompressor\u00a0<\/span><span dir=\"auto\">Zyklus<\/span><\/p>\n<\/td>\n<\/tr>\n<tr>\n<td>\n<p class=\"s9\"><span dir=\"auto\">Beleuchtung<\/span><span dir=\"auto\">\u200b<\/span><\/p>\n<\/td>\n<td>\n<p class=\"s9\">1 Led Vertikal<\/p>\n<\/td>\n<td>\n<p class=\"s9\"><span dir=\"auto\">1 Led <\/span><span dir=\"auto\">Vertikal<\/span><\/p>\n<\/td>\n<td>\n<p class=\"s9\"><span dir=\"auto\">1 Led <\/span><span dir=\"auto\">Vertikal<\/span><\/p>\n<\/td>\n<\/tr>\n<tr>\n<td>\n<p class=\"s9\"><span dir=\"auto\">Schloss\u00a0<\/span><span dir=\"auto\">und Schl\u00fcssel<\/span><\/p>\n<\/td>\n<td>\n<p class=\"s9\"><span dir=\"auto\">Ja<\/span><span dir=\"auto\">\u200b<\/span><\/p>\n<\/td>\n<td>\n<p class=\"s9\"><span dir=\"auto\">Ja<\/span><span dir=\"auto\">\u200b<\/span><\/p>\n<\/td>\n<td>\n<p class=\"s9\"><span dir=\"auto\">Ja<\/span><span dir=\"auto\">\u200b<\/span><\/p>\n<\/td>\n<\/tr>\n<tr>\n<td>\n<p class=\"s9\"><span dir=\"auto\">Umkehrbar\u00a0<\/span><span dir=\"auto\">T\u00fcr<\/span><\/p>\n<\/td>\n<td>\n<p class=\"s9\"><span dir=\"auto\">Ja<\/span><span dir=\"auto\">\u200b<\/span><\/p>\n<\/td>\n<td>\n<p class=\"s9\"><span dir=\"auto\">Ja<\/span><span dir=\"auto\">\u200b<\/span><\/p>\n<\/td>\n<td>\n<p class=\"s9\"><span dir=\"auto\">Ja<\/span><span dir=\"auto\">\u200b<\/span><\/p>\n<\/td>\n<\/tr>\n<tr>\n<td>\n<p class=\"s9\"><span dir=\"auto\">Abnehmbares Holz\u00a0<\/span><span dir=\"auto\">Einlegeb\u00f6den (BxT)<\/span><\/p>\n<\/td>\n<td>\n<p class=\"s9\">Nr. 5 - 447 x 199 mm<\/p>\n<p class=\"s9\">Nr. 1 - 296 x 203 mm<\/p>\n<\/td>\n<td>\n<p class=\"s9\">Nr. 5 - 447 x 297 mm<\/p>\n<p class=\"s9\">Nr. 1 - mm 308 x 288<\/p>\n<\/td>\n<td>\n<p class=\"s9\"><span dir=\"auto\">Nr. 5 - 447 x 297 mm<\/span><\/p>\n<p class=\"s9\"><span dir=\"auto\">Nr. 1 - mm 308 x 288<\/span><\/p>\n<\/td>\n<\/tr>\n<tr>\n<td>\n<p class=\"s9\"><span dir=\"auto\">Rollen\u00a0<\/span><span dir=\"auto\">-Fu\u00df<\/span><\/p>\n<\/td>\n<td>\n<p class=\"s9\"><span dir=\"auto\">4 F\u00fc\u00dfe<\/span><\/p>\n<\/td>\n<td>\n<p class=\"s9\"><span dir=\"auto\">4 F\u00fc\u00dfe<\/span><\/p>\n<\/td>\n<td>\n<p class=\"s9\"><span dir=\"auto\">4 F\u00fc\u00dfe<\/span><\/p>\n<\/td>\n<\/tr>\n<tr>\n<td>\n<p class=\"s9\"><span dir=\"auto\">Netz-\u00a0<\/span><span dir=\"auto\">Bruttogewicht<\/span><\/p>\n<\/td>\n<td>\n<p class=\"s9\">Kg 30 \/ 32<\/p>\n<\/td>\n<td>\n<p class=\"s9\">Kg 36 \/ 39<\/p>\n<\/td>\n<td>\n<p class=\"s9\">Kg 38 \/ 41<\/p>\n<\/td>\n<\/tr>\n<tr>\n<td>\n<p class=\"s9\"><span dir=\"auto\">Spannung<\/span><span dir=\"auto\">\u200b<\/span><\/p>\n<\/td>\n<td>\n<p class=\"s9\"><span dir=\"auto\">In 220<\/span><\/p>\n<\/td>\n<td>\n<p class=\"s9\"><span dir=\"auto\">In 220<\/span><\/p>\n<\/td>\n<td>\n<p class=\"s9\"><span dir=\"auto\">In 220<\/span><\/p>\n<\/td>\n<\/tr>\n<tr>\n<td>\n<p class=\"s9\"><span dir=\"auto\">Frequenz<\/span><span dir=\"auto\">\u200b<\/span><\/p>\n<\/td>\n<td>\n<p class=\"s9\">Hz 50<\/p>\n<\/td>\n<td>\n<p class=\"s9\"><span dir=\"auto\">Hz 50<\/span><\/p>\n<\/td>\n<td>\n<p class=\"s9\"><span dir=\"auto\">Hz 50<\/span><\/p>\n<\/td>\n<\/tr>\n<tr>\n<td>\n<p class=\"s9\"><span dir=\"auto\">\u00a0<\/span><span dir=\"auto\">K\u00e4ltemittel<\/span><\/p>\n<\/td>\n<td>\n<p class=\"s9\">R600A<\/p>\n<\/td>\n<td>\n<p class=\"s9\"><span dir=\"auto\">R600A<\/span><\/p>\n<\/td>\n<td>\n<p class=\"s9\"><span dir=\"auto\">R600A<\/span><\/p>\n<\/td>\n<\/tr>\n<tr>\n<td>\n<p class=\"s9\"><span dir=\"auto\">Absorption<\/span><span dir=\"auto\">\u200b<\/span><\/p>\n<\/td>\n<td>\n<p class=\"s9\"><span dir=\"auto\">In 65<\/span><\/p>\n<\/td>\n<td>\n<p class=\"s9\"><span dir=\"auto\">In 80<\/span><\/p>\n<\/td>\n<td>\n<p class=\"s9\"><span dir=\"auto\">In 80<\/span><\/p>\n<\/td>\n<\/tr>\n<tr>\n<td>\n<p class=\"s9\"><span dir=\"auto\">Energie\u00a0<\/span><span dir=\"auto\">Verbrauch<\/span><\/p>\n<\/td>\n<td>\n<p class=\"s9\"><span dir=\"auto\">KwH\/24H 0,35<\/span><\/p>\n<\/td>\n<td>\n<p class=\"s9\"><span dir=\"auto\">KwH\/24H 0,39<\/span><\/p>\n<\/td>\n<td>\n<p class=\"s9\"><span dir=\"auto\">KwH\/24H 0,39<\/span><\/p>\n<\/td>\n<\/tr>\n<\/tbody>\n<\/table>","protected":false},"excerpt":{"rendered":"<p>Bel\u00fcfteter Weink\u00fchler mit doppelter Temperaturzone ENERGIEKLASSE<\/p>","protected":false},"featured_media":10595,"comment_status":"open","ping_status":"closed","template":"","meta":[],"product_brand":[],"product_cat":[49],"product_tag":[],"class_list":{"0":"post-10545","1":"product","2":"type-product","3":"status-publish","4":"has-post-thumbnail","6":"product_cat-wine-fridges","8":"first","9":"instock","10":"shipping-taxable","11":"purchasable","12":"product-type-simple"},"_links":{"self":[{"href":"https:\/\/dersuessestopp.com\/de\/wp-json\/wp\/v2\/product\/10545","targetHints":{"allow":["GET"]}}],"collection":[{"href":"https:\/\/dersuessestopp.com\/de\/wp-json\/wp\/v2\/product"}],"about":[{"href":"https:\/\/dersuessestopp.com\/de\/wp-json\/wp\/v2\/types\/product"}],"replies":[{"embeddable":true,"href":"https:\/\/dersuessestopp.com\/de\/wp-json\/wp\/v2\/comments?post=10545"}],"version-history":[{"count":4,"href":"https:\/\/dersuessestopp.com\/de\/wp-json\/wp\/v2\/product\/10545\/revisions"}],"predecessor-version":[{"id":11504,"href":"https:\/\/dersuessestopp.com\/de\/wp-json\/wp\/v2\/product\/10545\/revisions\/11504"}],"wp:featuredmedia":[{"embeddable":true,"href":"https:\/\/dersuessestopp.com\/de\/wp-json\/wp\/v2\/media\/10595"}],"wp:attachment":[{"href":"https:\/\/dersuessestopp.com\/de\/wp-json\/wp\/v2\/media?parent=10545"}],"wp:term":[{"taxonomy":"product_brand","embeddable":true,"href":"https:\/\/dersuessestopp.com\/de\/wp-json\/wp\/v2\/product_brand?post=10545"},{"taxonomy":"product_cat","embeddable":true,"href":"https:\/\/dersuessestopp.com\/de\/wp-json\/wp\/v2\/product_cat?post=10545"},{"taxonomy":"product_tag","embeddable":true,"href":"https:\/\/dersuessestopp.com\/de\/wp-json\/wp\/v2\/product_tag?post=10545"}],"curies":[{"name":"wp","href":"https:\/\/api.w.org\/{rel}","templated":true}]}}