{"id":10536,"date":"2025-09-29T15:00:17","date_gmt":"2025-09-29T15:00:17","guid":{"rendered":"https:\/\/dersuessestopp.com\/?post_type=product&#038;p=10536"},"modified":"2025-10-08T20:32:03","modified_gmt":"2025-10-08T20:32:03","slug":"cw-355-g3tb","status":"publish","type":"product","link":"https:\/\/dersuessestopp.com\/de\/product\/cw-355-g3tb\/","title":{"rendered":"CW 355 G3TB"},"content":{"rendered":"<p data-start=\"229\" data-end=\"615\"><img fetchpriority=\"high\" decoding=\"async\" class=\"alignnone wp-image-11668 size-full\" src=\"https:\/\/dersuessestopp.com\/wp-content\/uploads\/2025\/09\/CW355-G2TB_CW-355-G3TB_CW-355-G4TB-Dettagli.jpg\" alt=\"\" width=\"2000\" height=\"600\" srcset=\"https:\/\/dersuessestopp.com\/wp-content\/uploads\/2025\/09\/CW355-G2TB_CW-355-G3TB_CW-355-G4TB-Dettagli.jpg 2000w, https:\/\/dersuessestopp.com\/wp-content\/uploads\/2025\/09\/CW355-G2TB_CW-355-G3TB_CW-355-G4TB-Dettagli-300x90.jpg 300w, https:\/\/dersuessestopp.com\/wp-content\/uploads\/2025\/09\/CW355-G2TB_CW-355-G3TB_CW-355-G4TB-Dettagli-1024x307.jpg 1024w, https:\/\/dersuessestopp.com\/wp-content\/uploads\/2025\/09\/CW355-G2TB_CW-355-G3TB_CW-355-G4TB-Dettagli-768x230.jpg 768w, https:\/\/dersuessestopp.com\/wp-content\/uploads\/2025\/09\/CW355-G2TB_CW-355-G3TB_CW-355-G4TB-Dettagli-1536x461.jpg 1536w, https:\/\/dersuessestopp.com\/wp-content\/uploads\/2025\/09\/CW355-G2TB_CW-355-G3TB_CW-355-G4TB-Dettagli-250x75.jpg 250w, https:\/\/dersuessestopp.com\/wp-content\/uploads\/2025\/09\/CW355-G2TB_CW-355-G3TB_CW-355-G4TB-Dettagli-600x180.jpg 600w\" sizes=\"(max-width: 2000px) 100vw, 2000px\" \/><\/p>\n<p data-start=\"229\" data-end=\"615\">Die <strong data-start=\"233\" data-end=\"248\">CW 355 G3TB<\/strong> ist ein professioneller, zweit\u00fcriger Weink\u00fchler, der die <strong data-start=\"312\" data-end=\"330\">gro\u00dfe Kapazit\u00e4t<\/strong>, <strong data-start=\"332\" data-end=\"349\">modernes Design<\/strong>, und <strong data-start=\"355\" data-end=\"386\">pr\u00e4zise Temperaturregelung<\/strong> \u00fcber <strong data-start=\"394\" data-end=\"421\">drei unabh\u00e4ngige Zonen<\/strong>. Mit einer <strong data-start=\"430\" data-end=\"467\">rahmenloses schwarzes Vollglas<\/strong>, <strong data-start=\"469\" data-end=\"502\">Z-f\u00f6rmig verschiebbare Metallb\u00f6den<\/strong>, und <strong data-start=\"508\" data-end=\"532\">elegante LED-Beleuchtung<\/strong>, Er bietet anspruchsvollen Weinliebhabern sowohl Stil als auch hervorragende Leistung.<\/p>\n<p data-start=\"617\" data-end=\"981\">F\u00fcr eine optimale Konservierung konzipiert, ist die <strong data-start=\"656\" data-end=\"732\">drei Temperaturzonen (+2\u00b0C bis +12\u00b0C \/ +12\u00b0C bis +20\u00b0C \/ +2\u00b0C bis +20\u00b0C)<\/strong> erm\u00f6glichen es Ihnen, verschiedene Weinsorten - von knackigen Wei\u00dfweinen bis zu kr\u00e4ftigen Rotweinen - unter idealen Bedingungen zu lagern. Die <strong data-start=\"839\" data-end=\"866\">Touchscreen-Thermostat<\/strong>, <strong data-start=\"868\" data-end=\"889\">Axialventilator-K\u00fchlung<\/strong>, und <strong data-start=\"895\" data-end=\"923\">Abtauautomatik<\/strong> gew\u00e4hrleisten eine konstante Temperatur und einen m\u00fchelosen Betrieb.<\/p>\n<p data-start=\"983\" data-end=\"1002\"><strong data-start=\"983\" data-end=\"1000\">Hauptmerkmale:<\/strong><\/p>\n<ul data-start=\"1003\" data-end=\"1434\">\n<li data-start=\"1003\" data-end=\"1087\">\n<p data-start=\"1005\" data-end=\"1087\">Dreizonige Temperaturregelung (+2\u00b0C bis +12\u00b0C \/ +12\u00b0C bis +20\u00b0C \/ +2\u00b0C bis +20\u00b0C)<\/p>\n<\/li>\n<li data-start=\"1088\" data-end=\"1148\">\n<p data-start=\"1090\" data-end=\"1148\">Zweit\u00fcriges Design mit elektronischem Touchscreen-Thermostat<\/p>\n<\/li>\n<li data-start=\"1149\" data-end=\"1205\">\n<p data-start=\"1151\" data-end=\"1205\">Z-f\u00f6rmig verschiebbare Metallb\u00f6den mit Schubladenauszug<\/p>\n<\/li>\n<li data-start=\"1206\" data-end=\"1249\">\n<p data-start=\"1208\" data-end=\"1249\">Gleichm\u00e4\u00dfige Luftverteilung durch Axialventilatoren<\/p>\n<\/li>\n<li data-start=\"1250\" data-end=\"1278\">\n<p data-start=\"1252\" data-end=\"1278\">Automatische Abtauung<\/p>\n<\/li>\n<li data-start=\"1279\" data-end=\"1323\">\n<p data-start=\"1281\" data-end=\"1323\">LED-Beleuchtung (4 vertikal + 3 horizontal)<\/p>\n<\/li>\n<li data-start=\"1324\" data-end=\"1378\">\n<p data-start=\"1326\" data-end=\"1378\">Umkehrbare rahmenlose Glast\u00fcren mit Schloss und Schl\u00fcssel<\/p>\n<\/li>\n<li data-start=\"1379\" data-end=\"1434\">\n<p data-start=\"1381\" data-end=\"1434\">Vorlackiertes, korrosionsgesch\u00fctztes Geh\u00e4use mit ABS-Innenauskleidung<\/p>\n<\/li>\n<\/ul>\n<p data-start=\"1436\" data-end=\"1618\">Raffiniert, vielseitig und leistungsstark - der <strong data-start=\"1475\" data-end=\"1490\">CW 355 G3TB<\/strong> ist ideal f\u00fcr die professionelle Weinlagerung, f\u00fcr Restaurants oder f\u00fcr passionierte Sammler, die Pr\u00e4zision und Eleganz in jedem Detail suchen.<\/p>\n<table cellspacing=\"0\">\n<tbody>\n<tr>\n<td bgcolor=\"#FFFFFF\">\n<p class=\"s7\"><span dir=\"auto\">Abmessungen mm<\/span><\/p>\n<\/td>\n<td bgcolor=\"#FFFFFF\">\n<p class=\"s7\"><span dir=\"auto\">CW 355 G2TB<\/span><\/p>\n<\/td>\n<td bgcolor=\"#FFFFFF\">\n<p class=\"s7\"><span dir=\"auto\">CW 355 G3TB<\/span><\/p>\n<\/td>\n<td bgcolor=\"#FFFFFF\">\n<p class=\"s7\"><span dir=\"auto\">CW 355 G4TB<\/span><\/p>\n<\/td>\n<\/tr>\n<tr>\n<td>\n<p class=\"s8\"><span dir=\"auto\">\u00c4u\u00dfere Abmessungen (\u00a0<\/span><span dir=\"auto\">BxTxH)<\/span><\/p>\n<\/td>\n<td>\n<p class=\"s8\"><span dir=\"auto\">1210 x 700 x 1804<\/span><\/p>\n<\/td>\n<td>\n<p class=\"s8\"><span dir=\"auto\">1210 x 700 x 1804<\/span><\/p>\n<\/td>\n<td>\n<p class=\"s8\"><span dir=\"auto\">1210 x 700 x 1804<\/span><\/p>\n<\/td>\n<\/tr>\n<tr>\n<td>\n<p class=\"s8\"><span dir=\"auto\">Verpackung<\/span><span dir=\"auto\">\u00a0Abmessungen (BxTxH) Montagesatz (BxTxH)\u00a0<\/span><span dir=\"auto\">)<\/span><\/p>\n<\/td>\n<td>\n<p class=\"s8\"><span dir=\"auto\">(2x) 645 x 770 x 1996<\/span><\/p>\n<p class=\"s8\"><span dir=\"auto\">1200 x 300 x 300<\/span><\/p>\n<\/td>\n<td>\n<p class=\"s8\"><span dir=\"auto\">(2x) 645 x 770 x 1996<\/span><\/p>\n<p class=\"s8\"><span dir=\"auto\">1200 x 300 x 300<\/span><\/p>\n<\/td>\n<td>\n<p class=\"s8\"><span dir=\"auto\">(2x) 645 x 770 x 1996<\/span><\/p>\n<p class=\"s8\"><span dir=\"auto\">1200 x 300 x 300<\/span><\/p>\n<\/td>\n<\/tr>\n<tr>\n<td>\n<p class=\"s8\"><span dir=\"auto\">Breite<\/span><\/p>\n<\/td>\n<td>\n<p class=\"s8\"><span dir=\"auto\">500 + 500<\/span><\/p>\n<\/td>\n<td>\n<p class=\"s8\"><span dir=\"auto\">500 + 500<\/span><\/p>\n<\/td>\n<td>\n<p class=\"s8\"><span dir=\"auto\">500 + 500<\/span><\/p>\n<\/td>\n<\/tr>\n<tr>\n<td>\n<p class=\"s8\"><span dir=\"auto\">Tiefe<\/span><\/p>\n<\/td>\n<td>\n<p class=\"s8\"><span dir=\"auto\">540<\/span><\/p>\n<\/td>\n<td>\n<p class=\"s8\"><span dir=\"auto\">540<\/span><\/p>\n<\/td>\n<td>\n<p class=\"s8\"><span dir=\"auto\">540<\/span><\/p>\n<\/td>\n<\/tr>\n<tr>\n<td>\n<p class=\"s8\"><span dir=\"auto\">\u00a0<\/span><span dir=\"auto\">H\u00f6he<\/span><\/p>\n<\/td>\n<td>\n<p class=\"s8\"><span dir=\"auto\">1630<\/span><\/p>\n<\/td>\n<td>\n<p class=\"s8\"><span dir=\"auto\">1630<\/span><\/p>\n<\/td>\n<td>\n<p class=\"s8\"><span dir=\"auto\">1630<\/span><\/p>\n<\/td>\n<\/tr>\n<tr>\n<td>\n<p class=\"s8\"><span dir=\"auto\">\u00a0<\/span><span dir=\"auto\">Min. Tiefe<\/span><\/p>\n<\/td>\n<td>\n<p class=\"s8\"><span dir=\"auto\">380<\/span><\/p>\n<\/td>\n<td>\n<p class=\"s8\"><span dir=\"auto\">380<\/span><\/p>\n<\/td>\n<td>\n<p class=\"s8\"><span dir=\"auto\">380<\/span><\/p>\n<\/td>\n<\/tr>\n<tr>\n<td>\n<p class=\"s8\"><span dir=\"auto\">\u00a0<\/span><span dir=\"auto\">Min. H\u00f6he<\/span><\/p>\n<\/td>\n<td>\n<p class=\"s8\"><span dir=\"auto\">1420<\/span><\/p>\n<\/td>\n<td>\n<p class=\"s8\"><span dir=\"auto\">1420<\/span><\/p>\n<\/td>\n<td>\n<p class=\"s8\"><span dir=\"auto\">1420<\/span><\/p>\n<\/td>\n<\/tr>\n<tr>\n<td>\n<p class=\"s8\"><span dir=\"auto\">Seite\u00a0<\/span><span dir=\"auto\">Aufkleber<\/span><\/p>\n<\/td>\n<td>\n<p class=\"s8\"><span dir=\"auto\">648 x 1785<\/span><\/p>\n<\/td>\n<td>\n<p class=\"s8\"><span dir=\"auto\">648 x 1785<\/span><\/p>\n<\/td>\n<td>\n<p class=\"s8\"><span dir=\"auto\">648 x 1785<\/span><\/p>\n<\/td>\n<\/tr>\n<tr>\n<td>\n<p class=\"s8\"><span dir=\"auto\">Glasaufkleber<\/span><\/p>\n<\/td>\n<td>\n<p class=\"s8\"><span dir=\"auto\">(2x) 462 x 1540<\/span><\/p>\n<\/td>\n<td>\n<p class=\"s8\"><span dir=\"auto\">(2x) 462 x 1540<\/span><\/p>\n<\/td>\n<td>\n<p class=\"s8\"><span dir=\"auto\">(2x) 462 x 1540<\/span><\/p>\n<\/td>\n<\/tr>\n<\/tbody>\n<\/table>\n<p>&nbsp;<\/p>\n<table style=\"height: 1406px;\" width=\"1348\" cellspacing=\"0\">\n<tbody>\n<tr>\n<td bgcolor=\"#FFFFFF\">\n<p class=\"s7\"><span dir=\"auto\">Technische Merkmale<\/span><\/p>\n<\/td>\n<td bgcolor=\"#FFFFFF\">\n<p class=\"s7\"><span dir=\"auto\">CW 355 G2TB<\/span><\/p>\n<\/td>\n<td bgcolor=\"#FFFFFF\">\n<p class=\"s7\"><span dir=\"auto\">CW 355 G3TB<\/span><\/p>\n<\/td>\n<td bgcolor=\"#FFFFFF\">\n<p class=\"s7\"><span dir=\"auto\">CW 355 G4TB<\/span><\/p>\n<\/td>\n<\/tr>\n<tr>\n<td>\n<p class=\"s8\"><span dir=\"auto\">\u00a0<\/span><span dir=\"auto\">Temperaturbereich<\/span><\/p>\n<\/td>\n<td>\n<p class=\"s8\"><span dir=\"auto\">+2 \u00b0C \/ +20 \u00b0C<\/span><\/p>\n<p class=\"s8\"><span dir=\"auto\">+2 \u00b0C \/ +20 \u00b0C<\/span><\/p>\n<\/td>\n<td>\n<p class=\"s8\"><span dir=\"auto\">+2 \u00b0C \/ +20 \u00b0C<\/span><\/p>\n<p class=\"s8\"><span dir=\"auto\">+2\u00b0C \/+12\u00b0C - +12\u00b0C\/+20\u00b0C<\/span><\/p>\n<\/td>\n<td>\n<p class=\"s8\"><span dir=\"auto\">+2\u00b0C \/+12\u00b0C - +12\u00b0C\/+20\u00b0C<\/span><\/p>\n<p class=\"s8\"><span dir=\"auto\">+2\u00b0C \/+12\u00b0C - +12\u00b0C\/+20\u00b0C<\/span><\/p>\n<\/td>\n<\/tr>\n<tr>\n<td>\n<p class=\"s8\"><span dir=\"auto\">Klima\u00a0<\/span><span dir=\"auto\">Klasse<\/span><\/p>\n<\/td>\n<td>\n<p class=\"s8\"><span dir=\"auto\">N-ST<\/span><\/p>\n<\/td>\n<td>\n<p class=\"s8\"><span dir=\"auto\">N-ST<\/span><\/p>\n<\/td>\n<td>\n<p class=\"s8\"><span dir=\"auto\">N-ST<\/span><\/p>\n<\/td>\n<\/tr>\n<tr>\n<td>\n<p class=\"s8\"><span dir=\"auto\">\u00a0<\/span><span dir=\"auto\">Netto-Brutto-Volumen<\/span><\/p>\n<\/td>\n<td>\n<p class=\"s8\"><span dir=\"auto\">Lt. 818 \/ 850<\/span><\/p>\n<\/td>\n<td>\n<p class=\"s8\"><span dir=\"auto\">Lt. 809 \/ 848<\/span><\/p>\n<\/td>\n<td>\n<p class=\"s8\"><span dir=\"auto\">Lt. 800 \/ 846<\/span><\/p>\n<\/td>\n<\/tr>\n<tr>\n<td>\n<p class=\"s8\"><span dir=\"auto\">\u00c4u\u00dfere Oberfl\u00e4che \/\u00a0<\/span><span dir=\"auto\">K\u00f6rper<\/span><\/p>\n<\/td>\n<td>\n<p class=\"s8\"><span dir=\"auto\">Bandbeschichtetes Blech mit Korrosionsschutzbehandlung<\/span><\/p>\n<\/td>\n<td>\n<p class=\"s8\"><span dir=\"auto\">Bandbeschichtetes Blech mit Korrosionsschutzbehandlung<\/span><\/p>\n<\/td>\n<td>\n<p class=\"s8\"><span dir=\"auto\">Bandbeschichtetes Blech mit Korrosionsschutzbehandlung<\/span><\/p>\n<\/td>\n<\/tr>\n<tr>\n<td>\n<p class=\"s8\"><span dir=\"auto\">T\u00fcr<\/span><span dir=\"auto\">\u200b<\/span><\/p>\n<\/td>\n<td colspan=\"2\">\n<p class=\"s8\"><span dir=\"auto\">Schwarzes Glas ohne Rahmen \/\u00a0<\/span><span dir=\"auto\">Schwarzes Vollglas<\/span><\/p>\n<\/td>\n<td><\/td>\n<\/tr>\n<tr>\n<td>\n<p class=\"s8\"><span dir=\"auto\">Innere Oberfl\u00e4che\u00a0<\/span><\/p>\n<\/td>\n<td>\n<p class=\"s8\"><span dir=\"auto\">ABS<\/span><\/p>\n<\/td>\n<td>\n<p class=\"s8\"><span dir=\"auto\">ABS<\/span><\/p>\n<\/td>\n<td>\n<p class=\"s8\"><span dir=\"auto\">ABS<\/span><\/p>\n<\/td>\n<\/tr>\n<tr>\n<td>\n<p class=\"s8\"><span dir=\"auto\">Thermostat<\/span><span dir=\"auto\">\u200b<\/span><\/p>\n<\/td>\n<td>\n<p class=\"s8\"><span dir=\"auto\"> Elektronisch \/<\/span><span dir=\"auto\">Elektronisch<\/span><span dir=\"auto\">\u00a0Touchscreen<\/span><\/p>\n<\/td>\n<td>\n<p class=\"s8\"><span dir=\"auto\">Elektronisch \/\u00a0<\/span><span dir=\"auto\">Elektronisch<\/span><span dir=\"auto\">\u00a0Touchscreen<\/span><\/p>\n<\/td>\n<td>\n<p class=\"s8\"><span dir=\"auto\">Elektronisch \/\u00a0<\/span><span dir=\"auto\">Elektronisch<\/span><span dir=\"auto\">\u00a0Touchscreen<\/span><\/p>\n<\/td>\n<\/tr>\n<tr>\n<td>\n<p class=\"s8\"><span dir=\"auto\">L\u00e4rm\u00a0<\/span><span dir=\"auto\">Ebene<\/span><\/p>\n<\/td>\n<td>\n<p class=\"s8\"><span dir=\"auto\">dB 38 + dB 38<\/span><\/p>\n<p class=\"s8\"><span dir=\"auto\">Bezogen auf einzelne K\u00fchlger\u00e4te\u00a0<\/span><span dir=\"auto\">F\u00fcr jedes K\u00fchlaggregat<\/span><\/p>\n<\/td>\n<td>\n<p class=\"s8\"><span dir=\"auto\">dB 44 + dB 38<\/span><\/p>\n<p class=\"s8\"><span dir=\"auto\">Bezogen auf einzelne K\u00fchlger\u00e4te\u00a0<\/span><span dir=\"auto\">F\u00fcr jedes K\u00fchlaggregat<\/span><\/p>\n<\/td>\n<td>\n<p class=\"s8\"><span dir=\"auto\">dB 44 + dB 44<\/span><\/p>\n<p class=\"s8\"><span dir=\"auto\">Bezogen auf einzelne K\u00fchlger\u00e4te\u00a0<\/span><span dir=\"auto\">F\u00fcr jedes K\u00fchlaggregat<\/span><\/p>\n<\/td>\n<\/tr>\n<tr>\n<td>\n<p class=\"s8\"><span dir=\"auto\">Isolierung\u00a0<\/span><span dir=\"auto\">Dicke<\/span><\/p>\n<\/td>\n<td>\n<p class=\"s8\"><span dir=\"auto\">55 mm<\/span><\/p>\n<\/td>\n<td>\n<p class=\"s8\"><span dir=\"auto\">55 mm<\/span><\/p>\n<\/td>\n<td>\n<p class=\"s8\"><span dir=\"auto\">55 mm<\/span><\/p>\n<\/td>\n<\/tr>\n<tr>\n<td>\n<p class=\"s8\"><span dir=\"auto\">Entfrosten<\/span><\/p>\n<\/td>\n<td colspan=\"2\">\n<p class=\"s8\"><span dir=\"auto\">Automatischer Kompressor\u00a0<\/span><span dir=\"auto\">Zyklus<\/span><\/p>\n<\/td>\n<td><\/td>\n<\/tr>\n<tr>\n<td>\n<p class=\"s8\"><span dir=\"auto\">Beleuchtung<\/span><span dir=\"auto\">\u200b<\/span><\/p>\n<\/td>\n<td>\n<p class=\"s8\"><span dir=\"auto\">LEDs: 4 vertikal + 2 horizontal<\/span><\/p>\n<\/td>\n<td>\n<p class=\"s8\"><span dir=\"auto\">LEDs: 4 vertikal + 3 horizontal<\/span><\/p>\n<\/td>\n<td>\n<p class=\"s8\"><span dir=\"auto\">LEDs: 4 vertikal + 4 horizontal<\/span><\/p>\n<\/td>\n<\/tr>\n<tr>\n<td>\n<p class=\"s8\"><span dir=\"auto\">Schloss\u00a0<\/span><span dir=\"auto\">und Schl\u00fcssel<\/span><\/p>\n<\/td>\n<td>\n<p class=\"s8\"><span dir=\"auto\">Ja<\/span><span dir=\"auto\">\u200b<\/span><\/p>\n<\/td>\n<td>\n<p class=\"s8\"><span dir=\"auto\">Ja<\/span><span dir=\"auto\">\u200b<\/span><\/p>\n<\/td>\n<td>\n<p class=\"s8\"><span dir=\"auto\">Ja<\/span><span dir=\"auto\">\u200b<\/span><\/p>\n<\/td>\n<\/tr>\n<tr>\n<td>\n<p class=\"s8\"><span dir=\"auto\">Z\u00a0<\/span><span dir=\"auto\">-Form Schiebeb\u00f6den (BxT)<\/span><\/p>\n<\/td>\n<td>\n<p class=\"s8\"><span dir=\"auto\">Nr. 20 - 452 x 535 mm<\/span><\/p>\n<p class=\"s8\"><span dir=\"auto\">Nr. 2 - 452 x 380 mm<\/span><\/p>\n<\/td>\n<td>\n<p class=\"s8\"><span dir=\"auto\">Nr. 19 - 452 x 535 mm<\/span><\/p>\n<p class=\"s8\"><span dir=\"auto\">Nr. 2 - 452 x 380 mm<\/span><\/p>\n<\/td>\n<td>\n<p class=\"s8\"><span dir=\"auto\">Nr. 18 - 452 x 535 mm<\/span><\/p>\n<p class=\"s8\"><span dir=\"auto\">Nr. 2 - 452 x 380 mm<\/span><\/p>\n<\/td>\n<\/tr>\n<tr>\n<td>\n<p class=\"s8\"><span dir=\"auto\">Rollen\u00a0<\/span><span dir=\"auto\">-Fu\u00df<\/span><\/p>\n<\/td>\n<td>\n<p class=\"s8\"><span dir=\"auto\">8 F\u00fc\u00dfe<\/span><\/p>\n<\/td>\n<td>\n<p class=\"s8\"><span dir=\"auto\">8 F\u00fc\u00dfe<\/span><\/p>\n<\/td>\n<td>\n<p class=\"s8\"><span dir=\"auto\">8 F\u00fc\u00dfe<\/span><\/p>\n<\/td>\n<\/tr>\n<tr>\n<td>\n<p class=\"s8\"><span dir=\"auto\">Netz-\u00a0<\/span><span dir=\"auto\">Bruttogewicht<\/span><\/p>\n<\/td>\n<td>\n<p class=\"s8\"><span dir=\"auto\">Kg 218 \/ 234<\/span><\/p>\n<\/td>\n<td>\n<p class=\"s8\"><span dir=\"auto\">Kg 220 \/ 236<\/span><\/p>\n<\/td>\n<td>\n<p class=\"s8\"><span dir=\"auto\">Kg 222 \/ 238<\/span><\/p>\n<\/td>\n<\/tr>\n<tr>\n<td>\n<p class=\"s8\"><span dir=\"auto\">Spannung<\/span><span dir=\"auto\">\u200b<\/span><\/p>\n<\/td>\n<td>\n<p class=\"s8\"><span dir=\"auto\">V 220<\/span><\/p>\n<\/td>\n<td>\n<p class=\"s8\"><span dir=\"auto\">V 220<\/span><\/p>\n<\/td>\n<td>\n<p class=\"s8\"><span dir=\"auto\">V 220<\/span><\/p>\n<\/td>\n<\/tr>\n<tr>\n<td>\n<p class=\"s8\"><span dir=\"auto\">Frequenz<\/span><span dir=\"auto\">\u200b<\/span><\/p>\n<\/td>\n<td>\n<p class=\"s8\"><span dir=\"auto\">Hz 50<\/span><\/p>\n<\/td>\n<td>\n<p class=\"s8\"><span dir=\"auto\">Hz 50<\/span><\/p>\n<\/td>\n<td>\n<p class=\"s8\"><span dir=\"auto\">Hz 50<\/span><\/p>\n<\/td>\n<\/tr>\n<tr>\n<td>\n<p class=\"s8\"><span dir=\"auto\">K\u00e4ltemittel<\/span><span dir=\"auto\">\u200b<\/span><\/p>\n<\/td>\n<td>\n<p class=\"s8\"><span dir=\"auto\">R600A<\/span><\/p>\n<\/td>\n<td>\n<p class=\"s8\"><span dir=\"auto\">R600A<\/span><\/p>\n<\/td>\n<td>\n<p class=\"s8\"><span dir=\"auto\">R600A<\/span><\/p>\n<\/td>\n<\/tr>\n<tr>\n<td>\n<p class=\"s8\"><span dir=\"auto\">Absorption<\/span><span dir=\"auto\">\u200b<\/span><\/p>\n<\/td>\n<td>\n<p class=\"s8\"><span dir=\"auto\">W 260<\/span><\/p>\n<\/td>\n<td>\n<p class=\"s8\"><span dir=\"auto\">W 260<\/span><\/p>\n<\/td>\n<td>\n<p class=\"s8\"><span dir=\"auto\">W 260<\/span><\/p>\n<\/td>\n<\/tr>\n<tr>\n<td>\n<p class=\"s8\"><span dir=\"auto\">Energieverbrauch\u00a0<\/span><\/p>\n<\/td>\n<td>\n<p class=\"s8\"><span dir=\"auto\">KwH\/24H 0,85<\/span><\/p>\n<\/td>\n<td>\n<p class=\"s8\"><span dir=\"auto\">KwH\/24H 0,925<\/span><\/p>\n<\/td>\n<td>\n<p class=\"s8\"><span dir=\"auto\">KwH\/24H 1.00<\/span><\/p>\n<\/td>\n<\/tr>\n<\/tbody>\n<\/table>","protected":false},"excerpt":{"rendered":"<p>K\u00fchlschrank vini Doppelt\u00fcr 3 Zone di temperatura bel\u00fcftet<\/p>","protected":false},"featured_media":10577,"comment_status":"open","ping_status":"closed","template":"","meta":[],"product_brand":[],"product_cat":[49],"product_tag":[],"class_list":{"0":"post-10536","1":"product","2":"type-product","3":"status-publish","4":"has-post-thumbnail","6":"product_cat-wine-fridges","8":"first","9":"instock","10":"shipping-taxable","11":"purchasable","12":"product-type-simple"},"_links":{"self":[{"href":"https:\/\/dersuessestopp.com\/de\/wp-json\/wp\/v2\/product\/10536","targetHints":{"allow":["GET"]}}],"collection":[{"href":"https:\/\/dersuessestopp.com\/de\/wp-json\/wp\/v2\/product"}],"about":[{"href":"https:\/\/dersuessestopp.com\/de\/wp-json\/wp\/v2\/types\/product"}],"replies":[{"embeddable":true,"href":"https:\/\/dersuessestopp.com\/de\/wp-json\/wp\/v2\/comments?post=10536"}],"version-history":[{"count":4,"href":"https:\/\/dersuessestopp.com\/de\/wp-json\/wp\/v2\/product\/10536\/revisions"}],"predecessor-version":[{"id":11708,"href":"https:\/\/dersuessestopp.com\/de\/wp-json\/wp\/v2\/product\/10536\/revisions\/11708"}],"wp:featuredmedia":[{"embeddable":true,"href":"https:\/\/dersuessestopp.com\/de\/wp-json\/wp\/v2\/media\/10577"}],"wp:attachment":[{"href":"https:\/\/dersuessestopp.com\/de\/wp-json\/wp\/v2\/media?parent=10536"}],"wp:term":[{"taxonomy":"product_brand","embeddable":true,"href":"https:\/\/dersuessestopp.com\/de\/wp-json\/wp\/v2\/product_brand?post=10536"},{"taxonomy":"product_cat","embeddable":true,"href":"https:\/\/dersuessestopp.com\/de\/wp-json\/wp\/v2\/product_cat?post=10536"},{"taxonomy":"product_tag","embeddable":true,"href":"https:\/\/dersuessestopp.com\/de\/wp-json\/wp\/v2\/product_tag?post=10536"}],"curies":[{"name":"wp","href":"https:\/\/api.w.org\/{rel}","templated":true}]}}