{"id":10413,"date":"2025-09-29T14:59:34","date_gmt":"2025-09-29T14:59:34","guid":{"rendered":"https:\/\/dersuessestopp.com\/?post_type=product&#038;p=10413"},"modified":"2025-10-08T22:31:31","modified_gmt":"2025-10-08T22:31:31","slug":"eis-7","status":"publish","type":"product","link":"https:\/\/dersuessestopp.com\/de\/product\/ice-7\/","title":{"rendered":"ICE 7"},"content":{"rendered":"<p data-start=\"196\" data-end=\"543\"><img fetchpriority=\"high\" decoding=\"async\" class=\"alignnone wp-image-11814 size-full\" src=\"https:\/\/dersuessestopp.com\/wp-content\/uploads\/2025\/09\/ICE7_ICE8-Dettagli.jpg\" alt=\"\" width=\"2000\" height=\"600\" srcset=\"https:\/\/dersuessestopp.com\/wp-content\/uploads\/2025\/09\/ICE7_ICE8-Dettagli.jpg 2000w, https:\/\/dersuessestopp.com\/wp-content\/uploads\/2025\/09\/ICE7_ICE8-Dettagli-300x90.jpg 300w, https:\/\/dersuessestopp.com\/wp-content\/uploads\/2025\/09\/ICE7_ICE8-Dettagli-1024x307.jpg 1024w, https:\/\/dersuessestopp.com\/wp-content\/uploads\/2025\/09\/ICE7_ICE8-Dettagli-768x230.jpg 768w, https:\/\/dersuessestopp.com\/wp-content\/uploads\/2025\/09\/ICE7_ICE8-Dettagli-1536x461.jpg 1536w, https:\/\/dersuessestopp.com\/wp-content\/uploads\/2025\/09\/ICE7_ICE8-Dettagli-250x75.jpg 250w, https:\/\/dersuessestopp.com\/wp-content\/uploads\/2025\/09\/ICE7_ICE8-Dettagli-600x180.jpg 600w\" sizes=\"(max-width: 2000px) 100vw, 2000px\" \/><\/p>\n<p data-start=\"196\" data-end=\"543\">Die <strong data-start=\"200\" data-end=\"209\">ICE 7<\/strong> ist ein kompaktes, professionelles <strong data-start=\"237\" data-end=\"266\">Eiscreme-Tiefk\u00fchltruhe<\/strong> entwickelt, um Gelato und gefrorene Desserts in perfektem Zustand zu pr\u00e4sentieren. Betrieb zwischen <strong data-start=\"354\" data-end=\"375\">-23 \u00b0C und -13 \u00b0C<\/strong>, Er sorgt f\u00fcr zuverl\u00e4ssige K\u00fchlung und gleichbleibende Leistung. Sein <strong data-start=\"437\" data-end=\"460\">modernes Glasdesign<\/strong>, <strong data-start=\"462\" data-end=\"478\">LED-Beleuchtung<\/strong>, und <strong data-start=\"484\" data-end=\"500\">Schiebedeckel<\/strong> bieten volle Sichtbarkeit und leichten Zugang.<\/p>\n<p data-start=\"545\" data-end=\"743\">Gebaut mit einer <strong data-start=\"558\" data-end=\"599\">dauerhaftes, vorlackiertes Korrosionsschutzgeh\u00e4use<\/strong> und <strong data-start=\"604\" data-end=\"634\">gepr\u00e4gter Aluminium-Innenraum<\/strong>, bietet der ICE 7 langlebige Qualit\u00e4t und geringen Wartungsaufwand. Ideal f\u00fcr Caf\u00e9s, Konditoreien und Gelaterias.<\/p>\n<p data-start=\"745\" data-end=\"923\"><strong data-start=\"745\" data-end=\"762\">Hauptmerkmale:<\/strong> Statische K\u00fchlung, LED-Beleuchtung, manuelle Abtauung, mechanischer Thermostat, Schloss und Schl\u00fcssel und 4 Lenkrollen.<br data-start=\"866\" data-end=\"869\" \/><strong data-start=\"869\" data-end=\"882\">Kapazit\u00e4t:<\/strong> 7 Standard-Gelatineformen (nicht im Lieferumfang enthalten).<\/p>\n<table style=\"height: 740px;\" width=\"945\" cellspacing=\"0\">\n<tbody>\n<tr>\n<td bgcolor=\"#FFFFFF\">\n<p class=\"s10\"><span dir=\"auto\">Abmessungen mm<\/span><\/p>\n<\/td>\n<td bgcolor=\"#FFFFFF\">\n<p class=\"s10\"><span dir=\"auto\">ICE 7<\/span><\/p>\n<\/td>\n<td bgcolor=\"#FFFFFF\">\n<p class=\"s10\"><span dir=\"auto\">ICE 8<\/span><\/p>\n<\/td>\n<\/tr>\n<tr>\n<td>\n<p class=\"s11\"><span dir=\"auto\">\u00c4u\u00dfere Abmessungen (\u00a0<\/span><span dir=\"auto\">BxTxH)<\/span><\/p>\n<\/td>\n<td>\n<p class=\"s11\"><span dir=\"auto\">1305 x 635 x 1240<\/span><\/p>\n<\/td>\n<td>\n<p class=\"s11\"><span dir=\"auto\">1555 x 635 x 1240<\/span><\/p>\n<\/td>\n<\/tr>\n<tr>\n<td>\n<p class=\"s11\"><span dir=\"auto\">Verpackung Abmessungen - gek\u00fchlter Sockel (BxTxH)\u00a0<\/span><span dir=\"auto\">)<\/span><\/p>\n<\/td>\n<td>\n<p class=\"s11\"><span dir=\"auto\">1355 x 700 x 965<\/span><\/p>\n<\/td>\n<td>\n<p class=\"s11\"><span dir=\"auto\">1610 x 700 x 965<\/span><\/p>\n<\/td>\n<\/tr>\n<tr>\n<td>\n<p class=\"s11\"><span dir=\"auto\">Verpackungsma\u00dfe - Glaseinheit (BxTxH)\u00a0<\/span><\/p>\n<\/td>\n<td>\n<p class=\"s11\"><span dir=\"auto\">1390 x 620 x 250<\/span><\/p>\n<\/td>\n<td>\n<p class=\"s11\"><span dir=\"auto\">1650 x 620 x 250<\/span><\/p>\n<\/td>\n<\/tr>\n<tr>\n<td>\n<p class=\"s11\"><span dir=\"auto\">\u00a0<\/span><span dir=\"auto\">Breite<\/span><\/p>\n<\/td>\n<td>\n<p class=\"s11\"><span dir=\"auto\">1180<\/span><\/p>\n<\/td>\n<td>\n<p class=\"s11\"><span dir=\"auto\">1430<\/span><\/p>\n<\/td>\n<\/tr>\n<tr>\n<td>\n<p class=\"s11\"><span dir=\"auto\">Tiefe<\/span><\/p>\n<\/td>\n<td>\n<p class=\"s11\"><span dir=\"auto\">510<\/span><\/p>\n<\/td>\n<td>\n<p class=\"s11\"><span dir=\"auto\">510<\/span><\/p>\n<\/td>\n<\/tr>\n<tr>\n<td>\n<p class=\"s11\"><span dir=\"auto\">H\u00f6he<\/span><\/p>\n<\/td>\n<td>\n<p class=\"s11\"><span dir=\"auto\">560<\/span><\/p>\n<\/td>\n<td>\n<p class=\"s11\"><span dir=\"auto\">560<\/span><\/p>\n<\/td>\n<\/tr>\n<tr>\n<td>\n<p class=\"s11\"><span dir=\"auto\">Min. H\u00f6he<\/span><\/p>\n<\/td>\n<td>\n<p class=\"s11\"><span dir=\"auto\">330<\/span><\/p>\n<\/td>\n<td>\n<p class=\"s11\"><span dir=\"auto\">330<\/span><\/p>\n<\/td>\n<\/tr>\n<tr>\n<td>\n<p class=\"s11\"><span dir=\"auto\">\u00a0<\/span><span dir=\"auto\">Min. Breite<\/span><\/p>\n<\/td>\n<td>\n<p class=\"s11\"><span dir=\"auto\">970<\/span><\/p>\n<\/td>\n<td>\n<p class=\"s11\"><span dir=\"auto\">1210<\/span><\/p>\n<\/td>\n<\/tr>\n<tr>\n<td>\n<p class=\"s11\"><span dir=\"auto\">Seite rechts\u00a0<\/span><span dir=\"auto\">Aufkleber<\/span><\/p>\n<\/td>\n<td>\n<p class=\"s11\"><span dir=\"auto\">625 x 490\/379<\/span><\/p>\n<\/td>\n<td>\n<p class=\"s11\"><span dir=\"auto\">625 x 490\/379<\/span><\/p>\n<\/td>\n<\/tr>\n<tr>\n<td>\n<p class=\"s11\"><span dir=\"auto\">Linke Seite Aufkleber<\/span><\/p>\n<\/td>\n<td>\n<p class=\"s11\"><span dir=\"auto\">625 x 750\/638<\/span><\/p>\n<\/td>\n<td>\n<p class=\"s11\"><span dir=\"auto\">625 x 750\/638<\/span><\/p>\n<\/td>\n<\/tr>\n<tr>\n<td>\n<p class=\"s11\"><span dir=\"auto\">Vorderseite\u00a0<\/span><span dir=\"auto\">Aufkleber<\/span><\/p>\n<\/td>\n<td>\n<p class=\"s11\"><span dir=\"auto\">1295 x 643<\/span><\/p>\n<\/td>\n<td>\n<p class=\"s11\"><span dir=\"auto\">1545 x 643<\/span><\/p>\n<\/td>\n<\/tr>\n<\/tbody>\n<\/table>\n<p>&nbsp;<\/p>\n<table style=\"height: 1437px;\" width=\"1046\" cellspacing=\"0\">\n<tbody>\n<tr>\n<td bgcolor=\"#FFFFFF\">\n<p class=\"s10\"><span dir=\"auto\">Technische Merkmale<\/span><\/p>\n<\/td>\n<td bgcolor=\"#FFFFFF\">\n<p class=\"s10\"><span dir=\"auto\">ICE 7<\/span><\/p>\n<\/td>\n<td bgcolor=\"#FFFFFF\">\n<p class=\"s10\"><span dir=\"auto\">ICE 8<\/span><\/p>\n<\/td>\n<\/tr>\n<tr>\n<td>\n<p class=\"s11\"><span dir=\"auto\">\u00a0<\/span><span dir=\"auto\">Temperaturbereich<\/span><\/p>\n<\/td>\n<td>\n<p class=\"s11\"><span dir=\"auto\">-23 \u00b0C \/ -13 \u00b0C<\/span><\/p>\n<\/td>\n<td>\n<p class=\"s11\"><span dir=\"auto\">-23 \u00b0C \/ -13 \u00b0C<\/span><\/p>\n<\/td>\n<\/tr>\n<tr>\n<td>\n<p class=\"s11\"><span dir=\"auto\">Klima\u00a0<\/span><span dir=\"auto\">Klasse<\/span><\/p>\n<\/td>\n<td>\n<p class=\"s11\"><span dir=\"auto\">4<\/span><\/p>\n<\/td>\n<td>\n<p class=\"s11\"><span dir=\"auto\">4<\/span><\/p>\n<\/td>\n<\/tr>\n<tr>\n<td>\n<p class=\"s11\"><span dir=\"auto\">\u00a0<\/span><span dir=\"auto\">Netto-Brutto-Volumen<\/span><\/p>\n<\/td>\n<td>\n<p class=\"s11\"><span dir=\"auto\">Lt. 337 \/ 381<\/span><\/p>\n<\/td>\n<td>\n<p class=\"s11\"><span dir=\"auto\">Lt. 414 \/ 467<\/span><\/p>\n<\/td>\n<\/tr>\n<tr>\n<td>\n<p class=\"s11\"><span dir=\"auto\">\u00c4u\u00dfere K\u00f6rperoberfl\u00e4che<\/span><\/p>\n<\/td>\n<td>\n<p class=\"s11\"><span dir=\"auto\">Vorlackierte Bleche <\/span><span dir=\"auto\">mit Korrosionsschutzbehandlung<\/span><\/p>\n<\/td>\n<td>\n<p class=\"s11\"><span dir=\"auto\">Vorlackierte Bleche <\/span><span dir=\"auto\">mit Korrosionsschutzbehandlung<\/span><\/p>\n<\/td>\n<\/tr>\n<tr>\n<td>\n<p class=\"s11\"><span dir=\"auto\">Innere Oberfl\u00e4che\u00a0<\/span><span dir=\"auto\">Innenauskleidung<\/span><\/p>\n<\/td>\n<td>\n<p class=\"s11\"><span dir=\"auto\">Gepr\u00e4gtes Aluminium<\/span><\/p>\n<\/td>\n<td>\n<p class=\"s11\"><span dir=\"auto\">Gepr\u00e4gtes Aluminium<\/span><\/p>\n<\/td>\n<\/tr>\n<tr>\n<td>\n<p class=\"s11\"><span dir=\"auto\">Thermometer<\/span><span dir=\"auto\">\u200b<\/span><\/p>\n<\/td>\n<td>\n<p class=\"s11\"><span dir=\"auto\">Analog<\/span><span dir=\"auto\">\u200b<\/span><\/p>\n<\/td>\n<td>\n<p class=\"s11\"><span dir=\"auto\">Analog<\/span><span dir=\"auto\">\u200b<\/span><\/p>\n<\/td>\n<\/tr>\n<tr>\n<td>\n<p class=\"s11\"><span dir=\"auto\">Temperaturregler \/\u00a0<\/span><span dir=\"auto\">Controller<\/span><\/p>\n<\/td>\n<td>\n<p class=\"s11\"><span dir=\"auto\">\u00a0<\/span><span dir=\"auto\">Mechanisch<\/span><\/p>\n<\/td>\n<td>\n<p class=\"s11\"><span dir=\"auto\">\u00a0<\/span><span dir=\"auto\">Mechanisch<\/span><\/p>\n<\/td>\n<\/tr>\n<tr>\n<td>\n<p class=\"s11\"><span dir=\"auto\">L\u00e4rm\u00a0<\/span><span dir=\"auto\">Ebene<\/span><\/p>\n<\/td>\n<td>\n<p class=\"s11\"><span dir=\"auto\">dB 52<\/span><\/p>\n<\/td>\n<td>\n<p class=\"s11\"><span dir=\"auto\">dB 53<\/span><\/p>\n<\/td>\n<\/tr>\n<tr>\n<td>\n<p class=\"s11\"><span dir=\"auto\">Isolierung\u00a0<\/span><span dir=\"auto\">Dicke<\/span><\/p>\n<\/td>\n<td>\n<p class=\"s11\"><span dir=\"auto\">60 mm<\/span><\/p>\n<\/td>\n<td>\n<p class=\"s11\"><span dir=\"auto\">60 mm<\/span><\/p>\n<\/td>\n<\/tr>\n<tr>\n<td>\n<p class=\"s11\"><span dir=\"auto\">Entfrosten\u00a0<\/span><\/p>\n<\/td>\n<td>\n<p class=\"s11\"><span dir=\"auto\">\u00a0<\/span><span dir=\"auto\">Handbuch<\/span><\/p>\n<\/td>\n<td>\n<p class=\"s11\"><span dir=\"auto\">Handbuch\u00a0<\/span><\/p>\n<\/td>\n<\/tr>\n<tr>\n<td>\n<p class=\"s11\"><span dir=\"auto\">Beleuchtung\u00a0<\/span><\/p>\n<\/td>\n<td>\n<p class=\"s11\"><span dir=\"auto\">LED<\/span><\/p>\n<\/td>\n<td>\n<p class=\"s11\"><span dir=\"auto\">LED<\/span><\/p>\n<\/td>\n<\/tr>\n<tr>\n<td>\n<p class=\"s11\"><span dir=\"auto\">Schloss\u00a0<\/span><span dir=\"auto\">und Schl\u00fcssel<\/span><\/p>\n<\/td>\n<td>\n<p class=\"s11\"><span dir=\"auto\">Ja<\/span><span dir=\"auto\">\u200b<\/span><\/p>\n<\/td>\n<td>\n<p class=\"s11\"><span dir=\"auto\">Ja<\/span><span dir=\"auto\">\u200b<\/span><\/p>\n<\/td>\n<\/tr>\n<tr>\n<td>\n<p class=\"s11\"><span dir=\"auto\">Edelstahlk\u00f6rbe und Abmessungen (BxTxH)\u00a0<\/span><span dir=\"auto\">)<\/span><\/p>\n<\/td>\n<td>\n<p class=\"s11\"><span dir=\"auto\">Nicht\u00a0<\/span><span dir=\"auto\">inklusive<\/span><\/p>\n<p class=\"s11\"><span dir=\"auto\">N\u00b0 7 - mm 165 x 360 x 100 - lt. 4.25<\/span><\/p>\n<p class=\"s11\"><span dir=\"auto\">Nr. 7 - 165 x 360 x 120 mm - lt. 5<\/span><\/p>\n<\/td>\n<td>\n<p class=\"s11\"><span dir=\"auto\">Nicht\u00a0<\/span><span dir=\"auto\">inklusive<\/span><\/p>\n<p class=\"s11\"><span dir=\"auto\">N\u00b0 8 - mm 165 x 360 x 100 - lt. 4.25<\/span><\/p>\n<p class=\"s11\"><span dir=\"auto\">Nr. 8 - 165 x 360 x 120 mm - lt. 5<\/span><\/p>\n<\/td>\n<\/tr>\n<tr>\n<td>\n<p class=\"s11\"><span dir=\"auto\">Rollen\u00a0<\/span><span dir=\"auto\">-Fu\u00df<\/span><\/p>\n<\/td>\n<td>\n<p class=\"s11\"><span dir=\"auto\">4 R\u00e4der \/\u00a0<\/span><span dir=\"auto\">4 R\u00e4der<\/span><\/p>\n<\/td>\n<td>\n<p class=\"s11\"><span dir=\"auto\">4 R\u00e4der \/\u00a0<\/span><span dir=\"auto\">4 R\u00e4der<\/span><\/p>\n<\/td>\n<\/tr>\n<tr>\n<td>\n<p class=\"s11\"><span dir=\"auto\">Netz-\u00a0<\/span><span dir=\"auto\">Bruttogewicht<\/span><\/p>\n<\/td>\n<td>\n<p class=\"s11\"><span dir=\"auto\">105 \/ 115 kg<\/span><\/p>\n<\/td>\n<td>\n<p class=\"s11\"><span dir=\"auto\">120 \/ 131 kg<\/span><\/p>\n<\/td>\n<\/tr>\n<tr>\n<td>\n<p class=\"s11\"><span dir=\"auto\">Spannung<\/span><span dir=\"auto\">\u200b<\/span><\/p>\n<\/td>\n<td>\n<p class=\"s11\"><span dir=\"auto\">V 220-240<\/span><\/p>\n<\/td>\n<td>\n<p class=\"s11\"><span dir=\"auto\">V 220-240<\/span><\/p>\n<\/td>\n<\/tr>\n<tr>\n<td>\n<p class=\"s11\"><span dir=\"auto\">Frequenz<\/span><span dir=\"auto\">\u200b<\/span><\/p>\n<\/td>\n<td>\n<p class=\"s11\"><span dir=\"auto\">Hz 50<\/span><\/p>\n<\/td>\n<td>\n<p class=\"s11\"><span dir=\"auto\">Hz 50<\/span><\/p>\n<\/td>\n<\/tr>\n<tr>\n<td>\n<p class=\"s11\"><span dir=\"auto\">K\u00e4ltemittel<\/span><span dir=\"auto\">\u200b<\/span><\/p>\n<\/td>\n<td>\n<p class=\"s11\"><span dir=\"auto\">R290<\/span><\/p>\n<\/td>\n<td>\n<p class=\"s11\"><span dir=\"auto\">R290<\/span><\/p>\n<\/td>\n<\/tr>\n<tr>\n<td>\n<p class=\"s11\"><span dir=\"auto\">Absorption<\/span><span dir=\"auto\">\u200b<\/span><\/p>\n<\/td>\n<td>\n<p class=\"s11\"><span dir=\"auto\">W 299<\/span><\/p>\n<\/td>\n<td>\n<p class=\"s11\"><span dir=\"auto\">W 293<\/span><\/p>\n<\/td>\n<\/tr>\n<tr>\n<td>\n<p class=\"s11\"><span dir=\"auto\">Energieverbrauch<\/span><\/p>\n<\/td>\n<td>\n<p class=\"s11\"><span dir=\"auto\">KwH\/24H 4.3<\/span><\/p>\n<\/td>\n<td>\n<p class=\"s11\"><span dir=\"auto\">KwH\/24H 4,65<\/span><\/p>\n<\/td>\n<\/tr>\n<\/tbody>\n<\/table>","protected":false},"excerpt":{"rendered":"<p>-23 \u00b0C \/ -13 \u00b0C Statische Gelatinevitrine<\/p>","protected":false},"featured_media":10464,"comment_status":"open","ping_status":"closed","template":"","meta":[],"product_brand":[],"product_cat":[116,53],"product_tag":[],"class_list":{"0":"post-10413","1":"product","2":"type-product","3":"status-publish","4":"has-post-thumbnail","6":"product_cat-gelato-display-cases","7":"product_cat-pastry-bakery-cooling","9":"first","10":"instock","11":"shipping-taxable","12":"purchasable","13":"product-type-simple"},"_links":{"self":[{"href":"https:\/\/dersuessestopp.com\/de\/wp-json\/wp\/v2\/product\/10413","targetHints":{"allow":["GET"]}}],"collection":[{"href":"https:\/\/dersuessestopp.com\/de\/wp-json\/wp\/v2\/product"}],"about":[{"href":"https:\/\/dersuessestopp.com\/de\/wp-json\/wp\/v2\/types\/product"}],"replies":[{"embeddable":true,"href":"https:\/\/dersuessestopp.com\/de\/wp-json\/wp\/v2\/comments?post=10413"}],"version-history":[{"count":4,"href":"https:\/\/dersuessestopp.com\/de\/wp-json\/wp\/v2\/product\/10413\/revisions"}],"predecessor-version":[{"id":11868,"href":"https:\/\/dersuessestopp.com\/de\/wp-json\/wp\/v2\/product\/10413\/revisions\/11868"}],"wp:featuredmedia":[{"embeddable":true,"href":"https:\/\/dersuessestopp.com\/de\/wp-json\/wp\/v2\/media\/10464"}],"wp:attachment":[{"href":"https:\/\/dersuessestopp.com\/de\/wp-json\/wp\/v2\/media?parent=10413"}],"wp:term":[{"taxonomy":"product_brand","embeddable":true,"href":"https:\/\/dersuessestopp.com\/de\/wp-json\/wp\/v2\/product_brand?post=10413"},{"taxonomy":"product_cat","embeddable":true,"href":"https:\/\/dersuessestopp.com\/de\/wp-json\/wp\/v2\/product_cat?post=10413"},{"taxonomy":"product_tag","embeddable":true,"href":"https:\/\/dersuessestopp.com\/de\/wp-json\/wp\/v2\/product_tag?post=10413"}],"curies":[{"name":"wp","href":"https:\/\/api.w.org\/{rel}","templated":true}]}}