{"id":10265,"date":"2025-09-29T14:58:51","date_gmt":"2025-09-29T14:58:51","guid":{"rendered":"https:\/\/dersuessestopp.com\/?post_type=product&#038;p=10265"},"modified":"2025-10-09T00:05:06","modified_gmt":"2025-10-09T00:05:06","slug":"cax-3100-bt","status":"publish","type":"product","link":"https:\/\/dersuessestopp.com\/de\/product\/cax-3100-bt\/","title":{"rendered":"CXF 3100 BT"},"content":{"rendered":"<p data-start=\"189\" data-end=\"763\"><img decoding=\"async\" src=\"https:\/\/customer.klimaitalia.it\/api\/file\/image\/6706\" \/><\/p>\n<p data-start=\"189\" data-end=\"763\">Die <strong data-start=\"193\" data-end=\"208\">CXF 3100 BT<\/strong> ist eine professionelle <strong data-start=\"227\" data-end=\"257\">bel\u00fcftete Gefriertheke<\/strong> mit <strong data-start=\"263\" data-end=\"294\">drei T\u00fcren aus rostfreiem Stahl<\/strong>, perfekt f\u00fcr Restaurants, Bars und Catering-K\u00fcchen. Gebaut aus hochwertigem <strong data-start=\"374\" data-end=\"402\">Rostfreier Stahl AISI 304<\/strong>, Sie garantiert Langlebigkeit, Hygiene und einfache Wartung. Diese <strong data-start=\"466\" data-end=\"494\">Gefrierschrank f\u00fcr den gewerblichen Einsatz<\/strong> unterh\u00e4lt eine stabile <strong data-start=\"514\" data-end=\"555\">Temperaturbereich von -22\u00b0C bis -18\u00b0C<\/strong>, und gew\u00e4hrleistet eine optimale Konservierung von Gefriergut. Ausgestattet mit einer <strong data-start=\"621\" data-end=\"646\">elektronisches Thermostat<\/strong>, <strong data-start=\"648\" data-end=\"670\">sanft schlie\u00dfende T\u00fcren<\/strong>, und <strong data-start=\"676\" data-end=\"697\">Abtauautomatik<\/strong>, Es bietet Zuverl\u00e4ssigkeit und Komfort f\u00fcr den intensiven t\u00e4glichen Gebrauch.<\/p>\n<p data-start=\"765\" data-end=\"784\"><strong data-start=\"765\" data-end=\"782\">Wesentliche Merkmale:<\/strong><\/p>\n<ul data-start=\"785\" data-end=\"1157\">\n<li data-start=\"785\" data-end=\"826\">\n<p data-start=\"787\" data-end=\"826\"><strong data-start=\"787\" data-end=\"809\">Temperaturbereich:<\/strong> -22\u00b0C bis -18\u00b0C<\/p>\n<\/li>\n<li data-start=\"827\" data-end=\"881\">\n<p data-start=\"829\" data-end=\"881\"><strong data-start=\"829\" data-end=\"859\">Bel\u00fcftetes Gefriersystem<\/strong> f\u00fcr gleichm\u00e4\u00dfige K\u00fchlung<\/p>\n<\/li>\n<li data-start=\"882\" data-end=\"935\">\n<p data-start=\"884\" data-end=\"935\"><strong data-start=\"884\" data-end=\"912\">Rostfreier Stahl AISI 304<\/strong> K\u00f6rper und Innenauskleidung<\/p>\n<\/li>\n<li data-start=\"936\" data-end=\"989\">\n<p data-start=\"938\" data-end=\"989\"><strong data-start=\"938\" data-end=\"960\">Sanft schlie\u00dfende T\u00fcren<\/strong> mit selbstschlie\u00dfender Funktion<\/p>\n<\/li>\n<li data-start=\"990\" data-end=\"1024\">\n<p data-start=\"992\" data-end=\"1024\"><strong data-start=\"992\" data-end=\"1022\">Automatische elektrische Abtauung<\/strong><\/p>\n<\/li>\n<li data-start=\"1025\" data-end=\"1076\">\n<p data-start=\"1027\" data-end=\"1076\"><strong data-start=\"1027\" data-end=\"1055\">Optionales Smart Link WiFi<\/strong> f\u00fcr Fernsteuerung<\/p>\n<\/li>\n<li data-start=\"1077\" data-end=\"1117\">\n<p data-start=\"1079\" data-end=\"1117\"><strong data-start=\"1079\" data-end=\"1102\">Energieverbrauch:<\/strong> 8,11 kWh\/24h<\/p>\n<\/li>\n<li data-start=\"1118\" data-end=\"1157\">\n<p data-start=\"1120\" data-end=\"1157\"><strong data-start=\"1120\" data-end=\"1135\">Abmessungen:<\/strong> 1795 \u00d7 700 \u00d7 860 mm<\/p>\n<\/li>\n<\/ul>\n<p>&nbsp;<\/p>\n<table cellspacing=\"0\">\n<tbody>\n<tr>\n<td bgcolor=\"#FFFFFF\">\n<p class=\"s12\">Dimensioni mm \/ Abmessungen mm<\/p>\n<\/td>\n<td bgcolor=\"#FFFFFF\">\n<p class=\"s12\"><span dir=\"auto\">CXF 3100 TN<\/span><\/p>\n<\/td>\n<td bgcolor=\"#FFFFFF\">\n<p class=\"s12\"><span dir=\"auto\">CXF 3100 TNG<\/span><\/p>\n<\/td>\n<td bgcolor=\"#FFFFFF\">\n<p class=\"s12\"><span dir=\"auto\">CXF 3140 TN<\/span><\/p>\n<\/td>\n<td bgcolor=\"#FFFFFF\">\n<p class=\"s12\"><span dir=\"auto\">CXF 3100 BT<\/span><\/p>\n<\/td>\n<\/tr>\n<tr>\n<td>\n<p class=\"s13\">Dimensioni Esterne (LxPxH) Au\u00dfenabmessungen (BxTxH)<\/p>\n<\/td>\n<td>\n<p class=\"s13\">1795 x 700 x 860*<\/p>\n<\/td>\n<td>\n<p class=\"s13\"><span dir=\"auto\">1795 x 700 x 860*<\/span><\/p>\n<\/td>\n<td>\n<p class=\"s13\"><span dir=\"auto\">1795 x 700 x 860*<\/span><\/p>\n<\/td>\n<td>\n<p class=\"s13\"><span dir=\"auto\">1795 x 700 x 860*<\/span><\/p>\n<\/td>\n<\/tr>\n<tr>\n<td>\n<p class=\"s13\"><span dir=\"auto\">Abmessungen der Verpackung (BxTxH)<\/span><\/p>\n<\/td>\n<td>\n<p class=\"s13\">1825 x 730 x 910<\/p>\n<\/td>\n<td>\n<p class=\"s13\"><span dir=\"auto\">1825 x 730 x 910<\/span><\/p>\n<\/td>\n<td>\n<p class=\"s13\"><span dir=\"auto\">1825 x 730 x 910<\/span><\/p>\n<\/td>\n<td>\n<p class=\"s13\"><span dir=\"auto\">1825 x 730 x 910<\/span><\/p>\n<\/td>\n<\/tr>\n<tr>\n<td>\n<p class=\"s13\"><span dir=\"auto\">A -\u00a0<\/span><span dir=\"auto\">Breite<\/span><\/p>\n<\/td>\n<td>\n<p class=\"s13\">1234<\/p>\n<\/td>\n<td>\n<p class=\"s13\"><span dir=\"auto\">1234<\/span><\/p>\n<\/td>\n<td>\n<p class=\"s13\"><span dir=\"auto\">1234<\/span><\/p>\n<\/td>\n<td>\n<p class=\"s13\"><span dir=\"auto\">1234<\/span><\/p>\n<\/td>\n<\/tr>\n<tr>\n<td>\n<p class=\"s13\"><span dir=\"auto\">B -\u00a0<\/span><span dir=\"auto\">Tiefe<\/span><\/p>\n<\/td>\n<td>\n<p class=\"s13\">580<\/p>\n<\/td>\n<td>\n<p class=\"s13\"><span dir=\"auto\">580<\/span><\/p>\n<\/td>\n<td>\n<p class=\"s13\"><span dir=\"auto\">580<\/span><\/p>\n<\/td>\n<td>\n<p class=\"s13\"><span dir=\"auto\">580<\/span><\/p>\n<\/td>\n<\/tr>\n<tr>\n<td>\n<p class=\"s13\"><span dir=\"auto\">C -\u00a0<\/span><span dir=\"auto\">H\u00f6he<\/span><\/p>\n<\/td>\n<td>\n<p class=\"s13\">560<\/p>\n<\/td>\n<td>\n<p class=\"s13\"><span dir=\"auto\">560<\/span><\/p>\n<\/td>\n<td>\n<p class=\"s13\"><span dir=\"auto\">560<\/span><\/p>\n<\/td>\n<td>\n<p class=\"s13\"><span dir=\"auto\">560<\/span><\/p>\n<\/td>\n<\/tr>\n<tr>\n<td colspan=\"5\">\n<p class=\"s13\"><span dir=\"auto\">*Die Gesamth\u00f6he der Einheiten schlie\u00dft die auf die Mindesth\u00f6he eingestellten F\u00fc\u00dfe ein.<\/span><\/p>\n<\/td>\n<\/tr>\n<\/tbody>\n<\/table>\n<table cellspacing=\"0\">\n<tbody>\n<tr>\n<td bgcolor=\"#FFFFFF\">\n<p class=\"s12\"><span dir=\"auto\">Technische Merkmale<\/span><\/p>\n<\/td>\n<td bgcolor=\"#FFFFFF\">\n<p class=\"s12\"><span dir=\"auto\">CXF 3100 TN<\/span><\/p>\n<\/td>\n<td bgcolor=\"#FFFFFF\">\n<p class=\"s12\"><span dir=\"auto\">CXF 3100 TNG<\/span><\/p>\n<\/td>\n<td bgcolor=\"#FFFFFF\">\n<p class=\"s12\"><span dir=\"auto\">CXF 3110 \/ 3130 TN<\/span><\/p>\n<\/td>\n<td bgcolor=\"#FFFFFF\">\n<p class=\"s12\"><span dir=\"auto\">CXF 3140 TN<\/span><\/p>\n<\/td>\n<td bgcolor=\"#FFFFFF\">\n<p class=\"s12\"><span dir=\"auto\">CXF 3100 BT<\/span><\/p>\n<\/td>\n<\/tr>\n<tr>\n<td>\n<p class=\"s13\">Temperatura \/ Temperaturbereich<\/p>\n<\/td>\n<td>\n<p class=\"s13\">-2 \u00b0C \/ +8 \u00b0C<\/p>\n<\/td>\n<td>\n<p class=\"s13\">+2 \u00b0C \/ +8 \u00b0C<\/p>\n<\/td>\n<td>\n<p class=\"s13\"><span dir=\"auto\">-2 \u00b0C \/ +8 \u00b0C<\/span><\/p>\n<\/td>\n<td>\n<p class=\"s13\"><span dir=\"auto\">-2 \u00b0C \/ +8 \u00b0C<\/span><\/p>\n<\/td>\n<td>\n<p class=\"s13\">-22 \u00b0C \/ -18 \u00b0C<\/p>\n<\/td>\n<\/tr>\n<tr>\n<td>\n<p class=\"s13\"><span dir=\"auto\">Klima\u00a0<\/span><span dir=\"auto\">Klasse<\/span><\/p>\n<\/td>\n<td>\n<p class=\"s13\">5<\/p>\n<\/td>\n<td>\n<p class=\"s13\">4<\/p>\n<\/td>\n<td>\n<p class=\"s13\"><span dir=\"auto\">4<\/span><\/p>\n<\/td>\n<td>\n<p class=\"s13\"><span dir=\"auto\">4<\/span><\/p>\n<\/td>\n<td>\n<p class=\"s13\"><span dir=\"auto\">4<\/span><\/p>\n<\/td>\n<\/tr>\n<tr>\n<td>\n<p class=\"s13\">Volumen Netto-Lordo \/ Netto-Brutto Volumen<\/p>\n<\/td>\n<td>\n<p class=\"s13\">Lt. 291 \/ 358<\/p>\n<\/td>\n<td>\n<p class=\"s13\">Lt. 302 \/ 358<\/p>\n<\/td>\n<td>\n<p class=\"s13\">Lt. 242 \/ 358<\/p>\n<\/td>\n<td>\n<p class=\"s13\">Lt. 194 \/ 358<\/p>\n<\/td>\n<td>\n<p class=\"s13\">Lt. 281 \/ 358<\/p>\n<\/td>\n<\/tr>\n<tr>\n<td>\n<p class=\"s13\"><span dir=\"auto\">\u00c4u\u00dfere Oberfl\u00e4che \/\u00a0<\/span><span dir=\"auto\">K\u00f6rper<\/span><\/p>\n<\/td>\n<td>\n<p class=\"s13\"><span dir=\"auto\">Edelstahl-Akku AISI 304\u00a0<\/span><span dir=\"auto\">AISI 304 Rostfreier Stahl<\/span><\/p>\n<\/td>\n<td>\n<p class=\"s13\"><span dir=\"auto\">Edelstahl-Akku AISI 304\u00a0<\/span><span dir=\"auto\">AISI 304 Rostfreier Stahl<\/span><\/p>\n<\/td>\n<td>\n<p class=\"s13\"><span dir=\"auto\">Edelstahl-Akku AISI 304\u00a0<\/span><span dir=\"auto\">AISI 304 Rostfreier Stahl<\/span><\/p>\n<\/td>\n<td>\n<p class=\"s13\"><span dir=\"auto\">Edelstahl-Akku AISI 304\u00a0<\/span><span dir=\"auto\">AISI 304 Rostfreier Stahl<\/span><\/p>\n<\/td>\n<td>\n<p class=\"s13\"><span dir=\"auto\">Edelstahl-Akku AISI 304\u00a0<\/span><span dir=\"auto\">AISI 304 Rostfreier Stahl<\/span><\/p>\n<\/td>\n<\/tr>\n<tr>\n<td>\n<p class=\"s13\"><span dir=\"auto\">Porta \/\u00a0<\/span><span dir=\"auto\">T\u00fcr<\/span><\/p>\n<\/td>\n<td>\n<p class=\"s14\">&#8211;<\/p>\n<\/td>\n<td>\n<p class=\"s13\"><span dir=\"auto\">Glas<\/span><span dir=\"auto\">\u200b<\/span><\/p>\n<\/td>\n<td>\n<p class=\"s14\"><span dir=\"auto\">&#8211;<\/span><\/p>\n<\/td>\n<td>\n<p class=\"s14\"><span dir=\"auto\">&#8211;<\/span><\/p>\n<\/td>\n<td>\n<p class=\"s14\"><span dir=\"auto\">&#8211;<\/span><\/p>\n<\/td>\n<\/tr>\n<tr>\n<td>\n<p class=\"s13\"><span dir=\"auto\">Inneres\u00a0<\/span><span dir=\"auto\">Liner<\/span><\/p>\n<\/td>\n<td>\n<p class=\"s13\"><span dir=\"auto\">Edelstahl-Akku AISI 304\u00a0<\/span><span dir=\"auto\">AISI 304 Rostfreier Stahl<\/span><\/p>\n<\/td>\n<td>\n<p class=\"s13\"><span dir=\"auto\">Edelstahl-Akku AISI 304\u00a0<\/span><span dir=\"auto\">AISI 304 Rostfreier Stahl<\/span><\/p>\n<\/td>\n<td>\n<p class=\"s13\"><span dir=\"auto\">Edelstahl-Akku AISI 304\u00a0<\/span><span dir=\"auto\">AISI 304 Rostfreier Stahl<\/span><\/p>\n<\/td>\n<td>\n<p class=\"s13\"><span dir=\"auto\">Edelstahl-Akku AISI 304\u00a0<\/span><span dir=\"auto\">AISI 304 Rostfreier Stahl<\/span><\/p>\n<\/td>\n<td>\n<p class=\"s13\"><span dir=\"auto\">Edelstahl-Akku AISI 304\u00a0<\/span><span dir=\"auto\">AISI 304 Rostfreier Stahl<\/span><\/p>\n<\/td>\n<\/tr>\n<tr>\n<td>\n<p class=\"s13\"><span dir=\"auto\">Thermostat<\/span><span dir=\"auto\">\u200b<\/span><\/p>\n<\/td>\n<td>\n<p class=\"s13\"><span dir=\"auto\">Elektronisch<\/span><span dir=\"auto\">\u200b<\/span><\/p>\n<\/td>\n<td>\n<p class=\"s13\"><span dir=\"auto\">Elektronisch<\/span><span dir=\"auto\">\u200b<\/span><\/p>\n<\/td>\n<td>\n<p class=\"s13\"><span dir=\"auto\">Elektronisch<\/span><span dir=\"auto\">\u200b<\/span><\/p>\n<\/td>\n<td>\n<p class=\"s13\"><span dir=\"auto\">Elektronisch<\/span><span dir=\"auto\">\u200b<\/span><\/p>\n<\/td>\n<td>\n<p class=\"s13\"><span dir=\"auto\">Elektronisch<\/span><span dir=\"auto\">\u200b<\/span><\/p>\n<\/td>\n<\/tr>\n<tr>\n<td>\n<p class=\"s13\"><span dir=\"auto\">L\u00e4rm\u00a0<\/span><span dir=\"auto\">Ebene<\/span><\/p>\n<\/td>\n<td>\n<p class=\"s13\">dB 42<\/p>\n<\/td>\n<td>\n<p class=\"s13\"><span dir=\"auto\">dB 42<\/span><\/p>\n<\/td>\n<td>\n<p class=\"s13\"><span dir=\"auto\">dB 42<\/span><\/p>\n<\/td>\n<td>\n<p class=\"s13\"><span dir=\"auto\">dB 42<\/span><\/p>\n<\/td>\n<td>\n<p class=\"s13\"><span dir=\"auto\">dB 42<\/span><\/p>\n<\/td>\n<\/tr>\n<tr>\n<td>\n<p class=\"s13\">Smart Link WiFi<\/p>\n<p class=\"s13\"><span dir=\"auto\">Fernsteuerung \/\u00a0<\/span><span dir=\"auto\">Fernsteuerung<\/span><\/p>\n<\/td>\n<td>\n<p class=\"s13\">Optional<\/p>\n<\/td>\n<td>\n<p class=\"s13\"><span dir=\"auto\">Optional<\/span><\/p>\n<\/td>\n<td>\n<p class=\"s13\"><span dir=\"auto\">Optional<\/span><\/p>\n<\/td>\n<td>\n<p class=\"s13\"><span dir=\"auto\">Optional<\/span><\/p>\n<\/td>\n<td>\n<p class=\"s13\"><span dir=\"auto\">Optional<\/span><\/p>\n<\/td>\n<\/tr>\n<tr>\n<td>\n<p class=\"s13\">Spessore isolamento \/ Isolierst\u00e4rke<\/p>\n<\/td>\n<td>\n<p class=\"s13\">60 mm<\/p>\n<\/td>\n<td>\n<p class=\"s13\"><span dir=\"auto\">60 mm<\/span><\/p>\n<\/td>\n<td>\n<p class=\"s13\"><span dir=\"auto\">60 mm<\/span><\/p>\n<\/td>\n<td>\n<p class=\"s13\"><span dir=\"auto\">60 mm<\/span><\/p>\n<\/td>\n<td>\n<p class=\"s13\">m 60<\/p>\n<\/td>\n<\/tr>\n<tr>\n<td>\n<p class=\"s13\"><span dir=\"auto\">Entfrosten\u00a0<\/span><span dir=\"auto\">Abtauen<\/span><\/p>\n<\/td>\n<td>\n<p class=\"s13\"><span dir=\"auto\">Automatisch mit Elektroantrieb\u00a0<\/span><span dir=\"auto\">Heizung<\/span><\/p>\n<\/td>\n<td>\n<p class=\"s13\"><span dir=\"auto\">Automatisch mit Elektroantrieb\u00a0<\/span><span dir=\"auto\">Heizung<\/span><\/p>\n<\/td>\n<td>\n<p class=\"s13\"><span dir=\"auto\">Automatisch mit Elektroantrieb\u00a0<\/span><span dir=\"auto\">Heizung<\/span><\/p>\n<\/td>\n<td>\n<p class=\"s13\"><span dir=\"auto\">Automatisch mit Elektroantrieb\u00a0<\/span><span dir=\"auto\">Heizung<\/span><\/p>\n<\/td>\n<td>\n<p class=\"s13\"><span dir=\"auto\">Automatisch mit Elektroantrieb\u00a0<\/span><span dir=\"auto\">Heizung<\/span><\/p>\n<\/td>\n<\/tr>\n<tr>\n<td>\n<p class=\"s13\">Mensole (LxP) \/ Einlegeb\u00f6den (BxT)<\/p>\n<\/td>\n<td>\n<p class=\"s13\">Nr. 3 - mm 335 x 530 +<\/p>\n<p class=\"s13\">Nr. 3 - mm 390 x 505<\/p>\n<\/td>\n<td>\n<p class=\"s13\"><span dir=\"auto\">Nr. 3 - mm 335 x 530 +<\/span><\/p>\n<p class=\"s13\"><span dir=\"auto\">Nr. 3 - mm 390 x 505<\/span><\/p>\n<\/td>\n<td>\n<p class=\"s13\">Nr. 2 - mm 335 x 530 +<\/p>\n<p class=\"s13\">Nr. 2 - mm 390 x 505<\/p>\n<\/td>\n<td>\n<p class=\"s13\">Nr. 1 - mm 335 x 530 +<\/p>\n<p class=\"s13\">Nr. 1 - mm 390 x 505<\/p>\n<\/td>\n<td>\n<p class=\"s13\"><span dir=\"auto\">Nr. 3 - mm 335 x 530 +<\/span><\/p>\n<p class=\"s13\"><span dir=\"auto\">Nr. 3 - mm 390 x 505<\/span><\/p>\n<\/td>\n<\/tr>\n<tr>\n<td>\n<p class=\"s13\"><span dir=\"auto\">Beleuchtung<\/span><span dir=\"auto\">\u200b<\/span><\/p>\n<\/td>\n<td>\n<p class=\"s14\">&#8211;<\/p>\n<\/td>\n<td>\n<p class=\"s13\">Led 3,6 W<\/p>\n<\/td>\n<td>\n<p class=\"s13\"><span dir=\"auto\">&#8211;<\/span><\/p>\n<\/td>\n<td>\n<p class=\"s13\"><span dir=\"auto\">&#8211;<\/span><\/p>\n<\/td>\n<td>\n<p class=\"s13\"><span dir=\"auto\">&#8211;<\/span><\/p>\n<\/td>\n<\/tr>\n<tr>\n<td>\n<p class=\"s13\"><span dir=\"auto\">Selbst-\u00a0<\/span><span dir=\"auto\">T\u00fcr schlie\u00dfen<\/span><\/p>\n<\/td>\n<td>\n<p class=\"s13\"><span dir=\"auto\">Sanftes Schlie\u00dfen<\/span><\/p>\n<\/td>\n<td>\n<p class=\"s13\"><span dir=\"auto\">Sanftes Schlie\u00dfen<\/span><\/p>\n<\/td>\n<td>\n<p class=\"s13\"><span dir=\"auto\">Sanftes Schlie\u00dfen<\/span><\/p>\n<\/td>\n<td>\n<p class=\"s13\"><span dir=\"auto\">Sanftes Schlie\u00dfen<\/span><\/p>\n<\/td>\n<td>\n<p class=\"s13\"><span dir=\"auto\">Sanftes Schlie\u00dfen<\/span><\/p>\n<\/td>\n<\/tr>\n<tr>\n<td>\n<p class=\"s13\"><span dir=\"auto\">Rollen\u00a0<\/span><span dir=\"auto\">-Fu\u00df<\/span><\/p>\n<\/td>\n<td>\n<p class=\"s13\">4 Piedi \/ 6 F\u00fc\u00dfe h mm 110\/170<\/p>\n<\/td>\n<td>\n<p class=\"s13\"><span dir=\"auto\">4 Piedi \/\u00a0<\/span><span dir=\"auto\">6 F\u00fc\u00dfe\u00a0<\/span><span dir=\"auto\">h mm 110\/170<\/span><\/p>\n<\/td>\n<td>\n<p class=\"s13\"><span dir=\"auto\">4 Piedi \/\u00a0<\/span><span dir=\"auto\">6 F\u00fc\u00dfe\u00a0<\/span><span dir=\"auto\">h mm 110\/170<\/span><\/p>\n<\/td>\n<td>\n<p class=\"s13\"><span dir=\"auto\">4 Piedi \/\u00a0<\/span><span dir=\"auto\">6 F\u00fc\u00dfe\u00a0<\/span><span dir=\"auto\">h mm 110\/170<\/span><\/p>\n<\/td>\n<td>\n<p class=\"s13\"><span dir=\"auto\">4 Piedi \/\u00a0<\/span><span dir=\"auto\">6 F\u00fc\u00dfe\u00a0<\/span><span dir=\"auto\">h mm 110\/170<\/span><\/p>\n<\/td>\n<\/tr>\n<tr>\n<td>\n<p class=\"s13\"><span dir=\"auto\">R\u00e4der \/\u00a0<\/span><span dir=\"auto\">Rollen<\/span><\/p>\n<\/td>\n<td>\n<p class=\"s13\">Wahlweise - h mm 140<\/p>\n<\/td>\n<td>\n<p class=\"s13\"><span dir=\"auto\">Wahlweise - h mm 140<\/span><\/p>\n<\/td>\n<td>\n<p class=\"s13\"><span dir=\"auto\">Wahlweise - h mm 140<\/span><\/p>\n<\/td>\n<td>\n<p class=\"s13\"><span dir=\"auto\">Wahlweise - h mm 140<\/span><\/p>\n<\/td>\n<td>\n<p class=\"s13\"><span dir=\"auto\">Wahlweise - h mm 140<\/span><\/p>\n<\/td>\n<\/tr>\n<tr>\n<td>\n<p class=\"s13\"><span dir=\"auto\">Netz-\u00a0<\/span><span dir=\"auto\">Bruttogewicht<\/span><\/p>\n<\/td>\n<td>\n<p class=\"s13\">Kg 134 \/ 151<\/p>\n<\/td>\n<td>\n<p class=\"s13\"><span dir=\"auto\">Kg 134 \/ 151<\/span><\/p>\n<\/td>\n<td>\n<p class=\"s13\">Kg 144 \/ 161<\/p>\n<\/td>\n<td>\n<p class=\"s13\">Kg 154 \/ 171<\/p>\n<\/td>\n<td>\n<p class=\"s13\">Kg 136 \/ 154<\/p>\n<\/td>\n<\/tr>\n<tr>\n<td>\n<p class=\"s13\"><span dir=\"auto\">Spannung<\/span><span dir=\"auto\">\u200b<\/span><\/p>\n<\/td>\n<td>\n<p class=\"s13\"><span dir=\"auto\">Bei 220-240<\/span><\/p>\n<\/td>\n<td>\n<p class=\"s13\"><span dir=\"auto\">Bei 220-240<\/span><\/p>\n<\/td>\n<td>\n<p class=\"s13\"><span dir=\"auto\">Bei 220-240<\/span><\/p>\n<\/td>\n<td>\n<p class=\"s13\"><span dir=\"auto\">Bei 220-240<\/span><\/p>\n<\/td>\n<td>\n<p class=\"s13\"><span dir=\"auto\">Bei 220-240<\/span><\/p>\n<\/td>\n<\/tr>\n<tr>\n<td>\n<p class=\"s13\"><span dir=\"auto\">Frequenz<\/span><span dir=\"auto\">\u200b<\/span><\/p>\n<\/td>\n<td>\n<p class=\"s13\">Hz 50<\/p>\n<\/td>\n<td>\n<p class=\"s13\"><span dir=\"auto\">Hz 50<\/span><\/p>\n<\/td>\n<td>\n<p class=\"s13\"><span dir=\"auto\">Hz 50<\/span><\/p>\n<\/td>\n<td>\n<p class=\"s13\"><span dir=\"auto\">Hz 50<\/span><\/p>\n<\/td>\n<td>\n<p class=\"s13\"><span dir=\"auto\">Hz 50<\/span><\/p>\n<\/td>\n<\/tr>\n<tr>\n<td>\n<p class=\"s13\"><span dir=\"auto\">K\u00e4ltemittel \/\u00a0<\/span><span dir=\"auto\">K\u00e4ltemittel<\/span><\/p>\n<\/td>\n<td>\n<p class=\"s13\">R600A<\/p>\n<\/td>\n<td>\n<p class=\"s13\"><span dir=\"auto\">R600A<\/span><\/p>\n<\/td>\n<td>\n<p class=\"s13\"><span dir=\"auto\">R600A<\/span><\/p>\n<\/td>\n<td>\n<p class=\"s13\"><span dir=\"auto\">R600A<\/span><\/p>\n<\/td>\n<td>\n<p class=\"s13\"><span dir=\"auto\">R290<\/span><\/p>\n<\/td>\n<\/tr>\n<tr>\n<td>\n<p class=\"s13\"><span dir=\"auto\">Absorption<\/span><span dir=\"auto\">\u200b<\/span><\/p>\n<\/td>\n<td>\n<p class=\"s13\"><span dir=\"auto\">In 300<\/span><\/p>\n<\/td>\n<td>\n<p class=\"s13\"><span dir=\"auto\">In 300<\/span><\/p>\n<\/td>\n<td>\n<p class=\"s13\"><span dir=\"auto\">In 300<\/span><\/p>\n<\/td>\n<td>\n<p class=\"s13\"><span dir=\"auto\">In 300<\/span><\/p>\n<\/td>\n<td>\n<p class=\"s13\"><span dir=\"auto\">In 570<\/span><\/p>\n<\/td>\n<\/tr>\n<tr>\n<td>\n<p class=\"s13\"><span dir=\"auto\">Energie\u00a0<\/span><span dir=\"auto\">Verbrauch<\/span><\/p>\n<\/td>\n<td>\n<p class=\"s13\"><span dir=\"auto\">KwH\/24H 2,25<\/span><\/p>\n<\/td>\n<td>\n<p class=\"s13\"><span dir=\"auto\">KwH\/24H 3.126<\/span><\/p>\n<\/td>\n<td>\n<p class=\"s13\"><span dir=\"auto\">KwH\/24H 2,25<\/span><\/p>\n<\/td>\n<td>\n<p class=\"s13\"><span dir=\"auto\">KwH\/24H 2,18<\/span><\/p>\n<\/td>\n<td>\n<p class=\"s13\"><span dir=\"auto\">KwH\/24H 8,11<\/span><\/p>\n<\/td>\n<\/tr>\n<\/tbody>\n<\/table>","protected":false},"excerpt":{"rendered":"<p>-20 \u00b0C \/ -10 \u00b0C Bel\u00fcfteter K\u00e4ltetisch, drei T\u00fcren. Negative Temperatur<\/p>","protected":false},"featured_media":10310,"comment_status":"open","ping_status":"closed","template":"","meta":[],"product_brand":[],"product_cat":[51],"product_tag":[],"class_list":{"0":"post-10265","1":"product","2":"type-product","3":"status-publish","4":"has-post-thumbnail","6":"product_cat-kitchen-catering-cooling","8":"first","9":"instock","10":"shipping-taxable","11":"purchasable","12":"product-type-simple"},"_links":{"self":[{"href":"https:\/\/dersuessestopp.com\/de\/wp-json\/wp\/v2\/product\/10265","targetHints":{"allow":["GET"]}}],"collection":[{"href":"https:\/\/dersuessestopp.com\/de\/wp-json\/wp\/v2\/product"}],"about":[{"href":"https:\/\/dersuessestopp.com\/de\/wp-json\/wp\/v2\/types\/product"}],"replies":[{"embeddable":true,"href":"https:\/\/dersuessestopp.com\/de\/wp-json\/wp\/v2\/comments?post=10265"}],"version-history":[{"count":4,"href":"https:\/\/dersuessestopp.com\/de\/wp-json\/wp\/v2\/product\/10265\/revisions"}],"predecessor-version":[{"id":11975,"href":"https:\/\/dersuessestopp.com\/de\/wp-json\/wp\/v2\/product\/10265\/revisions\/11975"}],"wp:featuredmedia":[{"embeddable":true,"href":"https:\/\/dersuessestopp.com\/de\/wp-json\/wp\/v2\/media\/10310"}],"wp:attachment":[{"href":"https:\/\/dersuessestopp.com\/de\/wp-json\/wp\/v2\/media?parent=10265"}],"wp:term":[{"taxonomy":"product_brand","embeddable":true,"href":"https:\/\/dersuessestopp.com\/de\/wp-json\/wp\/v2\/product_brand?post=10265"},{"taxonomy":"product_cat","embeddable":true,"href":"https:\/\/dersuessestopp.com\/de\/wp-json\/wp\/v2\/product_cat?post=10265"},{"taxonomy":"product_tag","embeddable":true,"href":"https:\/\/dersuessestopp.com\/de\/wp-json\/wp\/v2\/product_tag?post=10265"}],"curies":[{"name":"wp","href":"https:\/\/api.w.org\/{rel}","templated":true}]}}