{"id":10264,"date":"2025-09-29T14:58:51","date_gmt":"2025-09-29T14:58:51","guid":{"rendered":"https:\/\/dersuessestopp.com\/?post_type=product&#038;p=10264"},"modified":"2025-10-08T23:58:56","modified_gmt":"2025-10-08T23:58:56","slug":"cax-3100-tn-gn1-1","status":"publish","type":"product","link":"https:\/\/dersuessestopp.com\/de\/product\/cax-3100-tn-gn1-1\/","title":{"rendered":"GN 3100 TN"},"content":{"rendered":"<p data-start=\"167\" data-end=\"597\">Die <strong data-start=\"171\" data-end=\"194\">EKOFROST GN 3100 TN<\/strong> ist eine <strong data-start=\"200\" data-end=\"240\">Edelstahl-K\u00fchltheke<\/strong> mit <strong data-start=\"246\" data-end=\"272\">drei bel\u00fcftete T\u00fcren<\/strong>, ideal f\u00fcr Gro\u00dfk\u00fcchen und Catering-Umgebungen. Gebaut mit langlebig <strong data-start=\"352\" data-end=\"380\">Rostfreier Stahl AISI 201<\/strong>, bietet er zuverl\u00e4ssige K\u00fchlung innerhalb eines <strong data-start=\"418\" data-end=\"434\">+2\u00b0C bis +8\u00b0C<\/strong> Bereich. Ausgestattet mit <strong data-start=\"456\" data-end=\"478\">sanft schlie\u00dfende T\u00fcren<\/strong>, <strong data-start=\"480\" data-end=\"501\">Abtauautomatik<\/strong>, und <strong data-start=\"507\" data-end=\"526\">verstellbare F\u00fc\u00dfe<\/strong>, Sie gew\u00e4hrleistet Effizienz, Hygiene und Komfort im t\u00e4glichen Betrieb.<\/p>\n<p data-start=\"599\" data-end=\"618\"><strong data-start=\"599\" data-end=\"616\">Wesentliche Merkmale:<\/strong><\/p>\n<ul data-start=\"619\" data-end=\"912\">\n<li data-start=\"619\" data-end=\"658\">\n<p data-start=\"621\" data-end=\"658\">Temperaturbereich: <strong data-start=\"640\" data-end=\"656\">+2\u00b0C bis +8\u00b0C<\/strong><\/p>\n<\/li>\n<li data-start=\"659\" data-end=\"711\">\n<p data-start=\"661\" data-end=\"711\"><strong data-start=\"661\" data-end=\"689\">Rostfreier Stahl AISI 201<\/strong> innen und au\u00dfen<\/p>\n<\/li>\n<li data-start=\"712\" data-end=\"745\">\n<p data-start=\"714\" data-end=\"745\"><strong data-start=\"714\" data-end=\"743\">3 selbstschlie\u00dfende Softt\u00fcren<\/strong><\/p>\n<\/li>\n<li data-start=\"746\" data-end=\"805\">\n<p data-start=\"748\" data-end=\"805\"><strong data-start=\"748\" data-end=\"777\">Bel\u00fcftetes K\u00fchlsystem<\/strong> mit <strong data-start=\"783\" data-end=\"803\">K\u00e4ltemittel R290<\/strong><\/p>\n<\/li>\n<li data-start=\"806\" data-end=\"831\">\n<p data-start=\"808\" data-end=\"831\"><strong data-start=\"808\" data-end=\"829\">Automatische Abtauung<\/strong><\/p>\n<\/li>\n<li data-start=\"832\" data-end=\"872\">\n<p data-start=\"834\" data-end=\"872\"><strong data-start=\"834\" data-end=\"857\">Energieverbrauch:<\/strong> 3,34 kWh\/24h<\/p>\n<\/li>\n<li data-start=\"873\" data-end=\"912\">\n<p data-start=\"875\" data-end=\"912\">Abmessungen: <strong data-start=\"887\" data-end=\"910\">1795 \u00d7 700 \u00d7 850 mm<\/strong><\/p>\n<\/li>\n<li data-start=\"873\" data-end=\"912\"><\/li>\n<\/ul>\n<table style=\"height: 1143px;\" width=\"586\" cellspacing=\"0\">\n<tbody>\n<tr>\n<td colspan=\"2\" bgcolor=\"#FFFFFF\">\n<p class=\"s3\"><span dir=\"auto\">TECHNISCHE INFORMATIONEN<\/span><\/p>\n<\/td>\n<\/tr>\n<tr>\n<td>\n<p class=\"s4\"><span dir=\"auto\">Modell<\/span><\/p>\n<\/td>\n<td>\n<p class=\"s4\"><span dir=\"auto\">GN 3100 TN<\/span><\/p>\n<\/td>\n<\/tr>\n<tr>\n<td>\n<p class=\"s5\"><span dir=\"auto\">\u00a0Temperaturbereich<\/span><\/p>\n<\/td>\n<td>\n<p class=\"s5\"><span dir=\"auto\">+2 \u00b0C \/ +8 \u00b0C<\/span><\/p>\n<\/td>\n<\/tr>\n<tr>\n<td>\n<p class=\"s5\"><span dir=\"auto\">\u00c4u\u00dfere Abmessungen (BxTxH)<\/span><\/p>\n<\/td>\n<td>\n<p class=\"s5\"><span dir=\"auto\">1795 x 700 x 850 mm<\/span><\/p>\n<\/td>\n<\/tr>\n<tr>\n<td>\n<p class=\"s5\"><span dir=\"auto\">Abmessungen der Verpackung (BxTxH)<\/span><\/p>\n<\/td>\n<td>\n<p class=\"s5\"><span dir=\"auto\">1840 x 750 x 880 mm<\/span><\/p>\n<\/td>\n<\/tr>\n<tr>\n<td>\n<p class=\"s5\"><span dir=\"auto\">Innenma\u00dfe (BxTxH)<\/span><\/p>\n<\/td>\n<td>\n<p class=\"s5\"><span dir=\"auto\">1235 x 580 x 560 mm<\/span><\/p>\n<\/td>\n<\/tr>\n<tr>\n<td>\n<p class=\"s5\"><span dir=\"auto\">Nettovolumen<\/span><\/p>\n<\/td>\n<td>\n<p class=\"s5\"><span dir=\"auto\">294 \/ 417 Liter<\/span><\/p>\n<\/td>\n<\/tr>\n<tr>\n<td>\n<p class=\"s5\"><span dir=\"auto\">Nettogewicht\u00a0<\/span><\/p>\n<\/td>\n<td>\n<p class=\"s5\"><span dir=\"auto\">113\/140 kg<\/span><\/p>\n<\/td>\n<\/tr>\n<tr>\n<td>\n<p class=\"s5\"><span dir=\"auto\">\u00c4u\u00dfere Oberfl\u00e4che\/K\u00f6rper<\/span><\/p>\n<\/td>\n<td>\n<p class=\"s5\"><span dir=\"auto\">AISI 201 Rostfreier Stahl<\/span><\/p>\n<\/td>\n<\/tr>\n<tr>\n<td>\n<p class=\"s5\"><span dir=\"auto\">Innere Oberfl\u00e4che\u00a0<\/span><\/p>\n<\/td>\n<td>\n<p class=\"s5\"><span dir=\"auto\">AISI 201 Rostfreier Stahl<\/span><\/p>\n<\/td>\n<\/tr>\n<tr>\n<td>\n<p class=\"s5\"><span dir=\"auto\">Regale<\/span><\/p>\n<\/td>\n<td>\n<p class=\"s5\"><span dir=\"auto\">3 Einlegeb\u00f6den 333 x 530 mm<\/span><\/p>\n<\/td>\n<\/tr>\n<tr>\n<td>\n<p class=\"s5\"><span dir=\"auto\">R\u00e4der und F\u00fc\u00dfe<\/span><\/p>\n<\/td>\n<td>\n<p class=\"s5\"><span dir=\"auto\">6 F\u00fc\u00dfe\u00a0<\/span><\/p>\n<\/td>\n<\/tr>\n<tr>\n<td>\n<p class=\"s5\"><span dir=\"auto\">Selbstschlie\u00dfende T\u00fcr<\/span><\/p>\n<\/td>\n<td>\n<p class=\"s5\"><span dir=\"auto\">Sanftes Schlie\u00dfen<\/span><\/p>\n<\/td>\n<\/tr>\n<tr>\n<td>\n<p class=\"s5\"><span dir=\"auto\">K\u00e4ltemittel<\/span><\/p>\n<\/td>\n<td>\n<p class=\"s5\"><span dir=\"auto\">R290<\/span><\/p>\n<\/td>\n<\/tr>\n<tr>\n<td>\n<p class=\"s5\"><span dir=\"auto\">Dicke der Isolierung<\/span><\/p>\n<\/td>\n<td>\n<p class=\"s5\"><span dir=\"auto\">60 mm<\/span><\/p>\n<\/td>\n<\/tr>\n<tr>\n<td>\n<p class=\"s5\"><span dir=\"auto\">Frequenz \/\u00a0<\/span><b><span dir=\"auto\">Spannung<\/span><\/b><\/p>\n<\/td>\n<td>\n<p class=\"s5\"><span dir=\"auto\">50Hz \/ 220V<\/span><\/p>\n<\/td>\n<\/tr>\n<tr>\n<td>\n<p class=\"s5\"><span dir=\"auto\">Klima-Klasse<\/span><\/p>\n<\/td>\n<td>\n<p class=\"s5\"><span dir=\"auto\">4<\/span><\/p>\n<\/td>\n<\/tr>\n<tr>\n<td>\n<p class=\"s5\"><span dir=\"auto\">Absorption<\/span><\/p>\n<\/td>\n<td>\n<p class=\"s5\"><span dir=\"auto\">380 W<\/span><\/p>\n<\/td>\n<\/tr>\n<tr>\n<td>\n<p class=\"s5\"><span dir=\"auto\">Energieverbrauch<\/span><\/p>\n<\/td>\n<td>\n<p class=\"s5\"><span dir=\"auto\">KwH\/24H 3.34<\/span><\/p>\n<\/td>\n<\/tr>\n<\/tbody>\n<\/table>","protected":false},"excerpt":{"rendered":"<p>-2 \u00b0C \/ +8 \u00b0C Bel\u00fcfteter K\u00fchltisch, drei T\u00fcren. Positive Temperatur<\/p>","protected":false},"featured_media":10308,"comment_status":"open","ping_status":"closed","template":"","meta":[],"product_brand":[],"product_cat":[51],"product_tag":[],"class_list":{"0":"post-10264","1":"product","2":"type-product","3":"status-publish","4":"has-post-thumbnail","6":"product_cat-kitchen-catering-cooling","8":"first","9":"instock","10":"shipping-taxable","11":"purchasable","12":"product-type-simple"},"_links":{"self":[{"href":"https:\/\/dersuessestopp.com\/de\/wp-json\/wp\/v2\/product\/10264","targetHints":{"allow":["GET"]}}],"collection":[{"href":"https:\/\/dersuessestopp.com\/de\/wp-json\/wp\/v2\/product"}],"about":[{"href":"https:\/\/dersuessestopp.com\/de\/wp-json\/wp\/v2\/types\/product"}],"replies":[{"embeddable":true,"href":"https:\/\/dersuessestopp.com\/de\/wp-json\/wp\/v2\/comments?post=10264"}],"version-history":[{"count":5,"href":"https:\/\/dersuessestopp.com\/de\/wp-json\/wp\/v2\/product\/10264\/revisions"}],"predecessor-version":[{"id":11972,"href":"https:\/\/dersuessestopp.com\/de\/wp-json\/wp\/v2\/product\/10264\/revisions\/11972"}],"wp:featuredmedia":[{"embeddable":true,"href":"https:\/\/dersuessestopp.com\/de\/wp-json\/wp\/v2\/media\/10308"}],"wp:attachment":[{"href":"https:\/\/dersuessestopp.com\/de\/wp-json\/wp\/v2\/media?parent=10264"}],"wp:term":[{"taxonomy":"product_brand","embeddable":true,"href":"https:\/\/dersuessestopp.com\/de\/wp-json\/wp\/v2\/product_brand?post=10264"},{"taxonomy":"product_cat","embeddable":true,"href":"https:\/\/dersuessestopp.com\/de\/wp-json\/wp\/v2\/product_cat?post=10264"},{"taxonomy":"product_tag","embeddable":true,"href":"https:\/\/dersuessestopp.com\/de\/wp-json\/wp\/v2\/product_tag?post=10264"}],"curies":[{"name":"wp","href":"https:\/\/api.w.org\/{rel}","templated":true}]}}