{"id":10263,"date":"2025-09-29T14:58:51","date_gmt":"2025-09-29T14:58:51","guid":{"rendered":"https:\/\/dersuessestopp.com\/?post_type=product&#038;p=10263"},"modified":"2025-10-09T03:12:28","modified_gmt":"2025-10-09T03:12:28","slug":"cax-3100-tng","status":"publish","type":"product","link":"https:\/\/dersuessestopp.com\/de\/product\/cax-3100-tng\/","title":{"rendered":"CXF 3100 TNG"},"content":{"rendered":"<p><img decoding=\"async\" src=\"https:\/\/customer.klimaitalia.it\/api\/file\/image\/7642\" \/><\/p>\n<p data-start=\"140\" data-end=\"622\">Die <strong data-start=\"144\" data-end=\"160\">CXF 3100 TNG<\/strong> ist eine professionelle <strong data-start=\"179\" data-end=\"214\">bel\u00fcftete K\u00fchltheke<\/strong> mit <strong data-start=\"220\" data-end=\"241\">drei Glast\u00fcren<\/strong>, ideal f\u00fcr die Gastronomie und den Foodservice. Hergestellt aus <strong data-start=\"301\" data-end=\"329\">Rostfreier Stahl AISI 304<\/strong>, Sie gew\u00e4hrleistet Langlebigkeit und Hygiene. Betrieb bei einer <strong data-start=\"381\" data-end=\"427\">positiver Temperaturbereich von +2\u00b0C bis +8\u00b0C<\/strong>, bietet sie folgende Merkmale <strong data-start=\"441\" data-end=\"457\">LED-Beleuchtung<\/strong>, <strong data-start=\"459\" data-end=\"481\">sanft schlie\u00dfende T\u00fcren<\/strong>, und ein <strong data-start=\"490\" data-end=\"515\">elektronisches Thermostat<\/strong> f\u00fcr eine pr\u00e4zise Temperaturregelung. Optional <strong data-start=\"558\" data-end=\"577\">Smart Link WiFi<\/strong> Die Konnektivit\u00e4t erm\u00f6glicht eine Fern\u00fcberwachung.<\/p>\n<p data-start=\"624\" data-end=\"643\"><strong data-start=\"624\" data-end=\"641\">Wesentliche Merkmale:<\/strong><\/p>\n<ul data-start=\"644\" data-end=\"1027\">\n<li data-start=\"644\" data-end=\"683\">\n<p data-start=\"646\" data-end=\"683\">Temperaturbereich: <strong data-start=\"665\" data-end=\"681\">+2\u00b0C bis +8\u00b0C<\/strong><\/p>\n<\/li>\n<li data-start=\"684\" data-end=\"741\">\n<p data-start=\"686\" data-end=\"741\"><strong data-start=\"686\" data-end=\"715\">Bel\u00fcftetes K\u00fchlsystem<\/strong> bei gleichm\u00e4\u00dfiger Temperatur<\/p>\n<\/li>\n<li data-start=\"742\" data-end=\"796\">\n<p data-start=\"744\" data-end=\"796\"><strong data-start=\"744\" data-end=\"772\">Rostfreier Stahl AISI 304<\/strong> innen und au\u00dfen<\/p>\n<\/li>\n<li data-start=\"797\" data-end=\"848\">\n<p data-start=\"799\" data-end=\"848\"><strong data-start=\"799\" data-end=\"814\">Glast\u00fcren<\/strong> mit <strong data-start=\"820\" data-end=\"846\">D\u00e4mpfungsmechanismus<\/strong><\/p>\n<\/li>\n<li data-start=\"849\" data-end=\"892\">\n<p data-start=\"851\" data-end=\"892\"><strong data-start=\"851\" data-end=\"867\">LED-Beleuchtung<\/strong> f\u00fcr optimale Sichtbarkeit<\/p>\n<\/li>\n<li data-start=\"893\" data-end=\"939\">\n<p data-start=\"895\" data-end=\"939\"><strong data-start=\"895\" data-end=\"916\">Automatische Abtauung<\/strong> mit elektrischer Heizung<\/p>\n<\/li>\n<li data-start=\"940\" data-end=\"987\">\n<p data-start=\"942\" data-end=\"987\">Optional <strong data-start=\"951\" data-end=\"970\">Smart Link WiFi<\/strong> Fernsteuerung<\/p>\n<\/li>\n<li data-start=\"988\" data-end=\"1027\">\n<p data-start=\"990\" data-end=\"1027\">Abmessungen: <strong data-start=\"1002\" data-end=\"1025\">1795 \u00d7 700 \u00d7 860 mm<\/strong><\/p>\n<\/li>\n<\/ul>\n<p>&nbsp;<\/p>\n<table style=\"height: 424px;\" width=\"800\" cellspacing=\"0\">\n<tbody>\n<tr>\n<td bgcolor=\"#FFFFFF\">\n<p class=\"s12\">Abmessungen mm<\/p>\n<\/td>\n<td bgcolor=\"#FFFFFF\">\n<p class=\"s12\"><span dir=\"auto\">CXF 3100 TN<\/span><\/p>\n<\/td>\n<td bgcolor=\"#FFFFFF\">\n<p class=\"s12\"><span dir=\"auto\">CXF 3100 TNG<\/span><\/p>\n<\/td>\n<td bgcolor=\"#FFFFFF\">\n<p class=\"s12\"><span dir=\"auto\">CXF 3140 TN<\/span><\/p>\n<\/td>\n<td bgcolor=\"#FFFFFF\">\n<p class=\"s12\"><span dir=\"auto\">CXF 3100 BT<\/span><\/p>\n<\/td>\n<\/tr>\n<tr>\n<td>\n<p class=\"s13\">\u00c4u\u00dfere Abmessungen (BxTxH)<\/p>\n<\/td>\n<td>\n<p class=\"s13\">1795 x 700 x 860*<\/p>\n<\/td>\n<td>\n<p class=\"s13\"><span dir=\"auto\">1795 x 700 x 860*<\/span><\/p>\n<\/td>\n<td>\n<p class=\"s13\"><span dir=\"auto\">1795 x 700 x 860*<\/span><\/p>\n<\/td>\n<td>\n<p class=\"s13\"><span dir=\"auto\">1795 x 700 x 860*<\/span><\/p>\n<\/td>\n<\/tr>\n<tr>\n<td>\n<p class=\"s13\"><span dir=\"auto\">Abmessungen der Verpackung (BxTxH)<\/span><\/p>\n<\/td>\n<td>\n<p class=\"s13\">1825 x 730 x 910<\/p>\n<\/td>\n<td>\n<p class=\"s13\"><span dir=\"auto\">1825 x 730 x 910<\/span><\/p>\n<\/td>\n<td>\n<p class=\"s13\"><span dir=\"auto\">1825 x 730 x 910<\/span><\/p>\n<\/td>\n<td>\n<p class=\"s13\"><span dir=\"auto\">1825 x 730 x 910<\/span><\/p>\n<\/td>\n<\/tr>\n<tr>\n<td>\n<p class=\"s13\"><span dir=\"auto\">Breite<\/span><\/p>\n<\/td>\n<td>\n<p class=\"s13\">1234<\/p>\n<\/td>\n<td>\n<p class=\"s13\"><span dir=\"auto\">1234<\/span><\/p>\n<\/td>\n<td>\n<p class=\"s13\"><span dir=\"auto\">1234<\/span><\/p>\n<\/td>\n<td>\n<p class=\"s13\"><span dir=\"auto\">1234<\/span><\/p>\n<\/td>\n<\/tr>\n<tr>\n<td>\n<p class=\"s13\"><span dir=\"auto\">Tiefe<\/span><\/p>\n<\/td>\n<td>\n<p class=\"s13\">580<\/p>\n<\/td>\n<td>\n<p class=\"s13\"><span dir=\"auto\">580<\/span><\/p>\n<\/td>\n<td>\n<p class=\"s13\"><span dir=\"auto\">580<\/span><\/p>\n<\/td>\n<td>\n<p class=\"s13\"><span dir=\"auto\">580<\/span><\/p>\n<\/td>\n<\/tr>\n<tr>\n<td>\n<p class=\"s13\"><span dir=\"auto\">H\u00f6he<\/span><\/p>\n<\/td>\n<td>\n<p class=\"s13\">560<\/p>\n<\/td>\n<td>\n<p class=\"s13\"><span dir=\"auto\">560<\/span><\/p>\n<\/td>\n<td>\n<p class=\"s13\"><span dir=\"auto\">560<\/span><\/p>\n<\/td>\n<td>\n<p class=\"s13\"><span dir=\"auto\">560<\/span><\/p>\n<\/td>\n<\/tr>\n<tr>\n<td colspan=\"5\">\n<p class=\"s13\"><span dir=\"auto\">*Die Gesamth\u00f6he der Einheiten schlie\u00dft die auf die Mindesth\u00f6he eingestellten F\u00fc\u00dfe ein.<\/span><\/p>\n<\/td>\n<\/tr>\n<\/tbody>\n<\/table>\n<p>&nbsp;<\/p>\n<table style=\"height: 1463px;\" width=\"1339\" cellspacing=\"0\">\n<tbody>\n<tr>\n<td bgcolor=\"#FFFFFF\">\n<p class=\"s12\"><span dir=\"auto\">Technische Merkmale<\/span><\/p>\n<\/td>\n<td bgcolor=\"#FFFFFF\">\n<p class=\"s12\"><span dir=\"auto\">CXF 3100 TN<\/span><\/p>\n<\/td>\n<td bgcolor=\"#FFFFFF\">\n<p class=\"s12\"><span dir=\"auto\">CXF 3100 TNG<\/span><\/p>\n<\/td>\n<td bgcolor=\"#FFFFFF\">\n<p class=\"s12\"><span dir=\"auto\">CXF 3110 \/ 3130 TN<\/span><\/p>\n<\/td>\n<td bgcolor=\"#FFFFFF\">\n<p class=\"s12\"><span dir=\"auto\">CXF 3140 TN<\/span><\/p>\n<\/td>\n<td bgcolor=\"#FFFFFF\">\n<p class=\"s12\"><span dir=\"auto\">CXF 3100 BT<\/span><\/p>\n<\/td>\n<\/tr>\n<tr>\n<td>\n<p class=\"s13\">Temperaturbereich<\/p>\n<\/td>\n<td>\n<p class=\"s13\">-2 \u00b0C \/ +8 \u00b0C<\/p>\n<\/td>\n<td>\n<p class=\"s13\">+2 \u00b0C \/ +8 \u00b0C<\/p>\n<\/td>\n<td>\n<p class=\"s13\"><span dir=\"auto\">-2 \u00b0C \/ +8 \u00b0C<\/span><\/p>\n<\/td>\n<td>\n<p class=\"s13\"><span dir=\"auto\">-2 \u00b0C \/ +8 \u00b0C<\/span><\/p>\n<\/td>\n<td>\n<p class=\"s13\">-22 \u00b0C \/ -18 \u00b0C<\/p>\n<\/td>\n<\/tr>\n<tr>\n<td>\n<p class=\"s13\"><span dir=\"auto\">Klima\u00a0<\/span><span dir=\"auto\">Klasse<\/span><\/p>\n<\/td>\n<td>\n<p class=\"s13\">5<\/p>\n<\/td>\n<td>\n<p class=\"s13\">4<\/p>\n<\/td>\n<td>\n<p class=\"s13\"><span dir=\"auto\">4<\/span><\/p>\n<\/td>\n<td>\n<p class=\"s13\"><span dir=\"auto\">4<\/span><\/p>\n<\/td>\n<td>\n<p class=\"s13\"><span dir=\"auto\">4<\/span><\/p>\n<\/td>\n<\/tr>\n<tr>\n<td>\n<p class=\"s13\">Netto-Brutto-Volumen<\/p>\n<\/td>\n<td>\n<p class=\"s13\">Lt. 291 \/ 358<\/p>\n<\/td>\n<td>\n<p class=\"s13\">Lt. 302 \/ 358<\/p>\n<\/td>\n<td>\n<p class=\"s13\">Lt. 242 \/ 358<\/p>\n<\/td>\n<td>\n<p class=\"s13\">Lt. 194 \/ 358<\/p>\n<\/td>\n<td>\n<p class=\"s13\">Lt. 281 \/ 358<\/p>\n<\/td>\n<\/tr>\n<tr>\n<td>\n<p class=\"s13\"><span dir=\"auto\">\u00c4u\u00dfere Oberfl\u00e4che \/\u00a0<\/span><span dir=\"auto\">K\u00f6rper<\/span><\/p>\n<\/td>\n<td>\n<p class=\"s13\"><span dir=\"auto\">AISI 304 Rostfreier Stahl<\/span><\/p>\n<\/td>\n<td>\n<p class=\"s13\"><span dir=\"auto\">AISI 304 Rostfreier Stahl<\/span><\/p>\n<\/td>\n<td>\n<p class=\"s13\"><span dir=\"auto\">AISI 304 Rostfreier Stahl<\/span><\/p>\n<\/td>\n<td>\n<p class=\"s13\"><span dir=\"auto\">AISI 304 Rostfreier Stahl<\/span><\/p>\n<\/td>\n<td>\n<p class=\"s13\"><span dir=\"auto\">AISI 304 Rostfreier Stahl<\/span><\/p>\n<\/td>\n<\/tr>\n<tr>\n<td>\n<p class=\"s13\"><span dir=\"auto\">T\u00fcr<\/span><\/p>\n<\/td>\n<td>\n<p class=\"s14\">&#8211;<\/p>\n<\/td>\n<td>\n<p class=\"s13\"><span dir=\"auto\">Glas<\/span><span dir=\"auto\">\u200b<\/span><\/p>\n<\/td>\n<td>\n<p class=\"s14\"><span dir=\"auto\">&#8211;<\/span><\/p>\n<\/td>\n<td>\n<p class=\"s14\"><span dir=\"auto\">&#8211;<\/span><\/p>\n<\/td>\n<td>\n<p class=\"s14\"><span dir=\"auto\">&#8211;<\/span><\/p>\n<\/td>\n<\/tr>\n<tr>\n<td>\n<p class=\"s13\"><span dir=\"auto\">Inneres\u00a0<\/span><span dir=\"auto\">Liner<\/span><\/p>\n<\/td>\n<td>\n<p class=\"s13\"><span dir=\"auto\">AISI 304 Rostfreier Stahl<\/span><\/p>\n<\/td>\n<td>\n<p class=\"s13\"><span dir=\"auto\">AISI 304 Rostfreier Stahl<\/span><\/p>\n<\/td>\n<td>\n<p class=\"s13\"><span dir=\"auto\">AISI 304 Rostfreier Stahl<\/span><\/p>\n<\/td>\n<td>\n<p class=\"s13\"><span dir=\"auto\">AISI 304 Rostfreier Stahl<\/span><\/p>\n<\/td>\n<td>\n<p class=\"s13\"><span dir=\"auto\">AISI 304 Rostfreier Stahl<\/span><\/p>\n<\/td>\n<\/tr>\n<tr>\n<td>\n<p class=\"s13\"><span dir=\"auto\">Thermostat<\/span><span dir=\"auto\">\u200b<\/span><\/p>\n<\/td>\n<td>\n<p class=\"s13\"><span dir=\"auto\">Elektronisch<\/span><span dir=\"auto\">\u200b<\/span><\/p>\n<\/td>\n<td>\n<p class=\"s13\"><span dir=\"auto\">Elektronisch<\/span><span dir=\"auto\">\u200b<\/span><\/p>\n<\/td>\n<td>\n<p class=\"s13\"><span dir=\"auto\">Elektronisch<\/span><span dir=\"auto\">\u200b<\/span><\/p>\n<\/td>\n<td>\n<p class=\"s13\"><span dir=\"auto\">Elektronisch<\/span><span dir=\"auto\">\u200b<\/span><\/p>\n<\/td>\n<td>\n<p class=\"s13\"><span dir=\"auto\">Elektronisch<\/span><span dir=\"auto\">\u200b<\/span><\/p>\n<\/td>\n<\/tr>\n<tr>\n<td>\n<p class=\"s13\"><span dir=\"auto\">L\u00e4rm\u00a0<\/span><span dir=\"auto\">Ebene<\/span><\/p>\n<\/td>\n<td>\n<p class=\"s13\">dB 42<\/p>\n<\/td>\n<td>\n<p class=\"s13\"><span dir=\"auto\">dB 42<\/span><\/p>\n<\/td>\n<td>\n<p class=\"s13\"><span dir=\"auto\">dB 42<\/span><\/p>\n<\/td>\n<td>\n<p class=\"s13\"><span dir=\"auto\">dB 42<\/span><\/p>\n<\/td>\n<td>\n<p class=\"s13\"><span dir=\"auto\">dB 42<\/span><\/p>\n<\/td>\n<\/tr>\n<tr>\n<td>\n<p class=\"s13\">Smart Link WiFi<\/p>\n<p class=\"s13\"><span dir=\"auto\">Fernsteuerung<\/span><\/p>\n<\/td>\n<td>\n<p class=\"s13\">Optional<\/p>\n<\/td>\n<td>\n<p class=\"s13\"><span dir=\"auto\">Optional<\/span><\/p>\n<\/td>\n<td>\n<p class=\"s13\"><span dir=\"auto\">Optional<\/span><\/p>\n<\/td>\n<td>\n<p class=\"s13\"><span dir=\"auto\">Optional<\/span><\/p>\n<\/td>\n<td>\n<p class=\"s13\"><span dir=\"auto\">Optional<\/span><\/p>\n<\/td>\n<\/tr>\n<tr>\n<td>\n<p class=\"s13\">Dicke der Isolierung<\/p>\n<\/td>\n<td>\n<p class=\"s13\">60 mm<\/p>\n<\/td>\n<td>\n<p class=\"s13\"><span dir=\"auto\">60 mm<\/span><\/p>\n<\/td>\n<td>\n<p class=\"s13\"><span dir=\"auto\">60 mm<\/span><\/p>\n<\/td>\n<td>\n<p class=\"s13\"><span dir=\"auto\">60 mm<\/span><\/p>\n<\/td>\n<td>\n<p class=\"s13\">m 60<\/p>\n<\/td>\n<\/tr>\n<tr>\n<td>\n<p class=\"s13\"><span dir=\"auto\">Entfrosten\u00a0<\/span><span dir=\"auto\">Abtauen<\/span><\/p>\n<\/td>\n<td>\n<p class=\"s13\"><span dir=\"auto\">Automatisch mit Elektroantrieb\u00a0<\/span><span dir=\"auto\">Heizung<\/span><\/p>\n<\/td>\n<td>\n<p class=\"s13\"><span dir=\"auto\">Automatisch mit Elektroantrieb\u00a0<\/span><span dir=\"auto\">Heizung<\/span><\/p>\n<\/td>\n<td>\n<p class=\"s13\"><span dir=\"auto\">Automatisch mit Elektroantrieb\u00a0<\/span><span dir=\"auto\">Heizung<\/span><\/p>\n<\/td>\n<td>\n<p class=\"s13\"><span dir=\"auto\">Automatisch mit Elektroantrieb\u00a0<\/span><span dir=\"auto\">Heizung<\/span><\/p>\n<\/td>\n<td>\n<p class=\"s13\"><span dir=\"auto\">Automatisch mit Elektroantrieb\u00a0<\/span><span dir=\"auto\">Heizung<\/span><\/p>\n<\/td>\n<\/tr>\n<tr>\n<td>\n<p class=\"s13\">Einlegeb\u00f6den (BxT)<\/p>\n<\/td>\n<td>\n<p class=\"s13\">Nr. 3 - mm 335 x 530 +<\/p>\n<p class=\"s13\">Nr. 3 - mm 390 x 505<\/p>\n<\/td>\n<td>\n<p class=\"s13\"><span dir=\"auto\">Nr. 3 - mm 335 x 530 +<\/span><\/p>\n<p class=\"s13\"><span dir=\"auto\">Nr. 3 - mm 390 x 505<\/span><\/p>\n<\/td>\n<td>\n<p class=\"s13\">Nr. 2 - mm 335 x 530 +<\/p>\n<p class=\"s13\">Nr. 2 - mm 390 x 505<\/p>\n<\/td>\n<td>\n<p class=\"s13\">Nr. 1 - mm 335 x 530 +<\/p>\n<p class=\"s13\">Nr. 1 - mm 390 x 505<\/p>\n<\/td>\n<td>\n<p class=\"s13\"><span dir=\"auto\">Nr. 3 - mm 335 x 530 +<\/span><\/p>\n<p class=\"s13\"><span dir=\"auto\">Nr. 3 - mm 390 x 505<\/span><\/p>\n<\/td>\n<\/tr>\n<tr>\n<td>\n<p class=\"s13\"><span dir=\"auto\">Beleuchtung<\/span><span dir=\"auto\">\u200b<\/span><\/p>\n<\/td>\n<td>\n<p class=\"s14\">&#8211;<\/p>\n<\/td>\n<td>\n<p class=\"s13\">Led 3,6 W<\/p>\n<\/td>\n<td>\n<p class=\"s13\"><span dir=\"auto\">&#8211;<\/span><\/p>\n<\/td>\n<td>\n<p class=\"s13\"><span dir=\"auto\">&#8211;<\/span><\/p>\n<\/td>\n<td>\n<p class=\"s13\"><span dir=\"auto\">&#8211;<\/span><\/p>\n<\/td>\n<\/tr>\n<tr>\n<td>\n<p class=\"s13\"><span dir=\"auto\">Selbst-\u00a0<\/span><span dir=\"auto\">T\u00fcr schlie\u00dfen<\/span><\/p>\n<\/td>\n<td>\n<p class=\"s13\"><span dir=\"auto\">Sanftes Schlie\u00dfen<\/span><\/p>\n<\/td>\n<td>\n<p class=\"s13\"><span dir=\"auto\">Sanftes Schlie\u00dfen<\/span><\/p>\n<\/td>\n<td>\n<p class=\"s13\"><span dir=\"auto\">Sanftes Schlie\u00dfen<\/span><\/p>\n<\/td>\n<td>\n<p class=\"s13\"><span dir=\"auto\">Sanftes Schlie\u00dfen<\/span><\/p>\n<\/td>\n<td>\n<p class=\"s13\"><span dir=\"auto\">Sanftes Schlie\u00dfen<\/span><\/p>\n<\/td>\n<\/tr>\n<tr>\n<td>\n<p class=\"s13\"><span dir=\"auto\">F\u00fc\u00dfe<\/span><\/p>\n<\/td>\n<td>\n<p class=\"s13\">6 F\u00fc\u00dfe h mm 110\/170<\/p>\n<\/td>\n<td>\n<p class=\"s13\"><span dir=\"auto\">6 F\u00fc\u00dfe <\/span><span dir=\"auto\">h mm 110\/170<\/span><\/p>\n<\/td>\n<td>\n<p class=\"s13\"><span dir=\"auto\">\u00a0<\/span><span dir=\"auto\">6 F\u00fc\u00dfe\u00a0<\/span><span dir=\"auto\">h mm 110\/170<\/span><\/p>\n<\/td>\n<td>\n<p class=\"s13\"><span dir=\"auto\">6 F\u00fc\u00dfe <\/span><span dir=\"auto\">h mm 110\/170<\/span><\/p>\n<\/td>\n<td>\n<p class=\"s13\"><span dir=\"auto\">6 F\u00fc\u00dfe <\/span><span dir=\"auto\">h mm 110\/170<\/span><\/p>\n<\/td>\n<\/tr>\n<tr>\n<td>\n<p class=\"s13\"><span dir=\"auto\">Rollen<\/span><\/p>\n<\/td>\n<td>\n<p class=\"s13\">Wahlweise - h mm 140<\/p>\n<\/td>\n<td>\n<p class=\"s13\"><span dir=\"auto\">Wahlweise - h mm 140<\/span><\/p>\n<\/td>\n<td>\n<p class=\"s13\"><span dir=\"auto\">Wahlweise - h mm 140<\/span><\/p>\n<\/td>\n<td>\n<p class=\"s13\"><span dir=\"auto\">Wahlweise - h mm 140<\/span><\/p>\n<\/td>\n<td>\n<p class=\"s13\"><span dir=\"auto\">Wahlweise - h mm 140<\/span><\/p>\n<\/td>\n<\/tr>\n<tr>\n<td>\n<p class=\"s13\"><span dir=\"auto\">Netz-\u00a0<\/span><span dir=\"auto\">Bruttogewicht<\/span><\/p>\n<\/td>\n<td>\n<p class=\"s13\">Kg 134 \/ 151<\/p>\n<\/td>\n<td>\n<p class=\"s13\"><span dir=\"auto\">Kg 134 \/ 151<\/span><\/p>\n<\/td>\n<td>\n<p class=\"s13\">Kg 144 \/ 161<\/p>\n<\/td>\n<td>\n<p class=\"s13\">Kg 154 \/ 171<\/p>\n<\/td>\n<td>\n<p class=\"s13\">Kg 136 \/ 154<\/p>\n<\/td>\n<\/tr>\n<tr>\n<td>\n<p class=\"s13\"><span dir=\"auto\">Spannung<\/span><span dir=\"auto\">\u200b<\/span><\/p>\n<\/td>\n<td>\n<p class=\"s13\"><span dir=\"auto\">Bei 220-240<\/span><\/p>\n<\/td>\n<td>\n<p class=\"s13\"><span dir=\"auto\">Bei 220-240<\/span><\/p>\n<\/td>\n<td>\n<p class=\"s13\"><span dir=\"auto\">Bei 220-240<\/span><\/p>\n<\/td>\n<td>\n<p class=\"s13\"><span dir=\"auto\">Bei 220-240<\/span><\/p>\n<\/td>\n<td>\n<p class=\"s13\"><span dir=\"auto\">Bei 220-240<\/span><\/p>\n<\/td>\n<\/tr>\n<tr>\n<td>\n<p class=\"s13\"><span dir=\"auto\">Frequenz<\/span><span dir=\"auto\">\u200b<\/span><\/p>\n<\/td>\n<td>\n<p class=\"s13\">Hz 50<\/p>\n<\/td>\n<td>\n<p class=\"s13\"><span dir=\"auto\">Hz 50<\/span><\/p>\n<\/td>\n<td>\n<p class=\"s13\"><span dir=\"auto\">Hz 50<\/span><\/p>\n<\/td>\n<td>\n<p class=\"s13\"><span dir=\"auto\">Hz 50<\/span><\/p>\n<\/td>\n<td>\n<p class=\"s13\"><span dir=\"auto\">Hz 50<\/span><\/p>\n<\/td>\n<\/tr>\n<tr>\n<td>\n<p class=\"s13\"><span dir=\"auto\">K\u00e4ltemittel<\/span><\/p>\n<\/td>\n<td>\n<p class=\"s13\">R600A<\/p>\n<\/td>\n<td>\n<p class=\"s13\"><span dir=\"auto\">R600A<\/span><\/p>\n<\/td>\n<td>\n<p class=\"s13\"><span dir=\"auto\">R600A<\/span><\/p>\n<\/td>\n<td>\n<p class=\"s13\"><span dir=\"auto\">R600A<\/span><\/p>\n<\/td>\n<td>\n<p class=\"s13\"><span dir=\"auto\">R290<\/span><\/p>\n<\/td>\n<\/tr>\n<tr>\n<td>\n<p class=\"s13\"><span dir=\"auto\">Absorption<\/span><span dir=\"auto\">\u200b<\/span><\/p>\n<\/td>\n<td>\n<p class=\"s13\"><span dir=\"auto\">In 300<\/span><\/p>\n<\/td>\n<td>\n<p class=\"s13\"><span dir=\"auto\">In 300<\/span><\/p>\n<\/td>\n<td>\n<p class=\"s13\"><span dir=\"auto\">In 300<\/span><\/p>\n<\/td>\n<td>\n<p class=\"s13\"><span dir=\"auto\">In 300<\/span><\/p>\n<\/td>\n<td>\n<p class=\"s13\"><span dir=\"auto\">In 570<\/span><\/p>\n<\/td>\n<\/tr>\n<tr>\n<td>\n<p class=\"s13\"><span dir=\"auto\">Energie\u00a0<\/span><span dir=\"auto\">Verbrauch<\/span><\/p>\n<\/td>\n<td>\n<p class=\"s13\"><span dir=\"auto\">KwH\/24H 2,25<\/span><\/p>\n<\/td>\n<td>\n<p class=\"s13\"><span dir=\"auto\">KwH\/24H 3.126<\/span><\/p>\n<\/td>\n<td>\n<p class=\"s13\"><span dir=\"auto\">KwH\/24H 2,25<\/span><\/p>\n<\/td>\n<td>\n<p class=\"s13\"><span dir=\"auto\">KwH\/24H 2,18<\/span><\/p>\n<\/td>\n<td>\n<p class=\"s13\"><span dir=\"auto\">KwH\/24H 8,11<\/span><\/p>\n<\/td>\n<\/tr>\n<\/tbody>\n<\/table>\n<p>&nbsp;<\/p>","protected":false},"excerpt":{"rendered":"<p>-2 \u00b0C \/ +8 \u00b0C Gek\u00fchlter Tisch mit Glast\u00fcren und Bel\u00fcftung. Positive Temperatur<\/p>","protected":false},"featured_media":10306,"comment_status":"open","ping_status":"closed","template":"","meta":[],"product_brand":[],"product_cat":[51],"product_tag":[],"class_list":{"0":"post-10263","1":"product","2":"type-product","3":"status-publish","4":"has-post-thumbnail","6":"product_cat-kitchen-catering-cooling","8":"first","9":"instock","10":"shipping-taxable","11":"purchasable","12":"product-type-simple"},"_links":{"self":[{"href":"https:\/\/dersuessestopp.com\/de\/wp-json\/wp\/v2\/product\/10263","targetHints":{"allow":["GET"]}}],"collection":[{"href":"https:\/\/dersuessestopp.com\/de\/wp-json\/wp\/v2\/product"}],"about":[{"href":"https:\/\/dersuessestopp.com\/de\/wp-json\/wp\/v2\/types\/product"}],"replies":[{"embeddable":true,"href":"https:\/\/dersuessestopp.com\/de\/wp-json\/wp\/v2\/comments?post=10263"}],"version-history":[{"count":5,"href":"https:\/\/dersuessestopp.com\/de\/wp-json\/wp\/v2\/product\/10263\/revisions"}],"predecessor-version":[{"id":11968,"href":"https:\/\/dersuessestopp.com\/de\/wp-json\/wp\/v2\/product\/10263\/revisions\/11968"}],"wp:featuredmedia":[{"embeddable":true,"href":"https:\/\/dersuessestopp.com\/de\/wp-json\/wp\/v2\/media\/10306"}],"wp:attachment":[{"href":"https:\/\/dersuessestopp.com\/de\/wp-json\/wp\/v2\/media?parent=10263"}],"wp:term":[{"taxonomy":"product_brand","embeddable":true,"href":"https:\/\/dersuessestopp.com\/de\/wp-json\/wp\/v2\/product_brand?post=10263"},{"taxonomy":"product_cat","embeddable":true,"href":"https:\/\/dersuessestopp.com\/de\/wp-json\/wp\/v2\/product_cat?post=10263"},{"taxonomy":"product_tag","embeddable":true,"href":"https:\/\/dersuessestopp.com\/de\/wp-json\/wp\/v2\/product_tag?post=10263"}],"curies":[{"name":"wp","href":"https:\/\/api.w.org\/{rel}","templated":true}]}}