{"id":10204,"date":"2025-09-29T14:58:29","date_gmt":"2025-09-29T14:58:29","guid":{"rendered":"https:\/\/dersuessestopp.com\/?post_type=product&#038;p=10204"},"modified":"2025-10-09T03:27:09","modified_gmt":"2025-10-09T03:27:09","slug":"cax-4130-tn","status":"publish","type":"product","link":"https:\/\/dersuessestopp.com\/de\/product\/cax-4130-tn\/","title":{"rendered":"CXF 4130 TN - (3 x 1\/3)"},"content":{"rendered":"<p><img decoding=\"async\" src=\"https:\/\/customer.klimaitalia.it\/api\/file\/image\/6730\" \/><\/p>\n<p>&nbsp;<\/p>\n<h2>Produktbeschreibung (EN)<\/h2>\n<p>Die <strong data-start=\"241\" data-end=\"256\">CXF 4130 TN<\/strong> ist eine professionelle <strong data-start=\"275\" data-end=\"310\">bel\u00fcftete K\u00fchltheke<\/strong> mit <strong data-start=\"321\" data-end=\"388\">drei T\u00fcren und ein K\u00fchlteil mit drei 1\/3 Schubladen<\/strong>, entwickelt f\u00fcr Restaurants, Hotels und Catering-K\u00fcchen. Gebaut aus Premium <strong data-start=\"466\" data-end=\"494\">Rostfreier Stahl AISI 304<\/strong>, Sie gew\u00e4hrleistet Hygiene, Haltbarkeit und dauerhafte Zuverl\u00e4ssigkeit. Der Betrieb innerhalb einer <strong data-start=\"577\" data-end=\"614\">Temperaturbereich von -2\u00b0C bis +8\u00b0C<\/strong>, sorgt er f\u00fcr eine stabile und gleichm\u00e4\u00dfige K\u00fchlung. Ausgestattet mit einer <strong data-start=\"673\" data-end=\"698\">elektronisches Thermostat<\/strong>, <strong data-start=\"700\" data-end=\"734\">sanft schlie\u00dfende T\u00fcren und Schubladen<\/strong>, und <strong data-start=\"740\" data-end=\"770\">automatische elektrische Abtauung<\/strong>, Er bietet Effizienz und professionelle Leistung.<\/p>\n<h2>Technische Daten<\/h2>\n<table>\n<tbody>\n<tr>\n<td>\u00a0Abmessungen mm<\/td>\n<td>CXF 4100 TN<\/td>\n<td>CXF 4100 BT<\/td>\n<\/tr>\n<tr>\n<td>\u00c4u\u00dfere Abmessungen (BxTxH)<\/td>\n<td>2230 x 700 x 860*<\/td>\n<td>2230 x 700 x 860*<\/td>\n<\/tr>\n<tr>\n<td>Abmessungen der Verpackung (BxTxH)<\/td>\n<td>2260 x 730 x 910<\/td>\n<td>2260 x 730 x 910<\/td>\n<\/tr>\n<tr>\n<td>Breite<\/td>\n<td>1669<\/td>\n<td>1669<\/td>\n<\/tr>\n<tr>\n<td>Tiefe<\/td>\n<td>530<\/td>\n<td>530<\/td>\n<\/tr>\n<tr>\n<td>H\u00f6he<\/td>\n<td>560<\/td>\n<td>560<\/td>\n<\/tr>\n<tr>\n<td colspan=\"3\">Die Gesamth\u00f6he der Einheiten umfasst die auf die Mindesth\u00f6he eingestellten F\u00fc\u00dfe<\/td>\n<\/tr>\n<\/tbody>\n<\/table>\n<p>&nbsp;<\/p>\n<table>\n<tbody>\n<tr>\n<td>Technische Merkmale<\/td>\n<td>CXF 4100 TN<\/td>\n<td>CXF 4100 BT<\/td>\n<\/tr>\n<tr>\n<td>Temperaturbereich<\/td>\n<td>-2 \u00b0C \/ +8 \u00b0C<\/td>\n<td>-22 \u00b0C \/ -18 \u00b0C<\/td>\n<\/tr>\n<tr>\n<td>Klima-Klasse<\/td>\n<td>5<\/td>\n<td>4<\/td>\n<\/tr>\n<tr>\n<td>Netto-Brutto-Volumen<\/td>\n<td>Lt. 393 \/ 476<\/td>\n<td>Lt. 393 \/ 476<\/td>\n<\/tr>\n<tr>\n<td>K\u00f6rper<\/td>\n<td>AISI 304 Rostfreier Stahl<\/td>\n<td>AISI 304 Rostfreier Stahl<\/td>\n<\/tr>\n<tr>\n<td>Innenauskleidung<\/td>\n<td>AISI 304 Rostfreier Stahl<\/td>\n<td>AISI 304 Rostfreier Stahl<\/td>\n<\/tr>\n<tr>\n<td>Thermostat<\/td>\n<td>Elektronisch<\/td>\n<td>Elektronisch<\/td>\n<\/tr>\n<tr>\n<td>Ger\u00e4uschpegel<\/td>\n<td>dB 42<\/td>\n<td>dB 42<\/td>\n<\/tr>\n<tr>\n<td>Fernsteuerung<\/td>\n<td>Optional<\/td>\n<td>Optional<\/td>\n<\/tr>\n<tr>\n<td>Dicke der Isolierung<\/td>\n<td>60 mm<\/td>\n<td>m 60<\/td>\n<\/tr>\n<tr>\n<td>Abtauen<\/td>\n<td>Automatisch mit elektrischer Heizung<\/td>\n<td>Automatisch mit elektrischer Heizung<\/td>\n<\/tr>\n<tr>\n<td>Einlegeb\u00f6den (BxT)<\/td>\n<td>Nr. 4 - mm 335 x 530 + Nr. 4 - mm 390 x 505<\/td>\n<td>Nr. 4 - mm 335 x 530 + Nr. 4 - mm 390 x 505<\/td>\n<\/tr>\n<tr>\n<td>Selbstschlie\u00dfende T\u00fcr<\/td>\n<td>Sanftes Schlie\u00dfen<\/td>\n<td>Sanftes Schlie\u00dfen<\/td>\n<\/tr>\n<tr>\n<td>Rollen-Fu\u00df<\/td>\n<td>6 F\u00fc\u00dfe<\/td>\n<td>6 F\u00fc\u00dfe<\/td>\n<\/tr>\n<tr>\n<td>Rollen<\/td>\n<td>Wahlweise - h mm 140<\/td>\n<td>Wahlweise - h mm 140<\/td>\n<\/tr>\n<tr>\n<td>Netto-Brutto Gewicht<\/td>\n<td>Kg 153 \/ 173<\/td>\n<td>Kg 155 \/ 175<\/td>\n<\/tr>\n<tr>\n<td>Spannung<\/td>\n<td>V 220-240<\/td>\n<td>V 220-240<\/td>\n<\/tr>\n<tr>\n<td>Frequenz<\/td>\n<td>Hz 50<\/td>\n<td>Hz 50<\/td>\n<\/tr>\n<tr>\n<td>K\u00e4ltemittel<\/td>\n<td>R600A<\/td>\n<td>R290<\/td>\n<\/tr>\n<tr>\n<td>Absorption<\/td>\n<td>W 300<\/td>\n<td>W 660<\/td>\n<\/tr>\n<tr>\n<td>Energieverbrauch<\/td>\n<td>KwH\/24H 2,95<\/td>\n<td>KwH\/24H 10,68<\/td>\n<\/tr>\n<\/tbody>\n<\/table>","protected":false},"excerpt":{"rendered":"<p>-2 \u00b0C \/ +8 \u00b0C Bel\u00fcfteter K\u00fchltisch, vier T\u00fcren. Positive Temperatur. Version mit 1 gek\u00fchlten Schublade pack da N.3 Schubladen da 1\/3<\/p>","protected":false},"featured_media":10284,"comment_status":"open","ping_status":"closed","template":"","meta":[],"product_brand":[],"product_cat":[51],"product_tag":[],"class_list":{"0":"post-10204","1":"product","2":"type-product","3":"status-publish","4":"has-post-thumbnail","6":"product_cat-kitchen-catering-cooling","8":"first","9":"instock","10":"shipping-taxable","11":"purchasable","12":"product-type-simple"},"_links":{"self":[{"href":"https:\/\/dersuessestopp.com\/de\/wp-json\/wp\/v2\/product\/10204","targetHints":{"allow":["GET"]}}],"collection":[{"href":"https:\/\/dersuessestopp.com\/de\/wp-json\/wp\/v2\/product"}],"about":[{"href":"https:\/\/dersuessestopp.com\/de\/wp-json\/wp\/v2\/types\/product"}],"replies":[{"embeddable":true,"href":"https:\/\/dersuessestopp.com\/de\/wp-json\/wp\/v2\/comments?post=10204"}],"version-history":[{"count":3,"href":"https:\/\/dersuessestopp.com\/de\/wp-json\/wp\/v2\/product\/10204\/revisions"}],"predecessor-version":[{"id":12346,"href":"https:\/\/dersuessestopp.com\/de\/wp-json\/wp\/v2\/product\/10204\/revisions\/12346"}],"wp:featuredmedia":[{"embeddable":true,"href":"https:\/\/dersuessestopp.com\/de\/wp-json\/wp\/v2\/media\/10284"}],"wp:attachment":[{"href":"https:\/\/dersuessestopp.com\/de\/wp-json\/wp\/v2\/media?parent=10204"}],"wp:term":[{"taxonomy":"product_brand","embeddable":true,"href":"https:\/\/dersuessestopp.com\/de\/wp-json\/wp\/v2\/product_brand?post=10204"},{"taxonomy":"product_cat","embeddable":true,"href":"https:\/\/dersuessestopp.com\/de\/wp-json\/wp\/v2\/product_cat?post=10204"},{"taxonomy":"product_tag","embeddable":true,"href":"https:\/\/dersuessestopp.com\/de\/wp-json\/wp\/v2\/product_tag?post=10204"}],"curies":[{"name":"wp","href":"https:\/\/api.w.org\/{rel}","templated":true}]}}