{"id":10196,"date":"2025-09-29T14:58:29","date_gmt":"2025-09-29T14:58:29","guid":{"rendered":"https:\/\/dersuessestopp.com\/?post_type=product&#038;p=10196"},"modified":"2025-10-09T03:46:56","modified_gmt":"2025-10-09T03:46:56","slug":"psx-3200-tn-con-alzatina","status":"publish","type":"product","link":"https:\/\/dersuessestopp.com\/de\/product\/psx-3200-tn-con-alzatina\/","title":{"rendered":"PXF 3200 TN MIT AUFKANTUNG"},"content":{"rendered":"<h2><img decoding=\"async\" src=\"https:\/\/customer.klimaitalia.it\/api\/file\/image\/6809\" \/><\/h2>\n<h2>Beschreibung des Produkts<\/h2>\n<p>Die <strong data-start=\"241\" data-end=\"256\">PXF 3200 TN<\/strong> ist eine professionelle <strong data-start=\"275\" data-end=\"333\">bel\u00fcftete Backwarenk\u00fchltheke mit R\u00fcckwand<\/strong>, ideal f\u00fcr B\u00e4ckereien, Konditoreien und Catering-K\u00fcchen. Vollst\u00e4ndig gebaut aus <strong data-start=\"412\" data-end=\"440\">Rostfreier Stahl AISI 304<\/strong>, Sie gew\u00e4hrleistet ein H\u00f6chstma\u00df an Hygiene, Festigkeit und Reinigungsfreundlichkeit. Betrieb in einem <strong data-start=\"517\" data-end=\"554\">Temperaturbereich von +2\u00b0C bis +8\u00b0C<\/strong>, Sie sorgt f\u00fcr gleichm\u00e4\u00dfige K\u00fchlung bei der Zubereitung von Geb\u00e4ck und Desserts. Ausgestattet mit <strong data-start=\"633\" data-end=\"655\">sanft schlie\u00dfende T\u00fcren<\/strong>, <strong data-start=\"657\" data-end=\"676\">verschiebbare Regale<\/strong>, <strong data-start=\"678\" data-end=\"708\">automatische elektrische Abtauung<\/strong>, und <strong data-start=\"714\" data-end=\"742\">optionaler Smart Link WiFi<\/strong>, Er bietet Pr\u00e4zision, Leistung und Zuverl\u00e4ssigkeit in einem kompakten Design.<\/p>\n<h2>Technische Daten<\/h2>\n<table>\n<tbody>\n<tr>\n<td>Abmessungen mm<\/td>\n<td>PXF 3100 TN<\/td>\n<td>PXF 3200 TN<\/td>\n<\/tr>\n<tr>\n<td>\u00c4u\u00dfere Abmessungen (BxTxH)<\/td>\n<td>2020 x 800 x 860*<\/td>\n<td>2020 x 800 x 960*<\/td>\n<\/tr>\n<tr>\n<td>Abmessungen der Verpackung (BxTxH)<\/td>\n<td>2050 x 830 x 910<\/td>\n<td>2050 x 830 x 1010<\/td>\n<\/tr>\n<tr>\n<td>Breite<\/td>\n<td>1455<\/td>\n<td>1455<\/td>\n<\/tr>\n<tr>\n<td>Tiefe<\/td>\n<td>680<\/td>\n<td>680<\/td>\n<\/tr>\n<tr>\n<td>H\u00f6he<\/td>\n<td>560<\/td>\n<td>560<\/td>\n<\/tr>\n<tr>\n<td colspan=\"3\">Die Gesamth\u00f6he der Einheiten umfasst die auf die Mindesth\u00f6he eingestellten F\u00fc\u00dfe<\/td>\n<\/tr>\n<\/tbody>\n<\/table>\n<p>&nbsp;<\/p>\n<table>\n<tbody>\n<tr>\n<td>Technische Merkmale<\/td>\n<td>PXF 3100 TN<\/td>\n<td>PXF 3200 TN<\/td>\n<\/tr>\n<tr>\n<td>Temperaturbereich<\/td>\n<td>+2 \u00b0C \/ +8 \u00b0C<\/td>\n<td>+2 \u00b0C \/ +8 \u00b0C<\/td>\n<\/tr>\n<tr>\n<td>Klima-Klasse<\/td>\n<td>5<\/td>\n<td>5<\/td>\n<\/tr>\n<tr>\n<td>Netto-Brutto-Volumen<\/td>\n<td>Lt. 410 \/ 635<\/td>\n<td>Lt. 410 \/ 635<\/td>\n<\/tr>\n<tr>\n<td>K\u00f6rper<\/td>\n<td>AISI 304 Rostfreier Stahl<\/td>\n<td>AISI 304 Rostfreier Stahl<\/td>\n<\/tr>\n<tr>\n<td>Innenauskleidung<\/td>\n<td>AISI 304 Rostfreier Stahl<\/td>\n<td>AISI 304 Rostfreier Stahl<\/td>\n<\/tr>\n<tr>\n<td>Thermostat<\/td>\n<td>Elektronisch<\/td>\n<td>Elektronisch<\/td>\n<\/tr>\n<tr>\n<td>Ger\u00e4uschpegel<\/td>\n<td>dB 42<\/td>\n<td>dB 42<\/td>\n<\/tr>\n<tr>\n<td>Fernsteuerung<\/td>\n<td>Optional<\/td>\n<td>Optional<\/td>\n<\/tr>\n<tr>\n<td>Dicke der Isolierung<\/td>\n<td>60 mm<\/td>\n<td>60 mm<\/td>\n<\/tr>\n<tr>\n<td>Abtauen<\/td>\n<td>Automatisch mit elektrischer Heizung<\/td>\n<td>Automatisch mit elektrischer Heizung<\/td>\n<\/tr>\n<tr>\n<td>Einlegeb\u00f6den (BxT)<\/td>\n<td>Nr. 3 - mm 410 x 600 + Nr. 3 - mm 465 x 605<\/td>\n<td>Nr. 3 - mm 410 x 600 + Nr. 3 - mm 465 x 605<\/td>\n<\/tr>\n<tr>\n<td>Selbstschlie\u00dfende T\u00fcr<\/td>\n<td>Sanftes Schlie\u00dfen<\/td>\n<td>Sanftes Schlie\u00dfen<\/td>\n<\/tr>\n<tr>\n<td>\u00a0Rollen-Fu\u00df<\/td>\n<td>6 F\u00fc\u00dfe<\/td>\n<td>6 F\u00fc\u00dfe<\/td>\n<\/tr>\n<tr>\n<td>Rollen<\/td>\n<td>Wahlweise - h mm 140<\/td>\n<td>Wahlweise - h mm 140<\/td>\n<\/tr>\n<tr>\n<td>Netto-Brutto Gewicht<\/td>\n<td>Kg 152 \/ 170<\/td>\n<td>Kg 162 \/ 180<\/td>\n<\/tr>\n<tr>\n<td>Spannung<\/td>\n<td>V 220-240<\/td>\n<td>V 220-240<\/td>\n<\/tr>\n<tr>\n<td>Frequenz<\/td>\n<td>Hz 50<\/td>\n<td>Hz 50<\/td>\n<\/tr>\n<tr>\n<td>K\u00e4ltemittel<\/td>\n<td>R600A<\/td>\n<td>R600A<\/td>\n<\/tr>\n<tr>\n<td>Absorption<\/td>\n<td>W 300<\/td>\n<td>W 300<\/td>\n<\/tr>\n<tr>\n<td>Energieverbrauch<\/td>\n<td>KwH\/24H 2,74<\/td>\n<td>KwH\/24H 2,74<\/td>\n<\/tr>\n<\/tbody>\n<\/table>","protected":false},"excerpt":{"rendered":"<p>-2 \u00b0C \/ +8 \u00b0C Gek\u00fchlter Tisch pasticceria tre ante bel\u00fcftet con alzatina<\/p>","protected":false},"featured_media":10244,"comment_status":"open","ping_status":"closed","template":"","meta":[],"product_brand":[],"product_cat":[51],"product_tag":[],"class_list":{"0":"post-10196","1":"product","2":"type-product","3":"status-publish","4":"has-post-thumbnail","6":"product_cat-kitchen-catering-cooling","8":"first","9":"instock","10":"shipping-taxable","11":"purchasable","12":"product-type-simple"},"_links":{"self":[{"href":"https:\/\/dersuessestopp.com\/de\/wp-json\/wp\/v2\/product\/10196","targetHints":{"allow":["GET"]}}],"collection":[{"href":"https:\/\/dersuessestopp.com\/de\/wp-json\/wp\/v2\/product"}],"about":[{"href":"https:\/\/dersuessestopp.com\/de\/wp-json\/wp\/v2\/types\/product"}],"replies":[{"embeddable":true,"href":"https:\/\/dersuessestopp.com\/de\/wp-json\/wp\/v2\/comments?post=10196"}],"version-history":[{"count":3,"href":"https:\/\/dersuessestopp.com\/de\/wp-json\/wp\/v2\/product\/10196\/revisions"}],"predecessor-version":[{"id":12367,"href":"https:\/\/dersuessestopp.com\/de\/wp-json\/wp\/v2\/product\/10196\/revisions\/12367"}],"wp:featuredmedia":[{"embeddable":true,"href":"https:\/\/dersuessestopp.com\/de\/wp-json\/wp\/v2\/media\/10244"}],"wp:attachment":[{"href":"https:\/\/dersuessestopp.com\/de\/wp-json\/wp\/v2\/media?parent=10196"}],"wp:term":[{"taxonomy":"product_brand","embeddable":true,"href":"https:\/\/dersuessestopp.com\/de\/wp-json\/wp\/v2\/product_brand?post=10196"},{"taxonomy":"product_cat","embeddable":true,"href":"https:\/\/dersuessestopp.com\/de\/wp-json\/wp\/v2\/product_cat?post=10196"},{"taxonomy":"product_tag","embeddable":true,"href":"https:\/\/dersuessestopp.com\/de\/wp-json\/wp\/v2\/product_tag?post=10196"}],"curies":[{"name":"wp","href":"https:\/\/api.w.org\/{rel}","templated":true}]}}