{"id":10188,"date":"2025-09-29T14:58:29","date_gmt":"2025-09-29T14:58:29","guid":{"rendered":"https:\/\/dersuessestopp.com\/?post_type=product&#038;p=10188"},"modified":"2025-10-09T00:49:50","modified_gmt":"2025-10-09T00:49:50","slug":"snack-3200-tn-con-alzatina","status":"publish","type":"product","link":"https:\/\/dersuessestopp.com\/de\/product\/snack-3200-tn-con-alzatina\/","title":{"rendered":"SNACK 3200 TNF MIT SPRITZSCHUTZ"},"content":{"rendered":"<p><img decoding=\"async\" src=\"https:\/\/customer.klimaitalia.it\/api\/file\/image\/6887\" \/><\/p>\n<p>&nbsp;<\/p>\n<h2>Beschreibung des Produkts<\/h2>\n<p data-start=\"241\" data-end=\"841\">Die <strong data-start=\"245\" data-end=\"263\">SNACK 3200 TNF<\/strong> ist eine professionelle <strong data-start=\"282\" data-end=\"328\">dreit\u00fcrige bel\u00fcftete K\u00fchltheke<\/strong> mit <strong data-start=\"334\" data-end=\"353\">hintere Spritzwand<\/strong>, entwickelt f\u00fcr Restaurants, Bars und Catering-K\u00fcchen. Vollst\u00e4ndig gebaut aus <strong data-start=\"430\" data-end=\"458\">Rostfreier Stahl AISI 304<\/strong>, Es bietet au\u00dfergew\u00f6hnliche Haltbarkeit, Hygiene und einfache Reinigung. Betrieb innerhalb einer <strong data-start=\"544\" data-end=\"581\">Temperaturbereich von -2\u00b0C bis +8\u00b0C<\/strong>, Dieses Modell bietet zuverl\u00e4ssige K\u00fchlung f\u00fcr frische Zutaten, Getr\u00e4nke und servierfertige Speisen. Es verf\u00fcgt \u00fcber einen <strong data-start=\"695\" data-end=\"720\">elektronisches Thermostat<\/strong>, <strong data-start=\"722\" data-end=\"744\">sanft schlie\u00dfende T\u00fcren<\/strong>, und <strong data-start=\"750\" data-end=\"780\">automatische elektrische Abtauung<\/strong> f\u00fcr konstante Leistung und energieeffizienten Betrieb.<\/p>\n<p data-start=\"843\" data-end=\"862\"><strong data-start=\"843\" data-end=\"860\">Wesentliche Merkmale:<\/strong><\/p>\n<ul data-start=\"863\" data-end=\"1262\">\n<li data-start=\"863\" data-end=\"902\">\n<p data-start=\"865\" data-end=\"902\"><strong data-start=\"865\" data-end=\"887\">Temperaturbereich:<\/strong> -2\u00b0C bis +8\u00b0C<\/p>\n<\/li>\n<li data-start=\"903\" data-end=\"957\">\n<p data-start=\"905\" data-end=\"957\"><strong data-start=\"905\" data-end=\"933\">Rostfreier Stahl AISI 304<\/strong> innen und au\u00dfen<\/p>\n<\/li>\n<li data-start=\"958\" data-end=\"1015\">\n<p data-start=\"960\" data-end=\"1015\"><strong data-start=\"960\" data-end=\"989\">Bel\u00fcftetes K\u00fchlsystem<\/strong> bei gleichm\u00e4\u00dfiger Temperatur<\/p>\n<\/li>\n<li data-start=\"1016\" data-end=\"1056\">\n<p data-start=\"1018\" data-end=\"1056\"><strong data-start=\"1018\" data-end=\"1054\">Sanft schlie\u00dfende, selbstschlie\u00dfende T\u00fcren<\/strong><\/p>\n<\/li>\n<li data-start=\"1057\" data-end=\"1095\">\n<p data-start=\"1059\" data-end=\"1095\"><strong data-start=\"1059\" data-end=\"1086\">H\u00f6he der hinteren Spritzwand:<\/strong> 100 mm<\/p>\n<\/li>\n<li data-start=\"1096\" data-end=\"1130\">\n<p data-start=\"1098\" data-end=\"1130\"><strong data-start=\"1098\" data-end=\"1128\">Automatische elektrische Abtauung<\/strong><\/p>\n<\/li>\n<li data-start=\"1131\" data-end=\"1181\">\n<p data-start=\"1133\" data-end=\"1181\"><strong data-start=\"1133\" data-end=\"1161\">Optionales Smart Link WiFi<\/strong> Fern\u00fcberwachung<\/p>\n<\/li>\n<li data-start=\"1182\" data-end=\"1222\">\n<p data-start=\"1184\" data-end=\"1222\"><strong data-start=\"1184\" data-end=\"1207\">Energieverbrauch:<\/strong> 1,93 kWh\/24h<\/p>\n<\/li>\n<li data-start=\"1223\" data-end=\"1262\">\n<p data-start=\"1225\" data-end=\"1262\"><strong data-start=\"1225\" data-end=\"1240\">Abmessungen:<\/strong> 1795 \u00d7 600 \u00d7 960 mm<\/p>\n<\/li>\n<\/ul>\n<h2>Technische Daten<\/h2>\n<table>\n<tbody>\n<tr>\n<td>Dimensioni mm \/ Abmessungen mm<\/td>\n<td>SNACK 3200 TNF<\/td>\n<td>SNACK 3200 BTF<\/td>\n<\/tr>\n<tr>\n<td>\u00c4u\u00dfere Abmessungen (BxTxH)<\/td>\n<td>1795 x 600 x 960*<\/td>\n<td>1795 x 600 x 960*<\/td>\n<\/tr>\n<tr>\n<td>Abmessungen der Verpackung (BxTxH)<\/td>\n<td>1825 x 630 x 1010<\/td>\n<td>1825 x 630 x 1010<\/td>\n<\/tr>\n<tr>\n<td>Breite<\/td>\n<td>1234<\/td>\n<td>1234<\/td>\n<\/tr>\n<tr>\n<td>Tiefe<\/td>\n<td>480<\/td>\n<td>480<\/td>\n<\/tr>\n<tr>\n<td>H\u00f6he<\/td>\n<td>560<\/td>\n<td>560<\/td>\n<\/tr>\n<tr>\n<td colspan=\"3\">Die Gesamth\u00f6he der Einheiten umfasst die auf die Mindesth\u00f6he eingestellten F\u00fc\u00dfe<\/td>\n<\/tr>\n<\/tbody>\n<\/table>\n<p>&nbsp;<\/p>\n<table>\n<tbody>\n<tr>\n<td>Caratteristiche Tecniche \/ Technische Merkmale<\/td>\n<td>SNACK 3200 TNF<\/td>\n<td>SNACK 3200 BTF<\/td>\n<\/tr>\n<tr>\n<td>Temperaturbereich<\/td>\n<td>-2 \u00b0C \/ +8 \u00b0C<\/td>\n<td>-22 \u00b0C \/ -18 \u00b0C<\/td>\n<\/tr>\n<tr>\n<td>Klima-Klasse<\/td>\n<td>5<\/td>\n<td>4<\/td>\n<\/tr>\n<tr>\n<td>Netto-Brutto-Volumen<\/td>\n<td>Lt. 231 \/ 386<\/td>\n<td>Lt. 231 \/ 386<\/td>\n<\/tr>\n<tr>\n<td>K\u00f6rper<\/td>\n<td>AISI 304 Rostfreier Stahl<\/td>\n<td>AISI 304 Rostfreier Stahl<\/td>\n<\/tr>\n<tr>\n<td>Innenauskleidung<\/td>\n<td>AISI 304 Rostfreier Stahl<\/td>\n<td>AISI 304 Rostfreier Stahl<\/td>\n<\/tr>\n<tr>\n<td>Thermostat<\/td>\n<td>Elektronisch<\/td>\n<td>Elektronisch<\/td>\n<\/tr>\n<tr>\n<td>Ger\u00e4uschpegel<\/td>\n<td>dB 42<\/td>\n<td>dB 42<\/td>\n<\/tr>\n<tr>\n<td>Fernsteuerung<\/td>\n<td>Optional<\/td>\n<td>Optional<\/td>\n<\/tr>\n<tr>\n<td>Dicke der Isolierung<\/td>\n<td>60 mm<\/td>\n<td>60 mm<\/td>\n<\/tr>\n<tr>\n<td>Abtauen<\/td>\n<td>Automatisch mit elektrischer Heizung<\/td>\n<td>Automatisch mit elektrischer Heizung<\/td>\n<\/tr>\n<tr>\n<td>Einlegeb\u00f6den (BxT)<\/td>\n<td>Nr. 3 - mm 335 x 430 + Nr. 3 - mm 390 x 405<\/td>\n<td>Nr. 3 - mm 335 x 430 + Nr. 3 - mm 390 x 405<\/td>\n<\/tr>\n<tr>\n<td>Selbstschlie\u00dfende T\u00fcr<\/td>\n<td>Sanftes Schlie\u00dfen<\/td>\n<td>Sanftes Schlie\u00dfen<\/td>\n<\/tr>\n<tr>\n<td>Aufkantung H\u00f6he<\/td>\n<td>mm 100<\/td>\n<td>mm 100<\/td>\n<\/tr>\n<tr>\n<td>\/ Rollen-Fu\u00df<\/td>\n<td>6 Fu\u00df -<\/td>\n<td>6 Fu\u00df -<\/td>\n<\/tr>\n<tr>\n<td>Rollen<\/td>\n<td>Wahlweise - h mm 140<\/td>\n<td>Wahlweise - h mm 140<\/td>\n<\/tr>\n<tr>\n<td>Netto-Brutto Gewicht<\/td>\n<td>Kg 135,3 \/ 157,3<\/td>\n<td>Kg 145 \/ 163<\/td>\n<\/tr>\n<tr>\n<td>Spannung<\/td>\n<td>V 220-240<\/td>\n<td>V 220-240<\/td>\n<\/tr>\n<tr>\n<td>Frequenz<\/td>\n<td>Hz 50<\/td>\n<td>Hz 50<\/td>\n<\/tr>\n<tr>\n<td>K\u00e4ltemittel<\/td>\n<td>R600A<\/td>\n<td>R290<\/td>\n<\/tr>\n<tr>\n<td>Absorption<\/td>\n<td>W 300<\/td>\n<td>W 570<\/td>\n<\/tr>\n<tr>\n<td>Energieverbrauch<\/td>\n<td>KwH\/24H 1,93<\/td>\n<td>KwH\/24H 7,52<\/td>\n<\/tr>\n<\/tbody>\n<\/table>","protected":false},"excerpt":{"rendered":"<p>-2 \u00b0C \/ +8 \u00b0C Bel\u00fcfteter K\u00fchltisch, dreit\u00fcrig con alzatina. Positive Temperatur<\/p>","protected":false},"featured_media":10228,"comment_status":"open","ping_status":"closed","template":"","meta":[],"product_brand":[],"product_cat":[51],"product_tag":[],"class_list":{"0":"post-10188","1":"product","2":"type-product","3":"status-publish","4":"has-post-thumbnail","6":"product_cat-kitchen-catering-cooling","8":"first","9":"instock","10":"shipping-taxable","11":"purchasable","12":"product-type-simple"},"_links":{"self":[{"href":"https:\/\/dersuessestopp.com\/de\/wp-json\/wp\/v2\/product\/10188","targetHints":{"allow":["GET"]}}],"collection":[{"href":"https:\/\/dersuessestopp.com\/de\/wp-json\/wp\/v2\/product"}],"about":[{"href":"https:\/\/dersuessestopp.com\/de\/wp-json\/wp\/v2\/types\/product"}],"replies":[{"embeddable":true,"href":"https:\/\/dersuessestopp.com\/de\/wp-json\/wp\/v2\/comments?post=10188"}],"version-history":[{"count":3,"href":"https:\/\/dersuessestopp.com\/de\/wp-json\/wp\/v2\/product\/10188\/revisions"}],"predecessor-version":[{"id":12015,"href":"https:\/\/dersuessestopp.com\/de\/wp-json\/wp\/v2\/product\/10188\/revisions\/12015"}],"wp:featuredmedia":[{"embeddable":true,"href":"https:\/\/dersuessestopp.com\/de\/wp-json\/wp\/v2\/media\/10228"}],"wp:attachment":[{"href":"https:\/\/dersuessestopp.com\/de\/wp-json\/wp\/v2\/media?parent=10188"}],"wp:term":[{"taxonomy":"product_brand","embeddable":true,"href":"https:\/\/dersuessestopp.com\/de\/wp-json\/wp\/v2\/product_brand?post=10188"},{"taxonomy":"product_cat","embeddable":true,"href":"https:\/\/dersuessestopp.com\/de\/wp-json\/wp\/v2\/product_cat?post=10188"},{"taxonomy":"product_tag","embeddable":true,"href":"https:\/\/dersuessestopp.com\/de\/wp-json\/wp\/v2\/product_tag?post=10188"}],"curies":[{"name":"wp","href":"https:\/\/api.w.org\/{rel}","templated":true}]}}