{"id":10185,"date":"2025-09-29T14:58:29","date_gmt":"2025-09-29T14:58:29","guid":{"rendered":"https:\/\/dersuessestopp.com\/?post_type=product&#038;p=10185"},"modified":"2025-10-09T00:40:35","modified_gmt":"2025-10-09T00:40:35","slug":"snack-4200-bt-con-alzatina","status":"publish","type":"product","link":"https:\/\/dersuessestopp.com\/de\/product\/snack-4200-bt-con-alzatina\/","title":{"rendered":"SNACK 4200 BTF MIT SPRITZSCHUTZ"},"content":{"rendered":"<p>&nbsp;<\/p>\n<h2><img decoding=\"async\" src=\"https:\/\/customer.klimaitalia.it\/api\/file\/image\/6936\" \/><\/h2>\n<h2>Beschreibung des Produkts<\/h2>\n<p data-start=\"232\" data-end=\"824\">Die <strong data-start=\"236\" data-end=\"254\">SNACK 4200 BTF<\/strong> ist eine professionelle <strong data-start=\"273\" data-end=\"313\">Viert\u00fcrige bel\u00fcftete Gefriertheke<\/strong> mit <strong data-start=\"319\" data-end=\"338\">hintere Spritzwand<\/strong>, ideal f\u00fcr Restaurants, Snackbars und Catering-Profis. Vollst\u00e4ndig hergestellt aus <strong data-start=\"422\" data-end=\"450\">Rostfreier Stahl AISI 304<\/strong>, Sie gew\u00e4hrleistet ein H\u00f6chstma\u00df an Haltbarkeit, Hygiene und Wartungsfreundlichkeit. Betrieb innerhalb einer <strong data-start=\"536\" data-end=\"579\">Tieftemperaturbereich von -22\u00b0C bis -18\u00b0C<\/strong>, bietet diese Theke eine zuverl\u00e4ssige Gefrierm\u00f6glichkeit f\u00fcr Zutaten und vorbereitete Mahlzeiten. Ausgestattet mit einem <strong data-start=\"680\" data-end=\"705\">elektronisches Thermostat<\/strong>, <strong data-start=\"707\" data-end=\"729\">sanft schlie\u00dfende T\u00fcren<\/strong>, und <strong data-start=\"735\" data-end=\"756\">Abtauautomatik<\/strong>, Er bietet eine konstante Leistung f\u00fcr den intensiven gewerblichen Einsatz.<\/p>\n<p data-start=\"826\" data-end=\"845\"><strong data-start=\"826\" data-end=\"843\">Wesentliche Merkmale:<\/strong><\/p>\n<ul data-start=\"846\" data-end=\"1255\">\n<li data-start=\"846\" data-end=\"887\">\n<p data-start=\"848\" data-end=\"887\"><strong data-start=\"848\" data-end=\"870\">Temperaturbereich:<\/strong> -22\u00b0C bis -18\u00b0C<\/p>\n<\/li>\n<li data-start=\"888\" data-end=\"942\">\n<p data-start=\"890\" data-end=\"942\"><strong data-start=\"890\" data-end=\"918\">Rostfreier Stahl AISI 304<\/strong> innen und au\u00dfen<\/p>\n<\/li>\n<li data-start=\"943\" data-end=\"1011\">\n<p data-start=\"945\" data-end=\"1011\"><strong data-start=\"945\" data-end=\"975\">Bel\u00fcftetes Gefriersystem<\/strong> f\u00fcr gleichm\u00e4\u00dfige Temperaturverteilung<\/p>\n<\/li>\n<li data-start=\"1012\" data-end=\"1052\">\n<p data-start=\"1014\" data-end=\"1052\"><strong data-start=\"1014\" data-end=\"1050\">Sanft schlie\u00dfende, selbstschlie\u00dfende T\u00fcren<\/strong><\/p>\n<\/li>\n<li data-start=\"1053\" data-end=\"1091\">\n<p data-start=\"1055\" data-end=\"1091\"><strong data-start=\"1055\" data-end=\"1082\">H\u00f6he der hinteren Spritzwand:<\/strong> 100 mm<\/p>\n<\/li>\n<li data-start=\"1092\" data-end=\"1126\">\n<p data-start=\"1094\" data-end=\"1126\"><strong data-start=\"1094\" data-end=\"1124\">Automatische elektrische Abtauung<\/strong><\/p>\n<\/li>\n<li data-start=\"1127\" data-end=\"1174\">\n<p data-start=\"1129\" data-end=\"1174\"><strong data-start=\"1129\" data-end=\"1157\">Optionales Smart Link WiFi<\/strong> Fernsteuerung<\/p>\n<\/li>\n<li data-start=\"1175\" data-end=\"1215\">\n<p data-start=\"1177\" data-end=\"1215\"><strong data-start=\"1177\" data-end=\"1200\">Energieverbrauch:<\/strong> 8,87 kWh\/24h<\/p>\n<\/li>\n<li data-start=\"1216\" data-end=\"1255\">\n<p data-start=\"1218\" data-end=\"1255\"><strong data-start=\"1218\" data-end=\"1233\">Abmessungen:<\/strong> 2230 \u00d7 600 \u00d7 960 mm<\/p>\n<\/li>\n<\/ul>\n<h2>Technische Daten<\/h2>\n<table>\n<tbody>\n<tr>\n<td>Dimensioni mm \/ Abmessungen mm<\/td>\n<td>SNACK 4200 TNF<\/td>\n<td>SNACK 4200 BTF<\/td>\n<\/tr>\n<tr>\n<td>\u00c4u\u00dfere Abmessungen (BxTxH)<\/td>\n<td>2230 x 600 x 960*<\/td>\n<td>2230 x 600 x 960*<\/td>\n<\/tr>\n<tr>\n<td>Abmessungen der Verpackung (BxTxH)<\/td>\n<td>2260 x 630 x 1010<\/td>\n<td>2260 x 630 x 1010<\/td>\n<\/tr>\n<tr>\n<td>Breite<\/td>\n<td>1669<\/td>\n<td>1669<\/td>\n<\/tr>\n<tr>\n<td>Tiefe<\/td>\n<td>480<\/td>\n<td>480<\/td>\n<\/tr>\n<tr>\n<td>H\u00f6he<\/td>\n<td>560<\/td>\n<td>560<\/td>\n<\/tr>\n<tr>\n<td colspan=\"3\">Die Gesamth\u00f6he der Einheiten umfasst die auf die Mindesth\u00f6he eingestellten F\u00fc\u00dfe<\/td>\n<\/tr>\n<\/tbody>\n<\/table>\n<p>&nbsp;<\/p>\n<table>\n<tbody>\n<tr>\n<td>Caratteristiche Tecniche \/ Technische Merkmale<\/td>\n<td>SNACK 4200 TNF<\/td>\n<td>SNACK 4200 BTF<\/td>\n<\/tr>\n<tr>\n<td>Temperaturbereich<\/td>\n<td>-2 \u00b0C \/ +8 \u00b0C<\/td>\n<td>-22 \u00b0C \/ -18 \u00b0C<\/td>\n<\/tr>\n<tr>\n<td>Klima-Klasse<\/td>\n<td>5<\/td>\n<td>4<\/td>\n<\/tr>\n<tr>\n<td>Netto-Brutto-Volumen<\/td>\n<td>Lt. 312 \/ 511<\/td>\n<td>Lt. 312 \/ 511<\/td>\n<\/tr>\n<tr>\n<td>K\u00f6rper<\/td>\n<td>AISI 304 Rostfreier Stahl<\/td>\n<td>AISI 304 Rostfreier Stahl<\/td>\n<\/tr>\n<tr>\n<td>Innenauskleidung<\/td>\n<td>AISI 304 Rostfreier Stahl<\/td>\n<td>AISI 304 Rostfreier Stahl<\/td>\n<\/tr>\n<tr>\n<td>Thermostat<\/td>\n<td>Elektronisch<\/td>\n<td>Elektronisch<\/td>\n<\/tr>\n<tr>\n<td>Ger\u00e4uschpegel<\/td>\n<td>dB 42<\/td>\n<td>dB 42<\/td>\n<\/tr>\n<tr>\n<td>Fernsteuerung<\/td>\n<td>Optional<\/td>\n<td>Optional<\/td>\n<\/tr>\n<tr>\n<td>Dicke der Isolierung<\/td>\n<td>60 mm<\/td>\n<td>60 mm<\/td>\n<\/tr>\n<tr>\n<td>Abtauen<\/td>\n<td>Automatisch mit elektrischer Heizung<\/td>\n<td>Automatisch mit elektrischer Heizung<\/td>\n<\/tr>\n<tr>\n<td>Einlegeb\u00f6den (BxT)<\/td>\n<td>Nr. 4 - mm 335 x 430 + Nr. 4 - mm 390 x 405<\/td>\n<td>Nr. 4 - mm 335 x 430 + Nr. 4 - mm 390 x 405<\/td>\n<\/tr>\n<tr>\n<td>Selbstschlie\u00dfende T\u00fcr<\/td>\n<td>Sanftes Schlie\u00dfen<\/td>\n<td>Sanftes Schlie\u00dfen<\/td>\n<\/tr>\n<tr>\n<td>Aufkantung H\u00f6he<\/td>\n<td>mm 100<\/td>\n<td>mm 100<\/td>\n<\/tr>\n<tr>\n<td>\/ Rollen-Fu\u00df<\/td>\n<td>6 Fu\u00df -<\/td>\n<td>6 Fu\u00df -<\/td>\n<\/tr>\n<tr>\n<td>Rollen<\/td>\n<td>Wahlweise - h mm 140<\/td>\n<td>Wahlweise - h mm 140<\/td>\n<\/tr>\n<tr>\n<td>Netto-Brutto Gewicht<\/td>\n<td>Kg 159,6 \/ 189,6<\/td>\n<td>Kg 170 \/ 200<\/td>\n<\/tr>\n<tr>\n<td>Spannung<\/td>\n<td>V 220-240<\/td>\n<td>V 220-240<\/td>\n<\/tr>\n<tr>\n<td>Frequenz<\/td>\n<td>Hz 50<\/td>\n<td>Hz 50<\/td>\n<\/tr>\n<tr>\n<td>K\u00e4ltemittel<\/td>\n<td>R600A<\/td>\n<td>R290<\/td>\n<\/tr>\n<tr>\n<td>Absorption<\/td>\n<td>W 300<\/td>\n<td>W 570<\/td>\n<\/tr>\n<tr>\n<td>Energieverbrauch<\/td>\n<td>KwH\/24H 4,05<\/td>\n<td>KwH\/24H 8,87<\/td>\n<\/tr>\n<\/tbody>\n<\/table>","protected":false},"excerpt":{"rendered":"<p>-20 \u00b0C \/ -10 \u00b0C Bel\u00fcfteter K\u00fchltisch, vier T\u00fcren con alzatina. Negative Temperatur<\/p>","protected":false},"featured_media":10222,"comment_status":"open","ping_status":"closed","template":"","meta":[],"product_brand":[],"product_cat":[51],"product_tag":[],"class_list":{"0":"post-10185","1":"product","2":"type-product","3":"status-publish","4":"has-post-thumbnail","6":"product_cat-kitchen-catering-cooling","8":"first","9":"instock","10":"shipping-taxable","11":"purchasable","12":"product-type-simple"},"_links":{"self":[{"href":"https:\/\/dersuessestopp.com\/de\/wp-json\/wp\/v2\/product\/10185","targetHints":{"allow":["GET"]}}],"collection":[{"href":"https:\/\/dersuessestopp.com\/de\/wp-json\/wp\/v2\/product"}],"about":[{"href":"https:\/\/dersuessestopp.com\/de\/wp-json\/wp\/v2\/types\/product"}],"replies":[{"embeddable":true,"href":"https:\/\/dersuessestopp.com\/de\/wp-json\/wp\/v2\/comments?post=10185"}],"version-history":[{"count":3,"href":"https:\/\/dersuessestopp.com\/de\/wp-json\/wp\/v2\/product\/10185\/revisions"}],"predecessor-version":[{"id":12004,"href":"https:\/\/dersuessestopp.com\/de\/wp-json\/wp\/v2\/product\/10185\/revisions\/12004"}],"wp:featuredmedia":[{"embeddable":true,"href":"https:\/\/dersuessestopp.com\/de\/wp-json\/wp\/v2\/media\/10222"}],"wp:attachment":[{"href":"https:\/\/dersuessestopp.com\/de\/wp-json\/wp\/v2\/media?parent=10185"}],"wp:term":[{"taxonomy":"product_brand","embeddable":true,"href":"https:\/\/dersuessestopp.com\/de\/wp-json\/wp\/v2\/product_brand?post=10185"},{"taxonomy":"product_cat","embeddable":true,"href":"https:\/\/dersuessestopp.com\/de\/wp-json\/wp\/v2\/product_cat?post=10185"},{"taxonomy":"product_tag","embeddable":true,"href":"https:\/\/dersuessestopp.com\/de\/wp-json\/wp\/v2\/product_tag?post=10185"}],"curies":[{"name":"wp","href":"https:\/\/api.w.org\/{rel}","templated":true}]}}