{"id":10184,"date":"2025-09-29T14:58:29","date_gmt":"2025-09-29T14:58:29","guid":{"rendered":"https:\/\/dersuessestopp.com\/?post_type=product&#038;p=10184"},"modified":"2025-10-09T00:37:38","modified_gmt":"2025-10-09T00:37:38","slug":"snack-4200-tn-con-alzatina","status":"publish","type":"product","link":"https:\/\/dersuessestopp.com\/de\/product\/snack-4200-tn-con-alzatina\/","title":{"rendered":"SNACK 4200 TNF MIT SPRITZSCHUTZ"},"content":{"rendered":"<p><img decoding=\"async\" src=\"https:\/\/customer.klimaitalia.it\/api\/file\/image\/6900\" \/><\/p>\n<p>&nbsp;<\/p>\n<p>&nbsp;<\/p>\n<h2>Beschreibung des Produkts<\/h2>\n<p data-start=\"238\" data-end=\"829\">Die <strong data-start=\"242\" data-end=\"260\">SNACK 4200 TNF<\/strong> ist eine professionelle <strong data-start=\"279\" data-end=\"313\">viert\u00fcrige K\u00fchltheke<\/strong> mit <strong data-start=\"319\" data-end=\"341\">bel\u00fcftete K\u00fchlung<\/strong> und <strong data-start=\"346\" data-end=\"365\">hintere Spritzwand<\/strong>, ideal f\u00fcr Restaurants, Snackbars und Cateringbetriebe. Vollst\u00e4ndig gebaut aus <strong data-start=\"449\" data-end=\"477\">Rostfreier Stahl AISI 304<\/strong>, Sie garantiert Langlebigkeit, Hygiene und einfache Reinigung. Mit einer <strong data-start=\"540\" data-end=\"577\">Temperaturbereich von -2\u00b0C bis +8\u00b0C<\/strong>, gew\u00e4hrleistet dieses Modell eine optimale Lagerung von frischen Zutaten und zubereiteten Speisen. Ausgestattet mit einem <strong data-start=\"673\" data-end=\"698\">elektronisches Thermostat<\/strong>, <strong data-start=\"700\" data-end=\"722\">sanft schlie\u00dfende T\u00fcren<\/strong>, und <strong data-start=\"728\" data-end=\"749\">Abtauautomatik<\/strong>, Sie bietet hohe Leistung und Zuverl\u00e4ssigkeit f\u00fcr den Dauerbetrieb in der K\u00fcche.<\/p>\n<p data-start=\"831\" data-end=\"850\"><strong data-start=\"831\" data-end=\"848\">Wesentliche Merkmale:<\/strong><\/p>\n<ul data-start=\"851\" data-end=\"1251\">\n<li data-start=\"851\" data-end=\"890\">\n<p data-start=\"853\" data-end=\"890\"><strong data-start=\"853\" data-end=\"875\">Temperaturbereich:<\/strong> -2\u00b0C bis +8\u00b0C<\/p>\n<\/li>\n<li data-start=\"891\" data-end=\"945\">\n<p data-start=\"893\" data-end=\"945\"><strong data-start=\"893\" data-end=\"921\">Rostfreier Stahl AISI 304<\/strong> innen und au\u00dfen<\/p>\n<\/li>\n<li data-start=\"946\" data-end=\"1003\">\n<p data-start=\"948\" data-end=\"1003\"><strong data-start=\"948\" data-end=\"977\">Bel\u00fcftetes K\u00fchlsystem<\/strong> bei gleichm\u00e4\u00dfiger Temperatur<\/p>\n<\/li>\n<li data-start=\"1004\" data-end=\"1044\">\n<p data-start=\"1006\" data-end=\"1044\"><strong data-start=\"1006\" data-end=\"1042\">Sanft schlie\u00dfende, selbstschlie\u00dfende T\u00fcren<\/strong><\/p>\n<\/li>\n<li data-start=\"1045\" data-end=\"1083\">\n<p data-start=\"1047\" data-end=\"1083\"><strong data-start=\"1047\" data-end=\"1074\">H\u00f6he der hinteren Spritzwand:<\/strong> 100 mm<\/p>\n<\/li>\n<li data-start=\"1084\" data-end=\"1118\">\n<p data-start=\"1086\" data-end=\"1118\"><strong data-start=\"1086\" data-end=\"1116\">Automatische elektrische Abtauung<\/strong><\/p>\n<\/li>\n<li data-start=\"1119\" data-end=\"1170\">\n<p data-start=\"1121\" data-end=\"1170\"><strong data-start=\"1121\" data-end=\"1149\">Optionales Smart Link WiFi<\/strong> f\u00fcr Fernsteuerung<\/p>\n<\/li>\n<li data-start=\"1171\" data-end=\"1211\">\n<p data-start=\"1173\" data-end=\"1211\"><strong data-start=\"1173\" data-end=\"1196\">Energieverbrauch:<\/strong> 4,05 kWh\/24h<\/p>\n<\/li>\n<li data-start=\"1212\" data-end=\"1251\">\n<p data-start=\"1214\" data-end=\"1251\"><strong data-start=\"1214\" data-end=\"1229\">Abmessungen:<\/strong> 2230 \u00d7 600 \u00d7 960 mm<\/p>\n<\/li>\n<\/ul>\n<h2>Technische Daten<\/h2>\n<table>\n<tbody>\n<tr>\n<td>Dimensioni mm \/ Abmessungen mm<\/td>\n<td>SNACK 4200 TNF<\/td>\n<td>SNACK 4200 BTF<\/td>\n<\/tr>\n<tr>\n<td>\u00c4u\u00dfere Abmessungen (BxTxH)<\/td>\n<td>2230 x 600 x 960*<\/td>\n<td>2230 x 600 x 960*<\/td>\n<\/tr>\n<tr>\n<td>Abmessungen der Verpackung (BxTxH)<\/td>\n<td>2260 x 630 x 1010<\/td>\n<td>2260 x 630 x 1010<\/td>\n<\/tr>\n<tr>\n<td>Breite<\/td>\n<td>1669<\/td>\n<td>1669<\/td>\n<\/tr>\n<tr>\n<td>Tiefe<\/td>\n<td>480<\/td>\n<td>480<\/td>\n<\/tr>\n<tr>\n<td>H\u00f6he<\/td>\n<td>560<\/td>\n<td>560<\/td>\n<\/tr>\n<tr>\n<td colspan=\"3\">Die Gesamth\u00f6he der Einheiten umfasst die auf die Mindesth\u00f6he eingestellten F\u00fc\u00dfe<\/td>\n<\/tr>\n<\/tbody>\n<\/table>\n<p>&nbsp;<\/p>\n<table>\n<tbody>\n<tr>\n<td>Caratteristiche Tecniche \/ Technische Merkmale<\/td>\n<td>SNACK 4200 TNF<\/td>\n<td>SNACK 4200 BTF<\/td>\n<\/tr>\n<tr>\n<td>Temperaturbereich<\/td>\n<td>-2 \u00b0C \/ +8 \u00b0C<\/td>\n<td>-22 \u00b0C \/ -18 \u00b0C<\/td>\n<\/tr>\n<tr>\n<td>Klima-Klasse<\/td>\n<td>5<\/td>\n<td>4<\/td>\n<\/tr>\n<tr>\n<td>Netto-Brutto-Volumen<\/td>\n<td>Lt. 312 \/ 511<\/td>\n<td>Lt. 312 \/ 511<\/td>\n<\/tr>\n<tr>\n<td>K\u00f6rper<\/td>\n<td>AISI 304 Rostfreier Stahl<\/td>\n<td>AISI 304 Rostfreier Stahl<\/td>\n<\/tr>\n<tr>\n<td>Innenauskleidung<\/td>\n<td>AISI 304 Rostfreier Stahl<\/td>\n<td>AISI 304 Rostfreier Stahl<\/td>\n<\/tr>\n<tr>\n<td>Thermostat<\/td>\n<td>Elektronisch<\/td>\n<td>Elektronisch<\/td>\n<\/tr>\n<tr>\n<td>Ger\u00e4uschpegel<\/td>\n<td>dB 42<\/td>\n<td>dB 42<\/td>\n<\/tr>\n<tr>\n<td>Fernsteuerung<\/td>\n<td>Optional<\/td>\n<td>Optional<\/td>\n<\/tr>\n<tr>\n<td>Dicke der Isolierung<\/td>\n<td>60 mm<\/td>\n<td>60 mm<\/td>\n<\/tr>\n<tr>\n<td>Abtauen<\/td>\n<td>Automatisch mit elektrischer Heizung<\/td>\n<td>Automatisch mit elektrischer Heizung<\/td>\n<\/tr>\n<tr>\n<td>Einlegeb\u00f6den (BxT)<\/td>\n<td>Nr. 4 - mm 335 x 430 + Nr. 4 - mm 390 x 405<\/td>\n<td>Nr. 4 - mm 335 x 430 + Nr. 4 - mm 390 x 405<\/td>\n<\/tr>\n<tr>\n<td>Selbstschlie\u00dfende T\u00fcr<\/td>\n<td>Sanftes Schlie\u00dfen<\/td>\n<td>Sanftes Schlie\u00dfen<\/td>\n<\/tr>\n<tr>\n<td>Aufkantung H\u00f6he<\/td>\n<td>mm 100<\/td>\n<td>mm 100<\/td>\n<\/tr>\n<tr>\n<td>\/ Rollen-Fu\u00df<\/td>\n<td>6 Fu\u00df -<\/td>\n<td>6 Fu\u00df -<\/td>\n<\/tr>\n<tr>\n<td>Rollen<\/td>\n<td>Wahlweise - h mm 140<\/td>\n<td>Wahlweise - h mm 140<\/td>\n<\/tr>\n<tr>\n<td>Netto-Brutto Gewicht<\/td>\n<td>Kg 159,6 \/ 189,6<\/td>\n<td>Kg 170 \/ 200<\/td>\n<\/tr>\n<tr>\n<td>Spannung<\/td>\n<td>V 220-240<\/td>\n<td>V 220-240<\/td>\n<\/tr>\n<tr>\n<td>Frequenz<\/td>\n<td>Hz 50<\/td>\n<td>Hz 50<\/td>\n<\/tr>\n<tr>\n<td>K\u00e4ltemittel<\/td>\n<td>R600A<\/td>\n<td>R290<\/td>\n<\/tr>\n<tr>\n<td>Absorption<\/td>\n<td>W 300<\/td>\n<td>W 570<\/td>\n<\/tr>\n<tr>\n<td>Energieverbrauch<\/td>\n<td>KwH\/24H 4,05<\/td>\n<td>KwH\/24H 8,87<\/td>\n<\/tr>\n<\/tbody>\n<\/table>","protected":false},"excerpt":{"rendered":"<p>-2 \u00b0C \/ +8 \u00b0C Bel\u00fcfteter K\u00fchltisch, vier T\u00fcren con alzatina. Positive Temperatur<\/p>","protected":false},"featured_media":10220,"comment_status":"open","ping_status":"closed","template":"","meta":[],"product_brand":[],"product_cat":[51],"product_tag":[],"class_list":{"0":"post-10184","1":"product","2":"type-product","3":"status-publish","4":"has-post-thumbnail","6":"product_cat-kitchen-catering-cooling","8":"first","9":"instock","10":"shipping-taxable","11":"purchasable","12":"product-type-simple"},"_links":{"self":[{"href":"https:\/\/dersuessestopp.com\/de\/wp-json\/wp\/v2\/product\/10184","targetHints":{"allow":["GET"]}}],"collection":[{"href":"https:\/\/dersuessestopp.com\/de\/wp-json\/wp\/v2\/product"}],"about":[{"href":"https:\/\/dersuessestopp.com\/de\/wp-json\/wp\/v2\/types\/product"}],"replies":[{"embeddable":true,"href":"https:\/\/dersuessestopp.com\/de\/wp-json\/wp\/v2\/comments?post=10184"}],"version-history":[{"count":3,"href":"https:\/\/dersuessestopp.com\/de\/wp-json\/wp\/v2\/product\/10184\/revisions"}],"predecessor-version":[{"id":11999,"href":"https:\/\/dersuessestopp.com\/de\/wp-json\/wp\/v2\/product\/10184\/revisions\/11999"}],"wp:featuredmedia":[{"embeddable":true,"href":"https:\/\/dersuessestopp.com\/de\/wp-json\/wp\/v2\/media\/10220"}],"wp:attachment":[{"href":"https:\/\/dersuessestopp.com\/de\/wp-json\/wp\/v2\/media?parent=10184"}],"wp:term":[{"taxonomy":"product_brand","embeddable":true,"href":"https:\/\/dersuessestopp.com\/de\/wp-json\/wp\/v2\/product_brand?post=10184"},{"taxonomy":"product_cat","embeddable":true,"href":"https:\/\/dersuessestopp.com\/de\/wp-json\/wp\/v2\/product_cat?post=10184"},{"taxonomy":"product_tag","embeddable":true,"href":"https:\/\/dersuessestopp.com\/de\/wp-json\/wp\/v2\/product_tag?post=10184"}],"curies":[{"name":"wp","href":"https:\/\/api.w.org\/{rel}","templated":true}]}}