{"id":10059,"date":"2025-09-29T14:57:46","date_gmt":"2025-09-29T14:57:46","guid":{"rendered":"https:\/\/dersuessestopp.com\/?post_type=product&#038;p=10059"},"modified":"2025-09-29T14:58:11","modified_gmt":"2025-09-29T14:58:11","slug":"cl-113-tc-sl-weis","status":"publish","type":"product","link":"https:\/\/dersuessestopp.com\/de\/product\/cl-113-tc-sl-white\/","title":{"rendered":"CL 113 TC SL WEISS"},"content":{"rendered":"<p>Bel\u00fcfteter Getr\u00e4nkek\u00fchlschrank mit doppelter Schiebet\u00fcr<\/p>","protected":false},"excerpt":{"rendered":"<p>Bel\u00fcfteter Getr\u00e4nkek\u00fchlschrank mit doppelter Schiebet\u00fcr<\/p>","protected":false},"featured_media":10137,"comment_status":"open","ping_status":"closed","template":"","meta":[],"product_brand":[],"product_cat":[100],"product_tag":[],"class_list":{"0":"post-10059","1":"product","2":"type-product","3":"status-publish","4":"has-post-thumbnail","6":"product_cat-display-fridges-visicoolers","8":"first","9":"instock","10":"shipping-taxable","11":"purchasable","12":"product-type-simple"},"_links":{"self":[{"href":"https:\/\/dersuessestopp.com\/de\/wp-json\/wp\/v2\/product\/10059","targetHints":{"allow":["GET"]}}],"collection":[{"href":"https:\/\/dersuessestopp.com\/de\/wp-json\/wp\/v2\/product"}],"about":[{"href":"https:\/\/dersuessestopp.com\/de\/wp-json\/wp\/v2\/types\/product"}],"replies":[{"embeddable":true,"href":"https:\/\/dersuessestopp.com\/de\/wp-json\/wp\/v2\/comments?post=10059"}],"version-history":[{"count":1,"href":"https:\/\/dersuessestopp.com\/de\/wp-json\/wp\/v2\/product\/10059\/revisions"}],"predecessor-version":[{"id":10138,"href":"https:\/\/dersuessestopp.com\/de\/wp-json\/wp\/v2\/product\/10059\/revisions\/10138"}],"wp:featuredmedia":[{"embeddable":true,"href":"https:\/\/dersuessestopp.com\/de\/wp-json\/wp\/v2\/media\/10137"}],"wp:attachment":[{"href":"https:\/\/dersuessestopp.com\/de\/wp-json\/wp\/v2\/media?parent=10059"}],"wp:term":[{"taxonomy":"product_brand","embeddable":true,"href":"https:\/\/dersuessestopp.com\/de\/wp-json\/wp\/v2\/product_brand?post=10059"},{"taxonomy":"product_cat","embeddable":true,"href":"https:\/\/dersuessestopp.com\/de\/wp-json\/wp\/v2\/product_cat?post=10059"},{"taxonomy":"product_tag","embeddable":true,"href":"https:\/\/dersuessestopp.com\/de\/wp-json\/wp\/v2\/product_tag?post=10059"}],"curies":[{"name":"wp","href":"https:\/\/api.w.org\/{rel}","templated":true}]}}