{"id":10036,"date":"2025-09-29T14:57:45","date_gmt":"2025-09-29T14:57:45","guid":{"rendered":"https:\/\/dersuessestopp.com\/?post_type=product&#038;p=10036"},"modified":"2025-09-29T14:57:49","modified_gmt":"2025-09-29T14:57:49","slug":"icool-107-t-weis","status":"publish","type":"product","link":"https:\/\/dersuessestopp.com\/de\/product\/icool-107-t-white\/","title":{"rendered":"ICOOL 107 T WEISS"},"content":{"rendered":"<p>Getr\u00e4nkek\u00fchlschrank Doppelt\u00fcr bel\u00fcftet<\/p>","protected":false},"excerpt":{"rendered":"<p>Getr\u00e4nkek\u00fchlschrank Doppelt\u00fcr bel\u00fcftet<\/p>","protected":false},"featured_media":10068,"comment_status":"open","ping_status":"closed","template":"","meta":[],"product_brand":[],"product_cat":[100],"product_tag":[],"class_list":{"0":"post-10036","1":"product","2":"type-product","3":"status-publish","4":"has-post-thumbnail","6":"product_cat-display-fridges-visicoolers","8":"first","9":"instock","10":"shipping-taxable","11":"purchasable","12":"product-type-simple"},"_links":{"self":[{"href":"https:\/\/dersuessestopp.com\/de\/wp-json\/wp\/v2\/product\/10036","targetHints":{"allow":["GET"]}}],"collection":[{"href":"https:\/\/dersuessestopp.com\/de\/wp-json\/wp\/v2\/product"}],"about":[{"href":"https:\/\/dersuessestopp.com\/de\/wp-json\/wp\/v2\/types\/product"}],"replies":[{"embeddable":true,"href":"https:\/\/dersuessestopp.com\/de\/wp-json\/wp\/v2\/comments?post=10036"}],"version-history":[{"count":1,"href":"https:\/\/dersuessestopp.com\/de\/wp-json\/wp\/v2\/product\/10036\/revisions"}],"predecessor-version":[{"id":10069,"href":"https:\/\/dersuessestopp.com\/de\/wp-json\/wp\/v2\/product\/10036\/revisions\/10069"}],"wp:featuredmedia":[{"embeddable":true,"href":"https:\/\/dersuessestopp.com\/de\/wp-json\/wp\/v2\/media\/10068"}],"wp:attachment":[{"href":"https:\/\/dersuessestopp.com\/de\/wp-json\/wp\/v2\/media?parent=10036"}],"wp:term":[{"taxonomy":"product_brand","embeddable":true,"href":"https:\/\/dersuessestopp.com\/de\/wp-json\/wp\/v2\/product_brand?post=10036"},{"taxonomy":"product_cat","embeddable":true,"href":"https:\/\/dersuessestopp.com\/de\/wp-json\/wp\/v2\/product_cat?post=10036"},{"taxonomy":"product_tag","embeddable":true,"href":"https:\/\/dersuessestopp.com\/de\/wp-json\/wp\/v2\/product_tag?post=10036"}],"curies":[{"name":"wp","href":"https:\/\/api.w.org\/{rel}","templated":true}]}}