{"id":4629,"date":"2025-08-04T22:08:19","date_gmt":"2025-08-04T22:08:19","guid":{"rendered":"https:\/\/dersuessestopp.com\/?page_id=4629"},"modified":"2025-09-27T18:36:05","modified_gmt":"2025-09-27T18:36:05","slug":"impressum","status":"publish","type":"page","link":"https:\/\/dersuessestopp.com\/de\/impressum\/","title":{"rendered":"Impressum"},"content":{"rendered":"<div data-elementor-type=\"wp-page\" data-elementor-id=\"4629\" class=\"elementor elementor-4629\" data-elementor-post-type=\"page\">\n\t\t\t\t<div class=\"elementor-element elementor-element-966acb2 e-flex e-con-boxed e-con e-parent\" data-id=\"966acb2\" data-element_type=\"container\" data-e-type=\"container\" data-settings=\"{&quot;jet_parallax_layout_list&quot;:[]}\">\n\t\t\t\t\t<div class=\"e-con-inner\">\n\t\t\t\t<div class=\"elementor-element elementor-element-d17d92b elementor-widget elementor-widget-heading\" data-id=\"d17d92b\" data-element_type=\"widget\" data-e-type=\"widget\" data-widget_type=\"heading.default\">\n\t\t\t\t<div class=\"elementor-widget-container\">\n\t\t\t\t\t<h2 class=\"elementor-heading-title elementor-size-default\">Impressum<\/h2>\t\t\t\t<\/div>\n\t\t\t\t<\/div>\n\t\t\t\t<div class=\"elementor-element elementor-element-dd56234 elementor-widget elementor-widget-text-editor\" data-id=\"dd56234\" data-element_type=\"widget\" data-e-type=\"widget\" data-widget_type=\"text-editor.default\">\n\t\t\t\t<div class=\"elementor-widget-container\">\n\t\t\t\t\t\t\t\t\t<p>Der S\u00fc\u00dfe Stopp\u00a0<\/p><p>Eigent\u00fcmer: Zoran Obradovic<\/p><p>Seepromenade 22<\/p><p>6213 Pertisau<\/p><p>\u00d6sterreich<\/p><p>+43 (0) 664 321 83 91<\/p><p class=\"font_8 wixui-rich-text__text\"><span class=\"wixui-rich-text__text\"><a class=\"wixui-rich-text__text\" href=\"mailto:info@dersuessestopp.com\" target=\"_self\">info@dersuessestopp.com<\/a><\/span><\/p><p class=\"font_8 wixui-rich-text__text\">Bevollm\u00e4chtigter Gesch\u00e4ftsf\u00fchrer: Zoran Obradovic<\/p><p class=\"font_8 wixui-rich-text__text\">Mitglied:\u00a0\u00a0<span class=\"wixui-rich-text__text\"><a class=\"wixui-rich-text__text\" href=\"https:\/\/firmen.wko.at\/sweet-dreams-og\/nieder%c3%b6sterreich\/?firmaid=483d769d-0c84-4a04-93ea-27111287e014&amp;name=sweet+dreams+og&amp;standort=nieder%c3%b6sterreich+(bundesland)\" target=\"_blank\" rel=\"noreferrer noopener\">WKO Schwaz\u00a0<\/a><\/span><span class=\"wixui-rich-text__text\"><a class=\"wixui-rich-text__text\" href=\"https:\/\/firmen.wko.at\/sweet-dreams-og\/nieder%c3%b6sterreich\/?firmaid=483d769d-0c84-4a04-93ea-27111287e014&amp;name=sweet+dreams+og&amp;standort=nieder%c3%b6sterreich+(bundesland)\" target=\"_blank\" rel=\"noreferrer noopener\">\u00a0und unterliegt den Bestimmungen des Trade Regulation Act<\/a><\/span><\/p><p class=\"font_8 wixui-rich-text__text\">Gesch\u00e4ftszweck: Handel\u00a0<\/p><p class=\"font_8 wixui-rich-text__text\">Bezirksgericht: Schwaz<\/p><p class=\"font_8 wixui-rich-text__text\">Umsatzsteuer-Identifikationsnummer: ATU76837513<\/p><p class=\"font_8 wixui-rich-text__text\">Bankverbindung:<br class=\"wixui-rich-text__text\" \/>Raiffeisen Regionalbank Achensee, Filiale Maurach<br class=\"wixui-rich-text__text\" \/>IBAN: AT88 3621 8000 0005 7240<br class=\"wixui-rich-text__text\" \/>BIC: RZTIAT22218<\/p><h2 class=\"font_8 wixui-rich-text__text\"><span class=\"wixui-rich-text__text\">Haftungsausschluss f\u00fcr den Inhalt<\/span><\/h2><p class=\"font_8 wixui-rich-text__text\">Die Informationen auf dieser Seite dienen dazu, Artikel und Produkte f\u00fcr einen Online-Shop zu pr\u00e4sentieren, der noch in den Kinderschuhen steckt. Die Seite befindet sich noch in der Entwicklung und wird st\u00e4ndig aktualisiert und verbessert. Alle Inhalte auf diesen Seiten werden mit gr\u00f6\u00dftm\u00f6glicher Sorgfalt erstellt. F\u00fcr die Richtigkeit, Vollst\u00e4ndigkeit und Aktualit\u00e4t der Inhalte kann ich jedoch keine Gew\u00e4hr \u00fcbernehmen. Bitte beachten Sie, dass die auf der Website ver\u00f6ffentlichten Inhalte und Informationen keine Beratung darstellen. Die Haftung f\u00fcr Sch\u00e4den materieller oder ideeller Art, die sich aus der Nutzung der auf dieser Website dargestellten Informationen ergeben, ist, soweit gesetzlich zul\u00e4ssig, vollst\u00e4ndig ausgeschlossen. Der Betreiber der Website haftet ferner nicht f\u00fcr rechtswidrige Inhalte auf externen Websites, auf die direkt oder indirekt mittels Hyperlinks verwiesen wird. F\u00fcr den Inhalt der verlinkten Seiten sind ausschlie\u00dflich deren Betreiber verantwortlich. Bei Bekanntwerden von Rechtsverletzungen auf einer der verlinkten Seiten wird der Link umgehend entfernt.<\/p><h2 class=\"font_8 wixui-rich-text__text\"><span class=\"wixui-rich-text__text\">Urheberrecht<\/span><\/h2><p class=\"font_8 wixui-rich-text__text\">Die Ver\u00f6ffentlichungen auf diesen Seiten unterliegen dem \u00f6sterreichischen Urheberrecht und anderen Gesetzen zum Schutz geistigen Eigentums. Dies gilt auch f\u00fcr Fremdbeitr\u00e4ge.<\/p><p class=\"font_8 wixui-rich-text__text\">Informationen zur Online-Streitbeilegung: Die EU-Kommission hat eine Internetplattform zur Online-Streitbeilegung eingerichtet. Die Plattform dient als Anlaufstelle f\u00fcr die au\u00dfergerichtliche Beilegung von Streitigkeiten \u00fcber vertragliche Verpflichtungen aus Online-Kaufvertr\u00e4gen. Kunden k\u00f6nnen die Plattform unter dem folgenden Link aufrufen:\u00a0\u00a0<span class=\"wixui-rich-text__text\"><a class=\"wixui-rich-text__text\" href=\"https:\/\/ec.europa.eu\/consumers\/odr\" target=\"_blank\" rel=\"noreferrer noopener\">https:\/\/ec.europa.eu\/consumers\/odr<\/a><\/span><\/p><p class=\"font_8 wixui-rich-text__text\">Wir sind weder bereit noch verpflichtet, an Streitbeilegungsverfahren vor Verbraucherschlichtungsstellen teilzunehmen.<\/p><p class=\"font_8 wixui-rich-text__text\">\u200b<\/p><h2 class=\"font_8 wixui-rich-text__text\"><span class=\"wixui-rich-text__text\">Dieses Impressum ist f\u00fcr:\u00a0<\/span><\/h2><p class=\"font_8 wixui-rich-text__text\">\u00a0<span class=\"wixui-rich-text__text\"><a class=\"wixui-rich-text__text\" href=\"https:\/\/www.dersuessestop.com\/\" target=\"_blank\" rel=\"noreferrer noopener\">https:\/\/www.dersuessestop.com<\/a><\/span><\/p><p class=\"font_8 wixui-rich-text__text\"><span class=\"wixui-rich-text__text\"><a class=\"wixui-rich-text__text\" href=\"https:\/\/www.softeis-investition.com\/\" target=\"_blank\" rel=\"noopener\" data-auto-recognition=\"true\">https:\/\/www.softeis-investition.com<\/a><\/span><\/p><p class=\"font_8 wixui-rich-text__text\"><span class=\"wixui-rich-text__text\"><a class=\"wixui-rich-text__text\" href=\"https:\/\/www.dersuessestop-graz.com\/\" target=\"_blank\" rel=\"noreferrer noopener\">https:\/\/www.dersuessestop-graz.com<\/a><\/span><\/p><p class=\"font_8 wixui-rich-text__text\"><span class=\"wixui-rich-text__text\"><a class=\"wixui-rich-text__text\" href=\"https:\/\/www.facebook.com\/dersuessestopp\" target=\"_blank\" rel=\"noreferrer noopener\">https:\/\/www.facebook.com\/dersuessestopp<\/a><\/span><\/p><p class=\"font_8 wixui-rich-text__text\">\u00a0<span class=\"wixui-rich-text__text\"><a class=\"wixui-rich-text__text\" href=\"https:\/\/instagram.com\/dersuessestopp\" target=\"_blank\" rel=\"noreferrer noopener\">https:\/\/instagram.com\/dersuessestopp<\/a><\/span><\/p>\t\t\t\t\t\t\t\t<\/div>\n\t\t\t\t<\/div>\n\t\t\t\t\t<\/div>\n\t\t\t\t<\/div>\n\t\t\t\t<\/div>","protected":false},"excerpt":{"rendered":"<p>Impressum Der S\u00fc\u00dfe Stopp\u00a0 Owner: Zoran Obradovic Seepromenade 22 6213 Pertisau Austria +43 (0) 664 321 83 91 info@dersuessestopp.com Authorized Managing Director: Zoran Obradovic Member:\u00a0\u00a0WKO Schwaz\u00a0\u00a0and is subject to the provisions of the Trade Regulation Act Business purpose: Trade\u00a0 District Court: Schwaz VAT identification number: ATU76837513 Bank account:Raiffeisen Regionalbank Achensee, Maurach branchIBAN: AT88 3621 8000 [&hellip;]<\/p>\n","protected":false},"author":1,"featured_media":0,"parent":0,"menu_order":0,"comment_status":"closed","ping_status":"closed","template":"","meta":{"footnotes":""},"class_list":["post-4629","page","type-page","status-publish","hentry"],"_links":{"self":[{"href":"https:\/\/dersuessestopp.com\/de\/wp-json\/wp\/v2\/pages\/4629","targetHints":{"allow":["GET"]}}],"collection":[{"href":"https:\/\/dersuessestopp.com\/de\/wp-json\/wp\/v2\/pages"}],"about":[{"href":"https:\/\/dersuessestopp.com\/de\/wp-json\/wp\/v2\/types\/page"}],"author":[{"embeddable":true,"href":"https:\/\/dersuessestopp.com\/de\/wp-json\/wp\/v2\/users\/1"}],"replies":[{"embeddable":true,"href":"https:\/\/dersuessestopp.com\/de\/wp-json\/wp\/v2\/comments?post=4629"}],"version-history":[{"count":7,"href":"https:\/\/dersuessestopp.com\/de\/wp-json\/wp\/v2\/pages\/4629\/revisions"}],"predecessor-version":[{"id":9663,"href":"https:\/\/dersuessestopp.com\/de\/wp-json\/wp\/v2\/pages\/4629\/revisions\/9663"}],"wp:attachment":[{"href":"https:\/\/dersuessestopp.com\/de\/wp-json\/wp\/v2\/media?parent=4629"}],"curies":[{"name":"wp","href":"https:\/\/api.w.org\/{rel}","templated":true}]}}