{"id":4191,"date":"2025-07-28T03:29:56","date_gmt":"2025-07-28T03:29:56","guid":{"rendered":"https:\/\/dersuessestopp.com\/?page_id=4191"},"modified":"2025-10-18T17:23:56","modified_gmt":"2025-10-18T17:23:56","slug":"raumfahrer","status":"publish","type":"page","link":"https:\/\/dersuessestopp.com\/de\/spaceman\/","title":{"rendered":"Spaceman"},"content":{"rendered":"<div data-elementor-type=\"wp-page\" data-elementor-id=\"4191\" class=\"elementor elementor-4191\" data-elementor-post-type=\"page\">\n\t\t\t\t<div class=\"elementor-element elementor-element-678f9fd e-con-full e-flex e-con e-parent\" data-id=\"678f9fd\" data-element_type=\"container\" data-e-type=\"container\" data-settings=\"{&quot;jet_parallax_layout_list&quot;:[],&quot;background_background&quot;:&quot;classic&quot;}\">\n\t\t<div class=\"elementor-element elementor-element-4e269ac e-con-full e-flex e-con e-child\" data-id=\"4e269ac\" data-element_type=\"container\" data-e-type=\"container\" data-settings=\"{&quot;jet_parallax_layout_list&quot;:[]}\">\n\t\t\t\t<div class=\"elementor-element elementor-element-1e8c1c5 elementor-widget__width-initial elementor-widget-mobile__width-inherit elementor-widget elementor-widget-heading\" data-id=\"1e8c1c5\" data-element_type=\"widget\" data-e-type=\"widget\" id=\"header_h12\" data-widget_type=\"heading.default\">\n\t\t\t\t<div class=\"elementor-widget-container\">\n\t\t\t\t\t<h2 class=\"elementor-heading-title elementor-size-default\">Spaceman Softeis und gefrorene Getr\u00e4nke Maschinen<\/h2>\t\t\t\t<\/div>\n\t\t\t\t<\/div>\n\t\t\t\t<div class=\"elementor-element elementor-element-27a1088 elementor-widget elementor-widget-heading\" data-id=\"27a1088\" data-element_type=\"widget\" data-e-type=\"widget\" id=\"header_h123\" data-widget_type=\"heading.default\">\n\t\t\t\t<div class=\"elementor-widget-container\">\n\t\t\t\t\t<h2 class=\"elementor-heading-title elementor-size-default\">Intelligenter Mehrwert f\u00fcr wachsende Unternehmen<\/h2>\t\t\t\t<\/div>\n\t\t\t\t<\/div>\n\t\t\t\t<div class=\"elementor-element elementor-element-1bf3c04 elementor-widget__width-initial elementor-widget elementor-widget-text-editor\" data-id=\"1bf3c04\" data-element_type=\"widget\" data-e-type=\"widget\" id=\"header_p2\" data-widget_type=\"text-editor.default\">\n\t\t\t\t<div class=\"elementor-widget-container\">\n\t\t\t\t\t\t\t\t\t<p><span style=\"font-weight: 400;\">Zuverl\u00e4ssige, qualitativ hochwertige Maschinen f\u00fcr cremiges Softeis und erfrischende Eisgetr\u00e4nke. Perfekt f\u00fcr Start-ups und expandierende Unternehmen, die gro\u00dfe Leistung zu einem wettbewerbsf\u00e4higen Preis suchen.<\/span><\/p>\t\t\t\t\t\t\t\t<\/div>\n\t\t\t\t<\/div>\n\t\t\t\t<div class=\"elementor-element elementor-element-9ef7853 elementor-widget-mobile__width-initial elementor-widget elementor-widget-button\" data-id=\"9ef7853\" data-element_type=\"widget\" data-e-type=\"widget\" data-widget_type=\"button.default\">\n\t\t\t\t<div class=\"elementor-widget-container\">\n\t\t\t\t\t\t\t\t\t<div class=\"elementor-button-wrapper\">\n\t\t\t\t\t<a class=\"elementor-button elementor-button-link elementor-size-sm\" href=\"#machines\">\n\t\t\t\t\t\t<span class=\"elementor-button-content-wrapper\">\n\t\t\t\t\t\t\t\t\t<span class=\"elementor-button-text\">Spaceman-Maschinen erforschen<\/span>\n\t\t\t\t\t<\/span>\n\t\t\t\t\t<\/a>\n\t\t\t\t<\/div>\n\t\t\t\t\t\t\t\t<\/div>\n\t\t\t\t<\/div>\n\t\t\t\t<\/div>\n\t\t\t\t<\/div>\n\t\t<div class=\"elementor-element elementor-element-728a259 e-flex e-con-boxed e-con e-parent\" data-id=\"728a259\" data-element_type=\"container\" data-e-type=\"container\" data-settings=\"{&quot;jet_parallax_layout_list&quot;:[]}\">\n\t\t\t\t\t<div class=\"e-con-inner\">\n\t\t\t\t<div class=\"elementor-element elementor-element-c4ca77e elementor-widget elementor-widget-heading\" data-id=\"c4ca77e\" data-element_type=\"widget\" data-e-type=\"widget\" data-widget_type=\"heading.default\">\n\t\t\t\t<div class=\"elementor-widget-container\">\n\t\t\t\t\t<h2 class=\"elementor-heading-title elementor-size-default\">Warum Spaceman w\u00e4hlen?\n<\/h2>\t\t\t\t<\/div>\n\t\t\t\t<\/div>\n\t\t\t\t<div class=\"elementor-element elementor-element-f176a9d elementor-widget elementor-widget-heading\" data-id=\"f176a9d\" data-element_type=\"widget\" data-e-type=\"widget\" data-widget_type=\"heading.default\">\n\t\t\t\t<div class=\"elementor-widget-container\">\n\t\t\t\t\t<h2 class=\"elementor-heading-title elementor-size-default\">Vier zentrale St\u00e4rken, die uns auszeichnen<\/h2>\t\t\t\t<\/div>\n\t\t\t\t<\/div>\n\t\t\t\t\t<\/div>\n\t\t\t\t<\/div>\n\t\t<div class=\"elementor-element elementor-element-aea1bae e-grid e-con-boxed e-con e-parent\" data-id=\"aea1bae\" data-element_type=\"container\" data-e-type=\"container\" data-settings=\"{&quot;jet_parallax_layout_list&quot;:[]}\">\n\t\t\t\t\t<div class=\"e-con-inner\">\n\t\t\t\t<div class=\"elementor-element elementor-element-e587eca elementor-flip-box--effect-fade elementor-widget elementor-widget-flip-box\" data-id=\"e587eca\" data-element_type=\"widget\" data-e-type=\"widget\" data-widget_type=\"flip-box.default\">\n\t\t\t\t<div class=\"elementor-widget-container\">\n\t\t\t\t\t\t\t<div class=\"elementor-flip-box\" tabindex=\"0\">\n\t\t\t<div class=\"elementor-flip-box__layer elementor-flip-box__front\">\n\t\t\t\t<div class=\"elementor-flip-box__layer__overlay\">\n\t\t\t\t\t<div class=\"elementor-flip-box__layer__inner\">\n\t\t\t\t\t\t\n\t\t\t\t\t\t\t\t\t\t\t\t\t<h3 class=\"elementor-flip-box__layer__title\">\n\t\t\t\t\t\t\t\tPr\u00e4zision und Innovation\t\t\t\t\t\t\t<\/h3>\n\t\t\t\t\t\t\n\t\t\t\t\t\t\t\t\t\t\t<\/div>\n\t\t\t\t<\/div>\n\t\t\t<\/div>\n\t\t\t<div class=\"elementor-flip-box__layer elementor-flip-box__back\">\n\t\t\t<div class=\"elementor-flip-box__layer__overlay\">\n\t\t\t\t<div class=\"elementor-flip-box__layer__inner\">\n\t\t\t\t\t\n\t\t\t\t\t\t\t\t\t\t\t<div class=\"elementor-flip-box__layer__description\">\n\t\t\t\t\t\t\tPatentierte Spitzentechnologie sorgt f\u00fcr gleichbleibende Produktqualit\u00e4t und effiziente Energienutzung.\n\nSpaceman-Maschinen verwenden fortschrittliche Mikroprozessorsteuerungen und patentierte Designs, um jedes Mal eine perfekte Textur und einen perfekten Geschmack zu erzielen und gleichzeitig Energie zu sparen.\t\t\t\t\t\t<\/div>\n\t\t\t\t\t\n\t\t\t\t\t\t\t\t<\/div>\n\t\t<\/div>\n\t\t<\/div>\n\t\t<\/div>\n\t\t\t\t\t\t<\/div>\n\t\t\t\t<\/div>\n\t\t\t\t<div class=\"elementor-element elementor-element-c7a8291 elementor-flip-box--effect-fade elementor-widget elementor-widget-flip-box\" data-id=\"c7a8291\" data-element_type=\"widget\" data-e-type=\"widget\" data-widget_type=\"flip-box.default\">\n\t\t\t\t<div class=\"elementor-widget-container\">\n\t\t\t\t\t\t\t<div class=\"elementor-flip-box\" tabindex=\"0\">\n\t\t\t<div class=\"elementor-flip-box__layer elementor-flip-box__front\">\n\t\t\t\t<div class=\"elementor-flip-box__layer__overlay\">\n\t\t\t\t\t<div class=\"elementor-flip-box__layer__inner\">\n\t\t\t\t\t\t\n\t\t\t\t\t\t\t\t\t\t\t\t\t<h3 class=\"elementor-flip-box__layer__title\">\n\t\t\t\t\t\t\t\tLanglebigkeit und Zuverl\u00e4ssigkeit\t\t\t\t\t\t\t<\/h3>\n\t\t\t\t\t\t\n\t\t\t\t\t\t\t\t\t\t\t<\/div>\n\t\t\t\t<\/div>\n\t\t\t<\/div>\n\t\t\t<div class=\"elementor-flip-box__layer elementor-flip-box__back\">\n\t\t\t<div class=\"elementor-flip-box__layer__overlay\">\n\t\t\t\t<div class=\"elementor-flip-box__layer__inner\">\n\t\t\t\t\t\n\t\t\t\t\t\t\t\t\t\t\t<div class=\"elementor-flip-box__layer__description\">\n\t\t\t\t\t\t\tSie sind f\u00fcr den harten Einsatz mit hochwertigen Komponenten gebaut und minimieren Ausfallzeiten und Wartungskosten.\n\nEntwickelt mit Qualit\u00e4tsmaterialien, die f\u00fcr die Produktion hoher St\u00fcckzahlen in anspruchsvollen Umgebungen geeignet sind.\t\t\t\t\t\t<\/div>\n\t\t\t\t\t\n\t\t\t\t\t\t\t\t<\/div>\n\t\t<\/div>\n\t\t<\/div>\n\t\t<\/div>\n\t\t\t\t\t\t<\/div>\n\t\t\t\t<\/div>\n\t\t\t\t<div class=\"elementor-element elementor-element-2b25fe1 elementor-flip-box--effect-fade elementor-widget elementor-widget-flip-box\" data-id=\"2b25fe1\" data-element_type=\"widget\" data-e-type=\"widget\" data-widget_type=\"flip-box.default\">\n\t\t\t\t<div class=\"elementor-widget-container\">\n\t\t\t\t\t\t\t<div class=\"elementor-flip-box\" tabindex=\"0\">\n\t\t\t<div class=\"elementor-flip-box__layer elementor-flip-box__front\">\n\t\t\t\t<div class=\"elementor-flip-box__layer__overlay\">\n\t\t\t\t\t<div class=\"elementor-flip-box__layer__inner\">\n\t\t\t\t\t\t\n\t\t\t\t\t\t\t\t\t\t\t\t\t<h3 class=\"elementor-flip-box__layer__title\">\n\t\t\t\t\t\t\t\tBenutzerfreundlicher Betrieb\t\t\t\t\t\t\t<\/h3>\n\t\t\t\t\t\t\n\t\t\t\t\t\t\t\t\t\t\t<\/div>\n\t\t\t\t<\/div>\n\t\t\t<\/div>\n\t\t\t<div class=\"elementor-flip-box__layer elementor-flip-box__back\">\n\t\t\t<div class=\"elementor-flip-box__layer__overlay\">\n\t\t\t\t<div class=\"elementor-flip-box__layer__inner\">\n\t\t\t\t\t\n\t\t\t\t\t\t\t\t\t\t\t<div class=\"elementor-flip-box__layer__description\">\n\t\t\t\t\t\t\tIntuitive Bedienelemente und automatische Funktionen machen den t\u00e4glichen Betrieb einfach und reibungslos.\n\nAutomatische Reinigung und Pasteurisierung reduzieren den Arbeitsaufwand, so dass Sie sich auf die Kundenbetreuung konzentrieren k\u00f6nnen.\t\t\t\t\t\t<\/div>\n\t\t\t\t\t\n\t\t\t\t\t\t\t\t<\/div>\n\t\t<\/div>\n\t\t<\/div>\n\t\t<\/div>\n\t\t\t\t\t\t<\/div>\n\t\t\t\t<\/div>\n\t\t\t\t<div class=\"elementor-element elementor-element-74097f3 elementor-flip-box--effect-fade elementor-widget elementor-widget-flip-box\" data-id=\"74097f3\" data-element_type=\"widget\" data-e-type=\"widget\" data-widget_type=\"flip-box.default\">\n\t\t\t\t<div class=\"elementor-widget-container\">\n\t\t\t\t\t\t\t<div class=\"elementor-flip-box\" tabindex=\"0\">\n\t\t\t<div class=\"elementor-flip-box__layer elementor-flip-box__front\">\n\t\t\t\t<div class=\"elementor-flip-box__layer__overlay\">\n\t\t\t\t\t<div class=\"elementor-flip-box__layer__inner\">\n\t\t\t\t\t\t\n\t\t\t\t\t\t\t\t\t\t\t\t\t<h3 class=\"elementor-flip-box__layer__title\">\n\t\t\t\t\t\t\t\tGlobales Unterst\u00fctzungsnetzwerk\t\t\t\t\t\t\t<\/h3>\n\t\t\t\t\t\t\n\t\t\t\t\t\t\t\t\t\t\t<\/div>\n\t\t\t\t<\/div>\n\t\t\t<\/div>\n\t\t\t<div class=\"elementor-flip-box__layer elementor-flip-box__back\">\n\t\t\t<div class=\"elementor-flip-box__layer__overlay\">\n\t\t\t\t<div class=\"elementor-flip-box__layer__inner\">\n\t\t\t\t\t\n\t\t\t\t\t\t\t\t\t\t\t<div class=\"elementor-flip-box__layer__description\">\n\t\t\t\t\t\t\tUnterst\u00fctzt von \u00fcber 50 werksgeschulten Teams weltweit f\u00fcr schnellen, zuverl\u00e4ssigen Service und Ersatzteile.\n\nEin weltweites Netzwerk gew\u00e4hrleistet schnellen Zugang zu technischem Support und Originalersatzteilen, wo immer Sie sich befinden.\t\t\t\t\t\t<\/div>\n\t\t\t\t\t\n\t\t\t\t\t\t\t\t<\/div>\n\t\t<\/div>\n\t\t<\/div>\n\t\t<\/div>\n\t\t\t\t\t\t<\/div>\n\t\t\t\t<\/div>\n\t\t\t\t\t<\/div>\n\t\t\t\t<\/div>\n\t\t<div class=\"elementor-element elementor-element-81947d2 e-flex e-con-boxed e-con e-parent\" data-id=\"81947d2\" data-element_type=\"container\" data-e-type=\"container\" data-settings=\"{&quot;jet_parallax_layout_list&quot;:[]}\">\n\t\t\t\t\t<div class=\"e-con-inner\">\n\t\t<div class=\"elementor-element elementor-element-fc66381 e-con-full e-flex e-con e-child\" data-id=\"fc66381\" data-element_type=\"container\" data-e-type=\"container\" data-settings=\"{&quot;jet_parallax_layout_list&quot;:[]}\">\n\t\t\t\t<div class=\"elementor-element elementor-element-58f774d elementor-widget elementor-widget-video\" data-id=\"58f774d\" data-element_type=\"widget\" data-e-type=\"widget\" data-settings=\"{&quot;youtube_url&quot;:&quot;https:\\\/\\\/www.youtube.com\\\/watch?v=F-sF4syow2I&quot;,&quot;autoplay&quot;:&quot;yes&quot;,&quot;play_on_mobile&quot;:&quot;yes&quot;,&quot;mute&quot;:&quot;yes&quot;,&quot;loop&quot;:&quot;yes&quot;,&quot;video_type&quot;:&quot;youtube&quot;}\" data-widget_type=\"video.default\">\n\t\t\t\t<div class=\"elementor-widget-container\">\n\t\t\t\t\t\t\t<div class=\"elementor-wrapper elementor-open-inline\">\n\t\t\t<div class=\"elementor-video\"><\/div>\t\t<\/div>\n\t\t\t\t\t\t<\/div>\n\t\t\t\t<\/div>\n\t\t\t\t<\/div>\n\t\t<div class=\"elementor-element elementor-element-5d444f3 e-con-full e-flex e-con e-child\" data-id=\"5d444f3\" data-element_type=\"container\" data-e-type=\"container\" data-settings=\"{&quot;jet_parallax_layout_list&quot;:[]}\">\n\t\t\t\t<div class=\"elementor-element elementor-element-48f9765 elementor-widget elementor-widget-heading\" data-id=\"48f9765\" data-element_type=\"widget\" data-e-type=\"widget\" data-widget_type=\"heading.default\">\n\t\t\t\t<div class=\"elementor-widget-container\">\n\t\t\t\t\t<h3 class=\"elementor-heading-title elementor-size-default\">\u00dcber Spaceman<\/h3>\t\t\t\t<\/div>\n\t\t\t\t<\/div>\n\t\t\t\t<div class=\"elementor-element elementor-element-73e1eac elementor-widget elementor-widget-text-editor\" data-id=\"73e1eac\" data-element_type=\"widget\" data-e-type=\"widget\" data-widget_type=\"text-editor.default\">\n\t\t\t\t<div class=\"elementor-widget-container\">\n\t\t\t\t\t\t\t\t\t<p><span style=\"font-weight: 400;\">Das 1997 gegr\u00fcndete Unternehmen Spaceman ist f\u00fchrend in der Entwicklung und Herstellung von hochwertigen Soft-Serve-, Milchshake- und Tiefk\u00fchlgetr\u00e4nkeautomaten. Das in China ans\u00e4ssige Unternehmen hat sich zu einem globalen Kraftpaket entwickelt und liefert Ger\u00e4te in \u00fcber 130 L\u00e4nder. Die patentierte, firmeneigene Technologie wird in modernsten Anlagen hergestellt, die den h\u00f6chsten internationalen Lebensmittel- und Sicherheitsstandards entsprechen.<\/span><\/p><p><span style=\"font-weight: 400;\">Die Ausr\u00fcstung von Spaceman ist weltweit anerkannt f\u00fcr:<\/span><\/p><ul><li style=\"font-weight: 400;\" aria-level=\"1\"><span style=\"font-weight: 400;\">Spitzentechnologie mit patentierten Designs<\/span><\/li><li style=\"font-weight: 400;\" aria-level=\"1\"><span style=\"font-weight: 400;\">Hohe Kapazit\u00e4t und gleichbleibende Produktqualit\u00e4t<\/span><\/li><li style=\"font-weight: 400;\" aria-level=\"1\"><span style=\"font-weight: 400;\">Energieeffizienter Betrieb und Gew\u00e4hrleistung der Sicherheit<\/span><\/li><li style=\"font-weight: 400;\" aria-level=\"1\"><span style=\"font-weight: 400;\">Weiches und cremiges Ergebnis, das die Kunden lieben<\/span><\/li><\/ul><p><span style=\"font-weight: 400;\">Unterst\u00fctzt von \u00fcber 50 werksgeschulten Service- und Support-Teams weltweit, verbindet Spaceman kontinuierliche Innovation mit dem Engagement f\u00fcr den Erfolg seiner Kunden. Wir bringen diese hervorragende Leistung zu Ihnen und helfen Ihnen, Herausforderungen zu l\u00f6sen und Ihr Unternehmen mit kreativen, effektiven L\u00f6sungen auszubauen.<\/span><\/p>\t\t\t\t\t\t\t\t<\/div>\n\t\t\t\t<\/div>\n\t\t\t\t<\/div>\n\t\t\t\t\t<\/div>\n\t\t\t\t<\/div>\n\t\t<div class=\"elementor-element elementor-element-4e2ee7b e-flex e-con-boxed e-con e-parent\" data-id=\"4e2ee7b\" data-element_type=\"container\" data-e-type=\"container\" data-settings=\"{&quot;jet_parallax_layout_list&quot;:[]}\">\n\t\t\t\t\t<div class=\"e-con-inner\">\n\t\t\t\t<div class=\"elementor-element elementor-element-052617c elementor-widget elementor-widget-menu-anchor\" data-id=\"052617c\" data-element_type=\"widget\" data-e-type=\"widget\" data-widget_type=\"menu-anchor.default\">\n\t\t\t\t<div class=\"elementor-widget-container\">\n\t\t\t\t\t\t\t<div class=\"elementor-menu-anchor\" id=\"machines\"><\/div>\n\t\t\t\t\t\t<\/div>\n\t\t\t\t<\/div>\n\t\t\t\t<div class=\"elementor-element elementor-element-5c40ade elementor-widget elementor-widget-heading\" data-id=\"5c40ade\" data-element_type=\"widget\" data-e-type=\"widget\" data-widget_type=\"heading.default\">\n\t\t\t\t<div class=\"elementor-widget-container\">\n\t\t\t\t\t<h2 class=\"elementor-heading-title elementor-size-default\">Spaceman Serie \u00dcbersicht<\/h2>\t\t\t\t<\/div>\n\t\t\t\t<\/div>\n\t\t\t\t\t<\/div>\n\t\t\t\t<\/div>\n\t\t<div class=\"elementor-element elementor-element-64cac6a e-flex e-con-boxed e-con e-parent\" data-id=\"64cac6a\" data-element_type=\"container\" data-e-type=\"container\" data-settings=\"{&quot;jet_parallax_layout_list&quot;:[]}\">\n\t\t\t\t\t<div class=\"e-con-inner\">\n\t\t\t\t<div class=\"elementor-element elementor-element-686d40c elementor-widget elementor-widget-jet-image-accordion\" data-id=\"686d40c\" data-element_type=\"widget\" data-e-type=\"widget\" id=\"acc\" data-widget_type=\"jet-image-accordion.default\">\n\t\t\t\t<div class=\"elementor-widget-container\">\n\t\t\t\t\t<div class=\"elementor-jet-image-accordion jet-tabs-addons\"><div class=\"jet-image-accordion jet-image-accordion-vertical-orientation jet-image-accordion-circ-ease\" role=\"tablist\" data-settings=\"{&quot;orientation&quot;:&quot;vertical&quot;,&quot;activeSize&quot;:{&quot;unit&quot;:&quot;%&quot;,&quot;size&quot;:50,&quot;sizes&quot;:[]},&quot;duration&quot;:500,&quot;activeItem&quot;:-1}\">\n\t<div class=\"jet-image-accordion__list\">\n<div class=\"jet-image-accordion__item title-display-mode__on_both_states\" role=\"tab\" aria-selected=\"false\" tabindex=\"0\">\n<img decoding=\"async\" class=\"jet-image-accordion__image-instance\" src=\"https:\/\/dersuessestopp.com\/wp-content\/uploads\/2025\/08\/spaceman-1.jpg\" alt=\"Raumfahrer-1\">\n\t\t\t<h5 class=\"jet-image-accordion__title-default\">Elite-Serie<\/h5>\t\n\t<div class=\"jet-image-accordion__content\">\n\t\t<h5 class=\"jet-image-accordion__title\">Elite-Serie<\/h5><div class=\"jet-image-accordion__desc\">Die fortschrittliche automatische Pasteurisierung und die intelligente Steuerung sorgen f\u00fcr einen hygienischen, gleichm\u00e4\u00dfigen Soft-Serve - ideal f\u00fcr Unternehmen, die h\u00f6chste Qualit\u00e4t und Effizienz verlangen.<\/div><a class=\"elementor-button elementor-size-md jet-image-accordion__button\" role=\"button\" tabindex=\"0\" href=\"https:\/\/dersuessestopp.com\/de\/spaceman-elite-serie\/\">Entdecken Sie die Elite-Serie<\/a><\/div>\n\t<div class=\"jet-image-accordion__item-loader\"><span><\/span><\/div>\n<\/div>\n<div class=\"jet-image-accordion__item title-display-mode__on_both_states\" role=\"tab\" aria-selected=\"false\" tabindex=\"0\">\n<img decoding=\"async\" class=\"jet-image-accordion__image-instance\" src=\"https:\/\/dersuessestopp.com\/wp-content\/uploads\/2025\/09\/how-does-a-soft-serve-ice-cream-machine-work-1692092117.jpg\" alt=\"how-does-a-soft-serve-ice-cream-machine-work-1692092117\">\n\t\t\t<h5 class=\"jet-image-accordion__title-default\">Premier-Serie<\/h5>\t\n\t<div class=\"jet-image-accordion__content\">\n\t\t<h5 class=\"jet-image-accordion__title\">Premier-Serie<\/h5><div class=\"jet-image-accordion__desc\">Leistungsstarke Gefrierkapazit\u00e4t und vielseitige Funktionen f\u00fcr stark frequentierte Standorte. Liefern Sie erstklassige Softeisprodukte, die die Kunden zum Wiederkommen bewegen.<\/div><a class=\"elementor-button elementor-size-md jet-image-accordion__button\" role=\"button\" tabindex=\"0\" href=\"https:\/\/dersuessestopp.com\/de\/spaceman-premier-serie-info\/\">Entdecken Sie die Premier-Serie<\/a><\/div>\n\t<div class=\"jet-image-accordion__item-loader\"><span><\/span><\/div>\n<\/div>\n<div class=\"jet-image-accordion__item title-display-mode__on_both_states\" role=\"tab\" aria-selected=\"false\" tabindex=\"0\">\n<img decoding=\"async\" class=\"jet-image-accordion__image-instance\" src=\"https:\/\/dersuessestopp.com\/wp-content\/uploads\/2025\/08\/Screenshot-2025-08-22-at-03.33.13-1.png\" alt=\"Bildschirmfoto 2025-08-22 um 03.33.13 1\">\n\t\t\t<h5 class=\"jet-image-accordion__title-default\">Gefriergetr\u00e4nke-Serie<\/h5>\t\n\t<div class=\"jet-image-accordion__content\">\n\t\t<h5 class=\"jet-image-accordion__title\">Gefriergetr\u00e4nke-Serie<\/h5><div class=\"jet-image-accordion__desc\">Leistungsstarke Maschinen f\u00fcr gefrorene Getr\u00e4nke - perfekt f\u00fcr Slush, gefrorene Cocktails und Spezialgetr\u00e4nke zur Erweiterung Ihrer Speisekarte.<\/div><a class=\"elementor-button elementor-size-md jet-image-accordion__button\" role=\"button\" tabindex=\"0\" href=\"https:\/\/dersuessestopp.com\/de\/gefriergetrankemaschinen-info\/\">Siehe Gefriergetr\u00e4nke-Serie<\/a><\/div>\n\t<div class=\"jet-image-accordion__item-loader\"><span><\/span><\/div>\n<\/div>\n<\/div>\n<\/div>\n<\/div>\t\t\t\t<\/div>\n\t\t\t\t<\/div>\n\t\t\t\t\t<\/div>\n\t\t\t\t<\/div>\n\t\t<div class=\"elementor-element elementor-element-d5af625 e-flex e-con-boxed e-con e-parent\" data-id=\"d5af625\" data-element_type=\"container\" data-e-type=\"container\" data-settings=\"{&quot;jet_parallax_layout_list&quot;:[]}\">\n\t\t\t\t\t<div class=\"e-con-inner\">\n\t\t<div class=\"elementor-element elementor-element-867c9f8 e-con-full e-flex e-con e-child\" data-id=\"867c9f8\" data-element_type=\"container\" data-e-type=\"container\" data-settings=\"{&quot;jet_parallax_layout_list&quot;:[]}\">\n\t\t\t\t<div class=\"elementor-element elementor-element-f57c434 elementor-widget elementor-widget-heading\" data-id=\"f57c434\" data-element_type=\"widget\" data-e-type=\"widget\" data-widget_type=\"heading.default\">\n\t\t\t\t<div class=\"elementor-widget-container\">\n\t\t\t\t\t<h3 class=\"elementor-heading-title elementor-size-default\">Die besten Spaceman-Modelle f\u00fcr Ihren Gesch\u00e4ftserfolg<\/h3>\t\t\t\t<\/div>\n\t\t\t\t<\/div>\n\t\t\t\t<div class=\"elementor-element elementor-element-230540f elementor-widget elementor-widget-text-editor\" data-id=\"230540f\" data-element_type=\"widget\" data-e-type=\"widget\" data-widget_type=\"text-editor.default\">\n\t\t\t\t<div class=\"elementor-widget-container\">\n\t\t\t\t\t\t\t\t\t<p><span style=\"font-weight: 400;\">Entdecken Sie unsere meistverkauften Spaceman-Maschinen, die Haltbarkeit, Leistung und Erschwinglichkeit vereinen. Perfekt f\u00fcr Start-ups oder expandierende Unternehmen - mit gro\u00dfartigen Ergebnissen ohne Kompromisse.<\/span><\/p>\t\t\t\t\t\t\t\t<\/div>\n\t\t\t\t<\/div>\n\t\t\t\t<div class=\"elementor-element elementor-element-3e7bc9a elementor-align-right elementor-mobile-align-right elementor-widget elementor-widget-button\" data-id=\"3e7bc9a\" data-element_type=\"widget\" data-e-type=\"widget\" data-widget_type=\"button.default\">\n\t\t\t\t<div class=\"elementor-widget-container\">\n\t\t\t\t\t\t\t\t\t<div class=\"elementor-button-wrapper\">\n\t\t\t\t\t<a class=\"elementor-button elementor-button-link elementor-size-sm elementor-animation-grow\" href=\"https:\/\/dersuessestopp.com\/de\/produkt-kategorie\/alle-produkte\/maschinenpark\/softeisautomaten\/raumfahrer\/\">\n\t\t\t\t\t\t<span class=\"elementor-button-content-wrapper\">\n\t\t\t\t\t\t\t\t\t<span class=\"elementor-button-text\">Top-Maschinen entdecken<\/span>\n\t\t\t\t\t<\/span>\n\t\t\t\t\t<\/a>\n\t\t\t\t<\/div>\n\t\t\t\t\t\t\t\t<\/div>\n\t\t\t\t<\/div>\n\t\t\t\t<\/div>\n\t\t<div class=\"elementor-element elementor-element-27c8455 e-con-full e-flex e-con e-child\" data-id=\"27c8455\" data-element_type=\"container\" data-e-type=\"container\" data-settings=\"{&quot;jet_parallax_layout_list&quot;:[]}\">\n\t\t\t\t<div class=\"elementor-element elementor-element-cef21ec elementor-widget elementor-widget-image\" data-id=\"cef21ec\" data-element_type=\"widget\" data-e-type=\"widget\" data-widget_type=\"image.default\">\n\t\t\t\t<div class=\"elementor-widget-container\">\n\t\t\t\t\t\t\t\t\t\t\t\t\t\t\t<img fetchpriority=\"high\" decoding=\"async\" width=\"799\" height=\"431\" src=\"https:\/\/dersuessestopp.com\/wp-content\/uploads\/2025\/08\/Screenshot-2025-08-22-at-03.30.34-1.png\" class=\"attachment-large size-large wp-image-5883\" alt=\"\" srcset=\"https:\/\/dersuessestopp.com\/wp-content\/uploads\/2025\/08\/Screenshot-2025-08-22-at-03.30.34-1.png 799w, https:\/\/dersuessestopp.com\/wp-content\/uploads\/2025\/08\/Screenshot-2025-08-22-at-03.30.34-1-250x135.png 250w, https:\/\/dersuessestopp.com\/wp-content\/uploads\/2025\/08\/Screenshot-2025-08-22-at-03.30.34-1-600x324.png 600w, https:\/\/dersuessestopp.com\/wp-content\/uploads\/2025\/08\/Screenshot-2025-08-22-at-03.30.34-1-300x162.png 300w, https:\/\/dersuessestopp.com\/wp-content\/uploads\/2025\/08\/Screenshot-2025-08-22-at-03.30.34-1-768x414.png 768w\" sizes=\"(max-width: 799px) 100vw, 799px\" \/>\t\t\t\t\t\t\t\t\t\t\t\t\t\t\t<\/div>\n\t\t\t\t<\/div>\n\t\t\t\t<\/div>\n\t\t\t\t\t<\/div>\n\t\t\t\t<\/div>\n\t\t\t\t<\/div>","protected":false},"excerpt":{"rendered":"<p>Spaceman Soft Serve &amp; Frozen Drink Machines Smart Value for Growing Businesses Reliable, high-quality machines engineered for creamy soft serve and refreshing frozen drinks. Perfect for startups and expanding businesses seeking great performance at a competitive price. Explore Spaceman Machines Why Choose Spaceman? Four Core Strengths That Set Us Apart Precision &amp; Innovation Patented cutting-edge [&hellip;]<\/p>\n","protected":false},"author":2,"featured_media":0,"parent":0,"menu_order":0,"comment_status":"closed","ping_status":"closed","template":"","meta":{"footnotes":""},"class_list":["post-4191","page","type-page","status-publish","hentry"],"_links":{"self":[{"href":"https:\/\/dersuessestopp.com\/de\/wp-json\/wp\/v2\/pages\/4191","targetHints":{"allow":["GET"]}}],"collection":[{"href":"https:\/\/dersuessestopp.com\/de\/wp-json\/wp\/v2\/pages"}],"about":[{"href":"https:\/\/dersuessestopp.com\/de\/wp-json\/wp\/v2\/types\/page"}],"author":[{"embeddable":true,"href":"https:\/\/dersuessestopp.com\/de\/wp-json\/wp\/v2\/users\/2"}],"replies":[{"embeddable":true,"href":"https:\/\/dersuessestopp.com\/de\/wp-json\/wp\/v2\/comments?post=4191"}],"version-history":[{"count":137,"href":"https:\/\/dersuessestopp.com\/de\/wp-json\/wp\/v2\/pages\/4191\/revisions"}],"predecessor-version":[{"id":14475,"href":"https:\/\/dersuessestopp.com\/de\/wp-json\/wp\/v2\/pages\/4191\/revisions\/14475"}],"wp:attachment":[{"href":"https:\/\/dersuessestopp.com\/de\/wp-json\/wp\/v2\/media?parent=4191"}],"curies":[{"name":"wp","href":"https:\/\/api.w.org\/{rel}","templated":true}]}}