{"id":3,"date":"2025-03-18T19:05:05","date_gmt":"2025-03-18T19:05:05","guid":{"rendered":"http:\/\/dersuessestopp.com\/?page_id=3"},"modified":"2025-10-08T21:57:54","modified_gmt":"2025-10-08T21:57:54","slug":"datenschutzbestimmungen","status":"publish","type":"page","link":"https:\/\/dersuessestopp.com\/de\/privacy-policy\/","title":{"rendered":"Privacy Policy"},"content":{"rendered":"<div data-elementor-type=\"wp-page\" data-elementor-id=\"3\" class=\"elementor elementor-3\" data-elementor-post-type=\"page\">\n\t\t\t\t<div class=\"elementor-element elementor-element-39d5c895 e-flex e-con-boxed e-con e-parent\" data-id=\"39d5c895\" data-element_type=\"container\" data-e-type=\"container\" data-settings=\"{&quot;jet_parallax_layout_list&quot;:[]}\">\n\t\t\t\t\t<div class=\"e-con-inner\">\n\t\t\t\t<div class=\"elementor-element elementor-element-0b2298f elementor-widget elementor-widget-heading\" data-id=\"0b2298f\" data-element_type=\"widget\" data-e-type=\"widget\" data-widget_type=\"heading.default\">\n\t\t\t\t<div class=\"elementor-widget-container\">\n\t\t\t\t\t<h2 class=\"elementor-heading-title elementor-size-default\">Datenschutzrichtlinie f\u00fcr The Sweet Stop<\/h2>\t\t\t\t<\/div>\n\t\t\t\t<\/div>\n\t\t\t\t<div class=\"elementor-element elementor-element-369bf513 elementor-widget elementor-widget-text-editor\" data-id=\"369bf513\" data-element_type=\"widget\" data-e-type=\"widget\" data-widget_type=\"text-editor.default\">\n\t\t\t\t<div class=\"elementor-widget-container\">\n\t\t\t\t\t\t\t\t\t\n<h1 class=\"wp-block-heading\">\u00a0<\/h1>\n<p class=\"font_8 wixui-rich-text__text\">Der Schutz Ihrer pers\u00f6nlichen Daten ist uns wichtig. Im Folgenden informieren wir Sie \u00fcber die Erhebung und Verwendung Ihrer Daten auf unseren Websites\u00a0<span class=\"wixui-rich-text__text\"><a class=\"wixui-rich-text__text\" href=\"https:\/\/dersuessestopp.com\/de\/\" target=\"_blank\" rel=\"noopener\" data-auto-recognition=\"true\">www.dersuessestopp.com<\/a>\u00a0,\u00a0<a class=\"wixui-rich-text__text\" href=\"http:\/\/www.softeis-investition.com\/\" target=\"_blank\" rel=\"noopener\" data-auto-recognition=\"true\">www.softeis-investition.com<\/a><\/span>\u00a0\u00a0, und\u00a0<span class=\"wixui-rich-text__text\"><a class=\"wixui-rich-text__text\" href=\"http:\/\/www.dersuessestopp-graz.com\/\" target=\"_blank\" rel=\"noopener\" data-auto-recognition=\"true\">www.dersuessestopp-graz.com<\/a><\/span>\u00a0\u00a0, sowie auf unseren Facebook- und Instagram-Seiten.<\/p>\n<p class=\"font_8 wixui-rich-text__text\">\u00a0<\/p>\n<p class=\"font_8 wixui-rich-text__text\"><span class=\"wixui-rich-text__text\">Zust\u00e4ndige Stelle<\/span><\/p>\n<p class=\"font_8 wixui-rich-text__text\">Die verantwortliche Stelle im Sinne der Allgemeinen Datenschutzverordnung (GDPR) ist:<\/p>\n<p class=\"font_8 wixui-rich-text__text\">**\u00a0<span class=\"wixui-rich-text__text\">Die s\u00fc\u00dfe Pause<\/span>\u00a0** \u00a0<br class=\"wixui-rich-text__text\" \/>Eigent\u00fcmer: Zoran Obradovic \u00a0<br class=\"wixui-rich-text__text\" \/>Seepromenade 22 \u00a0<br class=\"wixui-rich-text__text\" \/>6213 Pertisau, \u00d6sterreich \u00a0<br class=\"wixui-rich-text__text\" \/>E-Mail: info@dersuessestopp.com<\/p>\n<p class=\"font_8 wixui-rich-text__text\"><span class=\"wixGuard wixui-rich-text__text\">\u200b<\/span><\/p>\n<p class=\"font_8 wixui-rich-text__text\"><span class=\"wixui-rich-text__text\">1. Erhebung und Nutzung von Daten<\/span><\/p>\n<p class=\"font_8 wixui-rich-text__text\"><span class=\"wixui-rich-text__text\"><span class=\"wixGuard wixui-rich-text__text\">\u200b<\/span><\/span><\/p>\n<p class=\"font_8 wixui-rich-text__text\"><span class=\"wixui-rich-text__text\">1.1 Besuch unserer Website<\/span><\/p>\n<p class=\"font_8 wixui-rich-text__text\">Bei jedem Zugriff auf unsere Website speichern wir automatisch Informationen \u00fcber den Zugriff in sogenannten Logfiles. Wir erheben die folgenden Daten:<\/p>\n<p class=\"font_8 wixui-rich-text__text\">- IP-Adresse des Besuchers<br class=\"wixui-rich-text__text\" \/>- Datum und Uhrzeit des Zugriffs<br class=\"wixui-rich-text__text\" \/>- Angeforderte Seite oder Datei<br class=\"wixui-rich-text__text\" \/>- Menge der \u00fcbertragenen Daten<br class=\"wixui-rich-text__text\" \/>- Erfolg des Abrufs (Status)<\/p>\n<p class=\"font_8 wixui-rich-text__text\">Diese Informationen werden ausschlie\u00dflich zur technischen Analyse und Optimierung unserer Website verwendet. Die Daten werden f\u00fcr 14 Tage gespeichert und nicht mit anderen Datenquellen zusammengef\u00fchrt.<\/p>\n<p class=\"font_8 wixui-rich-text__text\">\u00a0<\/p>\n<p class=\"font_8 wixui-rich-text__text\"><span class=\"wixui-rich-text__text\">1.2 Kontaktformular und E-Mail-Kontakt<\/span><\/p>\n<p class=\"font_8 wixui-rich-text__text\">Wenn Sie uns \u00fcber das Kontaktformular oder per E-Mail kontaktieren, speichern wir die von Ihnen angegebenen Daten zur Bearbeitung Ihrer Anfrage. Ihre Daten werden ausschlie\u00dflich zur Bearbeitung Ihres Anliegens verwendet und nicht an Dritte weitergegeben, es sei denn, dies ist notwendig oder gesetzlich vorgeschrieben. Nach Abschluss der Bearbeitung werden Ihre Daten gel\u00f6scht, es sei denn, wir sind gesetzlich verpflichtet, sie aufzubewahren.<\/p>\n<p class=\"font_8 wixui-rich-text__text\">\u00a0<\/p>\n<p class=\"font_8 wixui-rich-text__text\"><span class=\"wixui-rich-text__text\">1.3 Online-Gesch\u00e4ft<\/span><\/p>\n<p class=\"font_8 wixui-rich-text__text\">Wenn Sie in unserem Online-Shop Bestellungen aufgeben, erheben und speichern wir personenbezogene Daten wie Ihren Namen, Ihre Anschrift und Ihre E-Mail-Adresse. Diese Daten werden ausschlie\u00dflich zur Bearbeitung Ihrer Bestellung verwendet und gem\u00e4\u00df den gesetzlichen Bestimmungen gespeichert.<\/p>\n<p class=\"font_8 wixui-rich-text__text\">\u00a0<\/p>\n<p class=\"font_8 wixui-rich-text__text\"><span class=\"wixui-rich-text__text\">2. Cookies<\/span><\/p>\n<p class=\"font_8 wixui-rich-text__text\">Unsere Website verwendet Cookies, um die Benutzerfreundlichkeit zu verbessern und statistische Daten \u00fcber die Nutzung der Website zu sammeln. Sie k\u00f6nnen das Speichern von Cookies verhindern, indem Sie die entsprechenden Einstellungen in Ihrem Browser vornehmen. Dies kann jedoch zu Einschr\u00e4nkungen bei der Nutzung der Website f\u00fchren.<\/p>\n<p class=\"font_8 wixui-rich-text__text\">\u00a0<\/p>\n<p class=\"font_8 wixui-rich-text__text\"><span class=\"wixui-rich-text__text\">3. Plugins f\u00fcr soziale Medien<\/span><\/p>\n<p class=\"font_8 wixui-rich-text__text\">Wir verwenden Social Media Plugins von Facebook und Instagram. Wenn Sie eine Seite mit einem eingebetteten Plugin besuchen, wird eine Verbindung zu den Servern von Facebook oder Instagram hergestellt und Ihre IP-Adresse und andere Informationen werden \u00fcbertragen. Wenn Sie w\u00e4hrend dieser Zeit bei Facebook oder Instagram eingeloggt sind, kann dieser Besuch Ihrem Profil zugeordnet werden. Um dies zu verhindern, loggen Sie sich bitte aus, bevor Sie unsere Seite besuchen.<\/p>\n<p class=\"font_8 wixui-rich-text__text\">\u00a0<\/p>\n<p class=\"font_8 wixui-rich-text__text\"><span class=\"wixui-rich-text__text\">4. Rechte der betroffenen Person<\/span><\/p>\n<p class=\"font_8 wixui-rich-text__text\">Sie haben das Recht, jederzeit Auskunft \u00fcber die von uns gespeicherten personenbezogenen Daten zu verlangen. Sie haben au\u00dferdem ein Recht auf Berichtigung, Sperrung oder L\u00f6schung Ihrer Daten, sofern dem keine gesetzlichen Aufbewahrungsfristen entgegenstehen. Sie k\u00f6nnen Ihre Einwilligung zur Datenverarbeitung jederzeit widerrufen.<\/p>\n<p class=\"font_8 wixui-rich-text__text\">\u00a0<\/p>\n<p class=\"font_8 wixui-rich-text__text\"><span class=\"wixui-rich-text__text\">5. \u00c4nderungen der Datenschutzrichtlinie<\/span><\/p>\n<p class=\"font_8 wixui-rich-text__text\">Wir behalten uns das Recht vor, diese Datenschutzrichtlinie jederzeit zu \u00e4ndern. Die aktuellste Version wird auf unserer Website verf\u00fcgbar sein.<\/p>\n<p class=\"font_8 wixui-rich-text__text\">Ab M\u00e4rz 2023<\/p>\n<p class=\"font_8 wixui-rich-text__text\">&#8212;<\/p>\n<p class=\"font_8 wixui-rich-text__text\"><span class=\"wixui-rich-text__text\">Datenschutzerkl\u00e4rung f\u00fcr die Datenerhebung auf der Website<\/span><\/p>\n<p class=\"font_8 wixui-rich-text__text\">Wir erfassen, speichern und sichern alle Informationen, die Sie auf unserer Website eingeben oder uns anderweitig zur Verf\u00fcgung stellen. Dazu geh\u00f6ren Informationen wie Ihre IP-Adresse, Anmeldeinformationen, E-Mail-Adresse, Kaufhistorie, Daten zur Seiteninteraktion und die auf der Website verbrachte Zeit.<\/p>\n<p class=\"font_8 wixui-rich-text__text\">Wenn Sie eine Transaktion auf unserer Website abschlie\u00dfen, erfassen wir personenbezogene Daten wie Ihren Namen, Ihre Adresse und Ihre E-Mail-Adresse, die zur Bearbeitung Ihrer Bestellung verwendet werden. Wir verwenden diese Informationen ausschlie\u00dflich f\u00fcr die angegebenen Zwecke und geben sie nicht ohne Ihre Zustimmung an Dritte weiter, es sei denn, dies ist gesetzlich vorgeschrieben.<\/p>\n<p class=\"font_8 wixui-rich-text__text\">Unsere Website wird von **Wix.com** gehostet, das uns die Plattform zur Verf\u00fcgung stellt, um Produkte und Dienstleistungen anzubieten. Ihre Daten werden sicher gespeichert und \u00fcber PCI-DSS-konforme Zahlungsgateways verarbeitet.<\/p>\n<p class=\"font_8 wixui-rich-text__text\">\u00a0<\/p>\n<p class=\"font_8 wixui-rich-text__text\"><span class=\"wixui-rich-text__text\">Zweck der Datenerhebung<\/span><\/p>\n<p class=\"font_8 wixui-rich-text__text\">Wir erfassen Ihre personenbezogenen Daten f\u00fcr folgende Zwecke:<br class=\"wixui-rich-text__text\" \/>- Erbringung unserer Dienstleistungen<br class=\"wixui-rich-text__text\" \/>- Kundenbetreuung und technische Unterst\u00fctzung<br class=\"wixui-rich-text__text\" \/>- Versenden von personalisierten Mitteilungen und Angeboten<br class=\"wixui-rich-text__text\" \/>- Zusammenstellung statistischer Daten zur Verbesserung unserer Dienstleistungen<br class=\"wixui-rich-text__text\" \/>- Erf\u00fcllung der gesetzlichen Anforderungen<\/p>\n<p class=\"font_8 wixui-rich-text__text\">\u00a0<\/p>\n<p class=\"font_8 wixui-rich-text__text\"><span class=\"wixui-rich-text__text\">Kontakt<\/span><\/p>\n<p class=\"font_8 wixui-rich-text__text\">Wenn Sie Fragen oder Bedenken bez\u00fcglich unserer Datenschutzpolitik oder der Verwendung Ihrer Daten haben, k\u00f6nnen Sie uns jederzeit kontaktieren unter\u00a0<a class=\"wixui-rich-text__text\" href=\"mailto:info@dersuessestopp.com\" data-auto-recognition=\"true\">info@dersuessestopp.com<\/a>\u00a0.<\/p>\n<p class=\"font_8 wixui-rich-text__text\"><span class=\"wixGuard wixui-rich-text__text\">\u200b<\/span><\/p>\n<p class=\"font_8 wixui-rich-text__text\"><span class=\"wixui-rich-text__text\">Cookie-Richtlinie<\/span><\/p>\n<p class=\"font_8 wixui-rich-text__text\">Wir verwenden Cookies, um die Nutzung unserer Website zu optimieren und die Besucherdaten zu analysieren. Durch die Nutzung unserer Website erkl\u00e4ren Sie sich mit der Verwendung von Cookies in \u00dcbereinstimmung mit dieser Richtlinie einverstanden. Sie k\u00f6nnen jedoch jederzeit Ihre Cookie-Einstellungen \u00e4ndern oder Cookies ablehnen. Bitte beachten Sie, dass dadurch die Funktionalit\u00e4t der Website beeintr\u00e4chtigt werden kann.<\/p>\n<p class=\"font_8 wixui-rich-text__text\">&#8212;<\/p>\n<p class=\"font_8 wixui-rich-text__text\"><span class=\"wixui-rich-text__text\">Diese \u00fcberarbeitete Datenschutzerkl\u00e4rung gibt einen klaren \u00dcberblick \u00fcber die Datenerhebung und -verarbeitung auf unserer Website und den verlinkten Social-Media-Plattformen.<\/span><\/p>\t\t\t\t\t\t\t\t<\/div>\n\t\t\t\t<\/div>\n\t\t\t\t\t<\/div>\n\t\t\t\t<\/div>\n\t\t\t\t<\/div>","protected":false},"excerpt":{"rendered":"<p>Privacy Policy for The Sweet Stop \u00a0 The protection of your personal data is important to us. Below, we inform you about the collection and use of your data on our websites\u00a0www.dersuessestopp.com\u00a0,\u00a0www.softeis-investition.com\u00a0\u00a0, and\u00a0www.dersuessestopp-graz.com\u00a0\u00a0, as well as on our Facebook and Instagram pages. \u00a0 Responsible body The responsible body within the meaning of the General Data [&hellip;]<\/p>\n","protected":false},"author":1,"featured_media":0,"parent":0,"menu_order":0,"comment_status":"closed","ping_status":"open","template":"","meta":{"footnotes":""},"class_list":["post-3","page","type-page","status-publish","hentry"],"_links":{"self":[{"href":"https:\/\/dersuessestopp.com\/de\/wp-json\/wp\/v2\/pages\/3","targetHints":{"allow":["GET"]}}],"collection":[{"href":"https:\/\/dersuessestopp.com\/de\/wp-json\/wp\/v2\/pages"}],"about":[{"href":"https:\/\/dersuessestopp.com\/de\/wp-json\/wp\/v2\/types\/page"}],"author":[{"embeddable":true,"href":"https:\/\/dersuessestopp.com\/de\/wp-json\/wp\/v2\/users\/1"}],"replies":[{"embeddable":true,"href":"https:\/\/dersuessestopp.com\/de\/wp-json\/wp\/v2\/comments?post=3"}],"version-history":[{"count":6,"href":"https:\/\/dersuessestopp.com\/de\/wp-json\/wp\/v2\/pages\/3\/revisions"}],"predecessor-version":[{"id":11837,"href":"https:\/\/dersuessestopp.com\/de\/wp-json\/wp\/v2\/pages\/3\/revisions\/11837"}],"wp:attachment":[{"href":"https:\/\/dersuessestopp.com\/de\/wp-json\/wp\/v2\/media?parent=3"}],"curies":[{"name":"wp","href":"https:\/\/api.w.org\/{rel}","templated":true}]}}