{"id":14556,"date":"2025-10-20T22:31:35","date_gmt":"2025-10-20T22:31:35","guid":{"rendered":"https:\/\/dersuessestopp.com\/?page_id=14556"},"modified":"2025-10-22T22:14:50","modified_gmt":"2025-10-22T22:14:50","slug":"soft-serve-geschaftsberatung","status":"publish","type":"page","link":"https:\/\/dersuessestopp.com\/de\/soft-serve-business-consulting\/","title":{"rendered":"Unterst\u00fctzung f\u00fcr den Erfolg Informativ"},"content":{"rendered":"<div data-elementor-type=\"wp-page\" data-elementor-id=\"14556\" class=\"elementor elementor-14556\" data-elementor-post-type=\"page\">\n\t\t\t\t<div class=\"elementor-element elementor-element-2ff8a65 e-con-full e-flex e-con e-parent\" data-id=\"2ff8a65\" data-element_type=\"container\" data-e-type=\"container\" data-settings=\"{&quot;jet_parallax_layout_list&quot;:[],&quot;background_background&quot;:&quot;classic&quot;}\">\n\t\t<div class=\"elementor-element elementor-element-106d608 e-con-full e-flex e-con e-child\" data-id=\"106d608\" data-element_type=\"container\" data-e-type=\"container\" data-settings=\"{&quot;jet_parallax_layout_list&quot;:[],&quot;background_background&quot;:&quot;gradient&quot;}\">\n\t\t\t\t<div class=\"elementor-element elementor-element-9c42394 elementor-widget__width-initial elementor-widget elementor-widget-heading\" data-id=\"9c42394\" data-element_type=\"widget\" data-e-type=\"widget\" data-widget_type=\"heading.default\">\n\t\t\t\t<div class=\"elementor-widget-container\">\n\t\t\t\t\t<h2 class=\"elementor-heading-title elementor-size-default\">Unterst\u00fctzung f\u00fcr den Erfolg<\/h2>\t\t\t\t<\/div>\n\t\t\t\t<\/div>\n\t\t\t\t<div class=\"elementor-element elementor-element-7ba86be elementor-widget elementor-widget-heading\" data-id=\"7ba86be\" data-element_type=\"widget\" data-e-type=\"widget\" data-widget_type=\"heading.default\">\n\t\t\t\t<div class=\"elementor-widget-container\">\n\t\t\t\t\t<h2 class=\"elementor-heading-title elementor-size-default\">Soft Serve Unternehmensberatung<\/h2>\t\t\t\t<\/div>\n\t\t\t\t<\/div>\n\t\t<div class=\"elementor-element elementor-element-b1b6e8a e-con-full e-flex e-con e-child\" data-id=\"b1b6e8a\" data-element_type=\"container\" data-e-type=\"container\" data-settings=\"{&quot;jet_parallax_layout_list&quot;:[]}\">\n\t\t\t\t<div class=\"elementor-element elementor-element-9bba1ea elementor-align-center elementor-widget elementor-widget-button\" data-id=\"9bba1ea\" data-element_type=\"widget\" data-e-type=\"widget\" data-widget_type=\"button.default\">\n\t\t\t\t<div class=\"elementor-widget-container\">\n\t\t\t\t\t\t\t\t\t<div class=\"elementor-button-wrapper\">\n\t\t\t\t\t<a class=\"elementor-button elementor-button-link elementor-size-sm\" href=\"https:\/\/dersuessestopp.com\/de\/kontakt\/\">\n\t\t\t\t\t\t<span class=\"elementor-button-content-wrapper\">\n\t\t\t\t\t\t\t\t\t<span class=\"elementor-button-text\">ENTDECKEN WIE<\/span>\n\t\t\t\t\t<\/span>\n\t\t\t\t\t<\/a>\n\t\t\t\t<\/div>\n\t\t\t\t\t\t\t\t<\/div>\n\t\t\t\t<\/div>\n\t\t\t\t<\/div>\n\t\t\t\t<\/div>\n\t\t\t\t<\/div>\n\t\t<div class=\"elementor-element elementor-element-ed78a17 e-flex e-con-boxed e-con e-parent\" data-id=\"ed78a17\" data-element_type=\"container\" data-e-type=\"container\" data-settings=\"{&quot;jet_parallax_layout_list&quot;:[]}\">\n\t\t\t\t\t<div class=\"e-con-inner\">\n\t\t\t\t<div class=\"elementor-element elementor-element-13afd70 elementor-widget elementor-widget-html\" data-id=\"13afd70\" data-element_type=\"widget\" data-e-type=\"widget\" data-widget_type=\"html.default\">\n\t\t\t\t<div class=\"elementor-widget-container\">\n\t\t\t\t\t<!-- BUSINESS GUIDANCE -->\r\n<section id=\"business-guidance\" class=\"premier-series\">\r\n  <div class=\"ps-wrap\">\r\n    <div class=\"ps-features\">\r\n      <h2>Praxisnahe Anleitung von der Idee bis zum Betrieb - Ihr Soft-Serve-Gesch\u00e4ft auf der \u00dcberholspur<\/h2>\r\n      <p>Verdiente Lektionen. Zeit gespart. Wachstum freigesetzt. Partner mit <strong>Der S\u00fc\u00dfe Stopp<\/strong> und unser Expertennetzwerk f\u00fcr die bew\u00e4hrten Strategien, die Sie f\u00fcr Ihren Erfolg ben\u00f6tigen.<\/p>\r\n      <p>Um in der Soft-Serve-Branche erfolgreich zu sein, bedarf es mehr als nur Maschinen und Zutaten - es bedarf eines umfassenden Know-hows und ma\u00dfgeschneiderter Unterst\u00fctzung. Wir kombinieren jahrzehntelange praktische Erfahrung mit einem Netzwerk von leidenschaftlichen Fachleuten, die sich daf\u00fcr einsetzen, dass Sie erfolgreich sind:<\/p>\r\n\r\n      <ul class=\"ps-list\">\r\n        <li>\r\n          <h3>Men\u00fcplanung und Produktauswahl<\/h3>\r\n          <p>Kreieren Sie unwiderstehliche Angebote, die Kunden zum Wiederkommen bewegen - von klassischen Geschmacksrichtungen bis hin zu kreativen, margenstarken Spezialit\u00e4ten.<\/p>\r\n        <\/li>\r\n        <li>\r\n          <h3>Effiziente Arbeitsabl\u00e4ufe und Ladenlayoutgestaltung<\/h3>\r\n          <p>Optimieren Sie Ihren Raum und Ihre Arbeitsabl\u00e4ufe f\u00fcr Spitzenlastzeiten, minimalen Abfall und maximale Leistung.<\/p>\r\n        <\/li>\r\n        <li>\r\n          <h3>Saisonale Strategien und Produktrotation<\/h3>\r\n          <p>Bleiben Sie den Trends voraus und steigern Sie den Umsatz das ganze Jahr \u00fcber mit dynamischen, auf die Saison abgestimmten Men\u00fc-Updates.<\/p>\r\n        <\/li>\r\n        <li>\r\n          <h3>Zugang zu vertrauensw\u00fcrdigen Lieferanten und Branchenkontakten<\/h3>\r\n          <p>Nutzen Sie unsere Beziehungen zu etablierten Produzenten, H\u00e4ndlern und Gastroexperten, um sich langfristige Vorteile zu sichern.<\/p>\r\n        <\/li>\r\n        <li>\r\n          <h3>Mitarbeiterschulung und Unterst\u00fctzung bei der Einf\u00fchrung<\/h3>\r\n          <p>Statten Sie Ihr Team mit dem Wissen, dem Servicerhythmus und dem operativen Vertrauen aus, um vom ersten Tag an gleichbleibende Qualit\u00e4t zu liefern.<\/p>\r\n        <\/li>\r\n      <\/ul>\r\n    <\/div>\r\n\r\n    <aside class=\"ps-aside\">\r\n      <p class=\"ps-kicker\">Leitfaden f\u00fcr Unternehmen<\/p>\r\n      <h3 class=\"ps-heading\">Von der ersten Idee bis zum t\u00e4glichen Betrieb - wir helfen Ihnen, es richtig zu machen.<\/h3>\r\n      <p>\u00dcberspringen Sie die kostspielige Versuch-und-Irrtum-Methode. Profitieren Sie von fachkundiger Beratung, echten Erkenntnissen und bew\u00e4hrten Methoden - alles, um Ihr Wachstum zu beschleunigen und dauerhaften Erfolg zu erzielen.<\/p>\r\n      <a class=\"ps-btn\" href=\"https:\/\/dersuessestopp.com\/de\/kontakt\/\">Fordern Sie Ihr kostenloses Beratungsgespr\u00e4ch an<\/a>\r\n      <!-- Optional image -->\r\n      <!-- <img decoding=\"async\" src=\"\/wp-content\/uploads\/business-guidance.jpg\" alt=\"Soft serve business consultation and training\" class=\"ps-image\"> -->\r\n    <\/aside>\r\n  <\/div>\r\n<\/section>\r\n\r\n<!-- TRUST BAND (optional closer) -->\r\n<section class=\"elite-extras\">\r\n  <div class=\"ps-wrap\" style=\"grid-template-columns:1fr;\">\r\n    <div class=\"extras-head\">\r\n      <span class=\"extras-badge\">Unsere Philosophie<\/span>\r\n      <h3>Ihr Erfolg ist unsere langfristige Partnerschaft<\/h3>\r\n      <p>Jedes erfolgreiche Gesch\u00e4ft st\u00e4rkt die Gemeinschaft, die wir aufbauen. Wenn Sie wachsen, wachsen auch wir - und gemeinsam setzen wir neue Ma\u00dfst\u00e4be f\u00fcr das, was Softeis sein kann.<\/p>\r\n    <\/div>\r\n  <\/div>\r\n<\/section>\r\n\r\n<style>\r\n\/* Reuse consistent base layout *\/\r\n.premier-series{padding:48px 0;background:#fff;}\r\n.ps-wrap{max-width:1100px;margin:0 auto;display:grid;grid-template-columns:2fr 1fr;gap:48px;padding:0 20px;}\r\n.ps-features h2{margin:0 0 12px;font-size:28px;line-height:1.2;}\r\n.ps-features p{color:#444;margin:0 0 20px;}\r\n.ps-list{list-style:none;margin:0;padding:0;display:grid;grid-template-columns:1fr 1fr;gap:20px 32px;}\r\n.ps-list li{border:1px solid #e6e6e6;border-radius:12px;padding:16px;}\r\n.ps-list h3{margin:0 0 6px;font-size:18px;line-height:1.3;}\r\n.ps-list p{margin:0;color:#444;}\r\n.ps-aside{align-self:start;position:sticky;top:24px}\r\n.ps-kicker{letter-spacing:.08em;text-transform:uppercase;font-weight:600;color:#2f62b3;margin:0 0 6px;}\r\n.ps-heading{margin:0 0 10px;font-size:22px;line-height:1.3;}\r\n.ps-btn{display:inline-block;margin-top:10px;padding:10px 16px;border-radius:10px;background:#2f62b3;color:#fff;text-decoration:none;font-weight:600}\r\n.ps-image{margin-top:18px;width:100%;height:auto;border-radius:12px}\r\n@media (max-width:980px){\r\n  .ps-wrap{grid-template-columns:1fr;gap:28px}\r\n  .ps-list{grid-template-columns:1fr}\r\n  .ps-aside{position:static}\r\n}\r\n\r\n\/* Optional trust band *\/\r\n.elite-extras{padding:36px 0 56px;background:#f8faff;border-top:1px solid #e9eefc;border-bottom:1px solid #e9eefc;}\r\n.elite-extras .ps-wrap{grid-template-columns:1fr;gap:18px}\r\n.extras-head h3{margin:6px 0 6px;font-size:24px}\r\n.extras-head p{margin:0 0 12px;color:#444}\r\n.extras-badge{display:inline-block;background:#e8f0ff;color:#2f62b3;font-weight:700;padding:6px 10px;border-radius:10px}\r\n<\/style>\r\n\t\t\t\t<\/div>\n\t\t\t\t<\/div>\n\t\t\t\t\t<\/div>\n\t\t\t\t<\/div>\n\t\t\t\t<\/div>","protected":false},"excerpt":{"rendered":"<p>Support for Success Soft Serve Business Consulting EXPLORE HOW Real-World Guidance from Idea to Operation \u2014 Fast-Track Your Soft Serve Business Lessons earned. Time saved. Growth unlocked. Partner with Der S\u00fc\u00dfe Stopp and our expert network for the proven strategies you need to succeed. Success in the soft serve industry requires more than machines and [&hellip;]<\/p>\n","protected":false},"author":3,"featured_media":0,"parent":0,"menu_order":0,"comment_status":"closed","ping_status":"closed","template":"","meta":{"footnotes":""},"class_list":["post-14556","page","type-page","status-publish","hentry"],"_links":{"self":[{"href":"https:\/\/dersuessestopp.com\/de\/wp-json\/wp\/v2\/pages\/14556","targetHints":{"allow":["GET"]}}],"collection":[{"href":"https:\/\/dersuessestopp.com\/de\/wp-json\/wp\/v2\/pages"}],"about":[{"href":"https:\/\/dersuessestopp.com\/de\/wp-json\/wp\/v2\/types\/page"}],"author":[{"embeddable":true,"href":"https:\/\/dersuessestopp.com\/de\/wp-json\/wp\/v2\/users\/3"}],"replies":[{"embeddable":true,"href":"https:\/\/dersuessestopp.com\/de\/wp-json\/wp\/v2\/comments?post=14556"}],"version-history":[{"count":20,"href":"https:\/\/dersuessestopp.com\/de\/wp-json\/wp\/v2\/pages\/14556\/revisions"}],"predecessor-version":[{"id":14665,"href":"https:\/\/dersuessestopp.com\/de\/wp-json\/wp\/v2\/pages\/14556\/revisions\/14665"}],"wp:attachment":[{"href":"https:\/\/dersuessestopp.com\/de\/wp-json\/wp\/v2\/media?parent=14556"}],"curies":[{"name":"wp","href":"https:\/\/api.w.org\/{rel}","templated":true}]}}